{"id":10238,"date":"2023-12-21T14:13:02","date_gmt":"2023-12-21T17:13:02","guid":{"rendered":"https:\/\/www.vittal.com.ar\/gestion\/?page_id=10238"},"modified":"2025-05-22T12:22:17","modified_gmt":"2025-05-22T15:22:17","slug":"vittaldoc-tu-medico-de-familia","status":"publish","type":"page","link":"https:\/\/www.vittal.com.ar\/gestion\/landing\/vittaldoc-tu-medico-de-familia\/","title":{"rendered":"vittaldoc, tu m\u00e9dico de familia"},"content":{"rendered":"<p>&nbsp;<\/p>\n<p>&nbsp;<\/p>\n","protected":false},"excerpt":{"rendered":"<p>&nbsp; &nbsp;<\/p>\n","protected":false},"author":4,"featured_media":0,"parent":727,"menu_order":0,"comment_status":"closed","ping_status":"closed","template":"","meta":{"footnotes":""},"class_list":["post-10238","page","type-page","status-publish","hentry"],"better_featured_image":null,"yoast_head":"<!-- This site is optimized with the Yoast SEO plugin v22.9 - https:\/\/yoast.com\/wordpress\/plugins\/seo\/ -->\n<title>vittaldoc, tu m\u00e9dico de familia - Vittal<\/title>\n<meta name=\"robots\" content=\"index, follow, max-snippet:-1, max-image-preview:large, max-video-preview:-1\" \/>\n<link rel=\"canonical\" href=\"https:\/\/www.vittal.com.ar\/gestion\/landing\/vittaldoc-tu-medico-de-familia\/\" \/>\n<meta property=\"og:locale\" content=\"es_ES\" \/>\n<meta property=\"og:type\" content=\"article\" \/>\n<meta property=\"og:title\" content=\"vittaldoc, tu m\u00e9dico de familia - Vittal\" \/>\n<meta property=\"og:description\" content=\"&nbsp; &nbsp;\" \/>\n<meta property=\"og:url\" content=\"https:\/\/www.vittal.com.ar\/gestion\/landing\/vittaldoc-tu-medico-de-familia\/\" \/>\n<meta property=\"og:site_name\" content=\"Vittal\" \/>\n<meta property=\"article:publisher\" content=\"https:\/\/www.facebook.com\/Tuvidaestaprimero\" \/>\n<meta property=\"article:modified_time\" content=\"2025-05-22T15:22:17+00:00\" \/>\n<meta property=\"og:image\" content=\"https:\/\/www.vittal.com.ar\/gestion\/wp-content\/uploads\/2020\/03\/vittal-logo.jpg\" \/>\n\t<meta property=\"og:image:width\" content=\"300\" \/>\n\t<meta property=\"og:image:height\" content=\"300\" \/>\n\t<meta property=\"og:image:type\" content=\"image\/jpeg\" \/>\n<meta name=\"twitter:card\" content=\"summary_large_image\" \/>\n<!-- \/ Yoast SEO plugin. -->","yoast_head_json":{"title":"vittaldoc, tu m\u00e9dico de familia - Vittal","robots":{"index":"index","follow":"follow","max-snippet":"max-snippet:-1","max-image-preview":"max-image-preview:large","max-video-preview":"max-video-preview:-1"},"canonical":"https:\/\/www.vittal.com.ar\/gestion\/landing\/vittaldoc-tu-medico-de-familia\/","og_locale":"es_ES","og_type":"article","og_title":"vittaldoc, tu m\u00e9dico de familia - Vittal","og_description":"&nbsp; &nbsp;","og_url":"https:\/\/www.vittal.com.ar\/gestion\/landing\/vittaldoc-tu-medico-de-familia\/","og_site_name":"Vittal","article_publisher":"https:\/\/www.facebook.com\/Tuvidaestaprimero","article_modified_time":"2025-05-22T15:22:17+00:00","og_image":[{"width":300,"height":300,"url":"https:\/\/www.vittal.com.ar\/gestion\/wp-content\/uploads\/2020\/03\/vittal-logo.jpg","type":"image\/jpeg"}],"twitter_card":"summary_large_image","schema":{"@context":"https:\/\/schema.org","@graph":[{"@type":"WebPage","@id":"https:\/\/www.vittal.com.ar\/gestion\/landing\/vittaldoc-tu-medico-de-familia\/","url":"https:\/\/www.vittal.com.ar\/gestion\/landing\/vittaldoc-tu-medico-de-familia\/","name":"vittaldoc, tu m\u00e9dico de familia - Vittal","isPartOf":{"@id":"https:\/\/testweb.vittal.com.ar\/gestion\/#website"},"datePublished":"2023-12-21T17:13:02+00:00","dateModified":"2025-05-22T15:22:17+00:00","breadcrumb":{"@id":"https:\/\/www.vittal.com.ar\/gestion\/landing\/vittaldoc-tu-medico-de-familia\/#breadcrumb"},"inLanguage":"es","potentialAction":[{"@type":"ReadAction","target":["https:\/\/www.vittal.com.ar\/gestion\/landing\/vittaldoc-tu-medico-de-familia\/"]}]},{"@type":"BreadcrumbList","@id":"https:\/\/www.vittal.com.ar\/gestion\/landing\/vittaldoc-tu-medico-de-familia\/#breadcrumb","itemListElement":[{"@type":"ListItem","position":1,"name":"Home","item":"https:\/\/testweb.vittal.com.ar\/gestion\/"},{"@type":"ListItem","position":2,"name":"Landings","item":"https:\/\/testweb.vittal.com.ar\/gestion\/landing\/"},{"@type":"ListItem","position":3,"name":"vittaldoc, tu m\u00e9dico de familia"}]},{"@type":"WebSite","@id":"https:\/\/testweb.vittal.com.ar\/gestion\/#website","url":"https:\/\/testweb.vittal.com.ar\/gestion\/","name":"Vittal | Emergecias y Urgencias Medicas","description":"Emergencias y urgencias m\u00e9dicas 24hs.","potentialAction":[{"@type":"SearchAction","target":{"@type":"EntryPoint","urlTemplate":"https:\/\/testweb.vittal.com.ar\/gestion\/?s={search_term_string}"},"query-input":"required name=search_term_string"}],"inLanguage":"es"}]}},"acf":{"tipo_de_landing":"Landing Contacto Bitrix","precio":1056,"landing_contacto":{"telefono":"0810-222-8488","titulo":"Ten\u00e9s vittal, ten\u00e9s m\u00e9dico de cabecera","bajada":"<p>Asociate ahora a <strong>vittal<\/strong> y cont\u00e1 con<strong> vittaldoc, <\/strong>un m\u00e9dico\/a de cabecera asignado, siempre el mismo con quien podr\u00e1s realizarte an\u00e1lisis, pedir recetas, derivaciones, hacer tu seguimiento y llevar tu historia cl\u00ednica. Podr\u00e1s obtener atenci\u00f3n programada de manera online. Sin costo adicional, incluido en tu<strong> plan vittal Up, vittal Bienestar y vittal Integral.<\/strong><\/p>\n<p><strong>vittaldoc, es atenci\u00f3n m\u00e9dica personalizada e integral para vos y tu familia cada vez que lo necesites.<\/strong><\/p>\n<p><strong>Tambi\u00e9n cont\u00e1s con especialidades m\u00e9dicas.<\/strong> Pod\u00e9s sacar un turno virtual para consultas con especialistas en <strong>Dermatolog\u00eda<\/strong>*.<\/p>\n<p>&nbsp;<\/p>\n","imagen":"https:\/\/www.vittal.com.ar\/gestion\/wp-content\/uploads\/2024\/09\/nueva-landing_desktop.jpg","imagenmobile":"https:\/\/www.vittal.com.ar\/gestion\/wp-content\/uploads\/2024\/09\/nueva-landing_mobile.jpg","titulo_formulario":"Cotiz\u00e1 tu plan ahora","codigo_formulario":1217,"beneficios":[{"icono":"https:\/\/www.vittal.com.ar\/gestion\/wp-content\/uploads\/2022\/09\/icono-medico-04.png","texto":"Atenci\u00f3n de tu m\u00e9dico, siempre el mismo."},{"icono":"https:\/\/www.vittal.com.ar\/gestion\/wp-content\/uploads\/2022\/09\/icono-historia-clinica-02.png","texto":"Historia cl\u00ednica digital"},{"icono":"https:\/\/www.vittal.com.ar\/gestion\/wp-content\/uploads\/2022\/09\/icono-ambulancias-04.png","texto":"Derivaci\u00f3n a centros de salud y diagn\u00f3stico"},{"icono":"https:\/\/www.vittal.com.ar\/gestion\/wp-content\/uploads\/2022\/09\/icono-programar-turnos-04.png","texto":"Consultas programadas virtual y presencial"},{"icono":"https:\/\/www.vittal.com.ar\/gestion\/wp-content\/uploads\/2022\/09\/icono-wa-02.png","texto":"WhatsApp directo con tu m\u00e9dico "},{"icono":"https:\/\/www.vittal.com.ar\/gestion\/wp-content\/uploads\/2022\/09\/icono-derivaciones-ordenes-02.png","texto":"\u00d3rdenes y recetas"},{"icono":"https:\/\/www.vittal.com.ar\/gestion\/wp-content\/uploads\/2023\/12\/icono-dermatologia.png","texto":"Especialista en Dermatolog\u00eda"}],"legales":"El servicio Vittaldoc se encuentra incluido en la cuota mensual de los planes vittal Up, Bienestar e Integral. El alta en Vittaldoc se efectuar\u00e1 para todos los socios del grupo con el mismo plan, en caso de corresponder, y podr\u00e1 demorar hasta 7 (siete) d\u00edas desde el ingreso de los datos, siendo comunicado por correo electr\u00f3nico. El m\u00e9dico podr\u00e1 responder por WhatsApp dentro de 24 (veinticuatro) horas h\u00e1biles. El servicio de especialidades dermatol\u00f3gicas, en caso de estar incluido en el plan, contar\u00e1 con un costo adicional que ser\u00e1 informado previamente para consultas en zona CABA y GBA.\r\nSocorro M\u00e9dico Privado S.A. CUIT 30-61221341-7. Av. \u00c1lvarez Thomas 1154, Ciudad Aut\u00f3noma de Buenos Aires. Superintendencia Servicios de Salud, 0800-222-SALUD (72583). R.N.E.M.P. N\u00b0113052. \"El titular de los datos personales tiene la facultad de ejercer el derecho de acceso a los mismos en forma gratuita a intervalos no inferiores a seis meses, salvo que se acredite un inter\u00e9s leg\u00edtimo al efecto conforme lo establecido en el art\u00edculo 14, inciso 3 de la Ley N\u00ba 25.326\". \"La DIRECCI\u00d3N NACIONAL DE PROTECCI\u00d3N DE DATOS PERSONALES, \u00d3rgano de Control de la Ley N\u00ba 25.326, tiene la atribuci\u00f3n de atender las denuncias y reclamos que se interpongan con relaci\u00f3n al incumplimiento de las normas sobre protecci\u00f3n de datos personales\"."},"seo":{"titulo":"","descripcion":"","keywords":""},"scriptbitrix":"<script data-b24-form=\"inline\/185\/1c2sv8\" data-skip-moving=\"true\">(function(w,d,u){var s=d.createElement('script');s.async=true;s.src=u+'?'+(Date.now()\/180000|0);var h=d.getElementsByTagName('script')[0];h.parentNode.insertBefore(s,h);})(window,document,'https:\/\/cdn.bitrix24.es\/b18116991\/crm\/form\/loader_185.js');<\/script>","activarbitrix":true},"_links":{"self":[{"href":"https:\/\/www.vittal.com.ar\/gestion\/wp-json\/wp\/v2\/pages\/10238"}],"collection":[{"href":"https:\/\/www.vittal.com.ar\/gestion\/wp-json\/wp\/v2\/pages"}],"about":[{"href":"https:\/\/www.vittal.com.ar\/gestion\/wp-json\/wp\/v2\/types\/page"}],"author":[{"embeddable":true,"href":"https:\/\/www.vittal.com.ar\/gestion\/wp-json\/wp\/v2\/users\/4"}],"replies":[{"embeddable":true,"href":"https:\/\/www.vittal.com.ar\/gestion\/wp-json\/wp\/v2\/comments?post=10238"}],"version-history":[{"count":17,"href":"https:\/\/www.vittal.com.ar\/gestion\/wp-json\/wp\/v2\/pages\/10238\/revisions"}],"predecessor-version":[{"id":11168,"href":"https:\/\/www.vittal.com.ar\/gestion\/wp-json\/wp\/v2\/pages\/10238\/revisions\/11168"}],"up":[{"embeddable":true,"href":"https:\/\/www.vittal.com.ar\/gestion\/wp-json\/wp\/v2\/pages\/727"}],"wp:attachment":[{"href":"https:\/\/www.vittal.com.ar\/gestion\/wp-json\/wp\/v2\/media?parent=10238"}],"curies":[{"name":"wp","href":"https:\/\/api.w.org\/{rel}","templated":true}]}}