{"id":10284,"date":"2024-01-08T14:38:38","date_gmt":"2024-01-08T17:38:38","guid":{"rendered":"https:\/\/www.vittal.com.ar\/gestion\/?page_id=10284"},"modified":"2026-02-11T14:44:55","modified_gmt":"2026-02-11T17:44:55","slug":"area-protegida","status":"publish","type":"page","link":"https:\/\/www.vittal.com.ar\/gestion\/landing\/area-protegida\/","title":{"rendered":"AP | \u00c1rea protegida"},"content":{"rendered":"","protected":false},"excerpt":{"rendered":"","protected":false},"author":4,"featured_media":0,"parent":727,"menu_order":0,"comment_status":"closed","ping_status":"closed","template":"","meta":{"footnotes":""},"class_list":["post-10284","page","type-page","status-publish","hentry"],"better_featured_image":null,"yoast_head":"<!-- This site is optimized with the Yoast SEO plugin v22.9 - https:\/\/yoast.com\/wordpress\/plugins\/seo\/ -->\n<title>AP | \u00c1rea protegida - Vittal<\/title>\n<meta name=\"robots\" content=\"index, follow, max-snippet:-1, max-image-preview:large, max-video-preview:-1\" \/>\n<link rel=\"canonical\" href=\"https:\/\/www.vittal.com.ar\/gestion\/landing\/area-protegida\/\" \/>\n<meta property=\"og:locale\" content=\"es_ES\" \/>\n<meta property=\"og:type\" content=\"article\" \/>\n<meta property=\"og:title\" content=\"AP | \u00c1rea protegida - Vittal\" \/>\n<meta property=\"og:url\" content=\"https:\/\/www.vittal.com.ar\/gestion\/landing\/area-protegida\/\" \/>\n<meta property=\"og:site_name\" content=\"Vittal\" \/>\n<meta property=\"article:publisher\" content=\"https:\/\/www.facebook.com\/Tuvidaestaprimero\" \/>\n<meta property=\"article:modified_time\" content=\"2026-02-11T17:44:55+00:00\" \/>\n<meta property=\"og:image\" content=\"https:\/\/www.vittal.com.ar\/gestion\/wp-content\/uploads\/2020\/03\/vittal-logo.jpg\" \/>\n\t<meta property=\"og:image:width\" content=\"300\" \/>\n\t<meta property=\"og:image:height\" content=\"300\" \/>\n\t<meta property=\"og:image:type\" content=\"image\/jpeg\" \/>\n<meta name=\"twitter:card\" content=\"summary_large_image\" \/>\n<!-- \/ Yoast SEO plugin. -->","yoast_head_json":{"title":"AP | \u00c1rea protegida - Vittal","robots":{"index":"index","follow":"follow","max-snippet":"max-snippet:-1","max-image-preview":"max-image-preview:large","max-video-preview":"max-video-preview:-1"},"canonical":"https:\/\/www.vittal.com.ar\/gestion\/landing\/area-protegida\/","og_locale":"es_ES","og_type":"article","og_title":"AP | \u00c1rea protegida - Vittal","og_url":"https:\/\/www.vittal.com.ar\/gestion\/landing\/area-protegida\/","og_site_name":"Vittal","article_publisher":"https:\/\/www.facebook.com\/Tuvidaestaprimero","article_modified_time":"2026-02-11T17:44:55+00:00","og_image":[{"width":300,"height":300,"url":"https:\/\/www.vittal.com.ar\/gestion\/wp-content\/uploads\/2020\/03\/vittal-logo.jpg","type":"image\/jpeg"}],"twitter_card":"summary_large_image","schema":{"@context":"https:\/\/schema.org","@graph":[{"@type":"WebPage","@id":"https:\/\/www.vittal.com.ar\/gestion\/landing\/area-protegida\/","url":"https:\/\/www.vittal.com.ar\/gestion\/landing\/area-protegida\/","name":"AP | \u00c1rea protegida - Vittal","isPartOf":{"@id":"https:\/\/testweb.vittal.com.ar\/gestion\/#website"},"datePublished":"2024-01-08T17:38:38+00:00","dateModified":"2026-02-11T17:44:55+00:00","breadcrumb":{"@id":"https:\/\/www.vittal.com.ar\/gestion\/landing\/area-protegida\/#breadcrumb"},"inLanguage":"es","potentialAction":[{"@type":"ReadAction","target":["https:\/\/www.vittal.com.ar\/gestion\/landing\/area-protegida\/"]}]},{"@type":"BreadcrumbList","@id":"https:\/\/www.vittal.com.ar\/gestion\/landing\/area-protegida\/#breadcrumb","itemListElement":[{"@type":"ListItem","position":1,"name":"Home","item":"https:\/\/testweb.vittal.com.ar\/gestion\/"},{"@type":"ListItem","position":2,"name":"Landings","item":"https:\/\/testweb.vittal.com.ar\/gestion\/landing\/"},{"@type":"ListItem","position":3,"name":"AP | \u00c1rea protegida"}]},{"@type":"WebSite","@id":"https:\/\/testweb.vittal.com.ar\/gestion\/#website","url":"https:\/\/testweb.vittal.com.ar\/gestion\/","name":"Vittal | Emergecias y Urgencias Medicas","description":"Emergencias y urgencias m\u00e9dicas 24hs.","potentialAction":[{"@type":"SearchAction","target":{"@type":"EntryPoint","urlTemplate":"https:\/\/testweb.vittal.com.ar\/gestion\/?s={search_term_string}"},"query-input":"required name=search_term_string"}],"inLanguage":"es"}]}},"acf":{"tipo_de_landing":"Landing Contacto Bitrix","landing_contacto":{"telefono":"","titulo":"\u00c1rea Protegida para Empresas y Comercios","bajada":"<p data-start=\"611\" data-end=\"733\">Un servicio de cobertura m\u00e9dica inmediata ante emergencias y urgencias dentro de tu empresa, comercio o instituci\u00f3n.<\/p>\n<p data-start=\"735\" data-end=\"812\">Proteg\u00e9 a empleados, clientes y visitantes y cumpl\u00ed con la normativa vigente.<\/p>\n<p data-start=\"814\" data-end=\"850\">Atenci\u00f3n 24 hs los 365 d\u00edas del a\u00f1o.<\/p>\n<p style=\"text-align: left;\" data-start=\"814\" data-end=\"850\"><strong>\u00bfA qui\u00e9n est\u00e1 dirigido?<\/strong><\/p>\n<p data-start=\"2227\" data-end=\"2341\">\u2022 Comercios y locales<br data-start=\"2248\" data-end=\"2251\" \/>\u2022 Oficinas y empresas<br data-start=\"2272\" data-end=\"2275\" \/>\u2022 Instituciones educativas<br data-start=\"2301\" data-end=\"2304\" \/>\u2022 Gimnasios y clubes<br data-start=\"2324\" data-end=\"2327\" \/>\u2022 Industrias<\/p>\n<p data-start=\"2343\" data-end=\"2406\">Si recib\u00eds p\u00fablico o ten\u00e9s empleados, necesit\u00e1s estar cubierto.<\/p>\n","imagen":"https:\/\/www.vittal.com.ar\/gestion\/wp-content\/uploads\/2024\/01\/nueva-landing_desktop.jpg","imagenmobile":"https:\/\/www.vittal.com.ar\/gestion\/wp-content\/uploads\/2024\/01\/nueva-landing_mobile.jpg","titulo_formulario":"Cotiz\u00e1 ahora ","codigo_formulario":1217,"beneficios":[{"icono":"https:\/\/www.vittal.com.ar\/gestion\/wp-content\/uploads\/2022\/09\/icono-ambulancias-04.png","texto":"Emergencias y urgencias m\u00e9dicas 24hs."},{"icono":"https:\/\/www.vittal.com.ar\/gestion\/wp-content\/uploads\/2022\/09\/icono-traslados-04.png","texto":"Ambulancias equipadas para traslados de urgencia"},{"icono":"https:\/\/www.vittal.com.ar\/gestion\/wp-content\/uploads\/2022\/09\/icono-rcp-04.png","texto":"DEA y capacitaci\u00f3n en RCP "}],"legales":"El servicio estar\u00e1 disponible a partir del alta del socio, que se produce dentro de las 48 horas h\u00e1biles de concretada la contrataci\u00f3n telef\u00f3nica del servicio. Consultar condiciones de la prestaci\u00f3n del servicio, medios de pago, y zona de cobertura en www.vittal.com. Socorro M\u00e9dico Privado S.A. CUIT 30-61221341-7. Av. \u00c1lvarez Thomas 1154 C.A.B.A. S\u00faper Intendencia de Servicios de Salud 0800-222-Salud (72583) WWW.SSSalud.com.ar . R.N.E.M.P. N\u00b0 113052."},"activarbitrix":true,"scriptbitrix":"<script data-b24-form=\"inline\/383\/6duqu8\" data-skip-moving=\"true\">(function(w,d,u){var s=d.createElement('script');s.async=true;s.src=u+'?'+(Date.now()\/180000|0);var h=d.getElementsByTagName('script')[0];h.parentNode.insertBefore(s,h);})(window,document,'https:\/\/cdn.bitrix24.es\/b18116991\/crm\/form\/loader_383.js');<\/script>","seo":{"titulo":"\u00c1rea Protegida para Empresas | Cobertura M\u00e9dica 24 hs \u2013 Vittal","descripcion":"Cobertura m\u00e9dica inmediata para empresas y comercios. Ambulancias, urgencias 24 hs y cumplimiento normativo. Cotiz\u00e1 tu \u00c1rea Protegida.","keywords":"reanimaci\u00f3n cardiopulmonar, primeros auxilios, rcp, capacitacion, area protegida empresas, cobertura m\u00e9dica para empresas, servicio de emergencias para empresas, ambulancia para empresas"}},"_links":{"self":[{"href":"https:\/\/www.vittal.com.ar\/gestion\/wp-json\/wp\/v2\/pages\/10284"}],"collection":[{"href":"https:\/\/www.vittal.com.ar\/gestion\/wp-json\/wp\/v2\/pages"}],"about":[{"href":"https:\/\/www.vittal.com.ar\/gestion\/wp-json\/wp\/v2\/types\/page"}],"author":[{"embeddable":true,"href":"https:\/\/www.vittal.com.ar\/gestion\/wp-json\/wp\/v2\/users\/4"}],"replies":[{"embeddable":true,"href":"https:\/\/www.vittal.com.ar\/gestion\/wp-json\/wp\/v2\/comments?post=10284"}],"version-history":[{"count":12,"href":"https:\/\/www.vittal.com.ar\/gestion\/wp-json\/wp\/v2\/pages\/10284\/revisions"}],"predecessor-version":[{"id":11622,"href":"https:\/\/www.vittal.com.ar\/gestion\/wp-json\/wp\/v2\/pages\/10284\/revisions\/11622"}],"up":[{"embeddable":true,"href":"https:\/\/www.vittal.com.ar\/gestion\/wp-json\/wp\/v2\/pages\/727"}],"wp:attachment":[{"href":"https:\/\/www.vittal.com.ar\/gestion\/wp-json\/wp\/v2\/media?parent=10284"}],"curies":[{"name":"wp","href":"https:\/\/api.w.org\/{rel}","templated":true}]}}