{"id":10424,"date":"2024-04-10T16:03:14","date_gmt":"2024-04-10T19:03:14","guid":{"rendered":"https:\/\/www.vittal.com.ar\/gestion\/?page_id=10424"},"modified":"2025-05-22T14:30:18","modified_gmt":"2025-05-22T17:30:18","slug":"vacuna-dengue","status":"publish","type":"page","link":"https:\/\/www.vittal.com.ar\/gestion\/servicios-adicionales\/vacuna-dengue\/","title":{"rendered":"Vacuna y test dengue"},"content":{"rendered":"","protected":false},"excerpt":{"rendered":"","protected":false},"author":4,"featured_media":0,"parent":381,"menu_order":0,"comment_status":"closed","ping_status":"closed","template":"","meta":{"footnotes":""},"class_list":["post-10424","page","type-page","status-publish","hentry"],"better_featured_image":null,"yoast_head":"<!-- This site is optimized with the Yoast SEO plugin v22.9 - https:\/\/yoast.com\/wordpress\/plugins\/seo\/ -->\n<title>Vacuna y test dengue - Vittal<\/title>\n<meta name=\"robots\" content=\"index, follow, max-snippet:-1, max-image-preview:large, max-video-preview:-1\" \/>\n<link rel=\"canonical\" href=\"https:\/\/www.vittal.com.ar\/gestion\/servicios-adicionales\/vacuna-dengue\/\" \/>\n<meta property=\"og:locale\" content=\"es_ES\" \/>\n<meta property=\"og:type\" content=\"article\" \/>\n<meta property=\"og:title\" content=\"Vacuna y test dengue - Vittal\" \/>\n<meta property=\"og:url\" content=\"https:\/\/www.vittal.com.ar\/gestion\/servicios-adicionales\/vacuna-dengue\/\" \/>\n<meta property=\"og:site_name\" content=\"Vittal\" \/>\n<meta property=\"article:publisher\" content=\"https:\/\/www.facebook.com\/Tuvidaestaprimero\" \/>\n<meta property=\"article:modified_time\" content=\"2025-05-22T17:30:18+00:00\" \/>\n<meta property=\"og:image\" content=\"https:\/\/www.vittal.com.ar\/gestion\/wp-content\/uploads\/2020\/03\/vittal-logo.jpg\" \/>\n\t<meta property=\"og:image:width\" content=\"300\" \/>\n\t<meta property=\"og:image:height\" content=\"300\" \/>\n\t<meta property=\"og:image:type\" content=\"image\/jpeg\" \/>\n<meta name=\"twitter:card\" content=\"summary_large_image\" \/>\n<!-- \/ Yoast SEO plugin. -->","yoast_head_json":{"title":"Vacuna y test dengue - Vittal","robots":{"index":"index","follow":"follow","max-snippet":"max-snippet:-1","max-image-preview":"max-image-preview:large","max-video-preview":"max-video-preview:-1"},"canonical":"https:\/\/www.vittal.com.ar\/gestion\/servicios-adicionales\/vacuna-dengue\/","og_locale":"es_ES","og_type":"article","og_title":"Vacuna y test dengue - Vittal","og_url":"https:\/\/www.vittal.com.ar\/gestion\/servicios-adicionales\/vacuna-dengue\/","og_site_name":"Vittal","article_publisher":"https:\/\/www.facebook.com\/Tuvidaestaprimero","article_modified_time":"2025-05-22T17:30:18+00:00","og_image":[{"width":300,"height":300,"url":"https:\/\/www.vittal.com.ar\/gestion\/wp-content\/uploads\/2020\/03\/vittal-logo.jpg","type":"image\/jpeg"}],"twitter_card":"summary_large_image","schema":{"@context":"https:\/\/schema.org","@graph":[{"@type":"WebPage","@id":"https:\/\/www.vittal.com.ar\/gestion\/servicios-adicionales\/vacuna-dengue\/","url":"https:\/\/www.vittal.com.ar\/gestion\/servicios-adicionales\/vacuna-dengue\/","name":"Vacuna y test dengue - Vittal","isPartOf":{"@id":"https:\/\/testweb.vittal.com.ar\/gestion\/#website"},"datePublished":"2024-04-10T19:03:14+00:00","dateModified":"2025-05-22T17:30:18+00:00","breadcrumb":{"@id":"https:\/\/www.vittal.com.ar\/gestion\/servicios-adicionales\/vacuna-dengue\/#breadcrumb"},"inLanguage":"es","potentialAction":[{"@type":"ReadAction","target":["https:\/\/www.vittal.com.ar\/gestion\/servicios-adicionales\/vacuna-dengue\/"]}]},{"@type":"BreadcrumbList","@id":"https:\/\/www.vittal.com.ar\/gestion\/servicios-adicionales\/vacuna-dengue\/#breadcrumb","itemListElement":[{"@type":"ListItem","position":1,"name":"Home","item":"https:\/\/testweb.vittal.com.ar\/gestion\/"},{"@type":"ListItem","position":2,"name":"Servicios Adicionales","item":"https:\/\/testweb.vittal.com.ar\/gestion\/servicios-adicionales\/"},{"@type":"ListItem","position":3,"name":"Vacuna y test dengue"}]},{"@type":"WebSite","@id":"https:\/\/testweb.vittal.com.ar\/gestion\/#website","url":"https:\/\/testweb.vittal.com.ar\/gestion\/","name":"Vittal | Emergecias y Urgencias Medicas","description":"Emergencias y urgencias m\u00e9dicas 24hs.","potentialAction":[{"@type":"SearchAction","target":{"@type":"EntryPoint","urlTemplate":"https:\/\/testweb.vittal.com.ar\/gestion\/?s={search_term_string}"},"query-input":"required name=search_term_string"}],"inLanguage":"es"}]}},"acf":{"portada":{"imagen":"https:\/\/www.vittal.com.ar\/gestion\/wp-content\/uploads\/2024\/04\/serv-adic-vacuna-dengue-interior-portada.jpg","titulo":"Vacuna y tests del dengue","descripcion":"Aplicaci\u00f3n de la vacuna contra el dengue y test de detecci\u00f3n r\u00e1pida del del virus a domicilio.","label_boton":"Ver m\u00e1s","redirect":{"utilizar_redireccionamiento":false,"url":""}},"interior":{"imagen_fondo":"https:\/\/www.vittal.com.ar\/gestion\/wp-content\/uploads\/2024\/04\/serv-adic-vacuna-dengue-interior.jpg","imagenMobile":"https:\/\/www.vittal.com.ar\/gestion\/wp-content\/uploads\/2024\/04\/serv-adic-vacuna-dengue-interior.jpg","titulo":"Vacuna y test del dengue","subtitulo":"Aplicaci\u00f3n de la vacuna contra el dengue y test de detecci\u00f3n r\u00e1pida del del virus a domicilio.","contenido":"<p>PARA SOCIOS Y NO SOCIOS<\/p>\n<p><strong>Proteg\u00e9 ahora tu salud y la de tu familia.<\/strong><\/p>\n<p>Vacuna Qdenga tetravalente que brinda protecci\u00f3n frente a los 4 tipos de serotipos del virus, con aplicaci\u00f3n en tu domicilio.<\/p>\n<p><strong>\u00bfPor qu\u00e9 vacunarse?<\/strong><\/p>\n<p>La vacuna Qdenga es efectiva y segura. Con el tiempo, fortalece la respuesta inmune, brind\u00e1ndote una protecci\u00f3n m\u00e1s s\u00f3lida para enfrentar la pr\u00f3xima temporada de Dengue.<\/p>\n<p><strong>Acced\u00e9 tambi\u00e9n al test de detecci\u00f3n r\u00e1pida de dengue<\/strong><\/p>\n<p>Ante s\u00edntomas compatibles con el dengue, como fiebre alta, dolor de cabeza y muscular, pod\u00e9s tener el resultado en forma r\u00e1pida y conocer tu nivel de inmunidad frente al virus. Prueba r\u00e1pida realizada por personal id\u00f3neo a trav\u00e9s de una muestra de sangre por punci\u00f3n de dedo.<\/p>\n<p>Precios preferenciales para socios. Pod\u00e9s consultar costo y reservar un turno <a href=\"https:\/\/api.whatsapp.com\/send?phone=5491130326052\" target=\"_blank\" rel=\"noopener\">haciendo click ac\u00e1<\/a>.<\/p>\n<p><strong>\u00bfQuer\u00e9s saber m\u00e1s sobre Dengue?<\/strong><\/p>\n<p>Ingres\u00e1 a nuestro<a href=\"https:\/\/www.vittal.com.ar\/blog\" target=\"_blank\" rel=\"noopener\"> blog de salud<\/a> y mantenete actualizado con la \u00faltima informaci\u00f3n.<\/p>\n","link":{"label":"","url":"","externo":false},"on_demand":{"titulo":"","subtitulo":"","label":"","link":""},"legales":"vacuna dengue: Consulte aranceles y \u00e1rea de cobertura. Vacuna QDENGA\u00ae Tetravalente contra el dengue, Serotipo 1, Serotipo 2, Serotipo 3 y Serotipo 4; elaborada con virus vivos, atenuados. Indicada para la prevenci\u00f3n de la enfermedad del dengue en personas a partir de los 4 a\u00f1os de edad.\r\nPersonas a partir de los 4 a\u00f1os de edad: debe administrarse 0,5 ml en un cronograma de dos dosis; con la segunda dosis a aplicarse despu\u00e9s de un intervalo de 3 meses desde la primera. \r\nMecanismo de acci\u00f3n: El principal mecanismo de acci\u00f3n de Qdenga\u00ae es replicarse localmente y provocar anticuerpos neutralizantes para conferir protecci\u00f3n contra la enfermedad del dengue causada por cualquiera de los cuatro serotipos del virus del dengue.\r\nContraindicaciones: Hipersensibilidad a los principios activos o a cualquiera de los excipientes o hipersensibilidad a una dosis previa de Qdenga\u00ae. Personas con inmunodeficiencia cong\u00e9nita o adquirida, incluidas las terapias inmunosupresoras como la quimioterapia o dosis altas de corticosteroides sist\u00e9micos. Personas con infecci\u00f3n por virus de la inmunodeficiencia humana (VIH) sintom\u00e1tica o con infecci\u00f3n por VIH asintom\u00e1tica cuando se acompa\u00f1a de evidencia de funci\u00f3n inmunol\u00f3gica deteriorada. Mujeres embarazadas y en periodo de lactancia.\r\nReacciones adversas descriptas: Dolor en el lugar de la inyecci\u00f3n, dolor de cabeza, mialgia, eritema en el lugar de la inyecci\u00f3n, malestar general, astenia y fiebre.  Suelen ocurrir dentro de los 2 d\u00edas posteriores a la inyecci\u00f3n y habitualmente tienen una duraci\u00f3n de uno a tres d\u00edas. Son menos frecuentes despu\u00e9s de la segunda inyecci\u00f3n de Qdenga\u00ae.\r\n\r\nTest de detecci\u00f3n de dengue: Consulte aranceles y \u00e1rea de cobertura. Prueba r\u00e1pida para la detecci\u00f3n cualitativa de ant\u00edgeno NS1 y anticuerpos IgG e IgM del virus del Dengue es realizado por personal id\u00f3neo a trav\u00e9s de una muestra de sangre por punci\u00f3n de dedo. Dengue IgG\/IgM and NS1 Combo Rapid Test Cassette. \r\nMetodolog\u00eda: Dengue IgG\/IgM and NS1 Combo Rapid Test Cassette (Sangre Entera\/Suero\/Plasma) es un inmunoensayo cromatogr\u00e1fico r\u00e1pido para la detecci\u00f3n cualitativa del ant\u00edgeno NS1 y los anticuerpos IgG e IgM del virus del Dengue en muestras de sangre. La infecci\u00f3n primaria del dengue provoca el aumento de anticuerpos IgM a un nivel detectable en 3 a 5 d\u00edas despu\u00e9s del inicio de la fiebre. Los anticuerpos IgM generalmente persisten durante 30 a 90 d\u00edas. \r\nOcasionalmente en pacientes portadores del virus del dengue de las regiones end\u00e9micas pueden tener infecciones secundarias, que resulten en altos niveles de anticuerpos IgG espec\u00edficos antes o simult\u00e1neamente a la respuesta IgM.5 Por lo tanto, la detecci\u00f3n de anticuerpos anti-Dengue IgG e IgM espec\u00edficos tambi\u00e9n pueden ayudar a distinguir entre las infecciones primarias y secundarias.\r\nDengue IgG\/IgM and NS1 Combo Rapid Test Cassette puede usar sangre entera (por venopunci\u00f3n o punci\u00f3n en el dedo). Ante cualquier duda y\/o consulta consulte con su m\u00e9dico de cabecera. \r\nPromoci\u00f3n v\u00e1lida exclusivamente para Capital Federal y Gran Buenos Aires. \r\nLa imagen es meramente ilustrativa. Ver condiciones de almacenamiento en el empaque. \r\n\r\nPara m\u00e1s informaci\u00f3n sobre pr\u00e1cticas, precios, bases y condiciones, comunicarse al Centro de Atenci\u00f3n al Socio Tel: 0810-888-48825 y\/o ingresar al sitio web oficial https:\/\/www.vittal.com.ar. Socorro M\u00e9dico Privado S.A. CUIT 30-61221341-7. Av. \u00c1lvarez Thomas 1154, Ciudad Aut\u00f3noma de Buenos Aires. Superintendencia Servicios de Salud, 0800-222-SALUD (72583). R.N.E.M.P. N\u00b0113052. Todos los derechos reservados. Pol\u00edticas de privacidad en sitio web. \u00d3rgano de Control de la Ley N\u00ba 25.326 tiene la atribuci\u00f3n de atender las denuncias y reclamos que se interpongan con relaci\u00f3n al incumplimiento de las normas sobre protecci\u00f3n de datos personales. Todos los derechos reservados.\r\n"},"plantilla":"adic","seo":{"titulo":"Vacuna contra el dengue Qdenga y Test de detecci\u00f3n r\u00e1pida de dengue","descripcion":"Servicios a domicilio","keywords":"vittal, vacuna dengue, vacuna tetravalente contra el dengue, test dengue"}},"_links":{"self":[{"href":"https:\/\/www.vittal.com.ar\/gestion\/wp-json\/wp\/v2\/pages\/10424"}],"collection":[{"href":"https:\/\/www.vittal.com.ar\/gestion\/wp-json\/wp\/v2\/pages"}],"about":[{"href":"https:\/\/www.vittal.com.ar\/gestion\/wp-json\/wp\/v2\/types\/page"}],"author":[{"embeddable":true,"href":"https:\/\/www.vittal.com.ar\/gestion\/wp-json\/wp\/v2\/users\/4"}],"replies":[{"embeddable":true,"href":"https:\/\/www.vittal.com.ar\/gestion\/wp-json\/wp\/v2\/comments?post=10424"}],"version-history":[{"count":8,"href":"https:\/\/www.vittal.com.ar\/gestion\/wp-json\/wp\/v2\/pages\/10424\/revisions"}],"predecessor-version":[{"id":11176,"href":"https:\/\/www.vittal.com.ar\/gestion\/wp-json\/wp\/v2\/pages\/10424\/revisions\/11176"}],"up":[{"embeddable":true,"href":"https:\/\/www.vittal.com.ar\/gestion\/wp-json\/wp\/v2\/pages\/381"}],"wp:attachment":[{"href":"https:\/\/www.vittal.com.ar\/gestion\/wp-json\/wp\/v2\/media?parent=10424"}],"curies":[{"name":"wp","href":"https:\/\/api.w.org\/{rel}","templated":true}]}}