{"id":10450,"date":"2024-04-18T12:56:45","date_gmt":"2024-04-18T15:56:45","guid":{"rendered":"https:\/\/www.vittal.com.ar\/gestion\/?page_id=10450"},"modified":"2024-05-31T13:40:56","modified_gmt":"2024-05-31T16:40:56","slug":"vacuna-dengue-socios-no-socios","status":"publish","type":"page","link":"https:\/\/www.vittal.com.ar\/gestion\/landing\/vacuna-dengue-socios-no-socios\/","title":{"rendered":"Vacuna dengue | Socios y no socios"},"content":{"rendered":"","protected":false},"excerpt":{"rendered":"","protected":false},"author":4,"featured_media":0,"parent":727,"menu_order":0,"comment_status":"closed","ping_status":"closed","template":"","meta":{"footnotes":""},"class_list":["post-10450","page","type-page","status-publish","hentry"],"better_featured_image":null,"yoast_head":"<!-- This site is optimized with the Yoast SEO plugin v22.9 - https:\/\/yoast.com\/wordpress\/plugins\/seo\/ -->\n<title>Vacuna dengue | Socios y no socios - Vittal<\/title>\n<meta name=\"robots\" content=\"index, follow, max-snippet:-1, max-image-preview:large, max-video-preview:-1\" \/>\n<link rel=\"canonical\" href=\"https:\/\/testweb.vittal.com.ar\/gestion\/landing\/vacuna-dengue-socios-no-socios\/\" \/>\n<meta property=\"og:locale\" content=\"es_ES\" \/>\n<meta property=\"og:type\" content=\"article\" \/>\n<meta property=\"og:title\" content=\"Vacuna dengue | Socios y no socios - Vittal\" \/>\n<meta property=\"og:url\" content=\"https:\/\/testweb.vittal.com.ar\/gestion\/landing\/vacuna-dengue-socios-no-socios\/\" \/>\n<meta property=\"og:site_name\" content=\"Vittal\" \/>\n<meta property=\"article:publisher\" content=\"https:\/\/www.facebook.com\/Tuvidaestaprimero\" \/>\n<meta property=\"article:modified_time\" content=\"2024-05-31T16:40:56+00:00\" \/>\n<meta property=\"og:image\" content=\"https:\/\/www.vittal.com.ar\/gestion\/wp-content\/uploads\/2020\/03\/vittal-logo.jpg\" \/>\n\t<meta property=\"og:image:width\" content=\"300\" \/>\n\t<meta property=\"og:image:height\" content=\"300\" \/>\n\t<meta property=\"og:image:type\" content=\"image\/jpeg\" \/>\n<meta name=\"twitter:card\" content=\"summary_large_image\" \/>\n<!-- \/ Yoast SEO plugin. -->","yoast_head_json":{"title":"Vacuna dengue | Socios y no socios - Vittal","robots":{"index":"index","follow":"follow","max-snippet":"max-snippet:-1","max-image-preview":"max-image-preview:large","max-video-preview":"max-video-preview:-1"},"canonical":"https:\/\/testweb.vittal.com.ar\/gestion\/landing\/vacuna-dengue-socios-no-socios\/","og_locale":"es_ES","og_type":"article","og_title":"Vacuna dengue | Socios y no socios - Vittal","og_url":"https:\/\/testweb.vittal.com.ar\/gestion\/landing\/vacuna-dengue-socios-no-socios\/","og_site_name":"Vittal","article_publisher":"https:\/\/www.facebook.com\/Tuvidaestaprimero","article_modified_time":"2024-05-31T16:40:56+00:00","og_image":[{"width":300,"height":300,"url":"https:\/\/www.vittal.com.ar\/gestion\/wp-content\/uploads\/2020\/03\/vittal-logo.jpg","type":"image\/jpeg"}],"twitter_card":"summary_large_image","schema":{"@context":"https:\/\/schema.org","@graph":[{"@type":"WebPage","@id":"https:\/\/testweb.vittal.com.ar\/gestion\/landing\/vacuna-dengue-socios-no-socios\/","url":"https:\/\/testweb.vittal.com.ar\/gestion\/landing\/vacuna-dengue-socios-no-socios\/","name":"Vacuna dengue | Socios y no socios - Vittal","isPartOf":{"@id":"https:\/\/testweb.vittal.com.ar\/gestion\/#website"},"datePublished":"2024-04-18T15:56:45+00:00","dateModified":"2024-05-31T16:40:56+00:00","breadcrumb":{"@id":"https:\/\/testweb.vittal.com.ar\/gestion\/landing\/vacuna-dengue-socios-no-socios\/#breadcrumb"},"inLanguage":"es","potentialAction":[{"@type":"ReadAction","target":["https:\/\/testweb.vittal.com.ar\/gestion\/landing\/vacuna-dengue-socios-no-socios\/"]}]},{"@type":"BreadcrumbList","@id":"https:\/\/testweb.vittal.com.ar\/gestion\/landing\/vacuna-dengue-socios-no-socios\/#breadcrumb","itemListElement":[{"@type":"ListItem","position":1,"name":"Home","item":"https:\/\/testweb.vittal.com.ar\/gestion\/"},{"@type":"ListItem","position":2,"name":"Landings","item":"https:\/\/testweb.vittal.com.ar\/gestion\/landing\/"},{"@type":"ListItem","position":3,"name":"Vacuna dengue | Socios y no socios"}]},{"@type":"WebSite","@id":"https:\/\/testweb.vittal.com.ar\/gestion\/#website","url":"https:\/\/testweb.vittal.com.ar\/gestion\/","name":"Vittal | Emergecias y Urgencias Medicas","description":"Emergencias y urgencias m\u00e9dicas 24hs.","potentialAction":[{"@type":"SearchAction","target":{"@type":"EntryPoint","urlTemplate":"https:\/\/testweb.vittal.com.ar\/gestion\/?s={search_term_string}"},"query-input":"required name=search_term_string"}],"inLanguage":"es"}]}},"acf":{"tipo_de_landing":"Landing Contacto Bitrix","landing_contacto":{"telefono":"","titulo":"Vacunate ahora contra el dengue","bajada":"<p><strong>Para Socios y No Socios de vittal. <\/strong><\/p>\n<p>Acced\u00e9 a la vacuna Qdenga con aplicaci\u00f3n en domicilio.<\/p>\n<p>La vacuna Qdenga es efectiva y segura. Con el tiempo, fortalece la respuesta inmune, brindando una protecci\u00f3n m\u00e1s s\u00f3lida para enfrentar tambi\u00e9n la pr\u00f3xima temporada de Dengue.<\/p>\n<p>Es una vacuna tetravalente que brinda protecci\u00f3n frente a los 4 serotipos de dengue con un esquema de aplicaci\u00f3n en dos dosis con un intervalo de 3 meses. Indicada para personas a partir de los 4 a\u00f1os de edad.<\/p>\n<p>Se puede aplicar en personas que hayan cursado la enfermedad, despu\u00e9s de los 3 meses de recuperaci\u00f3n, para evitar desarrollar cuadros m\u00e1s graves.<\/p>\n<p>&nbsp;<\/p>\n","imagen":"https:\/\/www.vittal.com.ar\/gestion\/wp-content\/uploads\/2024\/04\/landing-vacuna-dengue_desktop.jpg","imagenmobile":"https:\/\/www.vittal.com.ar\/gestion\/wp-content\/uploads\/2024\/04\/landing-vacuna-dengue_mobile.jpg","titulo_formulario":"Complet\u00e1 el formulario y nos contactamos","codigo_formulario":1217,"beneficios":[{"icono":"https:\/\/www.vittal.com.ar\/gestion\/wp-content\/uploads\/2022\/09\/icono-enfermeria-04.png","texto":"Vacuna Qdenga tetravalente"},{"icono":"https:\/\/www.vittal.com.ar\/gestion\/wp-content\/uploads\/2022\/09\/icono-nena-04.png","texto":"Indicada a partir de los 4 a\u00f1os de edad."},{"icono":"https:\/\/www.vittal.com.ar\/gestion\/wp-content\/uploads\/2022\/09\/icono-persona-inmunodeprimido-04.png","texto":"Protecci\u00f3n m\u00e1s s\u00f3lida para la pr\u00f3xima temporada de dengue"},{"icono":"https:\/\/www.vittal.com.ar\/gestion\/wp-content\/uploads\/2022\/09\/icono-mapa-04.png","texto":"Aplicaci\u00f3n a domicilio (CABA y GBA)"},{"icono":"https:\/\/www.vittal.com.ar\/gestion\/wp-content\/uploads\/2022\/09\/icono-salud-04.png","texto":"Compatible con vacunas del calendario y\/o estacionales"}],"legales":"El servicio estar\u00e1 disponible a partir del 09\/04\/24 hasta el 31\/08\/24 o hasta agotar stock de 100 dosis. Consulte aranceles y \u00e1rea de cobertura. Vacuna QDENGA\u00ae Tetravalente contra el dengue, Serotipo 1, Serotipo 2, Serotipo 3 y Serotipo 4; elaborada con virus vivos, atenuados. Indicada para la prevenci\u00f3n de la enfermedad del dengue en personas a partir de los 4 a\u00f1os de edad.\r\nPersonas a partir de los 4 a\u00f1os de edad: debe administrarse 0,5 ml en un cronograma de dos dosis; con la segunda dosis a aplicarse despu\u00e9s de un intervalo de 3 meses desde la primera. \r\nMecanismo de acci\u00f3n: El principal mecanismo de acci\u00f3n de Qdenga\u00ae es replicarse localmente y provocar anticuerpos neutralizantes para conferir protecci\u00f3n contra la enfermedad del dengue causada por cualquiera de los cuatro serotipos del virus del dengue.\r\nContraindicaciones: Hipersensibilidad a los principios activos o a cualquiera de los excipientes o hipersensibilidad a una dosis previa de Qdenga\u00ae. Personas con inmunodeficiencia cong\u00e9nita o adquirida, incluidas las terapias inmunosupresoras como la quimioterapia o dosis altas de corticosteroides sist\u00e9micos. Personas con infecci\u00f3n por virus de la inmunodeficiencia humana (VIH) sintom\u00e1tica o con infecci\u00f3n por VIH asintom\u00e1tica cuando se acompa\u00f1a de evidencia de funci\u00f3n inmunol\u00f3gica deteriorada. Mujeres embarazadas y en periodo de lactancia.\r\nReacciones adversas descriptas: Dolor en el lugar de la inyecci\u00f3n, dolor de cabeza, mialgia, eritema en el lugar de la inyecci\u00f3n, malestar general, astenia y fiebre.  Suelen ocurrir dentro de los 2 d\u00edas posteriores a la inyecci\u00f3n y habitualmente tienen una duraci\u00f3n de uno a tres d\u00edas. Son menos frecuentes despu\u00e9s de la segunda inyecci\u00f3n de Qdenga\u00ae.\r\nPromoci\u00f3n v\u00e1lida exclusivamente para Capital Federal y Gran Buenos Aires. Para m\u00e1s informaci\u00f3n comunicarse al Centro de Atenci\u00f3n al Socio Tel. 0810-888-48825. Socorro M\u00e9dico Privado S.A. CUIT 30-61221341-7. Av. \u00c1lvarez Thomas 1154 C.A.B.A. S.S.S. 0800-222-Salud. Registro Nacional de empresa de medicina Prepaga N\u00b01305.\r\n"},"activarbitrix":true,"scriptbitrix":"<script data-b24-form=\"inline\/247\/g5b5hj\" data-skip-moving=\"true\">(function(w,d,u){var s=d.createElement('script');s.async=true;s.src=u+'?'+(Date.now()\/180000|0);var h=d.getElementsByTagName('script')[0];h.parentNode.insertBefore(s,h);})(window,document,'https:\/\/cdn.bitrix24.es\/b18116991\/crm\/form\/loader_247.js');<\/script>","seo":{"titulo":"Vacuna antigripal sin costo para nuevos socios","descripcion":"vacuna tetravalente cepa 2024 a domicilio","keywords":"vacunaci\u00f3n antigripal, aplicacion a domicilio, cepa 20424, gripe"}},"_links":{"self":[{"href":"https:\/\/www.vittal.com.ar\/gestion\/wp-json\/wp\/v2\/pages\/10450"}],"collection":[{"href":"https:\/\/www.vittal.com.ar\/gestion\/wp-json\/wp\/v2\/pages"}],"about":[{"href":"https:\/\/www.vittal.com.ar\/gestion\/wp-json\/wp\/v2\/types\/page"}],"author":[{"embeddable":true,"href":"https:\/\/www.vittal.com.ar\/gestion\/wp-json\/wp\/v2\/users\/4"}],"replies":[{"embeddable":true,"href":"https:\/\/www.vittal.com.ar\/gestion\/wp-json\/wp\/v2\/comments?post=10450"}],"version-history":[{"count":7,"href":"https:\/\/www.vittal.com.ar\/gestion\/wp-json\/wp\/v2\/pages\/10450\/revisions"}],"predecessor-version":[{"id":10521,"href":"https:\/\/www.vittal.com.ar\/gestion\/wp-json\/wp\/v2\/pages\/10450\/revisions\/10521"}],"up":[{"embeddable":true,"href":"https:\/\/www.vittal.com.ar\/gestion\/wp-json\/wp\/v2\/pages\/727"}],"wp:attachment":[{"href":"https:\/\/www.vittal.com.ar\/gestion\/wp-json\/wp\/v2\/media?parent=10450"}],"curies":[{"name":"wp","href":"https:\/\/api.w.org\/{rel}","templated":true}]}}