{"id":10558,"date":"2024-07-12T16:18:27","date_gmt":"2024-07-12T19:18:27","guid":{"rendered":"https:\/\/www.vittal.com.ar\/gestion\/?page_id=10558"},"modified":"2025-05-22T12:01:23","modified_gmt":"2025-05-22T15:01:23","slug":"ap-area-protegida-programa-de-referidos","status":"publish","type":"page","link":"https:\/\/www.vittal.com.ar\/gestion\/landing\/ap-area-protegida-programa-de-referidos\/","title":{"rendered":"AP | \u00c1rea protegida | Programa de referidos"},"content":{"rendered":"","protected":false},"excerpt":{"rendered":"","protected":false},"author":4,"featured_media":0,"parent":727,"menu_order":0,"comment_status":"closed","ping_status":"closed","template":"","meta":{"footnotes":""},"class_list":["post-10558","page","type-page","status-publish","hentry"],"better_featured_image":null,"yoast_head":"<!-- This site is optimized with the Yoast SEO plugin v22.9 - https:\/\/yoast.com\/wordpress\/plugins\/seo\/ -->\n<title>AP | \u00c1rea protegida | Programa de referidos - Vittal<\/title>\n<meta name=\"robots\" content=\"index, follow, max-snippet:-1, max-image-preview:large, max-video-preview:-1\" \/>\n<link rel=\"canonical\" href=\"https:\/\/www.vittal.com.ar\/gestion\/landing\/ap-area-protegida-programa-de-referidos\/\" \/>\n<meta property=\"og:locale\" content=\"es_ES\" \/>\n<meta property=\"og:type\" content=\"article\" \/>\n<meta property=\"og:title\" content=\"AP | \u00c1rea protegida | Programa de referidos - Vittal\" \/>\n<meta property=\"og:url\" content=\"https:\/\/www.vittal.com.ar\/gestion\/landing\/ap-area-protegida-programa-de-referidos\/\" \/>\n<meta property=\"og:site_name\" content=\"Vittal\" \/>\n<meta property=\"article:publisher\" content=\"https:\/\/www.facebook.com\/Tuvidaestaprimero\" \/>\n<meta property=\"article:modified_time\" content=\"2025-05-22T15:01:23+00:00\" \/>\n<meta property=\"og:image\" content=\"https:\/\/www.vittal.com.ar\/gestion\/wp-content\/uploads\/2020\/03\/vittal-logo.jpg\" \/>\n\t<meta property=\"og:image:width\" content=\"300\" \/>\n\t<meta property=\"og:image:height\" content=\"300\" \/>\n\t<meta property=\"og:image:type\" content=\"image\/jpeg\" \/>\n<meta name=\"twitter:card\" content=\"summary_large_image\" \/>\n<!-- \/ Yoast SEO plugin. -->","yoast_head_json":{"title":"AP | \u00c1rea protegida | Programa de referidos - Vittal","robots":{"index":"index","follow":"follow","max-snippet":"max-snippet:-1","max-image-preview":"max-image-preview:large","max-video-preview":"max-video-preview:-1"},"canonical":"https:\/\/www.vittal.com.ar\/gestion\/landing\/ap-area-protegida-programa-de-referidos\/","og_locale":"es_ES","og_type":"article","og_title":"AP | \u00c1rea protegida | Programa de referidos - Vittal","og_url":"https:\/\/www.vittal.com.ar\/gestion\/landing\/ap-area-protegida-programa-de-referidos\/","og_site_name":"Vittal","article_publisher":"https:\/\/www.facebook.com\/Tuvidaestaprimero","article_modified_time":"2025-05-22T15:01:23+00:00","og_image":[{"width":300,"height":300,"url":"https:\/\/www.vittal.com.ar\/gestion\/wp-content\/uploads\/2020\/03\/vittal-logo.jpg","type":"image\/jpeg"}],"twitter_card":"summary_large_image","schema":{"@context":"https:\/\/schema.org","@graph":[{"@type":"WebPage","@id":"https:\/\/www.vittal.com.ar\/gestion\/landing\/ap-area-protegida-programa-de-referidos\/","url":"https:\/\/www.vittal.com.ar\/gestion\/landing\/ap-area-protegida-programa-de-referidos\/","name":"AP | \u00c1rea protegida | Programa de referidos - Vittal","isPartOf":{"@id":"https:\/\/testweb.vittal.com.ar\/gestion\/#website"},"datePublished":"2024-07-12T19:18:27+00:00","dateModified":"2025-05-22T15:01:23+00:00","breadcrumb":{"@id":"https:\/\/www.vittal.com.ar\/gestion\/landing\/ap-area-protegida-programa-de-referidos\/#breadcrumb"},"inLanguage":"es","potentialAction":[{"@type":"ReadAction","target":["https:\/\/www.vittal.com.ar\/gestion\/landing\/ap-area-protegida-programa-de-referidos\/"]}]},{"@type":"BreadcrumbList","@id":"https:\/\/www.vittal.com.ar\/gestion\/landing\/ap-area-protegida-programa-de-referidos\/#breadcrumb","itemListElement":[{"@type":"ListItem","position":1,"name":"Home","item":"https:\/\/testweb.vittal.com.ar\/gestion\/"},{"@type":"ListItem","position":2,"name":"Landings","item":"https:\/\/testweb.vittal.com.ar\/gestion\/landing\/"},{"@type":"ListItem","position":3,"name":"AP | \u00c1rea protegida | Programa de referidos"}]},{"@type":"WebSite","@id":"https:\/\/testweb.vittal.com.ar\/gestion\/#website","url":"https:\/\/testweb.vittal.com.ar\/gestion\/","name":"Vittal | Emergecias y Urgencias Medicas","description":"Emergencias y urgencias m\u00e9dicas 24hs.","potentialAction":[{"@type":"SearchAction","target":{"@type":"EntryPoint","urlTemplate":"https:\/\/testweb.vittal.com.ar\/gestion\/?s={search_term_string}"},"query-input":"required name=search_term_string"}],"inLanguage":"es"}]}},"acf":{"tipo_de_landing":"Landing Contacto Bitrix","landing_contacto":{"telefono":"","titulo":"Programa de referidos","bajada":"<p><strong>Beneficio para vos y tu comercio amigo<\/strong><\/p>\n<p>Sent\u00ed la tranquilidad de proteger a todos.<\/p>\n<p>Recomend\u00e1 un comercio para que se asocie al \u00e1rea protegida de vittal y obten\u00e9 un descuento del 50% por un mes para vos y un descuento especial para tu referido.<\/p>\n<p><em>La promoci\u00f3n aplica para ambos comercios adheridos al\u00a0plan\u00a0vittal.<\/em><\/p>\n<p><strong>Complet\u00e1 el formulario con tus datos para llamarte y que nos compartas los datos de tu referido<\/strong><\/p>\n<p>&nbsp;<\/p>\n","imagen":"https:\/\/www.vittal.com.ar\/gestion\/wp-content\/uploads\/2024\/01\/nueva-landing_desktop.jpg","imagenmobile":"https:\/\/www.vittal.com.ar\/gestion\/wp-content\/uploads\/2024\/01\/nueva-landing_mobile.jpg","titulo_formulario":"Complet\u00e1 el formulario con tus datos","codigo_formulario":1217,"beneficios":[{"icono":"https:\/\/www.vittal.com.ar\/gestion\/wp-content\/uploads\/2022\/09\/icono-ambulancias-04.png","texto":"Emergencias y urgencias m\u00e9dicas 24hs."},{"icono":"https:\/\/www.vittal.com.ar\/gestion\/wp-content\/uploads\/2022\/09\/icono-traslados-04.png","texto":"Traslados m\u00e9dicos, en caso de ser necesario"},{"icono":"https:\/\/www.vittal.com.ar\/gestion\/wp-content\/uploads\/2022\/09\/icono-rcp-04.png","texto":"Equipos DEA"},{"icono":"https:\/\/www.vittal.com.ar\/gestion\/wp-content\/uploads\/2023\/08\/icono-materiales-entregables.png","texto":"Entrenamiento en RCP"}],"legales":"El servicio estar\u00e1 disponible a partir del alta del socio, que se produce dentro de las 48 horas h\u00e1biles de concretada la contrataci\u00f3n telef\u00f3nica del servicio. Consultar condiciones de la prestaci\u00f3n del servicio, medios de pago, y zona de cobertura en www.vittal.com. Socorro M\u00e9dico Privado S.A. CUIT 30-61221341-7. Av. \u00c1lvarez Thomas 1154 C.A.B.A. S\u00faper Intendencia de Servicios de Salud 0800-222-Salud (72583) WWW.SSSalud.com.ar . R.N.E.M.P. N\u00b0 113052."},"activarbitrix":true,"scriptbitrix":"<script data-b24-form=\"inline\/275\/opvp5b\" data-skip-moving=\"true\">(function(w,d,u){var s=d.createElement('script');s.async=true;s.src=u+'?'+(Date.now()\/180000|0);var h=d.getElementsByTagName('script')[0];h.parentNode.insertBefore(s,h);})(window,document,'https:\/\/cdn.bitrix24.es\/b18116991\/crm\/form\/loader_275.js');<\/script>","seo":{"titulo":"Espacio cardioprotegido para empresas","descripcion":"Espacio cardioprotegido para empresas","keywords":"reanimaci\u00f3n cardiopulmonar, primeros auxilios, rcp, capacitacion"}},"_links":{"self":[{"href":"https:\/\/www.vittal.com.ar\/gestion\/wp-json\/wp\/v2\/pages\/10558"}],"collection":[{"href":"https:\/\/www.vittal.com.ar\/gestion\/wp-json\/wp\/v2\/pages"}],"about":[{"href":"https:\/\/www.vittal.com.ar\/gestion\/wp-json\/wp\/v2\/types\/page"}],"author":[{"embeddable":true,"href":"https:\/\/www.vittal.com.ar\/gestion\/wp-json\/wp\/v2\/users\/4"}],"replies":[{"embeddable":true,"href":"https:\/\/www.vittal.com.ar\/gestion\/wp-json\/wp\/v2\/comments?post=10558"}],"version-history":[{"count":11,"href":"https:\/\/www.vittal.com.ar\/gestion\/wp-json\/wp\/v2\/pages\/10558\/revisions"}],"predecessor-version":[{"id":11153,"href":"https:\/\/www.vittal.com.ar\/gestion\/wp-json\/wp\/v2\/pages\/10558\/revisions\/11153"}],"up":[{"embeddable":true,"href":"https:\/\/www.vittal.com.ar\/gestion\/wp-json\/wp\/v2\/pages\/727"}],"wp:attachment":[{"href":"https:\/\/www.vittal.com.ar\/gestion\/wp-json\/wp\/v2\/media?parent=10558"}],"curies":[{"name":"wp","href":"https:\/\/api.w.org\/{rel}","templated":true}]}}