{"id":108,"date":"2020-03-02T18:47:31","date_gmt":"2020-03-02T18:47:31","guid":{"rendered":"http:\/\/client.elpixel.net\/vittal\/wp-test\/?page_id=108"},"modified":"2023-06-15T15:34:12","modified_gmt":"2023-06-15T15:34:12","slug":"menu-secciones-principales","status":"publish","type":"page","link":"https:\/\/www.vittal.com.ar\/gestion\/home\/menu-secciones-principales\/","title":{"rendered":"Menu Secciones principales"},"content":{"rendered":"","protected":false},"excerpt":{"rendered":"","protected":false},"author":4,"featured_media":0,"parent":40,"menu_order":0,"comment_status":"closed","ping_status":"closed","template":"","meta":{"footnotes":""},"class_list":["post-108","page","type-page","status-publish","hentry"],"better_featured_image":null,"yoast_head":"<!-- This site is optimized with the Yoast SEO plugin v22.9 - https:\/\/yoast.com\/wordpress\/plugins\/seo\/ -->\n<title>Menu Secciones principales - Vittal<\/title>\n<meta name=\"robots\" content=\"index, follow, max-snippet:-1, max-image-preview:large, max-video-preview:-1\" \/>\n<link rel=\"canonical\" href=\"https:\/\/www.vittal.com.ar\/gestion\/home\/menu-secciones-principales\/\" \/>\n<meta property=\"og:locale\" content=\"es_ES\" \/>\n<meta property=\"og:type\" content=\"article\" \/>\n<meta property=\"og:title\" content=\"Menu Secciones principales - Vittal\" \/>\n<meta property=\"og:url\" content=\"https:\/\/www.vittal.com.ar\/gestion\/home\/menu-secciones-principales\/\" \/>\n<meta property=\"og:site_name\" content=\"Vittal\" \/>\n<meta property=\"article:publisher\" content=\"https:\/\/www.facebook.com\/Tuvidaestaprimero\" \/>\n<meta property=\"article:modified_time\" content=\"2023-06-15T15:34:12+00:00\" \/>\n<meta property=\"og:image\" content=\"https:\/\/www.vittal.com.ar\/gestion\/wp-content\/uploads\/2020\/03\/vittal-logo.jpg\" \/>\n\t<meta property=\"og:image:width\" content=\"300\" \/>\n\t<meta property=\"og:image:height\" content=\"300\" \/>\n\t<meta property=\"og:image:type\" content=\"image\/jpeg\" \/>\n<meta name=\"twitter:card\" content=\"summary_large_image\" \/>\n<!-- \/ Yoast SEO plugin. -->","yoast_head_json":{"title":"Menu Secciones principales - Vittal","robots":{"index":"index","follow":"follow","max-snippet":"max-snippet:-1","max-image-preview":"max-image-preview:large","max-video-preview":"max-video-preview:-1"},"canonical":"https:\/\/www.vittal.com.ar\/gestion\/home\/menu-secciones-principales\/","og_locale":"es_ES","og_type":"article","og_title":"Menu Secciones principales - Vittal","og_url":"https:\/\/www.vittal.com.ar\/gestion\/home\/menu-secciones-principales\/","og_site_name":"Vittal","article_publisher":"https:\/\/www.facebook.com\/Tuvidaestaprimero","article_modified_time":"2023-06-15T15:34:12+00:00","og_image":[{"width":300,"height":300,"url":"https:\/\/www.vittal.com.ar\/gestion\/wp-content\/uploads\/2020\/03\/vittal-logo.jpg","type":"image\/jpeg"}],"twitter_card":"summary_large_image","schema":{"@context":"https:\/\/schema.org","@graph":[{"@type":"WebPage","@id":"https:\/\/www.vittal.com.ar\/gestion\/home\/menu-secciones-principales\/","url":"https:\/\/www.vittal.com.ar\/gestion\/home\/menu-secciones-principales\/","name":"Menu Secciones principales - Vittal","isPartOf":{"@id":"https:\/\/testweb.vittal.com.ar\/gestion\/#website"},"datePublished":"2020-03-02T18:47:31+00:00","dateModified":"2023-06-15T15:34:12+00:00","breadcrumb":{"@id":"https:\/\/www.vittal.com.ar\/gestion\/home\/menu-secciones-principales\/#breadcrumb"},"inLanguage":"es","potentialAction":[{"@type":"ReadAction","target":["https:\/\/www.vittal.com.ar\/gestion\/home\/menu-secciones-principales\/"]}]},{"@type":"BreadcrumbList","@id":"https:\/\/www.vittal.com.ar\/gestion\/home\/menu-secciones-principales\/#breadcrumb","itemListElement":[{"@type":"ListItem","position":1,"name":"Home","item":"https:\/\/testweb.vittal.com.ar\/gestion\/"},{"@type":"ListItem","position":2,"name":"Home","item":"https:\/\/www.vittal.com.ar\/gestion\/home\/"},{"@type":"ListItem","position":3,"name":"Menu Secciones principales"}]},{"@type":"WebSite","@id":"https:\/\/testweb.vittal.com.ar\/gestion\/#website","url":"https:\/\/testweb.vittal.com.ar\/gestion\/","name":"Vittal | Emergecias y Urgencias Medicas","description":"Emergencias y urgencias m\u00e9dicas 24hs.","potentialAction":[{"@type":"SearchAction","target":{"@type":"EntryPoint","urlTemplate":"https:\/\/testweb.vittal.com.ar\/gestion\/?s={search_term_string}"},"query-input":"required name=search_term_string"}],"inLanguage":"es"}]}},"acf":{"menu":[{"nombre":"Planes de Salud","descripcion":"Encontr\u00e1 <br>el plan ideal","link":"\/planes"},{"nombre":"Atenci\u00f3n al Socio","descripcion":"Cartilla m\u00e9dica, cobertura<br> y mucho m\u00e1s","link":"\/atencion-al-socio\/cartilla-medica"},{"nombre":"\u00c1rea Protegida y Empresas","descripcion":"Servicios y mucho m\u00e1s","link":"\/medicina-corporativa"},{"nombre":"Entidades de Salud","descripcion":"Conoc\u00e9 las entidades <br>asociadas a vittal","link":"\/medicina-corporativa\/entidades-de-salud"}]},"_links":{"self":[{"href":"https:\/\/www.vittal.com.ar\/gestion\/wp-json\/wp\/v2\/pages\/108"}],"collection":[{"href":"https:\/\/www.vittal.com.ar\/gestion\/wp-json\/wp\/v2\/pages"}],"about":[{"href":"https:\/\/www.vittal.com.ar\/gestion\/wp-json\/wp\/v2\/types\/page"}],"author":[{"embeddable":true,"href":"https:\/\/www.vittal.com.ar\/gestion\/wp-json\/wp\/v2\/users\/4"}],"replies":[{"embeddable":true,"href":"https:\/\/www.vittal.com.ar\/gestion\/wp-json\/wp\/v2\/comments?post=108"}],"version-history":[{"count":24,"href":"https:\/\/www.vittal.com.ar\/gestion\/wp-json\/wp\/v2\/pages\/108\/revisions"}],"predecessor-version":[{"id":9013,"href":"https:\/\/www.vittal.com.ar\/gestion\/wp-json\/wp\/v2\/pages\/108\/revisions\/9013"}],"up":[{"embeddable":true,"href":"https:\/\/www.vittal.com.ar\/gestion\/wp-json\/wp\/v2\/pages\/40"}],"wp:attachment":[{"href":"https:\/\/www.vittal.com.ar\/gestion\/wp-json\/wp\/v2\/media?parent=108"}],"curies":[{"name":"wp","href":"https:\/\/api.w.org\/{rel}","templated":true}]}}