{"id":1093,"date":"2020-07-01T15:21:57","date_gmt":"2020-07-01T15:21:57","guid":{"rendered":"http:\/\/client.elpixel.net\/vittal\/wp-test\/?page_id=1093"},"modified":"2026-04-08T16:57:13","modified_gmt":"2026-04-08T19:57:13","slug":"vacuna-antigripal-a-domicilio","status":"publish","type":"page","link":"https:\/\/www.vittal.com.ar\/gestion\/servicios-adicionales\/vacuna-antigripal-a-domicilio\/","title":{"rendered":"Vacuna antigripal a domicilio"},"content":{"rendered":"","protected":false},"excerpt":{"rendered":"","protected":false},"author":4,"featured_media":0,"parent":381,"menu_order":0,"comment_status":"closed","ping_status":"closed","template":"","meta":{"footnotes":""},"class_list":["post-1093","page","type-page","status-publish","hentry"],"better_featured_image":null,"yoast_head":"<!-- This site is optimized with the Yoast SEO plugin v22.9 - https:\/\/yoast.com\/wordpress\/plugins\/seo\/ -->\n<title>Vacuna antigripal a domicilio - Vittal<\/title>\n<meta name=\"robots\" content=\"index, follow, max-snippet:-1, max-image-preview:large, max-video-preview:-1\" \/>\n<link rel=\"canonical\" href=\"https:\/\/www.vittal.com.ar\/gestion\/servicios-adicionales\/vacuna-antigripal-a-domicilio\/\" \/>\n<meta property=\"og:locale\" content=\"es_ES\" \/>\n<meta property=\"og:type\" content=\"article\" \/>\n<meta property=\"og:title\" content=\"Vacuna antigripal a domicilio - Vittal\" \/>\n<meta property=\"og:url\" content=\"https:\/\/www.vittal.com.ar\/gestion\/servicios-adicionales\/vacuna-antigripal-a-domicilio\/\" \/>\n<meta property=\"og:site_name\" content=\"Vittal\" \/>\n<meta property=\"article:publisher\" content=\"https:\/\/www.facebook.com\/Tuvidaestaprimero\" \/>\n<meta property=\"article:modified_time\" content=\"2026-04-08T19:57:13+00:00\" \/>\n<meta property=\"og:image\" content=\"https:\/\/www.vittal.com.ar\/gestion\/wp-content\/uploads\/2020\/03\/vittal-logo.jpg\" \/>\n\t<meta property=\"og:image:width\" content=\"300\" \/>\n\t<meta property=\"og:image:height\" content=\"300\" \/>\n\t<meta property=\"og:image:type\" content=\"image\/jpeg\" \/>\n<meta name=\"twitter:card\" content=\"summary_large_image\" \/>\n<!-- \/ Yoast SEO plugin. -->","yoast_head_json":{"title":"Vacuna antigripal a domicilio - Vittal","robots":{"index":"index","follow":"follow","max-snippet":"max-snippet:-1","max-image-preview":"max-image-preview:large","max-video-preview":"max-video-preview:-1"},"canonical":"https:\/\/www.vittal.com.ar\/gestion\/servicios-adicionales\/vacuna-antigripal-a-domicilio\/","og_locale":"es_ES","og_type":"article","og_title":"Vacuna antigripal a domicilio - Vittal","og_url":"https:\/\/www.vittal.com.ar\/gestion\/servicios-adicionales\/vacuna-antigripal-a-domicilio\/","og_site_name":"Vittal","article_publisher":"https:\/\/www.facebook.com\/Tuvidaestaprimero","article_modified_time":"2026-04-08T19:57:13+00:00","og_image":[{"width":300,"height":300,"url":"https:\/\/www.vittal.com.ar\/gestion\/wp-content\/uploads\/2020\/03\/vittal-logo.jpg","type":"image\/jpeg"}],"twitter_card":"summary_large_image","schema":{"@context":"https:\/\/schema.org","@graph":[{"@type":"WebPage","@id":"https:\/\/www.vittal.com.ar\/gestion\/servicios-adicionales\/vacuna-antigripal-a-domicilio\/","url":"https:\/\/www.vittal.com.ar\/gestion\/servicios-adicionales\/vacuna-antigripal-a-domicilio\/","name":"Vacuna antigripal a domicilio - Vittal","isPartOf":{"@id":"https:\/\/testweb.vittal.com.ar\/gestion\/#website"},"datePublished":"2020-07-01T15:21:57+00:00","dateModified":"2026-04-08T19:57:13+00:00","breadcrumb":{"@id":"https:\/\/www.vittal.com.ar\/gestion\/servicios-adicionales\/vacuna-antigripal-a-domicilio\/#breadcrumb"},"inLanguage":"es","potentialAction":[{"@type":"ReadAction","target":["https:\/\/www.vittal.com.ar\/gestion\/servicios-adicionales\/vacuna-antigripal-a-domicilio\/"]}]},{"@type":"BreadcrumbList","@id":"https:\/\/www.vittal.com.ar\/gestion\/servicios-adicionales\/vacuna-antigripal-a-domicilio\/#breadcrumb","itemListElement":[{"@type":"ListItem","position":1,"name":"Home","item":"https:\/\/testweb.vittal.com.ar\/gestion\/"},{"@type":"ListItem","position":2,"name":"Servicios Adicionales","item":"https:\/\/testweb.vittal.com.ar\/gestion\/servicios-adicionales\/"},{"@type":"ListItem","position":3,"name":"Vacuna antigripal a domicilio"}]},{"@type":"WebSite","@id":"https:\/\/testweb.vittal.com.ar\/gestion\/#website","url":"https:\/\/testweb.vittal.com.ar\/gestion\/","name":"Vittal | Emergecias y Urgencias Medicas","description":"Emergencias y urgencias m\u00e9dicas 24hs.","potentialAction":[{"@type":"SearchAction","target":{"@type":"EntryPoint","urlTemplate":"https:\/\/testweb.vittal.com.ar\/gestion\/?s={search_term_string}"},"query-input":"required name=search_term_string"}],"inLanguage":"es"}]}},"acf":{"portada":{"imagen":"https:\/\/www.vittal.com.ar\/gestion\/wp-content\/uploads\/2026\/02\/serv-adic-vacuna-antigripal-interior-portada.jpg","titulo":"Vacuna antigripal a domicilio","descripcion":"Para la comodidad del socio y su familia, aplicamos la vacuna antigripal a domicilio.","label_boton":"Ver m\u00e1s","redirect":{"utilizar_redireccionamiento":false,"url":""}},"interior":{"imagen_fondo":"https:\/\/www.vittal.com.ar\/gestion\/wp-content\/uploads\/2026\/02\/serv-adic-vacuna-antigripal-interior-portada.jpg","imagenMobile":"https:\/\/www.vittal.com.ar\/gestion\/wp-content\/uploads\/2026\/02\/serv-adic-vacuna-antigripal-interior.jpg","titulo":"Vacuna antigripal a domicilio","subtitulo":"Con vittal vacun\u00e1 a tu familia sin salir de tu casa.","contenido":"<p>PARA SOCIOS Y NO SOCIOS<\/p>\n<p>Proteg\u00e9 tu salud y la de tu familia contra virus y contagios desde la comodidad de tu casa.<\/p>\n<p>Vacuna antigripal con aplicaci\u00f3n en domicilio.<\/p>\n<p>\u00a1\u00daltimos d\u00edas de preventa exclusiva para Socios! Pod\u00e9s consultar costo y reservar un turno <a href=\"https:\/\/api.whatsapp.com\/send?phone=5491130326052\" target=\"_blank\" rel=\"noopener\">haciendo click ac\u00e1<\/a>.<\/p>\n<p>Tambi\u00e9n pod\u00e9s asociarte ahora y acceder a este descuento exclusivo <a href=\"https:\/\/www.vittal.com.ar\/landing\/promo-3-meses-al-50-vittal\" target=\"_blank\" rel=\"noopener\">ingresando aqu\u00ed<\/a><\/p>\n<p>O pod\u00e9s acceder a la vacuna antigripal sin necesidad de ser socio. Escribinos por WhatsApp <a href=\"https:\/\/api.whatsapp.com\/send?phone=5491130326052\" target=\"_blank\" rel=\"noopener\">haciendo clic ac\u00e1<\/a> para averiguar costos y reservar un turno.<\/p>\n<p>Y record\u00e1 que si sos mayor de 65 a\u00f1os y sos socio de plan vittal Integral la vacuna y su aplicaci\u00f3n en domicilio es sin costo, <a href=\"https:\/\/api.whatsapp.com\/send?phone=5491130326052\">reservar un turno<\/a>.<\/p>\n","link":{"label":"","url":"","externo":false},"on_demand":{"titulo":"","subtitulo":"","label":"","link":""},"legales":"Preventa exclusiva para socios a partir del d\u00eda 27\/02\/2026, por el plazo exclusivo de 30 d\u00edas corridos desde la presente comunicaci\u00f3n. El servicio estar\u00e1 disponible a partir del 16\/02\/2026 hasta el 30\/04\/2026 o hasta agotar stock, lo que suceda primero. Consulte aranceles y \u00e1rea de cobertura. Los socios del Plan vittal Integral mayores de 65 a\u00f1os podr\u00e1n acceder a las vacunas antigripales \u2013 y su respectiva aplicaci\u00f3n \u2013 sin costo alguno, por encontrarse cubiertas en dicho plan. Vacuna antigripal trivalente inactivada hemisferio sur 2026. Dosificaci\u00f3n: Agrippal\u00aeS1: - Ni\u00f1os entre 6 y 35 meses de edad: 0,25 ml - Adultos y ni\u00f1os de m\u00e1s de 36 meses de edad: 0,5 ml. Si va a administrarse media dosis (0,25 ml) de Agrippal\u00aeS1, deseche la otra mitad del volumen (hasta la marca indicada en el cuerpo de la jeringa) antes de la inyecci\u00f3n. Agrippal\u00aeS1 Junior: - Ni\u00f1os entre 6 y 35 meses de edad: 0,25 ml. En ni\u00f1os que no han sido vacunados previamente, debe administrarse una segunda dosis despu\u00e9s de un intervalo de al menos 4 semanas. La vacuna debe ser suministrada por inyecci\u00f3n intramuscular o subcut\u00e1nea profunda. Iny\u00e9ctese preferentemente a nivel del m\u00fasculo deltoideo y, en los ni\u00f1os de menos de un a\u00f1o, en la zona anterolateral del muslo. En los pacientes con trombocitopenia o alteraciones de la coagulaci\u00f3n es, sin embargo, oportuno suministrar la vacuna por v\u00eda subcut\u00e1nea. Aseg\u00farese que la aguja de la jeringa no penetre en el lumen de un vaso sangu\u00edneo. Antes de inyectar, asp\u00edrese para ver si hay sangre; si fuese as\u00ed, es necesario cambiar de sitio. Este procedimiento debe ser repetido si se sigue viendo sangre. Agrippal\u00aeS1 \/ Agrippal\u00aeS1 Junior deber\u00e1 estar a temperatura ambiente antes de ser inyectado. Reacciones adversas descriptas: Cefalea, sudoraci\u00f3n, mialgias y artralgias, fiebre, malestar, escalofr\u00edos, reacciones locales: enrojecimiento, tumefacci\u00f3n, dolor, induraci\u00f3n.\r\nPromoci\u00f3n v\u00e1lida exclusivamente para Capital Federal y Gran Buenos Aires. Consulte aranceles y \u00e1reas de cobertura. Para m\u00e1s informaci\u00f3n comunicarse al Centro de Atenci\u00f3n al Socio haciendo clic ac\u00e1 y\/o www.vittal.com.ar Socorro M\u00e9dico Privado S.A. CUIT 30-61221341-7. Av. \u00c1lvarez Thomas 1156 C.A.B.A. S.S.S. 0800-222-Salud. Registro Nacional de empresa de medicina Prepaga N\u00b0113052\"."},"plantilla":"adic","seo":{"titulo":"Vacuna antigripal","descripcion":"Con vittal vacun\u00e1 a tu familia sin salir de tu casa. Servicio disponible previo y durante la temporada de gripe.","keywords":"vacun\u00e1 a tu familia, vittal, vacuna antigripal tetravalente cepa 2024"}},"_links":{"self":[{"href":"https:\/\/www.vittal.com.ar\/gestion\/wp-json\/wp\/v2\/pages\/1093"}],"collection":[{"href":"https:\/\/www.vittal.com.ar\/gestion\/wp-json\/wp\/v2\/pages"}],"about":[{"href":"https:\/\/www.vittal.com.ar\/gestion\/wp-json\/wp\/v2\/types\/page"}],"author":[{"embeddable":true,"href":"https:\/\/www.vittal.com.ar\/gestion\/wp-json\/wp\/v2\/users\/4"}],"replies":[{"embeddable":true,"href":"https:\/\/www.vittal.com.ar\/gestion\/wp-json\/wp\/v2\/comments?post=1093"}],"version-history":[{"count":40,"href":"https:\/\/www.vittal.com.ar\/gestion\/wp-json\/wp\/v2\/pages\/1093\/revisions"}],"predecessor-version":[{"id":11832,"href":"https:\/\/www.vittal.com.ar\/gestion\/wp-json\/wp\/v2\/pages\/1093\/revisions\/11832"}],"up":[{"embeddable":true,"href":"https:\/\/www.vittal.com.ar\/gestion\/wp-json\/wp\/v2\/pages\/381"}],"wp:attachment":[{"href":"https:\/\/www.vittal.com.ar\/gestion\/wp-json\/wp\/v2\/media?parent=1093"}],"curies":[{"name":"wp","href":"https:\/\/api.w.org\/{rel}","templated":true}]}}