{"id":11080,"date":"2025-04-22T14:31:01","date_gmt":"2025-04-22T17:31:01","guid":{"rendered":"https:\/\/testweb.vittal.com.ar\/gestion\/?page_id=11080"},"modified":"2026-04-01T10:47:52","modified_gmt":"2026-04-01T13:47:52","slug":"promo-3-meses-al-50-vittal","status":"publish","type":"page","link":"https:\/\/www.vittal.com.ar\/gestion\/landing\/promo-3-meses-al-50-vittal\/","title":{"rendered":"Promo 3 meses al 50%"},"content":{"rendered":"","protected":false},"excerpt":{"rendered":"","protected":false},"author":4,"featured_media":0,"parent":727,"menu_order":0,"comment_status":"closed","ping_status":"closed","template":"","meta":{"footnotes":""},"class_list":["post-11080","page","type-page","status-publish","hentry"],"better_featured_image":null,"yoast_head":"<!-- This site is optimized with the Yoast SEO plugin v22.9 - https:\/\/yoast.com\/wordpress\/plugins\/seo\/ -->\n<title>Promo 3 meses al 50% - Vittal<\/title>\n<meta name=\"robots\" content=\"index, follow, max-snippet:-1, max-image-preview:large, max-video-preview:-1\" \/>\n<link rel=\"canonical\" href=\"https:\/\/www.vittal.com.ar\/gestion\/landing\/promo-3-meses-al-50-vittal\/\" \/>\n<meta property=\"og:locale\" content=\"es_ES\" \/>\n<meta property=\"og:type\" content=\"article\" \/>\n<meta property=\"og:title\" content=\"Promo 3 meses al 50% - Vittal\" \/>\n<meta property=\"og:url\" content=\"https:\/\/www.vittal.com.ar\/gestion\/landing\/promo-3-meses-al-50-vittal\/\" \/>\n<meta property=\"og:site_name\" content=\"Vittal\" \/>\n<meta property=\"article:publisher\" content=\"https:\/\/www.facebook.com\/Tuvidaestaprimero\" \/>\n<meta property=\"article:modified_time\" content=\"2026-04-01T13:47:52+00:00\" \/>\n<meta property=\"og:image\" content=\"https:\/\/www.vittal.com.ar\/gestion\/wp-content\/uploads\/2020\/03\/vittal-logo.jpg\" \/>\n\t<meta property=\"og:image:width\" content=\"300\" \/>\n\t<meta property=\"og:image:height\" content=\"300\" \/>\n\t<meta property=\"og:image:type\" content=\"image\/jpeg\" \/>\n<meta name=\"twitter:card\" content=\"summary_large_image\" \/>\n<!-- \/ Yoast SEO plugin. -->","yoast_head_json":{"title":"Promo 3 meses al 50% - Vittal","robots":{"index":"index","follow":"follow","max-snippet":"max-snippet:-1","max-image-preview":"max-image-preview:large","max-video-preview":"max-video-preview:-1"},"canonical":"https:\/\/www.vittal.com.ar\/gestion\/landing\/promo-3-meses-al-50-vittal\/","og_locale":"es_ES","og_type":"article","og_title":"Promo 3 meses al 50% - Vittal","og_url":"https:\/\/www.vittal.com.ar\/gestion\/landing\/promo-3-meses-al-50-vittal\/","og_site_name":"Vittal","article_publisher":"https:\/\/www.facebook.com\/Tuvidaestaprimero","article_modified_time":"2026-04-01T13:47:52+00:00","og_image":[{"width":300,"height":300,"url":"https:\/\/www.vittal.com.ar\/gestion\/wp-content\/uploads\/2020\/03\/vittal-logo.jpg","type":"image\/jpeg"}],"twitter_card":"summary_large_image","schema":{"@context":"https:\/\/schema.org","@graph":[{"@type":"WebPage","@id":"https:\/\/www.vittal.com.ar\/gestion\/landing\/promo-3-meses-al-50-vittal\/","url":"https:\/\/www.vittal.com.ar\/gestion\/landing\/promo-3-meses-al-50-vittal\/","name":"Promo 3 meses al 50% - Vittal","isPartOf":{"@id":"https:\/\/testweb.vittal.com.ar\/gestion\/#website"},"datePublished":"2025-04-22T17:31:01+00:00","dateModified":"2026-04-01T13:47:52+00:00","breadcrumb":{"@id":"https:\/\/www.vittal.com.ar\/gestion\/landing\/promo-3-meses-al-50-vittal\/#breadcrumb"},"inLanguage":"es","potentialAction":[{"@type":"ReadAction","target":["https:\/\/www.vittal.com.ar\/gestion\/landing\/promo-3-meses-al-50-vittal\/"]}]},{"@type":"BreadcrumbList","@id":"https:\/\/www.vittal.com.ar\/gestion\/landing\/promo-3-meses-al-50-vittal\/#breadcrumb","itemListElement":[{"@type":"ListItem","position":1,"name":"Home","item":"https:\/\/testweb.vittal.com.ar\/gestion\/"},{"@type":"ListItem","position":2,"name":"Landings","item":"https:\/\/testweb.vittal.com.ar\/gestion\/landing\/"},{"@type":"ListItem","position":3,"name":"Promo 3 meses al 50%"}]},{"@type":"WebSite","@id":"https:\/\/testweb.vittal.com.ar\/gestion\/#website","url":"https:\/\/testweb.vittal.com.ar\/gestion\/","name":"Vittal | Emergecias y Urgencias Medicas","description":"Emergencias y urgencias m\u00e9dicas 24hs.","potentialAction":[{"@type":"SearchAction","target":{"@type":"EntryPoint","urlTemplate":"https:\/\/testweb.vittal.com.ar\/gestion\/?s={search_term_string}"},"query-input":"required name=search_term_string"}],"inLanguage":"es"}]}},"acf":{"tipo_de_landing":"Landing Contacto Bitrix","precio":1060,"landing_contacto":{"telefono":"","titulo":"Planes de salud a medida","bajada":"<p>\u00a1Aprovech\u00e1 los primeros\u00a0<strong>tres meses a mitad de precio con cuota congelada<\/strong>!<\/p>\n<p>Cont\u00e1 con tu\u00a0<strong>plan vittal<\/strong>\u00a0m\u00e1s completo y sent\u00ed la tranquilidad de estar protegido.<\/p>\n<p>El socio <strong>vittal Bienestar y vittal Integral <\/strong>cuenta con cobertura en servicios de emergencias y urgencias, visitas m\u00e9dicas sin tope ni cargos extra, vittal infantil para los m\u00e1s chiquitos de la familia, consultas m\u00e9dicas online desde cualquier lugar, descuentos del 40% en farmacias, asistencia nacional e internacional al viajero y toda la experiencia y atenci\u00f3n profesional de la empresa de emergencias m\u00e9dicas con mayor cobertura y trayectoria del pa\u00eds.<\/p>\n","imagen":"https:\/\/www.vittal.com.ar\/gestion\/wp-content\/uploads\/2026\/04\/landing-promo-50x3_desktop_no-socios.jpg","imagenmobile":"https:\/\/www.vittal.com.ar\/gestion\/wp-content\/uploads\/2026\/04\/landing-promo-50x3_mobile_no-socios.jpg","titulo_formulario":"Cotiz\u00e1 online","codigo_formulario":1217,"beneficios":[{"icono":"https:\/\/www.vittal.com.ar\/gestion\/wp-content\/uploads\/2022\/09\/icono-ambulancias-04.png","texto":"Emergencias y urgencias m\u00e9dicas 24hs."},{"icono":"https:\/\/www.vittal.com.ar\/gestion\/wp-content\/uploads\/2022\/09\/icono-visitas-medicas-a-domicilio-04.png","texto":"M\u00e9dicos a domicilio"},{"icono":"https:\/\/www.vittal.com.ar\/gestion\/wp-content\/uploads\/2022\/09\/icono-medico-04.png","texto":"M\u00e9dico de cabecera incluido en el plan"},{"icono":"https:\/\/www.vittal.com.ar\/gestion\/wp-content\/uploads\/2022\/09\/icono-consultas-medicas-online-04.png","texto":"M\u00e9dicos online 24hs."},{"icono":"https:\/\/www.vittal.com.ar\/gestion\/wp-content\/uploads\/2022\/09\/icono-odontologia-04.png","texto":"Odontolog\u00eda de urgencia"},{"icono":"https:\/\/www.vittal.com.ar\/gestion\/wp-content\/uploads\/2022\/09\/icono-cartilla-medica-04.png","texto":"Cartilla m\u00e9dica online"},{"icono":"https:\/\/www.vittal.com.ar\/gestion\/wp-content\/uploads\/2022\/09\/icono-descuentos-04.png","texto":"Descuentos en farmacias de hasta el 40%"},{"icono":"https:\/\/www.vittal.com.ar\/gestion\/wp-content\/uploads\/2022\/09\/icono-asistencia-al-viajero-internacional-04.png","texto":"Asistencia nacional e internacional al viajero con Assistravel"}],"legales":"El servicio estar\u00e1 disponible dentro de las 72 horas h\u00e1biles de producida la contrataci\u00f3n por cualquier medio. Las promoci\u00f3n 50x3 es v\u00e1lida para todos los planes desde el 01\/01\/2025 hasta el 31\/12\/2026, abonando mediante cualquier medio de pago electr\u00f3nico. \r\nLa promoci\u00f3n \u201ccuota congelada\u201d resultar\u00e1 aplicable exclusivamente a aquellos nuevos socios que soliciten el alta del servicio Plan vittal Up, Plan vittal Bienestar y Plan vittal Integral que est\u00e9n domiciliados en Capital Federal, Gran Buenos Aires, Interior de la Provincia de Buenos Aires y en las Sucursales de VITTAL de Mar del Plata, La Plata, Bariloche y Alto Valle (Rio Negro). Promoci\u00f3n valida del 01\/04\/2026 al 30\/04\/2026 exclusivamente. Al acceder a la promoci\u00f3n, la misma tendr\u00e1 vigencia por el plazo \u00fanico e improrrogable de 3 meses desde la fecha de alta del servicio. El beneficio se aplicar\u00e1 al Grupo Familiar.\r\nLas promociones estar\u00e1n sujetas a condiciones espec\u00edficas y limitaciones, y no ser\u00e1n acumulables con otras ofertas. Para todos los planes consultar cotizaci\u00f3n con asesor o mediante sitio web oficial https:\/\/www.vittal.com.ar\/planes. Los valores pueden estar sujetos a variaciones dependiendo de la zona geogr\u00e1fica de cobertura. T\u00e9rminos de bases y condiciones disponibles en https:\/\/www.vittal.com.ar\/assets\/terminos-y-condiciones.pdf. Las contrataciones estar\u00e1n sujetas a la verificaci\u00f3n de la documentaci\u00f3n necesaria para la formalizaci\u00f3n del contrato.  El titular del plan asume la responsabilidad por la veracidad de los datos proporcionados al momento de la contrataci\u00f3n. Todos los Servicios est\u00e1n sujetos a la modalidad de abono mensual prepago y copago en caso de corresponder. Los datos personales de los usuarios y\/o beneficiarios ser\u00e1n tratados conforme a la legislaci\u00f3n vigente. DIRECCI\u00d3N NACIONAL DE PROTECCI\u00d3N DE DATOS PERSONALES, \u00d3rgano de Control de la Ley N\u00ba 25.326, tiene la atribuci\u00f3n de atender las denuncias y reclamos que se interpongan con relaci\u00f3n al incumplimiento de las normas sobre protecci\u00f3n de datos personales.   Socorro M\u00e9dico Privado S.A. CUIT 30-61221341-7. Av. \u00c1lvarez Thomas 1154\/1156, Ciudad Aut\u00f3noma de Buenos Aires. Superintendencia Servicios de Salud, 0800-222-SALUD (72583). R.N.E.M.P. N\u00b0113052. Para mayor informaci\u00f3n Centro de Atenci\u00f3n al Socio Tel: 0810-888-48825, info@vittal.com.ar, Whatsapp +54 9 11 3032-6052. "},"seo":{"titulo":"","descripcion":"","keywords":""},"scriptbitrix":"<script data-b24-form=\"inline\/9\/n8uizk\" data-skip-moving=\"true\">\r\n        (function(w,d,u){\r\n                var s=d.createElement('script');s.async=true;s.src=u+'?'+(Date.now()\/180000|0);\r\n                var h=d.getElementsByTagName('script')[0];h.parentNode.insertBefore(s,h);\r\n        })(window,document,'https:\/\/cdn.bitrix24.es\/b18116991\/crm\/form\/loader_9.js');\r\n<\/script>","activarbitrix":true},"_links":{"self":[{"href":"https:\/\/www.vittal.com.ar\/gestion\/wp-json\/wp\/v2\/pages\/11080"}],"collection":[{"href":"https:\/\/www.vittal.com.ar\/gestion\/wp-json\/wp\/v2\/pages"}],"about":[{"href":"https:\/\/www.vittal.com.ar\/gestion\/wp-json\/wp\/v2\/types\/page"}],"author":[{"embeddable":true,"href":"https:\/\/www.vittal.com.ar\/gestion\/wp-json\/wp\/v2\/users\/4"}],"replies":[{"embeddable":true,"href":"https:\/\/www.vittal.com.ar\/gestion\/wp-json\/wp\/v2\/comments?post=11080"}],"version-history":[{"count":7,"href":"https:\/\/www.vittal.com.ar\/gestion\/wp-json\/wp\/v2\/pages\/11080\/revisions"}],"predecessor-version":[{"id":11824,"href":"https:\/\/www.vittal.com.ar\/gestion\/wp-json\/wp\/v2\/pages\/11080\/revisions\/11824"}],"up":[{"embeddable":true,"href":"https:\/\/www.vittal.com.ar\/gestion\/wp-json\/wp\/v2\/pages\/727"}],"wp:attachment":[{"href":"https:\/\/www.vittal.com.ar\/gestion\/wp-json\/wp\/v2\/media?parent=11080"}],"curies":[{"name":"wp","href":"https:\/\/api.w.org\/{rel}","templated":true}]}}