{"id":11227,"date":"2025-06-10T11:59:46","date_gmt":"2025-06-10T14:59:46","guid":{"rendered":"\/gestion\/?page_id=11227"},"modified":"2026-04-16T16:48:10","modified_gmt":"2026-04-16T19:48:10","slug":"plan-vittal-bienestar","status":"publish","type":"page","link":"\/gestion\/landing\/plan-vittal-bienestar\/","title":{"rendered":"Plan vittal Bienestar"},"content":{"rendered":"","protected":false},"excerpt":{"rendered":"","protected":false},"author":4,"featured_media":0,"parent":727,"menu_order":0,"comment_status":"closed","ping_status":"closed","template":"","meta":{"footnotes":""},"class_list":["post-11227","page","type-page","status-publish","hentry"],"better_featured_image":null,"yoast_head":"<!-- This site is optimized with the Yoast SEO plugin v22.9 - https:\/\/yoast.com\/wordpress\/plugins\/seo\/ -->\n<title>Plan vittal Bienestar - Vittal<\/title>\n<meta name=\"robots\" content=\"index, follow, max-snippet:-1, max-image-preview:large, max-video-preview:-1\" \/>\n<link rel=\"canonical\" href=\"\/gestion\/landing\/plan-vittal-bienestar\/\" \/>\n<meta property=\"og:locale\" content=\"es_ES\" \/>\n<meta property=\"og:type\" content=\"article\" \/>\n<meta property=\"og:title\" content=\"Plan vittal Bienestar - Vittal\" \/>\n<meta property=\"og:url\" content=\"\/gestion\/landing\/plan-vittal-bienestar\/\" \/>\n<meta property=\"og:site_name\" content=\"Vittal\" \/>\n<meta property=\"article:publisher\" content=\"https:\/\/www.facebook.com\/Tuvidaestaprimero\" \/>\n<meta property=\"article:modified_time\" content=\"2026-04-16T19:48:10+00:00\" \/>\n<meta property=\"og:image\" content=\"\/gestion\/wp-content\/uploads\/2020\/03\/vittal-logo.jpg\" \/>\n\t<meta property=\"og:image:width\" content=\"300\" \/>\n\t<meta property=\"og:image:height\" content=\"300\" \/>\n\t<meta property=\"og:image:type\" content=\"image\/jpeg\" \/>\n<meta name=\"twitter:card\" content=\"summary_large_image\" \/>\n<!-- \/ Yoast SEO plugin. -->","yoast_head_json":{"title":"Plan vittal Bienestar - Vittal","robots":{"index":"index","follow":"follow","max-snippet":"max-snippet:-1","max-image-preview":"max-image-preview:large","max-video-preview":"max-video-preview:-1"},"canonical":"\/gestion\/landing\/plan-vittal-bienestar\/","og_locale":"es_ES","og_type":"article","og_title":"Plan vittal Bienestar - Vittal","og_url":"\/gestion\/landing\/plan-vittal-bienestar\/","og_site_name":"Vittal","article_publisher":"https:\/\/www.facebook.com\/Tuvidaestaprimero","article_modified_time":"2026-04-16T19:48:10+00:00","og_image":[{"width":300,"height":300,"url":"\/gestion\/wp-content\/uploads\/2020\/03\/vittal-logo.jpg","type":"image\/jpeg"}],"twitter_card":"summary_large_image","schema":{"@context":"https:\/\/schema.org","@graph":[{"@type":"WebPage","@id":"\/gestion\/landing\/plan-vittal-bienestar\/","url":"\/gestion\/landing\/plan-vittal-bienestar\/","name":"Plan vittal Bienestar - Vittal","isPartOf":{"@id":"https:\/\/testweb.vittal.com.ar\/gestion\/#website"},"datePublished":"2025-06-10T14:59:46+00:00","dateModified":"2026-04-16T19:48:10+00:00","breadcrumb":{"@id":"\/gestion\/landing\/plan-vittal-bienestar\/#breadcrumb"},"inLanguage":"es","potentialAction":[{"@type":"ReadAction","target":["\/gestion\/landing\/plan-vittal-bienestar\/"]}]},{"@type":"BreadcrumbList","@id":"\/gestion\/landing\/plan-vittal-bienestar\/#breadcrumb","itemListElement":[{"@type":"ListItem","position":1,"name":"Home","item":"https:\/\/testweb.vittal.com.ar\/gestion\/"},{"@type":"ListItem","position":2,"name":"Landings","item":"https:\/\/testweb.vittal.com.ar\/gestion\/landing\/"},{"@type":"ListItem","position":3,"name":"Plan vittal Bienestar"}]},{"@type":"WebSite","@id":"https:\/\/testweb.vittal.com.ar\/gestion\/#website","url":"https:\/\/testweb.vittal.com.ar\/gestion\/","name":"Vittal | Emergecias y Urgencias Medicas","description":"Emergencias y urgencias m\u00e9dicas 24hs.","potentialAction":[{"@type":"SearchAction","target":{"@type":"EntryPoint","urlTemplate":"https:\/\/testweb.vittal.com.ar\/gestion\/?s={search_term_string}"},"query-input":"required name=search_term_string"}],"inLanguage":"es"}]}},"acf":{"tipo_de_landing":"Landing Contacto Bitrix","precio":11067,"landing_contacto":{"telefono":"","titulo":"Plan vittal Bienestar","bajada":"<p><strong>M\u00e1s tranquilidad. M\u00e1s cuidado.<\/strong><\/p>\n<div class=\"txt\">El Plan vittal Bienestar est\u00e1 dise\u00f1ado para brindarte tranquilidad, confianza y cuidado m\u00e9dico de calidad en cada etapa de tu vida. Es una alternativa accesible y completa, ideal para quienes buscan mantener su salud protegida con atenci\u00f3n profesional, tanto presencial como online.<\/div>\n","imagen":"\/gestion\/wp-content\/uploads\/2025\/06\/landing-plan-bienestar_desktop_no-socios.jpg","imagenmobile":"\/gestion\/wp-content\/uploads\/2025\/06\/landing-plan-bienestar_mobile_no-socios.jpg","titulo_formulario":"Cotiz\u00e1 tu plan ahora","codigo_formulario":1217,"beneficios":[{"icono":"\/gestion\/wp-content\/uploads\/2022\/09\/icono-ambulancias-04.png","texto":"Emergencias y urgencias m\u00e9dicas las 24hs"},{"icono":"\/gestion\/wp-content\/uploads\/2022\/09\/icono-traslados-04.png","texto":"Consultas m\u00e9dicas online con vittaliDoc"},{"icono":"\/gestion\/wp-content\/uploads\/2022\/09\/icono-odontologia-04.png","texto":"M\u00e9dico de cabecera con Whatsapp directo"},{"icono":"\/gestion\/wp-content\/uploads\/2022\/09\/icono-descuentos-04.png","texto":"Odontolog\u00eda de urgencia"},{"icono":"\/gestion\/wp-content\/uploads\/2023\/08\/icono-certificados.png","texto":"Apto f\u00edsico escolar"},{"icono":"\/gestion\/wp-content\/uploads\/2023\/08\/icono-talleres-instructores.png","texto":"Apto f\u00edsico"},{"icono":"\/gestion\/wp-content\/uploads\/2022\/09\/icono-cartilla-medica-04.png","texto":"Cartilla m\u00e9dica online"},{"icono":"\/gestion\/wp-content\/uploads\/2022\/09\/icono-asistencia-al-viajero-internacional-04.png","texto":"Asistencia nacional e internacional al viajero"},{"icono":"\/gestion\/wp-content\/uploads\/2022\/09\/icono-historia-clinica-02.png","texto":"Central de turnos"}],"legales":"El servicio estar\u00e1 disponible dentro de las 72 horas h\u00e1biles de producida la contrataci\u00f3n por cualquier medio. Promociones v\u00e1lidas en todos los planes desde el 01-01-2023 hasta el 31-12-2026 y abonando con cualquier medio de pago electr\u00f3nico. La promoci\u00f3n \u201ccuota congelada\u201d resultar\u00e1 aplicable exclusivamente a aquellos nuevos socios que soliciten el alta del servicio Plan vittal Up, Plan vittal Bienestar y Plan vittal Integral que est\u00e9n domiciliados en Capital Federal, Gran Buenos Aires, Interior de la Provincia de Buenos Aires y en las Sucursales de VITTAL de Mar del Plata, La Plata, Bariloche y Alto Valle (Rio Negro). Promoci\u00f3n valida del 01\/04\/2026 al 30\/04\/2026 exclusivamente. Al acceder a la promoci\u00f3n, la misma tendr\u00e1 vigencia por el plazo \u00fanico e improrrogable de 3 meses desde la fecha de alta del servicio. El beneficio se aplicar\u00e1 al Grupo Familiar. Las promociones estar\u00e1n sujetas a condiciones espec\u00edficas y limitaciones, y no ser\u00e1n acumulables con otras ofertas. Para todos los planes consultar cotizaci\u00f3n con asesor o mediante sitio web oficial https:\/\/www.vittal.com.ar\/planes. Los valores pueden estar sujetos a variaciones dependiendo de la zona geogr\u00e1fica de cobertura y de las caracter\u00edsticas del grupo familiar. T\u00e9rminos de bases y condiciones disponibles en https:\/\/www.vittal.com.ar\/assets\/terminos-y-condiciones.pdf. Las contrataciones estar\u00e1n sujetas a la verificaci\u00f3n de la documentaci\u00f3n necesaria para la formalizaci\u00f3n del contrato.  El titular del plan asume la responsabilidad por la veracidad de los datos proporcionados al momento de la contrataci\u00f3n. Todos los Servicios est\u00e1n sujetos a la modalidad de abono mensual prepago y copago en caso de corresponder.\r\n\r\nPlan Bienestar incluye: Emergencias y urgencias m\u00e9dicas, M\u00e9dico de cabecera y\/o de familia mediante vittaldoc, Consultas M\u00e9dicas Online mediante la Plataforma Vittal iDOC, Visitas m\u00e9dicas domiciliarias, Odontolog\u00eda de urgencia, Cartilla M\u00e9dica, Descuentos limitados en farmacias, Servicio de Asistencia al Viajero Nacional e Internacional, Apto f\u00edsico Escolar, Apto f\u00edsico Gimnasio. Todos los Servicios est\u00e1n sujetos a la modalidad de abono mensual prepago y copago en caso de corresponder.\r\n\r\nEn el caso del servicio Vittaldoc, \u00e9ste se encuentra incluido en la cuota mensual. El alta en Vittaldoc se efectuar\u00e1 para todos los socios del grupo con el mismo plan, en caso de corresponder, y podr\u00e1 demorar hasta 7 (siete) d\u00edas desde el ingreso de los datos, siendo comunicado por correo electr\u00f3nico. El m\u00e9dico podr\u00e1 responder por WhatsApp dentro de 24 (veinticuatro) horas h\u00e1biles. El servicio de especialidades dermatol\u00f3gicas, en caso de estar incluido en el plan, contar\u00e1 con un costo adicional que ser\u00e1 informado previamente para consultas en zona CABA y GBA.\r\n\r\nEl servicio de urgencia odontol\u00f3gica se brindar\u00e1 \u00fanicamente en centros de guardia asociados, ubicados en Capital Federal y GBA, los cuales ser\u00e1n informados al Beneficiario por Vittal y\/o estar\u00e1n disponibles en la Cartilla.\r\n\r\nSocios Plan Bienestar e Integral podr\u00e1n requerir sin cargo a: 1 (un) apto f\u00edsico escolar por a\u00f1o calendario a cada miembro del grupo familiar de 4 a 16 a\u00f1os inclusive, previa coordinaci\u00f3n. Este servicio se realiza mediante una evaluaci\u00f3n pedi\u00e1trica para autorizar la actividad f\u00edsica escolar, excluyendo actividades deportivas competitivas, de alto rendimiento o de riesgo. El servicio de apto f\u00edsico escolar est\u00e1 sujeto a la evaluaci\u00f3n m\u00e9dica del pediatra y podr\u00e1 ser denegado en caso de encontrarse contraindicaciones m\u00e9dicas.\r\n\r\nSocios Plan Bienestar e Integral podr\u00e1n requerir sin cargo1 (un) apto f\u00edsico para gimnasio por a\u00f1o calendario para cada miembro del grupo familiar de 16 a 35 a\u00f1os inclusive, previa coordinaci\u00f3n. El servicio de apto f\u00edsico para gimnasio est\u00e1 sujeto a la evaluaci\u00f3n m\u00e9dica, seg\u00fan antecedentes y hallazgo m\u00e9dico en la consulta. Podr\u00e1 ser denegado en caso de encontrarse contraindicaciones m\u00e9dicas. Quedan excluido el servicio destinado actividad deportiva de alto riesgo y\/o rendimiento.\r\n\r\nAsistencia nacional al viajero para todos los Planes. Asistencia internacional al viajero exclusivamente para socios de Plan Bienestar e Integral. Para mayor informaci\u00f3n, detalle de los servicios incluidos, y\/o consultar disponibilidad geogr\u00e1fica comun\u00edquese llamando al tel. 0810-888-48825. Cobertura a trav\u00e9s de Assistravel. Alcances y limitaciones Para mayor informaci\u00f3n, detalle de los servicios incluidos, y\/o consultar disponibilidad geogr\u00e1fica comun\u00edquese llamando al tel. 0810-888-48825.\r\n\r\nLos datos personales de los usuarios y\/o beneficiarios ser\u00e1n tratados conforme a la legislaci\u00f3n vigente. DIRECCI\u00d3N NACIONAL DE PROTECCI\u00d3N DE DATOS PERSONALES, \u00d3rgano de Control de la Ley N\u00ba 25.326, tiene la atribuci\u00f3n de atender las denuncias y reclamos que se interpongan con relaci\u00f3n al incumplimiento de las normas sobre protecci\u00f3n de datos personales.\r\n\r\nSocorro M\u00e9dico Privado S.A. CUIT 30-61221341-7. Av. \u00c1lvarez Thomas 1154\/1156, Ciudad Aut\u00f3noma de Buenos Aires. Superintendencia Servicios de Salud, 0800-222-SALUD (72583). R.N.E.M.P. N\u00b0113052. Para mayor informaci\u00f3n Centro de Atenci\u00f3n al Socio Tel: 0810-888-48825, info@vittal.com.ar, Whatsapp +54 9 11 3032-6052."},"seo":{"titulo":"Plan vittal Up","descripcion":"Un m\u00e9dico en un clic. Atenci\u00f3n r\u00e1pida y digital.","keywords":"medico 24hs, ambulancias, consultas medicas online"},"scriptbitrix":"<script data-b24-form=\"inline\/349\/xhghm2\" data-skip-moving=\"true\">(function(w,d,u){var s=d.createElement('script');s.async=true;s.src=u+'?'+(Date.now()\/180000|0);var h=d.getElementsByTagName('script')[0];h.parentNode.insertBefore(s,h);})(window,document,'https:\/\/cdn.bitrix24.es\/b18116991\/crm\/form\/loader_349.js');<\/script>","activarbitrix":true},"_links":{"self":[{"href":"\/gestion\/wp-json\/wp\/v2\/pages\/11227"}],"collection":[{"href":"\/gestion\/wp-json\/wp\/v2\/pages"}],"about":[{"href":"\/gestion\/wp-json\/wp\/v2\/types\/page"}],"author":[{"embeddable":true,"href":"\/gestion\/wp-json\/wp\/v2\/users\/4"}],"replies":[{"embeddable":true,"href":"\/gestion\/wp-json\/wp\/v2\/comments?post=11227"}],"version-history":[{"count":7,"href":"\/gestion\/wp-json\/wp\/v2\/pages\/11227\/revisions"}],"predecessor-version":[{"id":11836,"href":"\/gestion\/wp-json\/wp\/v2\/pages\/11227\/revisions\/11836"}],"up":[{"embeddable":true,"href":"\/gestion\/wp-json\/wp\/v2\/pages\/727"}],"wp:attachment":[{"href":"\/gestion\/wp-json\/wp\/v2\/media?parent=11227"}],"curies":[{"name":"wp","href":"https:\/\/api.w.org\/{rel}","templated":true}]}}