{"id":11251,"date":"2025-06-17T09:44:05","date_gmt":"2025-06-17T12:44:05","guid":{"rendered":"https:\/\/www.vittal.com.ar\/gestion\/?page_id=11251"},"modified":"2026-03-31T17:11:38","modified_gmt":"2026-03-31T20:11:38","slug":"plan-vittal-up-x-mes","status":"publish","type":"page","link":"https:\/\/www.vittal.com.ar\/gestion\/landing\/plan-vittal-up-x-mes\/","title":{"rendered":"Plan vittal Up por mes"},"content":{"rendered":"","protected":false},"excerpt":{"rendered":"","protected":false},"author":4,"featured_media":0,"parent":727,"menu_order":0,"comment_status":"closed","ping_status":"closed","template":"","meta":{"footnotes":""},"class_list":["post-11251","page","type-page","status-publish","hentry"],"better_featured_image":null,"yoast_head":"<!-- This site is optimized with the Yoast SEO plugin v22.9 - https:\/\/yoast.com\/wordpress\/plugins\/seo\/ -->\n<title>Plan vittal Up por mes - Vittal<\/title>\n<meta name=\"robots\" content=\"index, follow, max-snippet:-1, max-image-preview:large, max-video-preview:-1\" \/>\n<link rel=\"canonical\" href=\"https:\/\/www.vittal.com.ar\/gestion\/landing\/plan-vittal-up-x-mes\/\" \/>\n<meta property=\"og:locale\" content=\"es_ES\" \/>\n<meta property=\"og:type\" content=\"article\" \/>\n<meta property=\"og:title\" content=\"Plan vittal Up por mes - Vittal\" \/>\n<meta property=\"og:url\" content=\"https:\/\/www.vittal.com.ar\/gestion\/landing\/plan-vittal-up-x-mes\/\" \/>\n<meta property=\"og:site_name\" content=\"Vittal\" \/>\n<meta property=\"article:publisher\" content=\"https:\/\/www.facebook.com\/Tuvidaestaprimero\" \/>\n<meta property=\"article:modified_time\" content=\"2026-03-31T20:11:38+00:00\" \/>\n<meta property=\"og:image\" content=\"https:\/\/www.vittal.com.ar\/gestion\/wp-content\/uploads\/2020\/03\/vittal-logo.jpg\" \/>\n\t<meta property=\"og:image:width\" content=\"300\" \/>\n\t<meta property=\"og:image:height\" content=\"300\" \/>\n\t<meta property=\"og:image:type\" content=\"image\/jpeg\" \/>\n<meta name=\"twitter:card\" content=\"summary_large_image\" \/>\n<!-- \/ Yoast SEO plugin. -->","yoast_head_json":{"title":"Plan vittal Up por mes - Vittal","robots":{"index":"index","follow":"follow","max-snippet":"max-snippet:-1","max-image-preview":"max-image-preview:large","max-video-preview":"max-video-preview:-1"},"canonical":"https:\/\/www.vittal.com.ar\/gestion\/landing\/plan-vittal-up-x-mes\/","og_locale":"es_ES","og_type":"article","og_title":"Plan vittal Up por mes - Vittal","og_url":"https:\/\/www.vittal.com.ar\/gestion\/landing\/plan-vittal-up-x-mes\/","og_site_name":"Vittal","article_publisher":"https:\/\/www.facebook.com\/Tuvidaestaprimero","article_modified_time":"2026-03-31T20:11:38+00:00","og_image":[{"width":300,"height":300,"url":"https:\/\/www.vittal.com.ar\/gestion\/wp-content\/uploads\/2020\/03\/vittal-logo.jpg","type":"image\/jpeg"}],"twitter_card":"summary_large_image","schema":{"@context":"https:\/\/schema.org","@graph":[{"@type":"WebPage","@id":"https:\/\/www.vittal.com.ar\/gestion\/landing\/plan-vittal-up-x-mes\/","url":"https:\/\/www.vittal.com.ar\/gestion\/landing\/plan-vittal-up-x-mes\/","name":"Plan vittal Up por mes - Vittal","isPartOf":{"@id":"https:\/\/testweb.vittal.com.ar\/gestion\/#website"},"datePublished":"2025-06-17T12:44:05+00:00","dateModified":"2026-03-31T20:11:38+00:00","breadcrumb":{"@id":"https:\/\/www.vittal.com.ar\/gestion\/landing\/plan-vittal-up-x-mes\/#breadcrumb"},"inLanguage":"es","potentialAction":[{"@type":"ReadAction","target":["https:\/\/www.vittal.com.ar\/gestion\/landing\/plan-vittal-up-x-mes\/"]}]},{"@type":"BreadcrumbList","@id":"https:\/\/www.vittal.com.ar\/gestion\/landing\/plan-vittal-up-x-mes\/#breadcrumb","itemListElement":[{"@type":"ListItem","position":1,"name":"Home","item":"https:\/\/testweb.vittal.com.ar\/gestion\/"},{"@type":"ListItem","position":2,"name":"Landings","item":"https:\/\/testweb.vittal.com.ar\/gestion\/landing\/"},{"@type":"ListItem","position":3,"name":"Plan vittal Up por mes"}]},{"@type":"WebSite","@id":"https:\/\/testweb.vittal.com.ar\/gestion\/#website","url":"https:\/\/testweb.vittal.com.ar\/gestion\/","name":"Vittal | Emergecias y Urgencias Medicas","description":"Emergencias y urgencias m\u00e9dicas 24hs.","potentialAction":[{"@type":"SearchAction","target":{"@type":"EntryPoint","urlTemplate":"https:\/\/testweb.vittal.com.ar\/gestion\/?s={search_term_string}"},"query-input":"required name=search_term_string"}],"inLanguage":"es"}]}},"acf":{"tipo_de_landing":"Landing Contacto Bitrix","precio":11067,"landing_contacto":{"telefono":"","titulo":"Plan vittal Up desde $15.355 por mes","bajada":"<p>Contrat\u00e1 el plan de salud m\u00e1s accesible y confiable.<\/p>\n<p>Desde <strong>$15.355 <\/strong>por mes asegurate la tranquilidad y protecci\u00f3n m\u00e9dica que vos y toda tu familia necesitan.<\/p>\n","imagen":"https:\/\/www.vittal.com.ar\/gestion\/wp-content\/uploads\/2026\/03\/landing-plan-up-mes_desktop_no-socios-1.jpg","imagenmobile":"https:\/\/www.vittal.com.ar\/gestion\/wp-content\/uploads\/2026\/03\/landing-plan-up-mes_mobile_no-socios-1.jpg","titulo_formulario":"Cotiz\u00e1 tu plan ahora","codigo_formulario":1217,"beneficios":[{"icono":"https:\/\/www.vittal.com.ar\/gestion\/wp-content\/uploads\/2022\/09\/icono-ambulancias-04.png","texto":"Emergencias y urgencias m\u00e9dicas las 24hs"},{"icono":"https:\/\/www.vittal.com.ar\/gestion\/wp-content\/uploads\/2022\/09\/icono-traslados-04.png","texto":"Consultas m\u00e9dicas online con vittal iDoc"},{"icono":"https:\/\/www.vittal.com.ar\/gestion\/wp-content\/uploads\/2022\/09\/icono-odontologia-04.png","texto":"M\u00e9dico de cabecera con Whatsapp directo"},{"icono":"https:\/\/www.vittal.com.ar\/gestion\/wp-content\/uploads\/2022\/09\/icono-descuentos-04.png","texto":"Odontolog\u00eda de urgencia"},{"icono":"https:\/\/www.vittal.com.ar\/gestion\/wp-content\/uploads\/2022\/09\/icono-cartilla-medica-04.png","texto":"Cartilla m\u00e9dica online"},{"icono":"https:\/\/www.vittal.com.ar\/gestion\/wp-content\/uploads\/2022\/09\/icono-asistencia-al-viajero-internacional-04.png","texto":"Asistencia nacional al viajero"},{"icono":"https:\/\/www.vittal.com.ar\/gestion\/wp-content\/uploads\/2022\/09\/icono-historia-clinica-02.png","texto":"Central de turnos"}],"legales":"El servicio estar\u00e1 disponible dentro de las 72 horas h\u00e1biles de producida la contrataci\u00f3n por cualquier medio. Las promociones son v\u00e1lidas para todos los planes desde el 01\/01\/2025 hasta el 31\/12\/2026, abonando mediante cualquier medio de pago electr\u00f3nico. Las promociones estar\u00e1n sujetas a condiciones espec\u00edficas y limitaciones, y no ser\u00e1n acumulables con otras ofertas. Para todos los planes consultar cotizaci\u00f3n con asesor o mediante sitio web oficial https:\/\/www.vittal.com.ar\/planes. Los valores pueden estar sujetos a variaciones dependiendo de la zona geogr\u00e1fica de cobertura y de las caracter\u00edsticas del grupo familiar. T\u00e9rminos de bases y condiciones disponibles en https:\/\/www.vittal.com.ar\/assets\/terminos-y-condiciones.pdf. Las contrataciones estar\u00e1n sujetas a la verificaci\u00f3n de la documentaci\u00f3n necesaria para la formalizaci\u00f3n del contrato.  El titular del plan asume la responsabilidad por la veracidad de los datos proporcionados al momento de la contrataci\u00f3n. Todos los Servicios est\u00e1n sujetos a la modalidad de abono mensual prepago y copago en caso de corresponder.\r\n\r\nPlan Up incluye: Emergencias y urgencias m\u00e9dicas, M\u00e9dico de cabecera y\/o de familia mediante vittaldoc, Consultas M\u00e9dicas Online mediante la Plataforma Vittal iDOC (copago), Odontolog\u00eda de urgencia*, Cartilla M\u00e9dica, Descuentos limitados en farmacias, Servicio de Asistencia al Viajero Nacional. Todos los Servicios est\u00e1n sujetos a la modalidad de abono mensual prepago y copago en caso de corresponder.\r\n\r\nEn el caso del servicio Vittaldoc, \u00e9ste se encuentra incluido en la cuota mensual. El alta en Vittaldoc se efectuar\u00e1 para todos los socios del grupo con el mismo plan, en caso de corresponder, y podr\u00e1 demorar hasta 7 (siete) d\u00edas desde el ingreso de los datos, siendo comunicado por correo electr\u00f3nico. El m\u00e9dico podr\u00e1 responder por WhatsApp dentro de 24 (veinticuatro) horas h\u00e1biles. El servicio de especialidades dermatol\u00f3gicas, en caso de estar incluido en el plan, contar\u00e1 con un costo adicional que ser\u00e1 informado previamente para consultas en zona CABA y GBA.\r\n\r\nEl servicio de urgencia odontol\u00f3gica se brindar\u00e1 \u00fanicamente en centros de guardia asociados, ubicados en Capital Federal y GBA, los cuales ser\u00e1n informados al Beneficiario por Vittal y\/o estar\u00e1n disponibles en la Cartilla.\r\n\r\nAsistencia nacional al viajero para todos los Planes. Asistencia internacional al viajero exclusivamente para socios de Plan Bienestar e Integral. Para mayor informaci\u00f3n, detalle de los servicios incluidos, y\/o consultar disponibilidad geogr\u00e1fica comun\u00edquese llamando al tel. 0810-888-48825. Cobertura a trav\u00e9s de Assistravel. Alcances y limitaciones Para mayor informaci\u00f3n, detalle de los servicios incluidos, y\/o consultar disponibilidad geogr\u00e1fica comun\u00edquese llamando al tel. 0810-888-48825.\r\n\r\nLos datos personales de los usuarios y\/o beneficiarios ser\u00e1n tratados conforme a la legislaci\u00f3n vigente. DIRECCI\u00d3N NACIONAL DE PROTECCI\u00d3N DE DATOS PERSONALES, \u00d3rgano de Control de la Ley N\u00ba 25.326, tiene la atribuci\u00f3n de atender las denuncias y reclamos que se interpongan con relaci\u00f3n al incumplimiento de las normas sobre protecci\u00f3n de datos personales.\r\n\r\nSocorro M\u00e9dico Privado S.A. CUIT 30-61221341-7. Av. \u00c1lvarez Thomas 1154\/1156, Ciudad Aut\u00f3noma de Buenos Aires. Superintendencia Servicios de Salud, 0800-222-SALUD (72583). R.N.E.M.P. N\u00b0113052. Para mayor informaci\u00f3n Centro de Atenci\u00f3n al Socio Tel: 0810-888-48825, info@vittal.com.ar, Whatsapp +54 9 11 3032-6052."},"seo":{"titulo":"Plan vittal Up","descripcion":"Un m\u00e9dico en un clic. Atenci\u00f3n r\u00e1pida y digital.","keywords":"medico 24hs, ambulancias, consultas medicas online"},"scriptbitrix":"<script data-b24-form=\"inline\/347\/z79rcn\" data-skip-moving=\"true\">(function(w,d,u){var s=d.createElement('script');s.async=true;s.src=u+'?'+(Date.now()\/180000|0);var h=d.getElementsByTagName('script')[0];h.parentNode.insertBefore(s,h);})(window,document,'https:\/\/cdn.bitrix24.es\/b18116991\/crm\/form\/loader_347.js');<\/script>","activarbitrix":true},"_links":{"self":[{"href":"https:\/\/www.vittal.com.ar\/gestion\/wp-json\/wp\/v2\/pages\/11251"}],"collection":[{"href":"https:\/\/www.vittal.com.ar\/gestion\/wp-json\/wp\/v2\/pages"}],"about":[{"href":"https:\/\/www.vittal.com.ar\/gestion\/wp-json\/wp\/v2\/types\/page"}],"author":[{"embeddable":true,"href":"https:\/\/www.vittal.com.ar\/gestion\/wp-json\/wp\/v2\/users\/4"}],"replies":[{"embeddable":true,"href":"https:\/\/www.vittal.com.ar\/gestion\/wp-json\/wp\/v2\/comments?post=11251"}],"version-history":[{"count":12,"href":"https:\/\/www.vittal.com.ar\/gestion\/wp-json\/wp\/v2\/pages\/11251\/revisions"}],"predecessor-version":[{"id":11810,"href":"https:\/\/www.vittal.com.ar\/gestion\/wp-json\/wp\/v2\/pages\/11251\/revisions\/11810"}],"up":[{"embeddable":true,"href":"https:\/\/www.vittal.com.ar\/gestion\/wp-json\/wp\/v2\/pages\/727"}],"wp:attachment":[{"href":"https:\/\/www.vittal.com.ar\/gestion\/wp-json\/wp\/v2\/media?parent=11251"}],"curies":[{"name":"wp","href":"https:\/\/api.w.org\/{rel}","templated":true}]}}