{"id":11335,"date":"2025-08-11T16:06:08","date_gmt":"2025-08-11T19:06:08","guid":{"rendered":"\/gestion\/?page_id=11335"},"modified":"2026-04-16T17:04:48","modified_gmt":"2026-04-16T20:04:48","slug":"plan-integral","status":"publish","type":"page","link":"\/gestion\/planes\/plan-integral\/","title":{"rendered":"Plan Integral"},"content":{"rendered":"","protected":false},"excerpt":{"rendered":"","protected":false},"author":4,"featured_media":0,"parent":116,"menu_order":2,"comment_status":"closed","ping_status":"closed","template":"","meta":{"footnotes":""},"class_list":["post-11335","page","type-page","status-publish","hentry"],"better_featured_image":null,"yoast_head":"<!-- This site is optimized with the Yoast SEO plugin v22.9 - https:\/\/yoast.com\/wordpress\/plugins\/seo\/ -->\n<title>Plan Integral - Vittal<\/title>\n<meta name=\"robots\" content=\"index, follow, max-snippet:-1, max-image-preview:large, max-video-preview:-1\" \/>\n<link rel=\"canonical\" href=\"\/gestion\/planes\/plan-integral\/\" \/>\n<meta property=\"og:locale\" content=\"es_ES\" \/>\n<meta property=\"og:type\" content=\"article\" \/>\n<meta property=\"og:title\" content=\"Plan Integral - Vittal\" \/>\n<meta property=\"og:url\" content=\"\/gestion\/planes\/plan-integral\/\" \/>\n<meta property=\"og:site_name\" content=\"Vittal\" \/>\n<meta property=\"article:publisher\" content=\"https:\/\/www.facebook.com\/Tuvidaestaprimero\" \/>\n<meta property=\"article:modified_time\" content=\"2026-04-16T20:04:48+00:00\" \/>\n<meta property=\"og:image\" content=\"\/gestion\/wp-content\/uploads\/2020\/03\/vittal-logo.jpg\" \/>\n\t<meta property=\"og:image:width\" content=\"300\" \/>\n\t<meta property=\"og:image:height\" content=\"300\" \/>\n\t<meta property=\"og:image:type\" content=\"image\/jpeg\" \/>\n<meta name=\"twitter:card\" content=\"summary_large_image\" \/>\n<!-- \/ Yoast SEO plugin. -->","yoast_head_json":{"title":"Plan Integral - Vittal","robots":{"index":"index","follow":"follow","max-snippet":"max-snippet:-1","max-image-preview":"max-image-preview:large","max-video-preview":"max-video-preview:-1"},"canonical":"\/gestion\/planes\/plan-integral\/","og_locale":"es_ES","og_type":"article","og_title":"Plan Integral - Vittal","og_url":"\/gestion\/planes\/plan-integral\/","og_site_name":"Vittal","article_publisher":"https:\/\/www.facebook.com\/Tuvidaestaprimero","article_modified_time":"2026-04-16T20:04:48+00:00","og_image":[{"width":300,"height":300,"url":"\/gestion\/wp-content\/uploads\/2020\/03\/vittal-logo.jpg","type":"image\/jpeg"}],"twitter_card":"summary_large_image","schema":{"@context":"https:\/\/schema.org","@graph":[{"@type":"WebPage","@id":"\/gestion\/planes\/plan-integral\/","url":"\/gestion\/planes\/plan-integral\/","name":"Plan Integral - Vittal","isPartOf":{"@id":"https:\/\/testweb.vittal.com.ar\/gestion\/#website"},"datePublished":"2025-08-11T19:06:08+00:00","dateModified":"2026-04-16T20:04:48+00:00","breadcrumb":{"@id":"\/gestion\/planes\/plan-integral\/#breadcrumb"},"inLanguage":"es","potentialAction":[{"@type":"ReadAction","target":["\/gestion\/planes\/plan-integral\/"]}]},{"@type":"BreadcrumbList","@id":"\/gestion\/planes\/plan-integral\/#breadcrumb","itemListElement":[{"@type":"ListItem","position":1,"name":"Home","item":"https:\/\/testweb.vittal.com.ar\/gestion\/"},{"@type":"ListItem","position":2,"name":"Planes","item":"\/gestion\/planes\/"},{"@type":"ListItem","position":3,"name":"Plan Integral"}]},{"@type":"WebSite","@id":"https:\/\/testweb.vittal.com.ar\/gestion\/#website","url":"https:\/\/testweb.vittal.com.ar\/gestion\/","name":"Vittal | Emergecias y Urgencias Medicas","description":"Emergencias y urgencias m\u00e9dicas 24hs.","potentialAction":[{"@type":"SearchAction","target":{"@type":"EntryPoint","urlTemplate":"https:\/\/testweb.vittal.com.ar\/gestion\/?s={search_term_string}"},"query-input":"required name=search_term_string"}],"inLanguage":"es"}]}},"acf":{"servicios":[{"icono":"\/gestion\/wp-content\/uploads\/2025\/08\/icons-2.png","titulo":"Emergencias y urgencias m\u00e9dicas 24hs.","bajada":"Situaciones en donde se necesita una atenci\u00f3n m\u00e9dica inmediata. Servicio de ambulancia 24hs.","label":"","link":""},{"icono":"\/gestion\/wp-content\/uploads\/2025\/12\/vacuna-antigripal_medicos-a-domicilio.png","titulo":"M\u00e9dicos y pediatras a domicilio","bajada":"Presencia de un m\u00e9dico en el tiempo adecuado desde que es solicitado el servicio. ","label":"","link":""},{"icono":"\/gestion\/wp-content\/uploads\/2025\/08\/icons.png","titulo":"Consultas m\u00e9dicas online 24hs.","bajada":"A trav\u00e9s de vittal idoc, nuestros socios pueden realizar consultas m\u00e9dicas online desde cualquier lugar evitando guardias y traslados.","label":"","link":""},{"icono":"\/gestion\/wp-content\/uploads\/2025\/08\/icons-1.png","titulo":"M\u00e9dico de cabecera","bajada":"A trav\u00e9s de vittaldoc, acced\u00e9 a tu m\u00e9dico asignado para consulta online o presencial de forma programada y seguir en contacto por WhatsApp para solicitar \u00f3rdenes y recetas.","label":"","link":""},{"icono":"\/gestion\/wp-content\/uploads\/2025\/08\/icons-3.png","titulo":"Odontolog\u00eda de urgencia","bajada":"Centros de atenci\u00f3n de urgencias odontol\u00f3gicas las 24hs. Servicio incluido en todos nuestros planes de salud.","label":"","link":""},{"icono":"\/gestion\/wp-content\/uploads\/2025\/12\/icons_apto-fisico-escolar.png","titulo":"Apto f\u00edsico escolar","bajada":"Para tus hijos de entre 4 a 16 a\u00f1os a domicilio y entrega de certificado en el momento.","label":"","link":""},{"icono":"\/gestion\/wp-content\/uploads\/2025\/12\/icons_apto-medico.png","titulo":"Apto m\u00e9dico","bajada":"Apto f\u00edsico a domicilio.","label":"","link":""},{"icono":"\/gestion\/wp-content\/uploads\/2025\/12\/icons_vacuna-antigripal.png","titulo":"Vacuna antigripal","bajada":"Aplicaci\u00f3n en domicilio para mayores de 65 a\u00f1os.","label":"","link":""},{"icono":"\/gestion\/wp-content\/uploads\/2025\/08\/icons-4.png","titulo":"Cartilla m\u00e9dica online","bajada":"Informaci\u00f3n sobre consultorios externos y centros de salud para todas las especialidades ubicados en Capital Federal, Gran Buenos Aires y en el interior del pa\u00eds.","label":"Ver cartilla","link":"https:\/\/www.vittal.com.ar\/atencion-al-socio\/cartilla-medica"},{"icono":"\/gestion\/wp-content\/uploads\/2025\/08\/icons-5.png","titulo":"Descuentos en farmacia","bajada":"Nuestros socios cuentan con hasta un 40% de descuento sobre medicamentos prescriptos, en una vasta red de farmacias adheridas.","label":"Ver cartilla","link":"https:\/\/www.vittal.com.ar\/atencion-al-socio\/cartilla-medica"},{"icono":"\/gestion\/wp-content\/uploads\/2025\/08\/icons-6.png","titulo":"Asistencia al viajero","bajada":"Brindamos a nuestros socios la cobertura nacional e internacional al viajero.","label":"","link":""},{"icono":"\/gestion\/wp-content\/uploads\/2025\/08\/icons-7.png","titulo":"Central de turnos ","bajada":"Pod\u00e9s gestionar tus turnos en un solo lugar.","label":"","link":"https:\/\/www.vittal.com.ar\/atencion-al-socio\/cartilla-medica"}],"resumen":{"titulo":"","subtitulo":"","top_titulo_derecha":"Plan vittal Integral","titulo_derecha":"Control total. Control de tu salud sin l\u00edmites.","bajada":"<p>M\u00e1xima protecci\u00f3n en salud para vos y tu familia. Completo, confiable y con el respaldo de vittal, brinda cobertura total para que vivas con tranquilidad y bienestar. Contratando online acced\u00e9s al <strong>70% off los primeros 3 meses con cuota congelada.<\/strong> Sin sorpresas, sin aumentos.<\/p>\n<p><em>Para el alta en 5 minutos solo necesit\u00e1s: DNI y fecha de nacimiento de cada integrante + Domicilio.<\/em><\/p>\n","imagen_fondo":"\/gestion\/wp-content\/uploads\/2020\/03\/pic-plan-one-1.jpg","deshabilitar_contratar_plan":false,"deshabilitar_cotizar":false,"deshabilitar_comparar":false},"portada":{"titulo":"Plan vittal Integral","bajada":"La cobertura m\u00e1s completa para vos y tu familia.","caracteristicas":[{"icono":"\/gestion\/wp-content\/uploads\/2025\/08\/digital_wellbeing.png","texto":"Ideal para: Familias con hijos chicos o mujeres que gestionan la salud familiar."},{"icono":"\/gestion\/wp-content\/uploads\/2025\/08\/health_and_safety.png","texto":"Emergencias 24hs, atenci\u00f3n m\u00e9dica integral y beneficios para todas las edades."},{"icono":"\/gestion\/wp-content\/uploads\/2025\/08\/diversity_4.png","texto":"Este plan te ofrece la m\u00e1xima protecci\u00f3n en salud, seguridad y tranquilidad en cada etapa."}],"imagen_fondo":"\/gestion\/wp-content\/uploads\/2025\/08\/imagen-1.png","imagen_fondo_mobile":"\/gestion\/wp-content\/uploads\/2025\/08\/imagen.png","promo":false,"plan_oculto":false},"boton":{"nombre":"Plan vittal Integral","icono":"\/gestion\/wp-content\/uploads\/2025\/04\/iconos_plan-integral37x37.png","promo":false},"activarbitrix":true,"seo":{"titulo":"Plan vittal Integral","descripcion":"Control total. Cobertura de tu salud sin l\u00edmites.","keywords":"Emergencias y urgencias m\u00e9dicas 24hs, M\u00e9dicos adultos y pedi\u00e1tricos a domicilio, Consultas m\u00e9dicas online 24hs, telemedicina, seguimiento medico"},"precio":11069,"codigo_form":2044,"legales":{"label":"Ver legales","texto":"<p>El servicio estar\u00e1 disponible dentro de las 72 horas h\u00e1biles de producida la contrataci\u00f3n por cualquier medio. Las promoci\u00f3n 70&#215;3 solo es exclusiva por compra online v\u00e1lida para todos los planes desde el 01\/01\/2025 hasta el 31\/12\/2026, abonando mediante cualquier medio de pago electr\u00f3nico. La promoci\u00f3n \u201ccuota congelada\u201d resultar\u00e1 aplicable exclusivamente a aquellos nuevos socios que soliciten el alta del servicio Plan vittal Up, Plan vittal Bienestar y Plan vittal Integral que est\u00e9n domiciliados en Capital Federal y Gran Buenos Aires. Al acceder a la promoci\u00f3n, la misma tendr\u00e1 vigencia por el plazo \u00fanico e improrrogable de 3 meses desde la fecha de alta del servicio. El beneficio se aplicar\u00e1 al Grupo Familiar. Las promociones estar\u00e1n sujetas a condiciones espec\u00edficas y limitaciones, y no ser\u00e1n acumulables con otras ofertas. Para todos los planes consultar cotizaci\u00f3n con asesor o mediante sitio web oficial <a href=\"https:\/\/www.vittal.com.ar\/planes\">https:\/\/www.vittal.com.ar\/planes<\/a>. Los valores pueden estar sujetos a variaciones dependiendo de la zona geogr\u00e1fica de cobertura y de las caracter\u00edsticas del grupo familiar. T\u00e9rminos de bases y condiciones disponibles en <a href=\"https:\/\/www.vittal.com.ar\/assets\/terminos-y-condiciones.pdf\">https:\/\/www.vittal.com.ar\/assets\/terminos-y-condiciones.pdf<\/a>. Las contrataciones estar\u00e1n sujetas a la verificaci\u00f3n de la documentaci\u00f3n necesaria para la formalizaci\u00f3n del contrato. \u00a0El titular del plan asume la responsabilidad por la veracidad de los datos proporcionados al momento de la contrataci\u00f3n. Todos los Servicios est\u00e1n sujetos a la modalidad de abono mensual prepago y copago en caso de corresponder.<\/p>\n<p>Plan Integral incluye: Emergencias y urgencias m\u00e9dicas, M\u00e9dico de cabecera y\/o de familia mediante vittaldoc, Consultas M\u00e9dicas Online mediante la Plataforma Vittal iDOC, Visitas m\u00e9dicas domiciliarias, Odontolog\u00eda de urgencia*, Cartilla M\u00e9dica, Descuentos limitados en farmacias, Servicio de Asistencia al Viajero Nacional e Internacional, Apto f\u00edsico Escolar, Apto f\u00edsico Gimnasio, Vacuna Antigripal. Todos los Servicios est\u00e1n sujetos a la modalidad de abono mensual prepago y copago en caso de corresponder.<\/p>\n<p>Los beneficiarios del plan Integral mayores a 65 a\u00f1os de edad inclusive podr\u00e1n requerir vacunaci\u00f3n antigripal conforme cepa de temporada. el servicio estar\u00e1 disponible en fechas anunciadas por Vittal y\/o hasta agotar stock, lo que \/suceda primero. Socios de otros Planes consultar por promociones o precios preferenciales.<\/p>\n<p>En el caso del servicio Vittaldoc, \u00e9ste se encuentra incluido en la cuota mensual. El alta en Vittaldoc se efectuar\u00e1 para todos los socios del grupo con el mismo plan, en caso de corresponder, y podr\u00e1 demorar hasta 7 (siete) d\u00edas desde el ingreso de los datos, siendo comunicado por correo electr\u00f3nico. El m\u00e9dico podr\u00e1 responder por WhatsApp dentro de 24 (veinticuatro) horas h\u00e1biles. El servicio de especialidades dermatol\u00f3gicas, en caso de estar incluido en el plan, contar\u00e1 con un costo adicional que ser\u00e1 informado previamente para consultas en zona CABA y GBA.<\/p>\n<p>El servicio de urgencia odontol\u00f3gica se brindar\u00e1 \u00fanicamente en centros de guardia asociados, ubicados en Capital Federal y GBA, los cuales ser\u00e1n informados al Beneficiario por Vittal y\/o estar\u00e1n disponibles en la Cartilla.<\/p>\n<p>Socios Plan Bienestar e Integral podr\u00e1n requerir sin cargo a: 1 (un) apto f\u00edsico escolar por a\u00f1o calendario a cada miembro del grupo familiar de 4 a 16 a\u00f1os inclusive, previa coordinaci\u00f3n. Este servicio se realiza mediante una evaluaci\u00f3n pedi\u00e1trica para autorizar la actividad f\u00edsica escolar, excluyendo actividades deportivas competitivas, de alto rendimiento o de riesgo. El servicio de apto f\u00edsico escolar est\u00e1 sujeto a la evaluaci\u00f3n m\u00e9dica del pediatra y podr\u00e1 ser denegado en caso de encontrarse contraindicaciones m\u00e9dicas.<\/p>\n<p>Socios Plan Bienestar e Integral podr\u00e1n requerir sin cargo1 (un) apto f\u00edsico para gimnasio por a\u00f1o calendario para cada miembro del grupo familiar de 16 a 35 a\u00f1os inclusive, previa coordinaci\u00f3n. El servicio de apto f\u00edsico para gimnasio est\u00e1 sujeto a la evaluaci\u00f3n m\u00e9dica, seg\u00fan antecedentes y hallazgo m\u00e9dico en la consulta. Podr\u00e1 ser denegado en caso de encontrarse contraindicaciones m\u00e9dicas. Quedan excluido el servicio destinado actividad deportiva de alto riesgo y\/o rendimiento.<\/p>\n<p>Socios Plan integral mayores a 65 a\u00f1os de edad inclusive podr\u00e1n requerir vacunaci\u00f3n antigripal conforme cepa de temporada y hasta agotar stock.<\/p>\n<p>Asistencia nacional al viajero para todos los Planes. Asistencia internacional al viajero exclusivamente para socios de Plan Bienestar e Integral. Para mayor informaci\u00f3n, detalle de los servicios incluidos, y\/o consultar disponibilidad geogr\u00e1fica comunicarse con el Centro de Atenci\u00f3n al Socio <a href=\"https:\/\/forms.office.com\/pages\/responsepage.aspx?id=TyrnLFCFG0W1a9bBRrXp_tmG2TG5JVdPkXExS7zgcLpUME1YN0s3QU1YVTZEUU5VM08zMjVQTFpJWC4u&amp;origin=lprLink&amp;route=shorturl\" target=\"_blank\" rel=\"noopener\">ingresando ac\u00e1<\/a>, <strong>Whatsapp<\/strong><a href=\"https:\/\/wa.me\/+5491130326052\">\u00a0+54 9 11 3032-6052<\/a>. Cobertura a trav\u00e9s de Assistravel. Alcances y limitaciones.<\/p>\n<p>Los datos personales de los usuarios y\/o beneficiarios ser\u00e1n tratados conforme a la legislaci\u00f3n vigente. DIRECCI\u00d3N NACIONAL DE PROTECCI\u00d3N DE DATOS PERSONALES, \u00d3rgano de Control de la Ley N\u00ba 25.326, tiene la atribuci\u00f3n de atender las denuncias y reclamos que se interpongan con relaci\u00f3n al incumplimiento de las normas sobre protecci\u00f3n de datos personales.<\/p>\n<p>Socorro M\u00e9dico Privado S.A. CUIT 30-61221341-7. Av. \u00c1lvarez Thomas 1154\/1156, Ciudad Aut\u00f3noma de Buenos Aires. Superintendencia Servicios de Salud, 0800-222-SALUD (72583). R.N.E.M.P. N\u00b0113052. Para mayor informaci\u00f3n comunicate con el Centro de Atenci\u00f3n al Socio <a href=\"https:\/\/forms.office.com\/pages\/responsepage.aspx?id=TyrnLFCFG0W1a9bBRrXp_tmG2TG5JVdPkXExS7zgcLpUME1YN0s3QU1YVTZEUU5VM08zMjVQTFpJWC4u&amp;origin=lprLink&amp;route=shorturl\" target=\"_blank\" rel=\"noopener\">ingresando ac\u00e1<\/a>, <strong>Whatsapp<\/strong><a href=\"https:\/\/wa.me\/+5491130326052\">\u00a0+54 9 11 3032-6052<\/a>.<\/p>\n"},"slider":{"slide":[{"imagen":"\/gestion\/wp-content\/uploads\/2025\/04\/planIntegral-caratula-desktop.jpg","imagen_mobile":"\/gestion\/wp-content\/uploads\/2025\/04\/planIntegral-plan-mobile.jpg","titulo":"","bajada":""}]},"deshabilitar_servicios":false,"espicificaciones":"","servicio_recomendado":{"habilitar":false,"medida":"75%","imagen":"\/gestion\/wp-content\/uploads\/2020\/03\/ADD-plan-one-2.jpg","imagen_mobile":"\/gestion\/wp-content\/uploads\/2020\/09\/mob-servicio-2.jpg"},"adicionales":{"habilitar":false,"listado":false}},"_links":{"self":[{"href":"\/gestion\/wp-json\/wp\/v2\/pages\/11335"}],"collection":[{"href":"\/gestion\/wp-json\/wp\/v2\/pages"}],"about":[{"href":"\/gestion\/wp-json\/wp\/v2\/types\/page"}],"author":[{"embeddable":true,"href":"\/gestion\/wp-json\/wp\/v2\/users\/4"}],"replies":[{"embeddable":true,"href":"\/gestion\/wp-json\/wp\/v2\/comments?post=11335"}],"version-history":[{"count":11,"href":"\/gestion\/wp-json\/wp\/v2\/pages\/11335\/revisions"}],"predecessor-version":[{"id":11848,"href":"\/gestion\/wp-json\/wp\/v2\/pages\/11335\/revisions\/11848"}],"up":[{"embeddable":true,"href":"\/gestion\/wp-json\/wp\/v2\/pages\/116"}],"wp:attachment":[{"href":"\/gestion\/wp-json\/wp\/v2\/media?parent=11335"}],"curies":[{"name":"wp","href":"https:\/\/api.w.org\/{rel}","templated":true}]}}