{"id":11343,"date":"2025-08-11T16:06:03","date_gmt":"2025-08-11T19:06:03","guid":{"rendered":"https:\/\/www.vittal.com.ar\/gestion\/?page_id=11343"},"modified":"2025-08-11T16:06:03","modified_gmt":"2025-08-11T19:06:03","slug":"preguntas-frecuentes","status":"publish","type":"page","link":"https:\/\/www.vittal.com.ar\/gestion\/home\/preguntas-frecuentes\/","title":{"rendered":"Preguntas Frecuentes"},"content":{"rendered":"","protected":false},"excerpt":{"rendered":"","protected":false},"author":4,"featured_media":0,"parent":40,"menu_order":0,"comment_status":"closed","ping_status":"closed","template":"","meta":{"footnotes":""},"class_list":["post-11343","page","type-page","status-publish","hentry"],"better_featured_image":null,"yoast_head":"<!-- This site is optimized with the Yoast SEO plugin v22.9 - https:\/\/yoast.com\/wordpress\/plugins\/seo\/ -->\n<title>Preguntas Frecuentes - Vittal<\/title>\n<meta name=\"robots\" content=\"index, follow, max-snippet:-1, max-image-preview:large, max-video-preview:-1\" \/>\n<link rel=\"canonical\" href=\"https:\/\/www.vittal.com.ar\/gestion\/home\/preguntas-frecuentes\/\" \/>\n<meta property=\"og:locale\" content=\"es_ES\" \/>\n<meta property=\"og:type\" content=\"article\" \/>\n<meta property=\"og:title\" content=\"Preguntas Frecuentes - Vittal\" \/>\n<meta property=\"og:url\" content=\"https:\/\/www.vittal.com.ar\/gestion\/home\/preguntas-frecuentes\/\" \/>\n<meta property=\"og:site_name\" content=\"Vittal\" \/>\n<meta property=\"article:publisher\" content=\"https:\/\/www.facebook.com\/Tuvidaestaprimero\" \/>\n<meta property=\"og:image\" content=\"https:\/\/www.vittal.com.ar\/gestion\/wp-content\/uploads\/2020\/03\/vittal-logo.jpg\" \/>\n\t<meta property=\"og:image:width\" content=\"300\" \/>\n\t<meta property=\"og:image:height\" content=\"300\" \/>\n\t<meta property=\"og:image:type\" content=\"image\/jpeg\" \/>\n<meta name=\"twitter:card\" content=\"summary_large_image\" \/>\n<!-- \/ Yoast SEO plugin. -->","yoast_head_json":{"title":"Preguntas Frecuentes - Vittal","robots":{"index":"index","follow":"follow","max-snippet":"max-snippet:-1","max-image-preview":"max-image-preview:large","max-video-preview":"max-video-preview:-1"},"canonical":"https:\/\/www.vittal.com.ar\/gestion\/home\/preguntas-frecuentes\/","og_locale":"es_ES","og_type":"article","og_title":"Preguntas Frecuentes - Vittal","og_url":"https:\/\/www.vittal.com.ar\/gestion\/home\/preguntas-frecuentes\/","og_site_name":"Vittal","article_publisher":"https:\/\/www.facebook.com\/Tuvidaestaprimero","og_image":[{"width":300,"height":300,"url":"https:\/\/www.vittal.com.ar\/gestion\/wp-content\/uploads\/2020\/03\/vittal-logo.jpg","type":"image\/jpeg"}],"twitter_card":"summary_large_image","schema":{"@context":"https:\/\/schema.org","@graph":[{"@type":"WebPage","@id":"https:\/\/www.vittal.com.ar\/gestion\/home\/preguntas-frecuentes\/","url":"https:\/\/www.vittal.com.ar\/gestion\/home\/preguntas-frecuentes\/","name":"Preguntas Frecuentes - Vittal","isPartOf":{"@id":"https:\/\/testweb.vittal.com.ar\/gestion\/#website"},"datePublished":"2025-08-11T19:06:03+00:00","dateModified":"2025-08-11T19:06:03+00:00","breadcrumb":{"@id":"https:\/\/www.vittal.com.ar\/gestion\/home\/preguntas-frecuentes\/#breadcrumb"},"inLanguage":"es","potentialAction":[{"@type":"ReadAction","target":["https:\/\/www.vittal.com.ar\/gestion\/home\/preguntas-frecuentes\/"]}]},{"@type":"BreadcrumbList","@id":"https:\/\/www.vittal.com.ar\/gestion\/home\/preguntas-frecuentes\/#breadcrumb","itemListElement":[{"@type":"ListItem","position":1,"name":"Home","item":"https:\/\/testweb.vittal.com.ar\/gestion\/"},{"@type":"ListItem","position":2,"name":"Home","item":"https:\/\/www.vittal.com.ar\/gestion\/home\/"},{"@type":"ListItem","position":3,"name":"Preguntas Frecuentes"}]},{"@type":"WebSite","@id":"https:\/\/testweb.vittal.com.ar\/gestion\/#website","url":"https:\/\/testweb.vittal.com.ar\/gestion\/","name":"Vittal | Emergecias y Urgencias Medicas","description":"Emergencias y urgencias m\u00e9dicas 24hs.","potentialAction":[{"@type":"SearchAction","target":{"@type":"EntryPoint","urlTemplate":"https:\/\/testweb.vittal.com.ar\/gestion\/?s={search_term_string}"},"query-input":"required name=search_term_string"}],"inLanguage":"es"}]}},"acf":{"titulo":"Preguntas Frecuentes","bajada":"Contamos con una divisi\u00f3n especializada en el desarrollo de servicios exclusivos para entidades de salud.","link":"medicina-corporativa\/entidades-de-salud","imagen_fondo":{"ID":703,"id":703,"title":"servicios-corporativos","filename":"servicios-corporativos.jpg","filesize":112841,"url":"https:\/\/www.vittal.com.ar\/gestion\/wp-content\/uploads\/2020\/03\/servicios-corporativos.jpg","link":"https:\/\/www.vittal.com.ar\/gestion\/areas-protegidas\/servicios-corporativos\/","alt":"","author":"4","description":"","caption":"","name":"servicios-corporativos","status":"inherit","uploaded_to":686,"date":"2020-03-25 17:51:53","modified":"2020-03-25 17:51:53","menu_order":0,"mime_type":"image\/jpeg","type":"image","subtype":"jpeg","icon":"https:\/\/www.vittal.com.ar\/gestion\/wp-includes\/images\/media\/default.png","width":848,"height":324,"sizes":{"thumbnail":"https:\/\/www.vittal.com.ar\/gestion\/wp-content\/uploads\/2020\/03\/servicios-corporativos-150x150.jpg","thumbnail-width":150,"thumbnail-height":150,"medium":"https:\/\/www.vittal.com.ar\/gestion\/wp-content\/uploads\/2020\/03\/servicios-corporativos-300x115.jpg","medium-width":300,"medium-height":115,"medium_large":"https:\/\/www.vittal.com.ar\/gestion\/wp-content\/uploads\/2020\/03\/servicios-corporativos-768x293.jpg","medium_large-width":580,"medium_large-height":221,"large":"https:\/\/www.vittal.com.ar\/gestion\/wp-content\/uploads\/2020\/03\/servicios-corporativos.jpg","large-width":580,"large-height":222,"1536x1536":"https:\/\/www.vittal.com.ar\/gestion\/wp-content\/uploads\/2020\/03\/servicios-corporativos.jpg","1536x1536-width":848,"1536x1536-height":324,"2048x2048":"https:\/\/www.vittal.com.ar\/gestion\/wp-content\/uploads\/2020\/03\/servicios-corporativos.jpg","2048x2048-width":848,"2048x2048-height":324,"post-thumbnail":"https:\/\/www.vittal.com.ar\/gestion\/wp-content\/uploads\/2020\/03\/servicios-corporativos.jpg","post-thumbnail-width":848,"post-thumbnail-height":324,"twentytwenty-fullscreen":"https:\/\/www.vittal.com.ar\/gestion\/wp-content\/uploads\/2020\/03\/servicios-corporativos.jpg","twentytwenty-fullscreen-width":848,"twentytwenty-fullscreen-height":324}},"imagenmobile":"https:\/\/www.vittal.com.ar\/gestion\/wp-content\/uploads\/2022\/02\/entidades-de-salud-mobile.jpg","subtitulo":"Respondemos las dudas m\u00e1s comunes para ayudarte a elegir y contratar tu plan con tranquilidad.","combo":[{"pegunta":"\u00bfPuedo elegir a qu\u00e9 lugar me trasladan?","respuesta":"En una emergencia, lo m\u00e1s importante es atenderte r\u00e1pido. Coordinamos con tu cobertura m\u00e9dica el centro de derivaci\u00f3n m\u00e1s adecuado. Si no ten\u00e9s prepaga, te llevamos al hospital p\u00fablico m\u00e1s cercano para asegurarte atenci\u00f3n inmediata."},{"pegunta":"\u00bfCu\u00e1ndo se cobra el plan?","respuesta":"Vas a conocer la fecha de cobro seg\u00fan el medio de pago que elijas. Siempre te informamos con claridad qu\u00e9 d\u00eda del mes se debita tu cuota."},{"pegunta":"\u00bfCu\u00e1nto cuesta una consulta m\u00e9dica en la cartilla?","respuesta":"Algunos prestadores ofrecen valores preferenciales y con descuentos de hasta un 20%. Los montos pueden variar. Pod\u00e9s consultarlos al pedir el turno o directamente con el prestador. Consult\u00e1 la cartilla ac\u00e1."},{"pegunta":"\u00bfLa ambulancia que llega es de la base m\u00e1s cercana?","respuesta":"S\u00ed. Usamos geolocalizaci\u00f3n para que, al solicitar una ambulancia, enviemos la que est\u00e9 m\u00e1s cerca de tu ubicaci\u00f3n, sin importar a qu\u00e9 base pertenece."},{"pegunta":"\u00bfCu\u00e1nto tarda en llegar una ambulancia?","respuesta":"Depende del tipo de urgencia. En casos cr\u00edticos, la respuesta es inmediata. Para otras consultas m\u00e9dicas, te informamos el tiempo estimado cuando hac\u00e9s el llamado."},{"pegunta":"\u00bfPuedo asociar solo a un menor (mi hijo, sobrino, nieto)?","respuesta":"No. Los menores deben estar asociados junto a un adulto responsable, para garantizar una mejor gesti\u00f3n del servicio y cuidado integral."},{"pegunta":"\u00bfEntregan certificados m\u00e9dicos?","respuesta":"S\u00ed, siempre y cuando el profesional lo considere necesario. Puede emitirse una constancia de atenci\u00f3n o reposo, evaluada durante la consulta seg\u00fan tu situaci\u00f3n."}]},"_links":{"self":[{"href":"https:\/\/www.vittal.com.ar\/gestion\/wp-json\/wp\/v2\/pages\/11343"}],"collection":[{"href":"https:\/\/www.vittal.com.ar\/gestion\/wp-json\/wp\/v2\/pages"}],"about":[{"href":"https:\/\/www.vittal.com.ar\/gestion\/wp-json\/wp\/v2\/types\/page"}],"author":[{"embeddable":true,"href":"https:\/\/www.vittal.com.ar\/gestion\/wp-json\/wp\/v2\/users\/4"}],"replies":[{"embeddable":true,"href":"https:\/\/www.vittal.com.ar\/gestion\/wp-json\/wp\/v2\/comments?post=11343"}],"version-history":[{"count":2,"href":"https:\/\/www.vittal.com.ar\/gestion\/wp-json\/wp\/v2\/pages\/11343\/revisions"}],"predecessor-version":[{"id":11352,"href":"https:\/\/www.vittal.com.ar\/gestion\/wp-json\/wp\/v2\/pages\/11343\/revisions\/11352"}],"up":[{"embeddable":true,"href":"https:\/\/www.vittal.com.ar\/gestion\/wp-json\/wp\/v2\/pages\/40"}],"wp:attachment":[{"href":"https:\/\/www.vittal.com.ar\/gestion\/wp-json\/wp\/v2\/media?parent=11343"}],"curies":[{"name":"wp","href":"https:\/\/api.w.org\/{rel}","templated":true}]}}