{"id":11365,"date":"2025-08-11T16:05:53","date_gmt":"2025-08-11T19:05:53","guid":{"rendered":"https:\/\/www.vittal.com.ar\/gestion\/?page_id=11365"},"modified":"2025-08-11T16:05:53","modified_gmt":"2025-08-11T19:05:53","slug":"banner-planes-de-salud","status":"publish","type":"page","link":"https:\/\/www.vittal.com.ar\/gestion\/home\/banner-planes-de-salud\/","title":{"rendered":"Banner planes de salud"},"content":{"rendered":"","protected":false},"excerpt":{"rendered":"","protected":false},"author":4,"featured_media":0,"parent":40,"menu_order":0,"comment_status":"closed","ping_status":"closed","template":"","meta":{"footnotes":""},"class_list":["post-11365","page","type-page","status-publish","hentry"],"better_featured_image":null,"yoast_head":"<!-- This site is optimized with the Yoast SEO plugin v22.9 - https:\/\/yoast.com\/wordpress\/plugins\/seo\/ -->\n<title>Banner planes de salud - Vittal<\/title>\n<meta name=\"robots\" content=\"index, follow, max-snippet:-1, max-image-preview:large, max-video-preview:-1\" \/>\n<link rel=\"canonical\" href=\"https:\/\/www.vittal.com.ar\/gestion\/home\/banner-planes-de-salud\/\" \/>\n<meta property=\"og:locale\" content=\"es_ES\" \/>\n<meta property=\"og:type\" content=\"article\" \/>\n<meta property=\"og:title\" content=\"Banner planes de salud - Vittal\" \/>\n<meta property=\"og:url\" content=\"https:\/\/www.vittal.com.ar\/gestion\/home\/banner-planes-de-salud\/\" \/>\n<meta property=\"og:site_name\" content=\"Vittal\" \/>\n<meta property=\"article:publisher\" content=\"https:\/\/www.facebook.com\/Tuvidaestaprimero\" \/>\n<meta property=\"og:image\" content=\"https:\/\/www.vittal.com.ar\/gestion\/wp-content\/uploads\/2020\/03\/vittal-logo.jpg\" \/>\n\t<meta property=\"og:image:width\" content=\"300\" \/>\n\t<meta property=\"og:image:height\" content=\"300\" \/>\n\t<meta property=\"og:image:type\" content=\"image\/jpeg\" \/>\n<meta name=\"twitter:card\" content=\"summary_large_image\" \/>\n<!-- \/ Yoast SEO plugin. -->","yoast_head_json":{"title":"Banner planes de salud - Vittal","robots":{"index":"index","follow":"follow","max-snippet":"max-snippet:-1","max-image-preview":"max-image-preview:large","max-video-preview":"max-video-preview:-1"},"canonical":"https:\/\/www.vittal.com.ar\/gestion\/home\/banner-planes-de-salud\/","og_locale":"es_ES","og_type":"article","og_title":"Banner planes de salud - Vittal","og_url":"https:\/\/www.vittal.com.ar\/gestion\/home\/banner-planes-de-salud\/","og_site_name":"Vittal","article_publisher":"https:\/\/www.facebook.com\/Tuvidaestaprimero","og_image":[{"width":300,"height":300,"url":"https:\/\/www.vittal.com.ar\/gestion\/wp-content\/uploads\/2020\/03\/vittal-logo.jpg","type":"image\/jpeg"}],"twitter_card":"summary_large_image","schema":{"@context":"https:\/\/schema.org","@graph":[{"@type":"WebPage","@id":"https:\/\/www.vittal.com.ar\/gestion\/home\/banner-planes-de-salud\/","url":"https:\/\/www.vittal.com.ar\/gestion\/home\/banner-planes-de-salud\/","name":"Banner planes de salud - Vittal","isPartOf":{"@id":"https:\/\/testweb.vittal.com.ar\/gestion\/#website"},"datePublished":"2025-08-11T19:05:53+00:00","dateModified":"2025-08-11T19:05:53+00:00","breadcrumb":{"@id":"https:\/\/www.vittal.com.ar\/gestion\/home\/banner-planes-de-salud\/#breadcrumb"},"inLanguage":"es","potentialAction":[{"@type":"ReadAction","target":["https:\/\/www.vittal.com.ar\/gestion\/home\/banner-planes-de-salud\/"]}]},{"@type":"BreadcrumbList","@id":"https:\/\/www.vittal.com.ar\/gestion\/home\/banner-planes-de-salud\/#breadcrumb","itemListElement":[{"@type":"ListItem","position":1,"name":"Home","item":"https:\/\/testweb.vittal.com.ar\/gestion\/"},{"@type":"ListItem","position":2,"name":"Home","item":"https:\/\/www.vittal.com.ar\/gestion\/home\/"},{"@type":"ListItem","position":3,"name":"Banner planes de salud"}]},{"@type":"WebSite","@id":"https:\/\/testweb.vittal.com.ar\/gestion\/#website","url":"https:\/\/testweb.vittal.com.ar\/gestion\/","name":"Vittal | Emergecias y Urgencias Medicas","description":"Emergencias y urgencias m\u00e9dicas 24hs.","potentialAction":[{"@type":"SearchAction","target":{"@type":"EntryPoint","urlTemplate":"https:\/\/testweb.vittal.com.ar\/gestion\/?s={search_term_string}"},"query-input":"required name=search_term_string"}],"inLanguage":"es"}]}},"acf":{"imagen_fondo":{"ID":11367,"id":11367,"title":"planes-degrade","filename":"planes-degrade.jpg","filesize":123181,"url":"https:\/\/www.vittal.com.ar\/gestion\/wp-content\/uploads\/2025\/08\/planes-degrade.jpg","link":"https:\/\/www.vittal.com.ar\/gestion\/home\/banner-planes-de-salud\/planes-degrade\/","alt":"","author":"4","description":"","caption":"","name":"planes-degrade","status":"inherit","uploaded_to":11365,"date":"2025-08-10 23:32:15","modified":"2025-08-10 23:32:15","menu_order":0,"mime_type":"image\/jpeg","type":"image","subtype":"jpeg","icon":"https:\/\/www.vittal.com.ar\/gestion\/wp-includes\/images\/media\/default.png","width":1920,"height":325,"sizes":{"thumbnail":"https:\/\/www.vittal.com.ar\/gestion\/wp-content\/uploads\/2025\/08\/planes-degrade-150x150.jpg","thumbnail-width":150,"thumbnail-height":150,"medium":"https:\/\/www.vittal.com.ar\/gestion\/wp-content\/uploads\/2025\/08\/planes-degrade-300x51.jpg","medium-width":300,"medium-height":51,"medium_large":"https:\/\/www.vittal.com.ar\/gestion\/wp-content\/uploads\/2025\/08\/planes-degrade-768x130.jpg","medium_large-width":580,"medium_large-height":98,"large":"https:\/\/www.vittal.com.ar\/gestion\/wp-content\/uploads\/2025\/08\/planes-degrade-1024x173.jpg","large-width":580,"large-height":98,"1536x1536":"https:\/\/www.vittal.com.ar\/gestion\/wp-content\/uploads\/2025\/08\/planes-degrade-1536x260.jpg","1536x1536-width":1536,"1536x1536-height":260,"2048x2048":"https:\/\/www.vittal.com.ar\/gestion\/wp-content\/uploads\/2025\/08\/planes-degrade.jpg","2048x2048-width":1920,"2048x2048-height":325,"post-thumbnail":"https:\/\/www.vittal.com.ar\/gestion\/wp-content\/uploads\/2025\/08\/planes-degrade-1200x203.jpg","post-thumbnail-width":1200,"post-thumbnail-height":203,"twentytwenty-fullscreen":"https:\/\/www.vittal.com.ar\/gestion\/wp-content\/uploads\/2025\/08\/planes-degrade.jpg","twentytwenty-fullscreen-width":1920,"twentytwenty-fullscreen-height":325}},"link":"\/planes","bajada":"<strong>Tenemos 3 tipos de planes para distintas formas de cuidarte.<\/strong>\r\n<br \/>Descubr\u00ed cu\u00e1l se adapta mejor a tu etapa de vida y a lo que est\u00e1s necesitando hoy.","titulo":"Planes de salud","imagenmobile":"https:\/\/www.vittal.com.ar\/gestion\/wp-content\/uploads\/2025\/08\/planes-degrade\u0301.png"},"_links":{"self":[{"href":"https:\/\/www.vittal.com.ar\/gestion\/wp-json\/wp\/v2\/pages\/11365"}],"collection":[{"href":"https:\/\/www.vittal.com.ar\/gestion\/wp-json\/wp\/v2\/pages"}],"about":[{"href":"https:\/\/www.vittal.com.ar\/gestion\/wp-json\/wp\/v2\/types\/page"}],"author":[{"embeddable":true,"href":"https:\/\/www.vittal.com.ar\/gestion\/wp-json\/wp\/v2\/users\/4"}],"replies":[{"embeddable":true,"href":"https:\/\/www.vittal.com.ar\/gestion\/wp-json\/wp\/v2\/comments?post=11365"}],"version-history":[{"count":2,"href":"https:\/\/www.vittal.com.ar\/gestion\/wp-json\/wp\/v2\/pages\/11365\/revisions"}],"predecessor-version":[{"id":11369,"href":"https:\/\/www.vittal.com.ar\/gestion\/wp-json\/wp\/v2\/pages\/11365\/revisions\/11369"}],"up":[{"embeddable":true,"href":"https:\/\/www.vittal.com.ar\/gestion\/wp-json\/wp\/v2\/pages\/40"}],"wp:attachment":[{"href":"https:\/\/www.vittal.com.ar\/gestion\/wp-json\/wp\/v2\/media?parent=11365"}],"curies":[{"name":"wp","href":"https:\/\/api.w.org\/{rel}","templated":true}]}}