{"id":11375,"date":"2025-08-11T16:05:37","date_gmt":"2025-08-11T19:05:37","guid":{"rendered":"https:\/\/www.vittal.com.ar\/gestion\/?page_id=11375"},"modified":"2025-08-11T16:05:37","modified_gmt":"2025-08-11T19:05:37","slug":"testimonios","status":"publish","type":"page","link":"https:\/\/www.vittal.com.ar\/gestion\/home\/testimonios\/","title":{"rendered":"Testimonios"},"content":{"rendered":"","protected":false},"excerpt":{"rendered":"","protected":false},"author":4,"featured_media":0,"parent":40,"menu_order":0,"comment_status":"closed","ping_status":"closed","template":"","meta":{"footnotes":""},"class_list":["post-11375","page","type-page","status-publish","hentry"],"better_featured_image":null,"yoast_head":"<!-- This site is optimized with the Yoast SEO plugin v22.9 - https:\/\/yoast.com\/wordpress\/plugins\/seo\/ -->\n<title>Testimonios - Vittal<\/title>\n<meta name=\"robots\" content=\"index, follow, max-snippet:-1, max-image-preview:large, max-video-preview:-1\" \/>\n<link rel=\"canonical\" href=\"https:\/\/www.vittal.com.ar\/gestion\/home\/testimonios\/\" \/>\n<meta property=\"og:locale\" content=\"es_ES\" \/>\n<meta property=\"og:type\" content=\"article\" \/>\n<meta property=\"og:title\" content=\"Testimonios - Vittal\" \/>\n<meta property=\"og:url\" content=\"https:\/\/www.vittal.com.ar\/gestion\/home\/testimonios\/\" \/>\n<meta property=\"og:site_name\" content=\"Vittal\" \/>\n<meta property=\"article:publisher\" content=\"https:\/\/www.facebook.com\/Tuvidaestaprimero\" \/>\n<meta property=\"og:image\" content=\"https:\/\/www.vittal.com.ar\/gestion\/wp-content\/uploads\/2020\/03\/vittal-logo.jpg\" \/>\n\t<meta property=\"og:image:width\" content=\"300\" \/>\n\t<meta property=\"og:image:height\" content=\"300\" \/>\n\t<meta property=\"og:image:type\" content=\"image\/jpeg\" \/>\n<meta name=\"twitter:card\" content=\"summary_large_image\" \/>\n<!-- \/ Yoast SEO plugin. -->","yoast_head_json":{"title":"Testimonios - Vittal","robots":{"index":"index","follow":"follow","max-snippet":"max-snippet:-1","max-image-preview":"max-image-preview:large","max-video-preview":"max-video-preview:-1"},"canonical":"https:\/\/www.vittal.com.ar\/gestion\/home\/testimonios\/","og_locale":"es_ES","og_type":"article","og_title":"Testimonios - Vittal","og_url":"https:\/\/www.vittal.com.ar\/gestion\/home\/testimonios\/","og_site_name":"Vittal","article_publisher":"https:\/\/www.facebook.com\/Tuvidaestaprimero","og_image":[{"width":300,"height":300,"url":"https:\/\/www.vittal.com.ar\/gestion\/wp-content\/uploads\/2020\/03\/vittal-logo.jpg","type":"image\/jpeg"}],"twitter_card":"summary_large_image","schema":{"@context":"https:\/\/schema.org","@graph":[{"@type":"WebPage","@id":"https:\/\/www.vittal.com.ar\/gestion\/home\/testimonios\/","url":"https:\/\/www.vittal.com.ar\/gestion\/home\/testimonios\/","name":"Testimonios - Vittal","isPartOf":{"@id":"https:\/\/testweb.vittal.com.ar\/gestion\/#website"},"datePublished":"2025-08-11T19:05:37+00:00","dateModified":"2025-08-11T19:05:37+00:00","breadcrumb":{"@id":"https:\/\/www.vittal.com.ar\/gestion\/home\/testimonios\/#breadcrumb"},"inLanguage":"es","potentialAction":[{"@type":"ReadAction","target":["https:\/\/www.vittal.com.ar\/gestion\/home\/testimonios\/"]}]},{"@type":"BreadcrumbList","@id":"https:\/\/www.vittal.com.ar\/gestion\/home\/testimonios\/#breadcrumb","itemListElement":[{"@type":"ListItem","position":1,"name":"Home","item":"https:\/\/testweb.vittal.com.ar\/gestion\/"},{"@type":"ListItem","position":2,"name":"Home","item":"https:\/\/www.vittal.com.ar\/gestion\/home\/"},{"@type":"ListItem","position":3,"name":"Testimonios"}]},{"@type":"WebSite","@id":"https:\/\/testweb.vittal.com.ar\/gestion\/#website","url":"https:\/\/testweb.vittal.com.ar\/gestion\/","name":"Vittal | Emergecias y Urgencias Medicas","description":"Emergencias y urgencias m\u00e9dicas 24hs.","potentialAction":[{"@type":"SearchAction","target":{"@type":"EntryPoint","urlTemplate":"https:\/\/testweb.vittal.com.ar\/gestion\/?s={search_term_string}"},"query-input":"required name=search_term_string"}],"inLanguage":"es"}]}},"acf":{"titulo":"Testimonios","bajada":"Contamos con una divisi\u00f3n especializada en el desarrollo de servicios exclusivos para entidades de salud.","link":"medicina-corporativa\/entidades-de-salud","imagen_fondo":{"ID":703,"id":703,"title":"servicios-corporativos","filename":"servicios-corporativos.jpg","filesize":112841,"url":"https:\/\/www.vittal.com.ar\/gestion\/wp-content\/uploads\/2020\/03\/servicios-corporativos.jpg","link":"https:\/\/www.vittal.com.ar\/gestion\/areas-protegidas\/servicios-corporativos\/","alt":"","author":"4","description":"","caption":"","name":"servicios-corporativos","status":"inherit","uploaded_to":686,"date":"2020-03-25 17:51:53","modified":"2020-03-25 17:51:53","menu_order":0,"mime_type":"image\/jpeg","type":"image","subtype":"jpeg","icon":"https:\/\/www.vittal.com.ar\/gestion\/wp-includes\/images\/media\/default.png","width":848,"height":324,"sizes":{"thumbnail":"https:\/\/www.vittal.com.ar\/gestion\/wp-content\/uploads\/2020\/03\/servicios-corporativos-150x150.jpg","thumbnail-width":150,"thumbnail-height":150,"medium":"https:\/\/www.vittal.com.ar\/gestion\/wp-content\/uploads\/2020\/03\/servicios-corporativos-300x115.jpg","medium-width":300,"medium-height":115,"medium_large":"https:\/\/www.vittal.com.ar\/gestion\/wp-content\/uploads\/2020\/03\/servicios-corporativos-768x293.jpg","medium_large-width":580,"medium_large-height":221,"large":"https:\/\/www.vittal.com.ar\/gestion\/wp-content\/uploads\/2020\/03\/servicios-corporativos.jpg","large-width":580,"large-height":222,"1536x1536":"https:\/\/www.vittal.com.ar\/gestion\/wp-content\/uploads\/2020\/03\/servicios-corporativos.jpg","1536x1536-width":848,"1536x1536-height":324,"2048x2048":"https:\/\/www.vittal.com.ar\/gestion\/wp-content\/uploads\/2020\/03\/servicios-corporativos.jpg","2048x2048-width":848,"2048x2048-height":324,"post-thumbnail":"https:\/\/www.vittal.com.ar\/gestion\/wp-content\/uploads\/2020\/03\/servicios-corporativos.jpg","post-thumbnail-width":848,"post-thumbnail-height":324,"twentytwenty-fullscreen":"https:\/\/www.vittal.com.ar\/gestion\/wp-content\/uploads\/2020\/03\/servicios-corporativos.jpg","twentytwenty-fullscreen-width":848,"twentytwenty-fullscreen-height":324}},"imagenmobile":"https:\/\/www.vittal.com.ar\/gestion\/wp-content\/uploads\/2022\/02\/entidades-de-salud-mobile.jpg","combo":[{"icono":false,"nombre":"Ra\u00fal Sosa","descripcion":"\"Muy bueno, muy recomendable. Hace 3 a\u00f1os que lo tengo para mi familia. Es un servicio r\u00e1pido, cordial y amable, con muy buena atenci\u00f3n.\""},{"icono":false,"nombre":"Claudia Amaya","descripcion":"\"Mi hija y yo tenemos la cobertura y ya la hemos utilizado. En verdad, muy buena y accesible para todos los bolsillos.\""},{"icono":false,"nombre":"Elina In\u00e9s Bustos","descripcion":"\"\u00a1Muy buen servicio! A m\u00ed, literal, me salvaron la vida.\""}]},"_links":{"self":[{"href":"https:\/\/www.vittal.com.ar\/gestion\/wp-json\/wp\/v2\/pages\/11375"}],"collection":[{"href":"https:\/\/www.vittal.com.ar\/gestion\/wp-json\/wp\/v2\/pages"}],"about":[{"href":"https:\/\/www.vittal.com.ar\/gestion\/wp-json\/wp\/v2\/types\/page"}],"author":[{"embeddable":true,"href":"https:\/\/www.vittal.com.ar\/gestion\/wp-json\/wp\/v2\/users\/4"}],"replies":[{"embeddable":true,"href":"https:\/\/www.vittal.com.ar\/gestion\/wp-json\/wp\/v2\/comments?post=11375"}],"version-history":[{"count":2,"href":"https:\/\/www.vittal.com.ar\/gestion\/wp-json\/wp\/v2\/pages\/11375\/revisions"}],"predecessor-version":[{"id":11383,"href":"https:\/\/www.vittal.com.ar\/gestion\/wp-json\/wp\/v2\/pages\/11375\/revisions\/11383"}],"up":[{"embeddable":true,"href":"https:\/\/www.vittal.com.ar\/gestion\/wp-json\/wp\/v2\/pages\/40"}],"wp:attachment":[{"href":"https:\/\/www.vittal.com.ar\/gestion\/wp-json\/wp\/v2\/media?parent=11375"}],"curies":[{"name":"wp","href":"https:\/\/api.w.org\/{rel}","templated":true}]}}