{"id":1382,"date":"2020-07-31T18:21:04","date_gmt":"2020-07-31T18:21:04","guid":{"rendered":"http:\/\/client.elpixel.net\/vittal\/wp-test\/?page_id=1382"},"modified":"2023-08-01T20:00:45","modified_gmt":"2023-08-01T20:00:45","slug":"oil-gas","status":"publish","type":"page","link":"https:\/\/www.vittal.com.ar\/gestion\/empresas\/oil-gas\/","title":{"rendered":"Oil &#038; Gas"},"content":{"rendered":"","protected":false},"excerpt":{"rendered":"","protected":false},"author":4,"featured_media":0,"parent":716,"menu_order":7,"comment_status":"closed","ping_status":"closed","template":"","meta":{"footnotes":""},"class_list":["post-1382","page","type-page","status-publish","hentry"],"better_featured_image":null,"yoast_head":"<!-- This site is optimized with the Yoast SEO plugin v22.9 - https:\/\/yoast.com\/wordpress\/plugins\/seo\/ -->\n<title>Oil &amp; Gas - Vittal<\/title>\n<meta name=\"robots\" content=\"index, follow, max-snippet:-1, max-image-preview:large, max-video-preview:-1\" \/>\n<link rel=\"canonical\" href=\"https:\/\/testweb.vittal.com.ar\/gestion\/empresas\/oil-gas\/\" \/>\n<meta property=\"og:locale\" content=\"es_ES\" \/>\n<meta property=\"og:type\" content=\"article\" \/>\n<meta property=\"og:title\" content=\"Oil &amp; Gas - Vittal\" \/>\n<meta property=\"og:url\" content=\"https:\/\/testweb.vittal.com.ar\/gestion\/empresas\/oil-gas\/\" \/>\n<meta property=\"og:site_name\" content=\"Vittal\" \/>\n<meta property=\"article:publisher\" content=\"https:\/\/www.facebook.com\/Tuvidaestaprimero\" \/>\n<meta property=\"article:modified_time\" content=\"2023-08-01T20:00:45+00:00\" \/>\n<meta property=\"og:image\" content=\"https:\/\/www.vittal.com.ar\/gestion\/wp-content\/uploads\/2020\/03\/vittal-logo.jpg\" \/>\n\t<meta property=\"og:image:width\" content=\"300\" \/>\n\t<meta property=\"og:image:height\" content=\"300\" \/>\n\t<meta property=\"og:image:type\" content=\"image\/jpeg\" \/>\n<meta name=\"twitter:card\" content=\"summary_large_image\" \/>\n<!-- \/ Yoast SEO plugin. -->","yoast_head_json":{"title":"Oil & Gas - Vittal","robots":{"index":"index","follow":"follow","max-snippet":"max-snippet:-1","max-image-preview":"max-image-preview:large","max-video-preview":"max-video-preview:-1"},"canonical":"https:\/\/testweb.vittal.com.ar\/gestion\/empresas\/oil-gas\/","og_locale":"es_ES","og_type":"article","og_title":"Oil & Gas - Vittal","og_url":"https:\/\/testweb.vittal.com.ar\/gestion\/empresas\/oil-gas\/","og_site_name":"Vittal","article_publisher":"https:\/\/www.facebook.com\/Tuvidaestaprimero","article_modified_time":"2023-08-01T20:00:45+00:00","og_image":[{"width":300,"height":300,"url":"https:\/\/www.vittal.com.ar\/gestion\/wp-content\/uploads\/2020\/03\/vittal-logo.jpg","type":"image\/jpeg"}],"twitter_card":"summary_large_image","schema":{"@context":"https:\/\/schema.org","@graph":[{"@type":"WebPage","@id":"https:\/\/testweb.vittal.com.ar\/gestion\/empresas\/oil-gas\/","url":"https:\/\/testweb.vittal.com.ar\/gestion\/empresas\/oil-gas\/","name":"Oil & Gas - Vittal","isPartOf":{"@id":"https:\/\/testweb.vittal.com.ar\/gestion\/#website"},"datePublished":"2020-07-31T18:21:04+00:00","dateModified":"2023-08-01T20:00:45+00:00","breadcrumb":{"@id":"https:\/\/testweb.vittal.com.ar\/gestion\/empresas\/oil-gas\/#breadcrumb"},"inLanguage":"es","potentialAction":[{"@type":"ReadAction","target":["https:\/\/testweb.vittal.com.ar\/gestion\/empresas\/oil-gas\/"]}]},{"@type":"BreadcrumbList","@id":"https:\/\/testweb.vittal.com.ar\/gestion\/empresas\/oil-gas\/#breadcrumb","itemListElement":[{"@type":"ListItem","position":1,"name":"Home","item":"https:\/\/testweb.vittal.com.ar\/gestion\/"},{"@type":"ListItem","position":2,"name":"Empresas","item":"https:\/\/testweb.vittal.com.ar\/gestion\/empresas\/"},{"@type":"ListItem","position":3,"name":"Oil &#038; Gas"}]},{"@type":"WebSite","@id":"https:\/\/testweb.vittal.com.ar\/gestion\/#website","url":"https:\/\/testweb.vittal.com.ar\/gestion\/","name":"Vittal | Emergecias y Urgencias Medicas","description":"Emergencias y urgencias m\u00e9dicas 24hs.","potentialAction":[{"@type":"SearchAction","target":{"@type":"EntryPoint","urlTemplate":"https:\/\/testweb.vittal.com.ar\/gestion\/?s={search_term_string}"},"query-input":"required name=search_term_string"}],"inLanguage":"es"}]}},"acf":{"portada":{"titulo":"Oil & Gas","bajada":"En vittal creamos una divisi\u00f3n especializada<br>\r\nen el desarrollo de cobertura m\u00e9dica para<br>\r\nindustrias del sector del petr\u00f3leo, gas y miner\u00eda.","fondo":"https:\/\/www.vittal.com.ar\/gestion\/wp-content\/uploads\/2022\/11\/oil-gas_caratula-empresas-1.jpg","redirect":""},"header":{"titulo":"Oil & Gas","bajada":"En vittal creamos una divisi\u00f3n especializada en el desarrollo de cobertura m\u00e9dica para industrias del sector del petr\u00f3leo, gas y miner\u00eda.","fondo":"https:\/\/www.vittal.com.ar\/gestion\/wp-content\/uploads\/2022\/08\/oil-gas_header-1.jpg"},"secciones":[{"introduccion":{"titulo":"","bajada":"Nuestro servicio ofrece soluciones integrales de asistencia m\u00e9dica en zonas geogr\u00e1ficas remotas o de muy dif\u00edcil acceso como campamentos de prospecci\u00f3n, excavaci\u00f3n, yacimientos mineros y petrol\u00edferos, construcci\u00f3n de l\u00edneas de alta tensi\u00f3n, obras (gasoductos, perforaciones, construcciones, s\u00edsmica, obradores), entre otros.<br><br>\r\n\r\nNuestra red de cobertura nacional nos permite tener un respaldo operativo permanente, logrando la mayor e\u00adciencia a la hora de una intervenci\u00f3n para una hospitalizaci\u00f3n o un traslado sanitario a\u00e9reo.","foto":"https:\/\/www.vittal.com.ar\/gestion\/wp-content\/uploads\/2022\/08\/oil-gas_imagen-interior-mobile-1.jpg"},"servicios":{"bajada":"<p style=\"text-align: center;\"><span style=\"color: #005ab8;\">Quienes nos eligen destacan la amplitud, la competencia y la calidad de nuestra cobertura m\u00e9dica, la excelencia de nuestros profesionales y la atenci\u00f3n personalizada que brindamos a trav\u00e9s de un equipo altamente capacitado.<\/span><\/p>\n<h2 style=\"text-align: left;\"><\/h2>\n","titulo":"Servicios que brindamos","subtitulo":"","bullets":true,"box_servicio":[{"imagen":"https:\/\/www.vittal.com.ar\/gestion\/wp-content\/uploads\/2020\/08\/01.png","titulo":"Unidad de Terapia Intensiva M\u00f3vil","bajada":"<p>Unidad de Terapia Intensiva M\u00f3vil fija con equipamiento de \u00faltima generaci\u00f3n, \u00f3ptima para el traslado de pacientes<\/p>\n"},{"imagen":"https:\/\/www.vittal.com.ar\/gestion\/wp-content\/uploads\/2020\/08\/02.png","titulo":"Guardia y enfermer\u00eda las 24 horas.","bajada":"<p>Guardia y enfermer\u00eda las 24 horas<\/p>\n"},{"imagen":"https:\/\/www.vittal.com.ar\/gestion\/wp-content\/uploads\/2020\/08\/03.png","titulo":"M\u00f3dulo sanitario fi\u00adjo","bajada":"<p>M\u00f3dulo sanitario fijo con unidad habitacional y consultorio m\u00e9dico de \u00faltima generaci\u00f3n<\/p>\n"},{"imagen":"https:\/\/www.vittal.com.ar\/gestion\/wp-content\/uploads\/2020\/08\/04.png","titulo":"Provisi\u00f3n de medicamentos","bajada":"<p>Provisi\u00f3n de medicamentos e insumos m\u00e9dicos<\/p>\n"},{"imagen":"https:\/\/www.vittal.com.ar\/gestion\/wp-content\/uploads\/2020\/08\/05.png","titulo":"Equipos DEA y entrenamiento en RCP","bajada":"<p>Equipos DEA y entrenamiento en RCP para obtener la certificaci\u00f3n de Espacio Cardioprotegido<\/p>\n"},{"imagen":"https:\/\/www.vittal.com.ar\/gestion\/wp-content\/uploads\/2020\/08\/06.png","titulo":"Traslados aerom\u00e9dicos","bajada":"<p>Traslados aerom\u00e9dicos<\/p>\n"},{"imagen":"https:\/\/www.vittal.com.ar\/gestion\/wp-content\/uploads\/2020\/08\/07.png","titulo":"Medicina laboral.","bajada":"<p>Medicina laboral<\/p>\n"}]}}],"tipo_de_plantilla":"template2","seo":{"titulo":"Oil & Gas","descripcion":"En vittal creamos una divisi\u00f3n especializada en el desarrollo de cobertura m\u00e9dica para industrias del sector del petr\u00f3leo, gas y miner\u00eda.","keywords":"Oil, Gas, vittal"},"link":"medicina-corporativa\/oil-gas"},"_links":{"self":[{"href":"https:\/\/www.vittal.com.ar\/gestion\/wp-json\/wp\/v2\/pages\/1382"}],"collection":[{"href":"https:\/\/www.vittal.com.ar\/gestion\/wp-json\/wp\/v2\/pages"}],"about":[{"href":"https:\/\/www.vittal.com.ar\/gestion\/wp-json\/wp\/v2\/types\/page"}],"author":[{"embeddable":true,"href":"https:\/\/www.vittal.com.ar\/gestion\/wp-json\/wp\/v2\/users\/4"}],"replies":[{"embeddable":true,"href":"https:\/\/www.vittal.com.ar\/gestion\/wp-json\/wp\/v2\/comments?post=1382"}],"version-history":[{"count":37,"href":"https:\/\/www.vittal.com.ar\/gestion\/wp-json\/wp\/v2\/pages\/1382\/revisions"}],"predecessor-version":[{"id":9291,"href":"https:\/\/www.vittal.com.ar\/gestion\/wp-json\/wp\/v2\/pages\/1382\/revisions\/9291"}],"up":[{"embeddable":true,"href":"https:\/\/www.vittal.com.ar\/gestion\/wp-json\/wp\/v2\/pages\/716"}],"wp:attachment":[{"href":"https:\/\/www.vittal.com.ar\/gestion\/wp-json\/wp\/v2\/media?parent=1382"}],"curies":[{"name":"wp","href":"https:\/\/api.w.org\/{rel}","templated":true}]}}