{"id":1399,"date":"2020-07-31T18:55:18","date_gmt":"2020-07-31T18:55:18","guid":{"rendered":"http:\/\/client.elpixel.net\/vittal\/wp-test\/?page_id=1399"},"modified":"2023-08-01T19:58:25","modified_gmt":"2023-08-01T19:58:25","slug":"cobertura-de-eventos","status":"publish","type":"page","link":"https:\/\/www.vittal.com.ar\/gestion\/empresas\/cobertura-de-eventos\/","title":{"rendered":"Cobertura de Eventos"},"content":{"rendered":"","protected":false},"excerpt":{"rendered":"","protected":false},"author":4,"featured_media":0,"parent":716,"menu_order":4,"comment_status":"closed","ping_status":"closed","template":"","meta":{"footnotes":""},"class_list":["post-1399","page","type-page","status-publish","hentry"],"better_featured_image":null,"yoast_head":"<!-- This site is optimized with the Yoast SEO plugin v22.9 - https:\/\/yoast.com\/wordpress\/plugins\/seo\/ -->\n<title>Cobertura de Eventos - Vittal<\/title>\n<meta name=\"robots\" content=\"index, follow, max-snippet:-1, max-image-preview:large, max-video-preview:-1\" \/>\n<link rel=\"canonical\" href=\"https:\/\/testweb.vittal.com.ar\/gestion\/empresas\/cobertura-de-eventos\/\" \/>\n<meta property=\"og:locale\" content=\"es_ES\" \/>\n<meta property=\"og:type\" content=\"article\" \/>\n<meta property=\"og:title\" content=\"Cobertura de Eventos - Vittal\" \/>\n<meta property=\"og:url\" content=\"https:\/\/testweb.vittal.com.ar\/gestion\/empresas\/cobertura-de-eventos\/\" \/>\n<meta property=\"og:site_name\" content=\"Vittal\" \/>\n<meta property=\"article:publisher\" content=\"https:\/\/www.facebook.com\/Tuvidaestaprimero\" \/>\n<meta property=\"article:modified_time\" content=\"2023-08-01T19:58:25+00:00\" \/>\n<meta property=\"og:image\" content=\"https:\/\/www.vittal.com.ar\/gestion\/wp-content\/uploads\/2020\/03\/vittal-logo.jpg\" \/>\n\t<meta property=\"og:image:width\" content=\"300\" \/>\n\t<meta property=\"og:image:height\" content=\"300\" \/>\n\t<meta property=\"og:image:type\" content=\"image\/jpeg\" \/>\n<meta name=\"twitter:card\" content=\"summary_large_image\" \/>\n<!-- \/ Yoast SEO plugin. -->","yoast_head_json":{"title":"Cobertura de Eventos - Vittal","robots":{"index":"index","follow":"follow","max-snippet":"max-snippet:-1","max-image-preview":"max-image-preview:large","max-video-preview":"max-video-preview:-1"},"canonical":"https:\/\/testweb.vittal.com.ar\/gestion\/empresas\/cobertura-de-eventos\/","og_locale":"es_ES","og_type":"article","og_title":"Cobertura de Eventos - Vittal","og_url":"https:\/\/testweb.vittal.com.ar\/gestion\/empresas\/cobertura-de-eventos\/","og_site_name":"Vittal","article_publisher":"https:\/\/www.facebook.com\/Tuvidaestaprimero","article_modified_time":"2023-08-01T19:58:25+00:00","og_image":[{"width":300,"height":300,"url":"https:\/\/www.vittal.com.ar\/gestion\/wp-content\/uploads\/2020\/03\/vittal-logo.jpg","type":"image\/jpeg"}],"twitter_card":"summary_large_image","schema":{"@context":"https:\/\/schema.org","@graph":[{"@type":"WebPage","@id":"https:\/\/testweb.vittal.com.ar\/gestion\/empresas\/cobertura-de-eventos\/","url":"https:\/\/testweb.vittal.com.ar\/gestion\/empresas\/cobertura-de-eventos\/","name":"Cobertura de Eventos - Vittal","isPartOf":{"@id":"https:\/\/testweb.vittal.com.ar\/gestion\/#website"},"datePublished":"2020-07-31T18:55:18+00:00","dateModified":"2023-08-01T19:58:25+00:00","breadcrumb":{"@id":"https:\/\/testweb.vittal.com.ar\/gestion\/empresas\/cobertura-de-eventos\/#breadcrumb"},"inLanguage":"es","potentialAction":[{"@type":"ReadAction","target":["https:\/\/testweb.vittal.com.ar\/gestion\/empresas\/cobertura-de-eventos\/"]}]},{"@type":"BreadcrumbList","@id":"https:\/\/testweb.vittal.com.ar\/gestion\/empresas\/cobertura-de-eventos\/#breadcrumb","itemListElement":[{"@type":"ListItem","position":1,"name":"Home","item":"https:\/\/testweb.vittal.com.ar\/gestion\/"},{"@type":"ListItem","position":2,"name":"Empresas","item":"https:\/\/testweb.vittal.com.ar\/gestion\/empresas\/"},{"@type":"ListItem","position":3,"name":"Cobertura de Eventos"}]},{"@type":"WebSite","@id":"https:\/\/testweb.vittal.com.ar\/gestion\/#website","url":"https:\/\/testweb.vittal.com.ar\/gestion\/","name":"Vittal | Emergecias y Urgencias Medicas","description":"Emergencias y urgencias m\u00e9dicas 24hs.","potentialAction":[{"@type":"SearchAction","target":{"@type":"EntryPoint","urlTemplate":"https:\/\/testweb.vittal.com.ar\/gestion\/?s={search_term_string}"},"query-input":"required name=search_term_string"}],"inLanguage":"es"}]}},"acf":{"portada":{"titulo":"Cobertura de Eventos","bajada":"Servicio destinado a cubrir eventos o <br>espect\u00e1culos que requieren de log\u00edstica<br> m\u00e9dica, previniendo cualquier emergencia","fondo":"https:\/\/www.vittal.com.ar\/gestion\/wp-content\/uploads\/2022\/08\/cobertura-eventos_caratula-empresas.jpg","redirect":"\/areas-protegidas\/cobertura-de-eventos"},"header":{"titulo":"","bajada":"","fondo":false},"secciones":false,"tipo_de_plantilla":"template1","foto_bajada":{"titulo":"","subtitulo":"","fondo":false,"bajada":""},"seo":{"titulo":"Cobertura de Eventos","descripcion":"Servicio destinado a cubrir eventos o espect\u00e1culos que requieren de log\u00edstica m\u00e9dica, previniendo cualquier emergencia","keywords":"Cobertura de Eventos, vittal"},"link":"empresas\/cobertura-de-eventos"},"_links":{"self":[{"href":"https:\/\/www.vittal.com.ar\/gestion\/wp-json\/wp\/v2\/pages\/1399"}],"collection":[{"href":"https:\/\/www.vittal.com.ar\/gestion\/wp-json\/wp\/v2\/pages"}],"about":[{"href":"https:\/\/www.vittal.com.ar\/gestion\/wp-json\/wp\/v2\/types\/page"}],"author":[{"embeddable":true,"href":"https:\/\/www.vittal.com.ar\/gestion\/wp-json\/wp\/v2\/users\/4"}],"replies":[{"embeddable":true,"href":"https:\/\/www.vittal.com.ar\/gestion\/wp-json\/wp\/v2\/comments?post=1399"}],"version-history":[{"count":10,"href":"https:\/\/www.vittal.com.ar\/gestion\/wp-json\/wp\/v2\/pages\/1399\/revisions"}],"predecessor-version":[{"id":9288,"href":"https:\/\/www.vittal.com.ar\/gestion\/wp-json\/wp\/v2\/pages\/1399\/revisions\/9288"}],"up":[{"embeddable":true,"href":"https:\/\/www.vittal.com.ar\/gestion\/wp-json\/wp\/v2\/pages\/716"}],"wp:attachment":[{"href":"https:\/\/www.vittal.com.ar\/gestion\/wp-json\/wp\/v2\/media?parent=1399"}],"curies":[{"name":"wp","href":"https:\/\/api.w.org\/{rel}","templated":true}]}}