{"id":1552,"date":"2020-08-04T17:43:39","date_gmt":"2020-08-04T17:43:39","guid":{"rendered":"http:\/\/client.elpixel.net\/vittal\/wp-test\/?page_id=1552"},"modified":"2023-12-13T18:16:53","modified_gmt":"2023-12-13T21:16:53","slug":"acerca-de-nosotros","status":"publish","type":"page","link":"https:\/\/www.vittal.com.ar\/gestion\/acerca-de-nosotros\/","title":{"rendered":"Institucional"},"content":{"rendered":"","protected":false},"excerpt":{"rendered":"","protected":false},"author":4,"featured_media":0,"parent":0,"menu_order":0,"comment_status":"closed","ping_status":"closed","template":"","meta":{"footnotes":""},"class_list":["post-1552","page","type-page","status-publish","hentry"],"better_featured_image":null,"yoast_head":"<!-- This site is optimized with the Yoast SEO plugin v22.9 - https:\/\/yoast.com\/wordpress\/plugins\/seo\/ -->\n<title>Institucional - Vittal<\/title>\n<meta name=\"robots\" content=\"index, follow, max-snippet:-1, max-image-preview:large, max-video-preview:-1\" \/>\n<link rel=\"canonical\" href=\"https:\/\/testweb.vittal.com.ar\/gestion\/acerca-de-nosotros\/\" \/>\n<meta property=\"og:locale\" content=\"es_ES\" \/>\n<meta property=\"og:type\" content=\"article\" \/>\n<meta property=\"og:title\" content=\"Institucional - Vittal\" \/>\n<meta property=\"og:url\" content=\"https:\/\/testweb.vittal.com.ar\/gestion\/acerca-de-nosotros\/\" \/>\n<meta property=\"og:site_name\" content=\"Vittal\" \/>\n<meta property=\"article:publisher\" content=\"https:\/\/www.facebook.com\/Tuvidaestaprimero\" \/>\n<meta property=\"article:modified_time\" content=\"2023-12-13T21:16:53+00:00\" \/>\n<meta property=\"og:image\" content=\"https:\/\/www.vittal.com.ar\/gestion\/wp-content\/uploads\/2020\/03\/vittal-logo.jpg\" \/>\n\t<meta property=\"og:image:width\" content=\"300\" \/>\n\t<meta property=\"og:image:height\" content=\"300\" \/>\n\t<meta property=\"og:image:type\" content=\"image\/jpeg\" \/>\n<meta name=\"twitter:card\" content=\"summary_large_image\" \/>\n<!-- \/ Yoast SEO plugin. -->","yoast_head_json":{"title":"Institucional - Vittal","robots":{"index":"index","follow":"follow","max-snippet":"max-snippet:-1","max-image-preview":"max-image-preview:large","max-video-preview":"max-video-preview:-1"},"canonical":"https:\/\/testweb.vittal.com.ar\/gestion\/acerca-de-nosotros\/","og_locale":"es_ES","og_type":"article","og_title":"Institucional - Vittal","og_url":"https:\/\/testweb.vittal.com.ar\/gestion\/acerca-de-nosotros\/","og_site_name":"Vittal","article_publisher":"https:\/\/www.facebook.com\/Tuvidaestaprimero","article_modified_time":"2023-12-13T21:16:53+00:00","og_image":[{"width":300,"height":300,"url":"https:\/\/www.vittal.com.ar\/gestion\/wp-content\/uploads\/2020\/03\/vittal-logo.jpg","type":"image\/jpeg"}],"twitter_card":"summary_large_image","schema":{"@context":"https:\/\/schema.org","@graph":[{"@type":"WebPage","@id":"https:\/\/testweb.vittal.com.ar\/gestion\/acerca-de-nosotros\/","url":"https:\/\/testweb.vittal.com.ar\/gestion\/acerca-de-nosotros\/","name":"Institucional - Vittal","isPartOf":{"@id":"https:\/\/testweb.vittal.com.ar\/gestion\/#website"},"datePublished":"2020-08-04T17:43:39+00:00","dateModified":"2023-12-13T21:16:53+00:00","breadcrumb":{"@id":"https:\/\/testweb.vittal.com.ar\/gestion\/acerca-de-nosotros\/#breadcrumb"},"inLanguage":"es","potentialAction":[{"@type":"ReadAction","target":["https:\/\/testweb.vittal.com.ar\/gestion\/acerca-de-nosotros\/"]}]},{"@type":"BreadcrumbList","@id":"https:\/\/testweb.vittal.com.ar\/gestion\/acerca-de-nosotros\/#breadcrumb","itemListElement":[{"@type":"ListItem","position":1,"name":"Home","item":"https:\/\/testweb.vittal.com.ar\/gestion\/"},{"@type":"ListItem","position":2,"name":"Institucional"}]},{"@type":"WebSite","@id":"https:\/\/testweb.vittal.com.ar\/gestion\/#website","url":"https:\/\/testweb.vittal.com.ar\/gestion\/","name":"Vittal | Emergecias y Urgencias Medicas","description":"Emergencias y urgencias m\u00e9dicas 24hs.","potentialAction":[{"@type":"SearchAction","target":{"@type":"EntryPoint","urlTemplate":"https:\/\/testweb.vittal.com.ar\/gestion\/?s={search_term_string}"},"query-input":"required name=search_term_string"}],"inLanguage":"es"}]}},"acf":{"tipo_de_plantilla":"template2","header":{"titulo":"Somos vittal","bajada":"La empresa de emergencias m\u00e9dicas prehospitalarias m\u00e1s grande de la Argentina.","fondo":"https:\/\/www.vittal.com.ar\/gestion\/wp-content\/uploads\/2020\/08\/institucional.jpg"},"secciones":[{"introduccion":{"titulo":"","bajada":"<p class=\"x_xxmsonormal\">Nacimos en el a\u00f1o 1987 en la zona Norte del Gran Buenos Aires, como resultado del esfuerzo privado y del compromiso de numerosos profesionales de la salud.<\/p>\n<p class=\"x_xxmsonormal\">Disponemos de personal m\u00e9dico calificado y la\u00a0flota m\u00e1s completa de m\u00f3viles terrestres y a\u00e9reos de alta complejidad\u00a0con el mejor equipamiento para el tratamiento de emergencias m\u00e9dicas y urgencias de pacientes neonatales, pedi\u00e1tricos y adultos.<\/p>\n","foto":"https:\/\/www.vittal.com.ar\/gestion\/wp-content\/uploads\/2020\/08\/somos.jpg","popup":false,"contenido_popup":{"label_boton":"","contenido":""}},"servicios":{"bajada":"<p style=\"text-align: center;\"><span style=\"color: #000000;\">Ofrecemos servicios de traslado programado de pacientes, m\u00e9dicos a domicilio, ambulancias, \u00e1rea protegida, medicina laboral, servicio diferencial para instituciones educativas y capacitaci\u00f3n para personal m\u00e9dico y la comunidad en general. En la actualidad, contamos con la mayor\u00a0cobertura geogr\u00e1fica, brindando protecci\u00f3n en la Ciudad de Buenos Aires, GBA y en el interior del pa\u00eds.<\/span><\/p>\n","titulo":"","subtitulo":"","box_servicio":[{"imagen":"https:\/\/www.vittal.com.ar\/gestion\/wp-content\/uploads\/2020\/08\/inst-2-e1644880142347.jpg","titulo":"Nuestra misi\u00f3n","bajada":"SALVAR VIDAS mediante la asistencia m\u00e9dica oportuna, profesional y tecnol\u00f3gicamente avanzada, brindando un servicio de excelencia que sea valorado por los usuarios y la comunidad."},{"imagen":"https:\/\/www.vittal.com.ar\/gestion\/wp-content\/uploads\/2020\/08\/inst-3.jpg","titulo":"Nuestra visi\u00f3n","bajada":"Constituir una organizaci\u00f3n m\u00e9dica de gran escala y con recursos de calidad para proveer los servicios extra hospitalarios necesarios que nos permitan cumplir con nuestro objetivo: SALVAR VIDAS."}],"adicional":""}},{"introduccion":{"titulo":"Central operativa","bajada":"<p>Nuestra Central Operativa cuenta con un avanzado sistema de control y localizaci\u00f3n de emergencias m\u00e9dicas, que permite conocer v\u00eda GPS la ubicaci\u00f3n exacta de todos nuestros m\u00f3viles y centros de derivaci\u00f3n, con personal id\u00f3neo y capacitado para atender llamadas de emergencia m\u00e9dica, reduciendo los tiempos de respuesta a los pedidos de auxilio.<\/p>\n","foto":"https:\/\/www.vittal.com.ar\/gestion\/wp-content\/uploads\/2020\/08\/sistema.jpg","popup":false,"contenido_popup":{"label_boton":"","contenido":""}},"servicios":{"bajada":"","titulo":"","subtitulo":"","box_servicio":false,"adicional":""}},{"introduccion":{"titulo":"Certificaci\u00f3n ISO 9001:2015","bajada":"<p>Gracias a un trabajo en conjunto y sostenido en el tiempo, obtuvimos la certificaci\u00f3n bajo normas ISO 9001:2015, que avala el compromiso de nuestra organizaci\u00f3n con la mejora continua de sus procesos.<\/p>\n","foto":"https:\/\/www.vittal.com.ar\/gestion\/wp-content\/uploads\/2023\/12\/int-222.jpg","popup":false,"contenido_popup":{"label_boton":"","contenido":""}},"servicios":{"bajada":"","titulo":"","subtitulo":"","box_servicio":false,"adicional":""}},{"introduccion":{"titulo":"Pol\u00edtica de Calidad","bajada":"<p>vittal, organizaci\u00f3n m\u00e9dica especializada en servicios prehospitalarios y traslados sanitarios, ha definido su Pol\u00edtica de Calidad.<\/p>\n","foto":"https:\/\/www.vittal.com.ar\/gestion\/wp-content\/uploads\/2020\/08\/politica.jpg","popup":true,"contenido_popup":{"label_boton":"Ver Pol\u00edtica de Calidad","contenido":"<p><strong>vittal<\/strong>, organizaci\u00f3n m\u00e9dica especializada en servicios prehospitalarios y traslados sanitarios, ha definido su Pol\u00edtica de Calidad asumiendo el compromiso de:<\/p>\n<ul>\n<li>Brindar a nuestros clientes los servicios m\u00e9dicos necesarios para el cuidado de la salud del paciente, cumpliendo con sus requerimientos.<\/li>\n<li>Implementar mejoras continuas en nuestros procesos, buscando en forma permanente la excelencia operativa.<\/li>\n<li>Conformar un equipo interdisciplinario con profesionales m\u00e9dicos de s\u00f3lida formaci\u00f3n y calidad humana, y prestadores de servicios de salud que cuenten con una trayectoria de eficiencia en el mercado.<\/li>\n<li>Capacitar al personal, brind\u00e1ndoles apoyo y participaci\u00f3n en el proceso de toma de decisiones, para lograr el m\u00e1ximo compromiso con nuestra misi\u00f3n: Salvar Vidas.<\/li>\n<li>Tomar conciencia de la importancia de realizar una gesti\u00f3n ambiental adecuada, desarrollando una cultura de respeto y sensibilizaci\u00f3n por el medio ambiente que se traslade a nuestros empleados, clientes y proveedores.<\/li>\n<li>Liderar desde la Alta Direcci\u00f3n en la planificaci\u00f3n, implementaci\u00f3n, medici\u00f3n y mejora de todos los procesos as\u00ed como de la adecuaci\u00f3n de nuestro Sistema de Gesti\u00f3n.<\/li>\n<li>Promover pr\u00e1cticas que garanticen el respeto y el bienestar hacia adentro y fuera de la compa\u00f1\u00eda.<\/li>\n<li>Incorporar herramientas y t\u00e9cnicas innovadoras que faciliten la optimizaci\u00f3n de los procesos cotidianos de trabajo.<\/li>\n<li>Brindar informaci\u00f3n a trav\u00e9s de un espacio de consulta m\u00e9dica, para la generaci\u00f3n de h\u00e1bitos que promuevan la vida saludable.<\/li>\n<\/ul>\n"}},"servicios":{"bajada":"","titulo":"","subtitulo":"","box_servicio":false,"adicional":""}},{"introduccion":{"titulo":"Recursos Humanos","bajada":"<p>En vittal creemos que el talento de nuestra gente es lo que nos hace la empresa de emergencias m\u00e9dicas extra hospitalarias m\u00e1s grande de la Argentina. Si quer\u00e9s ser parte de una compa\u00f1\u00eda donde tus aportes y tu trabajo sean valorados, dejanos conocerte.<\/p>\n<p>Te invitamos a cargar tu CV para seguir sumando valor a nuestro equipo de trabajo.<\/p>\n<p><a href=\"https:\/\/www.vittal.com.ar\/institucional\/recursos-humanos\" target=\"_blank\" rel=\"noopener\">Completa tu perfil<\/a><\/p>\n","foto":"https:\/\/www.vittal.com.ar\/gestion\/wp-content\/uploads\/2020\/08\/rrhh.jpg","popup":false,"contenido_popup":{"label_boton":"Ver Pol\u00edtica de Calidad","contenido":"<p><strong>vittal<\/strong>, organizaci\u00f3n m\u00e9dica especializada en servicios prehospitalarios y traslados sanitarios, ha definido su Pol\u00edtica de Calidad asumiendo el compromiso de:<\/p>\n<ul>\n<li>Brindar a nuestros clientes los servicios m\u00e9dicos necesarios para el cuidado de la salud del paciente, cumpliendo con sus requerimientos.<\/li>\n<li>Implementar mejoras continuas en nuestros procesos, buscando en forma permanente la excelencia operativa.<\/li>\n<li>Conformar un equipo interdisciplinario con profesionales m\u00e9dicos de s\u00f3lida formaci\u00f3n y calidad humana, y prestadores de servicios de salud que cuenten con una trayectoria de eficiencia en el mercado.<\/li>\n<li>Capacitar al personal, brind\u00e1ndoles apoyo y participaci\u00f3n en el proceso de toma de decisiones, para lograr el m\u00e1ximo compromiso con nuestra misi\u00f3n: Salvar Vidas.<\/li>\n<li>Tomar conciencia de la importancia de realizar una gesti\u00f3n ambiental adecuada, desarrollando una cultura de respeto y sensibilizaci\u00f3n por el medio ambiente que se traslade a nuestros empleados, clientes y proveedores.<\/li>\n<li>Liderar desde la Alta Direcci\u00f3n en la planificaci\u00f3n, implementaci\u00f3n, medici\u00f3n y mejora de todos los procesos as\u00ed como de la adecuaci\u00f3n de nuestro Sistema de Gesti\u00f3n.<\/li>\n<li>Promover pr\u00e1cticas que garanticen el respeto y el bienestar hacia adentro y fuera de la compa\u00f1\u00eda.<\/li>\n<li>Incorporar herramientas y t\u00e9cnicas innovadoras que faciliten la optimizaci\u00f3n de los procesos cotidianos de trabajo.<\/li>\n<li>Brindar informaci\u00f3n a trav\u00e9s de un espacio de consulta m\u00e9dica, para la generaci\u00f3n de h\u00e1bitos que promuevan la vida saludable.<\/li>\n<\/ul>\n"}},"servicios":{"bajada":"","titulo":"","subtitulo":"","box_servicio":false,"adicional":""}}],"foto_bajada":{"titulo":"","subtitulo":"","fondo":false,"bajada":""},"seo":{"titulo":"Institucional","descripcion":"La empresa de emergencias m\u00e9dicas prehospitalarias m\u00e1s grande de la Argentina.","keywords":"Vittal, emergencias m\u00e9dicas, ambulancias"}},"_links":{"self":[{"href":"https:\/\/www.vittal.com.ar\/gestion\/wp-json\/wp\/v2\/pages\/1552"}],"collection":[{"href":"https:\/\/www.vittal.com.ar\/gestion\/wp-json\/wp\/v2\/pages"}],"about":[{"href":"https:\/\/www.vittal.com.ar\/gestion\/wp-json\/wp\/v2\/types\/page"}],"author":[{"embeddable":true,"href":"https:\/\/www.vittal.com.ar\/gestion\/wp-json\/wp\/v2\/users\/4"}],"replies":[{"embeddable":true,"href":"https:\/\/www.vittal.com.ar\/gestion\/wp-json\/wp\/v2\/comments?post=1552"}],"version-history":[{"count":50,"href":"https:\/\/www.vittal.com.ar\/gestion\/wp-json\/wp\/v2\/pages\/1552\/revisions"}],"predecessor-version":[{"id":10237,"href":"https:\/\/www.vittal.com.ar\/gestion\/wp-json\/wp\/v2\/pages\/1552\/revisions\/10237"}],"wp:attachment":[{"href":"https:\/\/www.vittal.com.ar\/gestion\/wp-json\/wp\/v2\/media?parent=1552"}],"curies":[{"name":"wp","href":"https:\/\/api.w.org\/{rel}","templated":true}]}}