{"id":1645,"date":"2020-08-12T13:38:50","date_gmt":"2020-08-12T13:38:50","guid":{"rendered":"http:\/\/client.elpixel.net\/vittal\/wp-test\/?page_id=1645"},"modified":"2022-11-08T19:07:32","modified_gmt":"2022-11-08T19:07:32","slug":"sistema-de-franquicias","status":"publish","type":"page","link":"https:\/\/www.vittal.com.ar\/gestion\/sistema-de-franquicias\/","title":{"rendered":"Franquicias"},"content":{"rendered":"","protected":false},"excerpt":{"rendered":"","protected":false},"author":4,"featured_media":0,"parent":0,"menu_order":0,"comment_status":"closed","ping_status":"closed","template":"","meta":{"footnotes":""},"class_list":["post-1645","page","type-page","status-publish","hentry"],"better_featured_image":null,"yoast_head":"<!-- This site is optimized with the Yoast SEO plugin v22.9 - https:\/\/yoast.com\/wordpress\/plugins\/seo\/ -->\n<title>Franquicias - Vittal<\/title>\n<meta name=\"robots\" content=\"index, follow, max-snippet:-1, max-image-preview:large, max-video-preview:-1\" \/>\n<link rel=\"canonical\" href=\"https:\/\/testweb.vittal.com.ar\/gestion\/sistema-de-franquicias\/\" \/>\n<meta property=\"og:locale\" content=\"es_ES\" \/>\n<meta property=\"og:type\" content=\"article\" \/>\n<meta property=\"og:title\" content=\"Franquicias - Vittal\" \/>\n<meta property=\"og:url\" content=\"https:\/\/testweb.vittal.com.ar\/gestion\/sistema-de-franquicias\/\" \/>\n<meta property=\"og:site_name\" content=\"Vittal\" \/>\n<meta property=\"article:publisher\" content=\"https:\/\/www.facebook.com\/Tuvidaestaprimero\" \/>\n<meta property=\"article:modified_time\" content=\"2022-11-08T19:07:32+00:00\" \/>\n<meta property=\"og:image\" content=\"https:\/\/www.vittal.com.ar\/gestion\/wp-content\/uploads\/2020\/03\/vittal-logo.jpg\" \/>\n\t<meta property=\"og:image:width\" content=\"300\" \/>\n\t<meta property=\"og:image:height\" content=\"300\" \/>\n\t<meta property=\"og:image:type\" content=\"image\/jpeg\" \/>\n<meta name=\"twitter:card\" content=\"summary_large_image\" \/>\n<!-- \/ Yoast SEO plugin. -->","yoast_head_json":{"title":"Franquicias - Vittal","robots":{"index":"index","follow":"follow","max-snippet":"max-snippet:-1","max-image-preview":"max-image-preview:large","max-video-preview":"max-video-preview:-1"},"canonical":"https:\/\/testweb.vittal.com.ar\/gestion\/sistema-de-franquicias\/","og_locale":"es_ES","og_type":"article","og_title":"Franquicias - Vittal","og_url":"https:\/\/testweb.vittal.com.ar\/gestion\/sistema-de-franquicias\/","og_site_name":"Vittal","article_publisher":"https:\/\/www.facebook.com\/Tuvidaestaprimero","article_modified_time":"2022-11-08T19:07:32+00:00","og_image":[{"width":300,"height":300,"url":"https:\/\/www.vittal.com.ar\/gestion\/wp-content\/uploads\/2020\/03\/vittal-logo.jpg","type":"image\/jpeg"}],"twitter_card":"summary_large_image","schema":{"@context":"https:\/\/schema.org","@graph":[{"@type":"WebPage","@id":"https:\/\/testweb.vittal.com.ar\/gestion\/sistema-de-franquicias\/","url":"https:\/\/testweb.vittal.com.ar\/gestion\/sistema-de-franquicias\/","name":"Franquicias - Vittal","isPartOf":{"@id":"https:\/\/testweb.vittal.com.ar\/gestion\/#website"},"datePublished":"2020-08-12T13:38:50+00:00","dateModified":"2022-11-08T19:07:32+00:00","breadcrumb":{"@id":"https:\/\/testweb.vittal.com.ar\/gestion\/sistema-de-franquicias\/#breadcrumb"},"inLanguage":"es","potentialAction":[{"@type":"ReadAction","target":["https:\/\/testweb.vittal.com.ar\/gestion\/sistema-de-franquicias\/"]}]},{"@type":"BreadcrumbList","@id":"https:\/\/testweb.vittal.com.ar\/gestion\/sistema-de-franquicias\/#breadcrumb","itemListElement":[{"@type":"ListItem","position":1,"name":"Home","item":"https:\/\/testweb.vittal.com.ar\/gestion\/"},{"@type":"ListItem","position":2,"name":"Franquicias"}]},{"@type":"WebSite","@id":"https:\/\/testweb.vittal.com.ar\/gestion\/#website","url":"https:\/\/testweb.vittal.com.ar\/gestion\/","name":"Vittal | Emergecias y Urgencias Medicas","description":"Emergencias y urgencias m\u00e9dicas 24hs.","potentialAction":[{"@type":"SearchAction","target":{"@type":"EntryPoint","urlTemplate":"https:\/\/testweb.vittal.com.ar\/gestion\/?s={search_term_string}"},"query-input":"required name=search_term_string"}],"inLanguage":"es"}]}},"acf":{"tipo_de_plantilla":"template2","header":{"titulo":"Franquicias vittal","bajada":"Brindamos un respaldo continuo para que su negocio sea exitoso","fondo":"https:\/\/www.vittal.com.ar\/gestion\/wp-content\/uploads\/2020\/08\/franquicias-header-1.jpg"},"secciones":[{"introduccion":{"titulo":"","bajada":"<p><span style=\"font-weight: 400;\">Nuestro departamento de franquicias surge en el a\u00f1o 2000 como resultado de la decisi\u00f3n estrat\u00e9gica de la empresa de posicionar los servicios pre-hospitalarios de excelencia a nivel nacional. <\/span><\/p>\n<p>Actualmente, <strong>vittal<\/strong> tiene presencia activa de 12 franquicias, brindando junto a las sucursales una red propia de mayor cobertura a nivel nacional. De esta forma garantizamos la asistencia con marca propia en m\u00e1s de 21 ciudades a lo largo de 8 provincias de la Rep\u00fablica Argentina.<\/p>\n<p><strong>vittal<\/strong> traslada su Know How y modelo de negocios a sus socios estrat\u00e9gicos en cada localidad apoyando y monitoreando el desarrollo del servicio bajo los est\u00e1ndares de la compa\u00f1\u00eda.<\/p>\n","foto":"https:\/\/www.vittal.com.ar\/gestion\/wp-content\/uploads\/2020\/08\/franquicias-01.png"},"servicios":{"bajada_principal":"<p style=\"text-align: justify;\">Nuestros servicios operan en situaciones cr\u00edticas, por ello es fundamental el compromiso que <strong>vittal<\/strong> asume con sus afiliados y clientes, para que la percepci\u00f3n sobre la calidad y efectividad del servicio sea la misma en cualquier parte del pa\u00eds.<\/p>\n<p style=\"text-align: justify;\"><strong>vittal<\/strong> cuenta con una Gerencia de Franquicias que junto a personal capacitado representa a cada una de las mismas dentro de Casa Central.<\/p>\n<p style=\"text-align: justify;\"><strong>Esta Gerencia tiene como misi\u00f3n:<\/strong><\/p>\n<p style=\"text-align: justify;\">\u2022 Acompa\u00f1ar cada instancia del proceso, no s\u00f3lo previo sino del d\u00eda a d\u00eda de la nueva empresa Franquiciante.<\/p>\n<p style=\"text-align: justify;\">\u2022 Velar por el cumplimiento del modelo de empresa que buscamos posicionar en cada regi\u00f3n.<\/p>\n<p style=\"text-align: justify;\">Desde un comienzo cada\u00a0potencial\u00a0socio inversor\u00a0interesado,\u00a0cuenta con el asesoramiento en el an\u00e1lisis\u00a0y factibilidad del negocio, en base a los par\u00e1metros que rigen esta actividad y una experiencia de m\u00e1s de 31 a\u00f1os.<\/p>\n<p style=\"text-align: justify;\"><strong>vittal<\/strong> brinda a cada socio de sus franquicias una oportunidad de\u00a0negocio que\u00a0debe ofrecer\u00a0rentabilidad econ\u00f3mica, y al mismo tiempo\u00a0un proyecto que\u00a0demanda responsabilidad\u00a0empresaria\u00a0y tiempo de desarrollo.<\/p>\n<p style=\"text-align: justify;\"><strong>vittal<\/strong>\u202fotorga constantemente asesoramiento financiero, comercial y estrat\u00e9gico a sus unidades franquiciadas.<\/p>\n<p>&nbsp;<\/p>\n<h2 style=\"text-align: center;\"><strong>Ventajas<\/strong><\/h2>\n<p style=\"text-align: justify;\">Como franquiciado de <strong>vittal<\/strong> acceder\u00e1 al concepto de negocio, la experiencia y la asistencia t\u00e9cnica de una organizaci\u00f3n que ha demostrado tener \u00e9xito, y que cuenta con una marca reconocida por el p\u00fablico. Los servicios que a continuaci\u00f3n se detallan son una manera de brindarle un respaldo continuo para que su negocio sea exitoso.<\/p>\n<p>&nbsp;<\/p>\n<p style=\"text-align: center;\">\n<p style=\"text-align: center;\">\n","titulo":"","subtitulo":"","box_servicio":false,"adicional":""}}],"seo":{"titulo":"Franquicias vittal","descripcion":"Brindamos un respaldo continuo para que su negocio sea exitoso","keywords":"Franquicias vittal, Franquicias, vittal"}},"_links":{"self":[{"href":"https:\/\/www.vittal.com.ar\/gestion\/wp-json\/wp\/v2\/pages\/1645"}],"collection":[{"href":"https:\/\/www.vittal.com.ar\/gestion\/wp-json\/wp\/v2\/pages"}],"about":[{"href":"https:\/\/www.vittal.com.ar\/gestion\/wp-json\/wp\/v2\/types\/page"}],"author":[{"embeddable":true,"href":"https:\/\/www.vittal.com.ar\/gestion\/wp-json\/wp\/v2\/users\/4"}],"replies":[{"embeddable":true,"href":"https:\/\/www.vittal.com.ar\/gestion\/wp-json\/wp\/v2\/comments?post=1645"}],"version-history":[{"count":39,"href":"https:\/\/www.vittal.com.ar\/gestion\/wp-json\/wp\/v2\/pages\/1645\/revisions"}],"predecessor-version":[{"id":5388,"href":"https:\/\/www.vittal.com.ar\/gestion\/wp-json\/wp\/v2\/pages\/1645\/revisions\/5388"}],"wp:attachment":[{"href":"https:\/\/www.vittal.com.ar\/gestion\/wp-json\/wp\/v2\/media?parent=1645"}],"curies":[{"name":"wp","href":"https:\/\/api.w.org\/{rel}","templated":true}]}}