{"id":2550,"date":"2021-08-25T15:32:19","date_gmt":"2021-08-25T15:32:19","guid":{"rendered":"http:\/\/client.elpixel.net\/vittal\/wp-test\/?page_id=2550"},"modified":"2024-06-28T16:34:34","modified_gmt":"2024-06-28T19:34:34","slug":"servicios-empresas","status":"publish","type":"page","link":"https:\/\/www.vittal.com.ar\/gestion\/empresas\/servicios-empresas\/","title":{"rendered":"Servicios para Empresas"},"content":{"rendered":"","protected":false},"excerpt":{"rendered":"","protected":false},"author":4,"featured_media":0,"parent":716,"menu_order":1,"comment_status":"closed","ping_status":"closed","template":"","meta":{"footnotes":""},"class_list":["post-2550","page","type-page","status-publish","hentry"],"better_featured_image":null,"yoast_head":"<!-- This site is optimized with the Yoast SEO plugin v22.9 - https:\/\/yoast.com\/wordpress\/plugins\/seo\/ -->\n<title>Servicios para Empresas - Vittal<\/title>\n<meta name=\"robots\" content=\"index, follow, max-snippet:-1, max-image-preview:large, max-video-preview:-1\" \/>\n<link rel=\"canonical\" href=\"https:\/\/testweb.vittal.com.ar\/gestion\/empresas\/servicios-empresas\/\" \/>\n<meta property=\"og:locale\" content=\"es_ES\" \/>\n<meta property=\"og:type\" content=\"article\" \/>\n<meta property=\"og:title\" content=\"Servicios para Empresas - Vittal\" \/>\n<meta property=\"og:url\" content=\"https:\/\/testweb.vittal.com.ar\/gestion\/empresas\/servicios-empresas\/\" \/>\n<meta property=\"og:site_name\" content=\"Vittal\" \/>\n<meta property=\"article:publisher\" content=\"https:\/\/www.facebook.com\/Tuvidaestaprimero\" \/>\n<meta property=\"article:modified_time\" content=\"2024-06-28T19:34:34+00:00\" \/>\n<meta property=\"og:image\" content=\"https:\/\/www.vittal.com.ar\/gestion\/wp-content\/uploads\/2020\/03\/vittal-logo.jpg\" \/>\n\t<meta property=\"og:image:width\" content=\"300\" \/>\n\t<meta property=\"og:image:height\" content=\"300\" \/>\n\t<meta property=\"og:image:type\" content=\"image\/jpeg\" \/>\n<meta name=\"twitter:card\" content=\"summary_large_image\" \/>\n<!-- \/ Yoast SEO plugin. -->","yoast_head_json":{"title":"Servicios para Empresas - Vittal","robots":{"index":"index","follow":"follow","max-snippet":"max-snippet:-1","max-image-preview":"max-image-preview:large","max-video-preview":"max-video-preview:-1"},"canonical":"https:\/\/testweb.vittal.com.ar\/gestion\/empresas\/servicios-empresas\/","og_locale":"es_ES","og_type":"article","og_title":"Servicios para Empresas - Vittal","og_url":"https:\/\/testweb.vittal.com.ar\/gestion\/empresas\/servicios-empresas\/","og_site_name":"Vittal","article_publisher":"https:\/\/www.facebook.com\/Tuvidaestaprimero","article_modified_time":"2024-06-28T19:34:34+00:00","og_image":[{"width":300,"height":300,"url":"https:\/\/www.vittal.com.ar\/gestion\/wp-content\/uploads\/2020\/03\/vittal-logo.jpg","type":"image\/jpeg"}],"twitter_card":"summary_large_image","schema":{"@context":"https:\/\/schema.org","@graph":[{"@type":"WebPage","@id":"https:\/\/testweb.vittal.com.ar\/gestion\/empresas\/servicios-empresas\/","url":"https:\/\/testweb.vittal.com.ar\/gestion\/empresas\/servicios-empresas\/","name":"Servicios para Empresas - Vittal","isPartOf":{"@id":"https:\/\/testweb.vittal.com.ar\/gestion\/#website"},"datePublished":"2021-08-25T15:32:19+00:00","dateModified":"2024-06-28T19:34:34+00:00","breadcrumb":{"@id":"https:\/\/testweb.vittal.com.ar\/gestion\/empresas\/servicios-empresas\/#breadcrumb"},"inLanguage":"es","potentialAction":[{"@type":"ReadAction","target":["https:\/\/testweb.vittal.com.ar\/gestion\/empresas\/servicios-empresas\/"]}]},{"@type":"BreadcrumbList","@id":"https:\/\/testweb.vittal.com.ar\/gestion\/empresas\/servicios-empresas\/#breadcrumb","itemListElement":[{"@type":"ListItem","position":1,"name":"Home","item":"https:\/\/testweb.vittal.com.ar\/gestion\/"},{"@type":"ListItem","position":2,"name":"Empresas","item":"https:\/\/testweb.vittal.com.ar\/gestion\/empresas\/"},{"@type":"ListItem","position":3,"name":"Servicios para Empresas"}]},{"@type":"WebSite","@id":"https:\/\/testweb.vittal.com.ar\/gestion\/#website","url":"https:\/\/testweb.vittal.com.ar\/gestion\/","name":"Vittal | Emergecias y Urgencias Medicas","description":"Emergencias y urgencias m\u00e9dicas 24hs.","potentialAction":[{"@type":"SearchAction","target":{"@type":"EntryPoint","urlTemplate":"https:\/\/testweb.vittal.com.ar\/gestion\/?s={search_term_string}"},"query-input":"required name=search_term_string"}],"inLanguage":"es"}]}},"acf":{"portada":{"titulo":"Servicios","bajada":"Ofrecemos una cobertura a la medida <br> de su empresa, comercio o instituci\u00f3n.","fondo":"https:\/\/www.vittal.com.ar\/gestion\/wp-content\/uploads\/2023\/08\/servicios_caratula-invertida.jpg","redirect":""},"tipo_de_plantilla":"template2","header":{"titulo":"Servicios para empresas","bajada":"Ofrecemos una cobertura a la medida de su empresa, comercio o instituci\u00f3n.","fondo":"https:\/\/www.vittal.com.ar\/gestion\/wp-content\/uploads\/2022\/08\/servicios_header.jpg"},"secciones":[{"introduccion":{"titulo":"","bajada":"Sabemos la tranquilidad que le genera a una compa\u00f1\u00eda que sus empleados y clientes est\u00e9n protegidos ante cualquier emergencia. Por eso ofrecemos una cobertura a la medida de cada empresa, comercio e instituci\u00f3n, planes especialmente dise\u00f1ados para cada necesidad. Siempre con el respaldo profesional de la organizaci\u00f3n de emergencias m\u00e9dicas m\u00e1s grande del pa\u00eds.","foto":"https:\/\/www.vittal.com.ar\/gestion\/wp-content\/uploads\/2022\/08\/servicios_caratula.jpg"},"servicios":{"bajada":"","titulo":"","subtitulo":"","bullets":false,"box_servicio":[{"imagen":"https:\/\/www.vittal.com.ar\/gestion\/wp-content\/uploads\/2020\/07\/servicios-portada-e1629914988650.jpg","titulo":"\u00c1rea Protegida","bajada":"<p>Asistencia m\u00e9dica ante emergencias y urgencias para toda persona que se encuentre dentro de sus instalaciones, ya sea un colaborador habitual o un visitante ocasional, como ser clientes, proveedores, etc.<\/p>\n<p style=\"text-align: left;\"><a href=\"https:\/\/www.vittal.com.ar\/empresas\/area-protegida\" rel=\"noopener\">M\u00e1s informaci\u00f3n<\/a><\/p>\n"},{"imagen":"https:\/\/www.vittal.com.ar\/gestion\/wp-content\/uploads\/2020\/07\/servicios-item-02.jpg","titulo":"Servicio diferencial para instituciones educativas","bajada":"<p>Cobertura ante emergencias m\u00e9dicas, urgencias y m\u00e9dicos a domicilio. Extensi\u00f3n de \u00e1rea protegida a campos de deporte, excursiones o viajes de estudio.<\/p>\n"},{"imagen":"https:\/\/www.vittal.com.ar\/gestion\/wp-content\/uploads\/2020\/07\/servicios-item-03.jpg","titulo":"Convenio capitado","bajada":"<p>Bajo esta modalidad <strong>vittal<\/strong> protege al personal est\u00e9 donde est\u00e9, con la posibilidad de extender la asistencia a sus grupos familiares.<\/p>\n"},{"imagen":"https:\/\/www.vittal.com.ar\/gestion\/wp-content\/uploads\/2020\/07\/cobertura-de-eventos-pic-1.jpg","titulo":"Cobertura de eventos","bajada":"<p>Servicio destinado a cubrir eventos o espect\u00e1culos que requieren de log\u00edstica m\u00e9dica, previniendo cualquier emergencia.<\/p>\n<p><a href=\"https:\/\/www.vittal.com.ar\/empresas\/cobertura-de-eventos\" rel=\"noopener\">M\u00e1s informaci\u00f3n<\/a><\/p>\n"},{"imagen":"https:\/\/www.vittal.com.ar\/gestion\/wp-content\/uploads\/2020\/08\/rcp-2.jpg","titulo":"Espacio cardioprotegido y Cursos","bajada":"<p>Servicios de instalaci\u00f3n de Desfibrilador Externo Autom\u00e1tico (DEA) y cursos de RCP (Reanimaci\u00f3n Cardiopulmonar) en sus instalaciones, lo cual mantiene a su personal listo para casos de emergencia.<\/p>\n<p><a href=\"https:\/\/www.vittal.com.ar\/empresas\/espacio-cardioprotegido\" rel=\"noopener\">M\u00e1s informaci\u00f3n<\/a><\/p>\n"},{"imagen":"https:\/\/www.vittal.com.ar\/gestion\/wp-content\/uploads\/2020\/07\/servicios-item-06.jpg","titulo":"vittal dron","bajada":"<p>Veh\u00edculo pilotado que traslada un DEA para asistir a personas en situaci\u00f3n de p\u00e9rdida de conocimiento s\u00fabita. Su presencia en eventos masivos al aire libre es fundamental para proporcionar una asistencia oportuna.<\/p>\n"},{"imagen":"https:\/\/www.vittal.com.ar\/gestion\/wp-content\/uploads\/2020\/07\/medicina-fondo-1.jpg","titulo":"Medicina laboral","bajada":"<p>Fundada en 1986, Citymed es la empresa de medicina laboral del Grupo.<\/p>\n<p><a href=\"https:\/\/www.vittal.com.ar\/empresas\/medicina-laboral\" rel=\"noopener\">M\u00e1s informaci\u00f3n<\/a><\/p>\n"},{"imagen":"https:\/\/www.vittal.com.ar\/gestion\/wp-content\/uploads\/2020\/03\/servicios-corporativos.jpg","titulo":"Servicios Aerom\u00e9dicos","bajada":"<p>Nuestros Servicios Aerom\u00e9dicos garantizan respuesta, disponibilidad y rapidez para casos de urgencia m\u00e9dica.<\/p>\n<p><a href=\"https:\/\/www.vittal.com.ar\/aeromedicina\/servicios-aeromedicos-y-traslados-aereos\" rel=\"noopener\">M\u00e1s informaci\u00f3n<\/a><\/p>\n"},{"imagen":"https:\/\/www.vittal.com.ar\/gestion\/wp-content\/uploads\/2023\/08\/telefonos-utiles_header-mobile.jpg","titulo":"Comunicate con nosotros","bajada":"<p><a href=\"mailto:grandesclientes@vittal.com.ar\" target=\"_blank\" rel=\"noopener\">grandesclientes@vittal.com.ar<\/a><\/p>\n"}]}}],"seo":{"titulo":"","descripcion":"","keywords":""},"link":"medicina-corporativa\/servicios-empresas"},"_links":{"self":[{"href":"https:\/\/www.vittal.com.ar\/gestion\/wp-json\/wp\/v2\/pages\/2550"}],"collection":[{"href":"https:\/\/www.vittal.com.ar\/gestion\/wp-json\/wp\/v2\/pages"}],"about":[{"href":"https:\/\/www.vittal.com.ar\/gestion\/wp-json\/wp\/v2\/types\/page"}],"author":[{"embeddable":true,"href":"https:\/\/www.vittal.com.ar\/gestion\/wp-json\/wp\/v2\/users\/4"}],"replies":[{"embeddable":true,"href":"https:\/\/www.vittal.com.ar\/gestion\/wp-json\/wp\/v2\/comments?post=2550"}],"version-history":[{"count":49,"href":"https:\/\/www.vittal.com.ar\/gestion\/wp-json\/wp\/v2\/pages\/2550\/revisions"}],"predecessor-version":[{"id":10552,"href":"https:\/\/www.vittal.com.ar\/gestion\/wp-json\/wp\/v2\/pages\/2550\/revisions\/10552"}],"up":[{"embeddable":true,"href":"https:\/\/www.vittal.com.ar\/gestion\/wp-json\/wp\/v2\/pages\/716"}],"wp:attachment":[{"href":"https:\/\/www.vittal.com.ar\/gestion\/wp-json\/wp\/v2\/media?parent=2550"}],"curies":[{"name":"wp","href":"https:\/\/api.w.org\/{rel}","templated":true}]}}