{"id":2666,"date":"2021-08-25T20:35:26","date_gmt":"2021-08-25T20:35:26","guid":{"rendered":"http:\/\/client.elpixel.net\/vittal\/wp-test\/?page_id=2666"},"modified":"2025-07-18T11:33:51","modified_gmt":"2025-07-18T14:33:51","slug":"servicios-adicionales","status":"publish","type":"page","link":"https:\/\/www.vittal.com.ar\/gestion\/areas-protegidas\/servicios-adicionales\/","title":{"rendered":"Servicios adicionales para empresas"},"content":{"rendered":"","protected":false},"excerpt":{"rendered":"","protected":false},"author":4,"featured_media":0,"parent":686,"menu_order":0,"comment_status":"closed","ping_status":"closed","template":"","meta":{"footnotes":""},"class_list":["post-2666","page","type-page","status-publish","hentry"],"better_featured_image":null,"yoast_head":"<!-- This site is optimized with the Yoast SEO plugin v22.9 - https:\/\/yoast.com\/wordpress\/plugins\/seo\/ -->\n<title>Servicios adicionales para empresas - Vittal<\/title>\n<meta name=\"robots\" content=\"index, follow, max-snippet:-1, max-image-preview:large, max-video-preview:-1\" \/>\n<link rel=\"canonical\" href=\"https:\/\/www.vittal.com.ar\/gestion\/areas-protegidas\/servicios-adicionales\/\" \/>\n<meta property=\"og:locale\" content=\"es_ES\" \/>\n<meta property=\"og:type\" content=\"article\" \/>\n<meta property=\"og:title\" content=\"Servicios adicionales para empresas - Vittal\" \/>\n<meta property=\"og:url\" content=\"https:\/\/www.vittal.com.ar\/gestion\/areas-protegidas\/servicios-adicionales\/\" \/>\n<meta property=\"og:site_name\" content=\"Vittal\" \/>\n<meta property=\"article:publisher\" content=\"https:\/\/www.facebook.com\/Tuvidaestaprimero\" \/>\n<meta property=\"article:modified_time\" content=\"2025-07-18T14:33:51+00:00\" \/>\n<meta property=\"og:image\" content=\"https:\/\/www.vittal.com.ar\/gestion\/wp-content\/uploads\/2020\/03\/vittal-logo.jpg\" \/>\n\t<meta property=\"og:image:width\" content=\"300\" \/>\n\t<meta property=\"og:image:height\" content=\"300\" \/>\n\t<meta property=\"og:image:type\" content=\"image\/jpeg\" \/>\n<meta name=\"twitter:card\" content=\"summary_large_image\" \/>\n<!-- \/ Yoast SEO plugin. -->","yoast_head_json":{"title":"Servicios adicionales para empresas - Vittal","robots":{"index":"index","follow":"follow","max-snippet":"max-snippet:-1","max-image-preview":"max-image-preview:large","max-video-preview":"max-video-preview:-1"},"canonical":"https:\/\/www.vittal.com.ar\/gestion\/areas-protegidas\/servicios-adicionales\/","og_locale":"es_ES","og_type":"article","og_title":"Servicios adicionales para empresas - Vittal","og_url":"https:\/\/www.vittal.com.ar\/gestion\/areas-protegidas\/servicios-adicionales\/","og_site_name":"Vittal","article_publisher":"https:\/\/www.facebook.com\/Tuvidaestaprimero","article_modified_time":"2025-07-18T14:33:51+00:00","og_image":[{"width":300,"height":300,"url":"https:\/\/www.vittal.com.ar\/gestion\/wp-content\/uploads\/2020\/03\/vittal-logo.jpg","type":"image\/jpeg"}],"twitter_card":"summary_large_image","schema":{"@context":"https:\/\/schema.org","@graph":[{"@type":"WebPage","@id":"https:\/\/www.vittal.com.ar\/gestion\/areas-protegidas\/servicios-adicionales\/","url":"https:\/\/www.vittal.com.ar\/gestion\/areas-protegidas\/servicios-adicionales\/","name":"Servicios adicionales para empresas - Vittal","isPartOf":{"@id":"https:\/\/testweb.vittal.com.ar\/gestion\/#website"},"datePublished":"2021-08-25T20:35:26+00:00","dateModified":"2025-07-18T14:33:51+00:00","breadcrumb":{"@id":"https:\/\/www.vittal.com.ar\/gestion\/areas-protegidas\/servicios-adicionales\/#breadcrumb"},"inLanguage":"es","potentialAction":[{"@type":"ReadAction","target":["https:\/\/www.vittal.com.ar\/gestion\/areas-protegidas\/servicios-adicionales\/"]}]},{"@type":"BreadcrumbList","@id":"https:\/\/www.vittal.com.ar\/gestion\/areas-protegidas\/servicios-adicionales\/#breadcrumb","itemListElement":[{"@type":"ListItem","position":1,"name":"Home","item":"https:\/\/testweb.vittal.com.ar\/gestion\/"},{"@type":"ListItem","position":2,"name":"Areas Protegidas","item":"https:\/\/testweb.vittal.com.ar\/gestion\/areas-protegidas\/"},{"@type":"ListItem","position":3,"name":"Servicios adicionales para empresas"}]},{"@type":"WebSite","@id":"https:\/\/testweb.vittal.com.ar\/gestion\/#website","url":"https:\/\/testweb.vittal.com.ar\/gestion\/","name":"Vittal | Emergecias y Urgencias Medicas","description":"Emergencias y urgencias m\u00e9dicas 24hs.","potentialAction":[{"@type":"SearchAction","target":{"@type":"EntryPoint","urlTemplate":"https:\/\/testweb.vittal.com.ar\/gestion\/?s={search_term_string}"},"query-input":"required name=search_term_string"}],"inLanguage":"es"}]}},"acf":{"portada":{"titulo":"Servicios adicionales","bajada":"Para compa\u00f1\u00edas, instituciones, colegios, clubes, f\u00e1bricas y otras locaciones laborales.","fondo":"https:\/\/www.vittal.com.ar\/gestion\/wp-content\/uploads\/2022\/11\/servicios-adicionales-empresas_caratula-q-no-tiene-actualmente.jpg","imagen_de_fondo_mobile":"https:\/\/www.vittal.com.ar\/gestion\/wp-content\/uploads\/2023\/01\/servicios-adicionales-empresas_fondo-mobile.jpg","en_construccion":false},"header":{"titulo":"Servicios adicionales","bajada":"Para compa\u00f1\u00edas, instituciones, colegios, clubes, f\u00e1bricas y otras locaciones laborales.","fondo":"https:\/\/www.vittal.com.ar\/gestion\/wp-content\/uploads\/2022\/08\/servicios-adicionales-empresas_header.jpg"},"introduccion":{"titulo":"","bajada":"Brindamos servicios exclusivos de laboratorio, vacunaci\u00f3n y test Covid-19 en empresas e instituciones. Contamos con equipos de profesionales de la salud preparados para la atenci\u00f3n en plantas, oficinas y otros espacios de trabajo. ","foto":"https:\/\/www.vittal.com.ar\/gestion\/wp-content\/uploads\/2022\/08\/servicios-adicionales-empresas_imagen-interior-mobile.jpg"},"servicios":{"bajada_top":"","titulo":"","bajada":"","box_servicio":[{"titulo":"Laboratorio","bajada":"A trav\u00e9s de Citymed, empresa perteneciente al grupo vittal, realizamos estudios de laboratorio para ex\u00e1menes preocupacionales, de ingreso u otras necesidades de la compa\u00f1\u00eda.","imagen":"https:\/\/www.vittal.com.ar\/gestion\/wp-content\/uploads\/2022\/08\/laboratorio.jpg"},{"titulo":"Vacuna antigripal Cepa 2025","bajada":"Adelantate a la circulaci\u00f3n del virus y los contagios. Consult\u00e1 por nuestro servicio de vacunaci\u00f3n en tu lugar de trabajo. Tarifas preferenciales para clientes.","imagen":"https:\/\/www.vittal.com.ar\/gestion\/wp-content\/uploads\/2022\/08\/vacuna-antigripal-1.jpg"},{"titulo":"Vacuna dengue","bajada":"Vacuna Qdenga tetravalente que brinda protecci\u00f3n frente a los 4 tipos de serotipos del virus, con aplicaci\u00f3n en tu lugar de trabajo.","imagen":"https:\/\/www.vittal.com.ar\/gestion\/wp-content\/uploads\/2022\/08\/test-covid-19.jpg"},{"titulo":"Test dengue","bajada":"Prueba r\u00e1pida realizada por personal id\u00f3neo a trav\u00e9s de una muestra de sangre por punci\u00f3n de dedo.","imagen":"https:\/\/www.vittal.com.ar\/gestion\/wp-content\/uploads\/2024\/10\/landing-test-dengue_empresas.jpg"}]},"seo":{"titulo":"","descripcion":"","keywords":""},"link":"areas-protegidas\/servicios-adicionales"},"_links":{"self":[{"href":"https:\/\/www.vittal.com.ar\/gestion\/wp-json\/wp\/v2\/pages\/2666"}],"collection":[{"href":"https:\/\/www.vittal.com.ar\/gestion\/wp-json\/wp\/v2\/pages"}],"about":[{"href":"https:\/\/www.vittal.com.ar\/gestion\/wp-json\/wp\/v2\/types\/page"}],"author":[{"embeddable":true,"href":"https:\/\/www.vittal.com.ar\/gestion\/wp-json\/wp\/v2\/users\/4"}],"replies":[{"embeddable":true,"href":"https:\/\/www.vittal.com.ar\/gestion\/wp-json\/wp\/v2\/comments?post=2666"}],"version-history":[{"count":14,"href":"https:\/\/www.vittal.com.ar\/gestion\/wp-json\/wp\/v2\/pages\/2666\/revisions"}],"predecessor-version":[{"id":11286,"href":"https:\/\/www.vittal.com.ar\/gestion\/wp-json\/wp\/v2\/pages\/2666\/revisions\/11286"}],"up":[{"embeddable":true,"href":"https:\/\/www.vittal.com.ar\/gestion\/wp-json\/wp\/v2\/pages\/686"}],"wp:attachment":[{"href":"https:\/\/www.vittal.com.ar\/gestion\/wp-json\/wp\/v2\/media?parent=2666"}],"curies":[{"name":"wp","href":"https:\/\/api.w.org\/{rel}","templated":true}]}}