{"id":3919,"date":"2022-01-31T19:15:53","date_gmt":"2022-01-31T19:15:53","guid":{"rendered":"http:\/\/client.elpixel.net\/vittal\/wp-test\/?page_id=3919"},"modified":"2025-05-22T12:08:24","modified_gmt":"2025-05-22T15:08:24","slug":"mes-bonificado-septiembre-2019-emailing","status":"publish","type":"page","link":"https:\/\/www.vittal.com.ar\/gestion\/landing\/mes-bonificado-septiembre-2019-emailing\/","title":{"rendered":"Primer mes gratis | Emailing | 2021"},"content":{"rendered":"","protected":false},"excerpt":{"rendered":"","protected":false},"author":4,"featured_media":0,"parent":727,"menu_order":0,"comment_status":"closed","ping_status":"closed","template":"","meta":{"footnotes":""},"class_list":["post-3919","page","type-page","status-publish","hentry"],"better_featured_image":null,"yoast_head":"<!-- This site is optimized with the Yoast SEO plugin v22.9 - https:\/\/yoast.com\/wordpress\/plugins\/seo\/ -->\n<title>Primer mes gratis | Emailing | 2021 - Vittal<\/title>\n<meta name=\"robots\" content=\"index, follow, max-snippet:-1, max-image-preview:large, max-video-preview:-1\" \/>\n<link rel=\"canonical\" href=\"https:\/\/www.vittal.com.ar\/gestion\/landing\/mes-bonificado-septiembre-2019-emailing\/\" \/>\n<meta property=\"og:locale\" content=\"es_ES\" \/>\n<meta property=\"og:type\" content=\"article\" \/>\n<meta property=\"og:title\" content=\"Primer mes gratis | Emailing | 2021 - Vittal\" \/>\n<meta property=\"og:url\" content=\"https:\/\/www.vittal.com.ar\/gestion\/landing\/mes-bonificado-septiembre-2019-emailing\/\" \/>\n<meta property=\"og:site_name\" content=\"Vittal\" \/>\n<meta property=\"article:publisher\" content=\"https:\/\/www.facebook.com\/Tuvidaestaprimero\" \/>\n<meta property=\"article:modified_time\" content=\"2025-05-22T15:08:24+00:00\" \/>\n<meta property=\"og:image\" content=\"https:\/\/www.vittal.com.ar\/gestion\/wp-content\/uploads\/2020\/03\/vittal-logo.jpg\" \/>\n\t<meta property=\"og:image:width\" content=\"300\" \/>\n\t<meta property=\"og:image:height\" content=\"300\" \/>\n\t<meta property=\"og:image:type\" content=\"image\/jpeg\" \/>\n<meta name=\"twitter:card\" content=\"summary_large_image\" \/>\n<!-- \/ Yoast SEO plugin. -->","yoast_head_json":{"title":"Primer mes gratis | Emailing | 2021 - Vittal","robots":{"index":"index","follow":"follow","max-snippet":"max-snippet:-1","max-image-preview":"max-image-preview:large","max-video-preview":"max-video-preview:-1"},"canonical":"https:\/\/www.vittal.com.ar\/gestion\/landing\/mes-bonificado-septiembre-2019-emailing\/","og_locale":"es_ES","og_type":"article","og_title":"Primer mes gratis | Emailing | 2021 - Vittal","og_url":"https:\/\/www.vittal.com.ar\/gestion\/landing\/mes-bonificado-septiembre-2019-emailing\/","og_site_name":"Vittal","article_publisher":"https:\/\/www.facebook.com\/Tuvidaestaprimero","article_modified_time":"2025-05-22T15:08:24+00:00","og_image":[{"width":300,"height":300,"url":"https:\/\/www.vittal.com.ar\/gestion\/wp-content\/uploads\/2020\/03\/vittal-logo.jpg","type":"image\/jpeg"}],"twitter_card":"summary_large_image","schema":{"@context":"https:\/\/schema.org","@graph":[{"@type":"WebPage","@id":"https:\/\/www.vittal.com.ar\/gestion\/landing\/mes-bonificado-septiembre-2019-emailing\/","url":"https:\/\/www.vittal.com.ar\/gestion\/landing\/mes-bonificado-septiembre-2019-emailing\/","name":"Primer mes gratis | Emailing | 2021 - Vittal","isPartOf":{"@id":"https:\/\/testweb.vittal.com.ar\/gestion\/#website"},"datePublished":"2022-01-31T19:15:53+00:00","dateModified":"2025-05-22T15:08:24+00:00","breadcrumb":{"@id":"https:\/\/www.vittal.com.ar\/gestion\/landing\/mes-bonificado-septiembre-2019-emailing\/#breadcrumb"},"inLanguage":"es","potentialAction":[{"@type":"ReadAction","target":["https:\/\/www.vittal.com.ar\/gestion\/landing\/mes-bonificado-septiembre-2019-emailing\/"]}]},{"@type":"BreadcrumbList","@id":"https:\/\/www.vittal.com.ar\/gestion\/landing\/mes-bonificado-septiembre-2019-emailing\/#breadcrumb","itemListElement":[{"@type":"ListItem","position":1,"name":"Home","item":"https:\/\/testweb.vittal.com.ar\/gestion\/"},{"@type":"ListItem","position":2,"name":"Landings","item":"https:\/\/testweb.vittal.com.ar\/gestion\/landing\/"},{"@type":"ListItem","position":3,"name":"Primer mes gratis | Emailing | 2021"}]},{"@type":"WebSite","@id":"https:\/\/testweb.vittal.com.ar\/gestion\/#website","url":"https:\/\/testweb.vittal.com.ar\/gestion\/","name":"Vittal | Emergecias y Urgencias Medicas","description":"Emergencias y urgencias m\u00e9dicas 24hs.","potentialAction":[{"@type":"SearchAction","target":{"@type":"EntryPoint","urlTemplate":"https:\/\/testweb.vittal.com.ar\/gestion\/?s={search_term_string}"},"query-input":"required name=search_term_string"}],"inLanguage":"es"}]}},"acf":{"tipo_de_landing":"Landing Contacto Bitrix","precio":1059,"activarbitrix":true,"landing_contacto":{"telefono":"","titulo":"Primer Mes Gratis","bajada":"<p>\u00a1Este mes no hagas cuentas!<\/p>\n<p>Asociate ahora a<strong>\u00a0vittal<\/strong>\u00a0y empez\u00e1 a pagarlo el mes que viene.<\/p>\n<p>Acced\u00e9 a cobertura ante\u00a0<strong>emergencias y urgencias m\u00e9dicas<\/strong>\u00a0las 24 hs, odontolog\u00eda de urgencia,\u00a0<strong>pediatras a domicilio<\/strong>, descuentos en farmacias de hasta el 40%, \u00a1y m\u00e1s beneficios!<\/p>\n<p>&nbsp;<\/p>\n","imagen":"https:\/\/www.vittal.com.ar\/gestion\/wp-content\/uploads\/2022\/01\/mes-gratis_landing-desktop.jpg","imagenmobile":"https:\/\/www.vittal.com.ar\/gestion\/wp-content\/uploads\/2022\/01\/mes-gratis_landing-mobile.jpg","titulo_formulario":"Solicit\u00e1 m\u00e1s informaci\u00f3n","codigo_formulario":1217,"beneficios":[{"icono":"https:\/\/www.vittal.com.ar\/gestion\/wp-content\/uploads\/2022\/01\/icono-medico-domicilio.png","texto":"M\u00e9dicos cl\u00ednicos y pediatras a domicilio*"},{"icono":"https:\/\/www.vittal.com.ar\/gestion\/wp-content\/uploads\/2022\/01\/icono-idoc.png","texto":"M\u00e9dico online las 24hs."},{"icono":"https:\/\/www.vittal.com.ar\/gestion\/wp-content\/uploads\/2022\/01\/icono-odontologia-1.png","texto":"Odontolog\u00eda de urgencia las 24hs."},{"icono":"https:\/\/www.vittal.com.ar\/gestion\/wp-content\/uploads\/2022\/01\/icono-emergencias-1.png","texto":"Emergencias y urgencias las 24hs"},{"icono":"https:\/\/www.vittal.com.ar\/gestion\/wp-content\/uploads\/2022\/01\/icono-descuento.png","texto":"40% de descuento en farmacias adheridas"},{"icono":"https:\/\/www.vittal.com.ar\/gestion\/wp-content\/uploads\/2022\/01\/icono-cobertura.png","texto":"Asistencia internacional al viajero con Assistravel"}],"legales":"El servicio estar\u00e1 disponible dentro de las 72 horas h\u00e1biles de producida la contrataci\u00f3n por cualquier medio. Las promociones son v\u00e1lidas para todos los planes desde el 01\/01\/2025 hasta el 31\/12\/2025, abonando mediante cualquier medio de pago electr\u00f3nico. Las promociones estar\u00e1n sujetas a condiciones espec\u00edficas y limitaciones, y no ser\u00e1n acumulables con otras ofertas. Para todos los planes consultar cotizaci\u00f3n con asesor o mediante sitio web oficial https:\/\/www.vittal.com.ar\/planes. Los valores pueden estar sujetos a variaciones dependiendo de la zona geogr\u00e1fica de cobertura. T\u00e9rminos de bases y condiciones disponibles en https:\/\/www.vittal.com.ar\/assets\/terminos-y-condiciones.pdf. Las contrataciones estar\u00e1n sujetas a la verificaci\u00f3n de la documentaci\u00f3n necesaria para la formalizaci\u00f3n del contrato.  El titular del plan asume la responsabilidad por la veracidad de los datos proporcionados al momento de la contrataci\u00f3n. Todos los Servicios est\u00e1n sujetos a la modalidad de abono mensual prepago y copago en caso de corresponder. Los datos personales de los usuarios y\/o beneficiarios ser\u00e1n tratados conforme a la legislaci\u00f3n vigente. DIRECCI\u00d3N NACIONAL DE PROTECCI\u00d3N DE DATOS PERSONALES, \u00d3rgano de Control de la Ley N\u00ba 25.326, tiene la atribuci\u00f3n de atender las denuncias y reclamos que se interpongan con relaci\u00f3n al incumplimiento de las normas sobre protecci\u00f3n de datos personales.   Socorro M\u00e9dico Privado S.A. CUIT 30-61221341-7. Av. \u00c1lvarez Thomas 1154\/1156, Ciudad Aut\u00f3noma de Buenos Aires. Superintendencia Servicios de Salud, 0800-222-SALUD (72583). R.N.E.M.P. N\u00b0113052. Para mayor informaci\u00f3n Centro de Atenci\u00f3n al Socio Tel: 0810-888-48825, info@vittal.com.ar, Whatsapp +54 9 11 3032-6052. "},"seo":{"titulo":"","descripcion":"","keywords":""},"scriptbitrix":"<script data-b24-form=\"inline\/11\/z0hf3g\" data-skip-moving=\"true\">\r\n        (function(w,d,u){\r\n                var s=d.createElement('script');s.async=true;s.src=u+'?'+(Date.now()\/180000|0);\r\n                var h=d.getElementsByTagName('script')[0];h.parentNode.insertBefore(s,h);\r\n        })(window,document,'https:\/\/cdn.bitrix24.es\/b18116991\/crm\/form\/loader_11.js');\r\n<\/script>"},"_links":{"self":[{"href":"https:\/\/www.vittal.com.ar\/gestion\/wp-json\/wp\/v2\/pages\/3919"}],"collection":[{"href":"https:\/\/www.vittal.com.ar\/gestion\/wp-json\/wp\/v2\/pages"}],"about":[{"href":"https:\/\/www.vittal.com.ar\/gestion\/wp-json\/wp\/v2\/types\/page"}],"author":[{"embeddable":true,"href":"https:\/\/www.vittal.com.ar\/gestion\/wp-json\/wp\/v2\/users\/4"}],"replies":[{"embeddable":true,"href":"https:\/\/www.vittal.com.ar\/gestion\/wp-json\/wp\/v2\/comments?post=3919"}],"version-history":[{"count":7,"href":"https:\/\/www.vittal.com.ar\/gestion\/wp-json\/wp\/v2\/pages\/3919\/revisions"}],"predecessor-version":[{"id":11159,"href":"https:\/\/www.vittal.com.ar\/gestion\/wp-json\/wp\/v2\/pages\/3919\/revisions\/11159"}],"up":[{"embeddable":true,"href":"https:\/\/www.vittal.com.ar\/gestion\/wp-json\/wp\/v2\/pages\/727"}],"wp:attachment":[{"href":"https:\/\/www.vittal.com.ar\/gestion\/wp-json\/wp\/v2\/media?parent=3919"}],"curies":[{"name":"wp","href":"https:\/\/api.w.org\/{rel}","templated":true}]}}