{"id":404,"date":"2019-09-09T14:44:28","date_gmt":"2019-09-09T14:44:28","guid":{"rendered":"http:\/\/client.elpixel.net\/vittal\/wp-test\/?page_id=404"},"modified":"2025-05-22T14:10:08","modified_gmt":"2025-05-22T17:10:08","slug":"enfermeria","status":"publish","type":"page","link":"https:\/\/www.vittal.com.ar\/gestion\/servicios-adicionales\/enfermeria\/","title":{"rendered":"Enfermer\u00eda"},"content":{"rendered":"","protected":false},"excerpt":{"rendered":"","protected":false},"author":4,"featured_media":0,"parent":381,"menu_order":0,"comment_status":"closed","ping_status":"closed","template":"","meta":{"footnotes":""},"class_list":["post-404","page","type-page","status-publish","hentry"],"better_featured_image":null,"yoast_head":"<!-- This site is optimized with the Yoast SEO plugin v22.9 - https:\/\/yoast.com\/wordpress\/plugins\/seo\/ -->\n<title>Enfermer\u00eda - Vittal<\/title>\n<meta name=\"robots\" content=\"index, follow, max-snippet:-1, max-image-preview:large, max-video-preview:-1\" \/>\n<link rel=\"canonical\" href=\"https:\/\/www.vittal.com.ar\/gestion\/servicios-adicionales\/enfermeria\/\" \/>\n<meta property=\"og:locale\" content=\"es_ES\" \/>\n<meta property=\"og:type\" content=\"article\" \/>\n<meta property=\"og:title\" content=\"Enfermer\u00eda - Vittal\" \/>\n<meta property=\"og:url\" content=\"https:\/\/www.vittal.com.ar\/gestion\/servicios-adicionales\/enfermeria\/\" \/>\n<meta property=\"og:site_name\" content=\"Vittal\" \/>\n<meta property=\"article:publisher\" content=\"https:\/\/www.facebook.com\/Tuvidaestaprimero\" \/>\n<meta property=\"article:modified_time\" content=\"2025-05-22T17:10:08+00:00\" \/>\n<meta property=\"og:image\" content=\"https:\/\/www.vittal.com.ar\/gestion\/wp-content\/uploads\/2020\/03\/vittal-logo.jpg\" \/>\n\t<meta property=\"og:image:width\" content=\"300\" \/>\n\t<meta property=\"og:image:height\" content=\"300\" \/>\n\t<meta property=\"og:image:type\" content=\"image\/jpeg\" \/>\n<meta name=\"twitter:card\" content=\"summary_large_image\" \/>\n<!-- \/ Yoast SEO plugin. -->","yoast_head_json":{"title":"Enfermer\u00eda - Vittal","robots":{"index":"index","follow":"follow","max-snippet":"max-snippet:-1","max-image-preview":"max-image-preview:large","max-video-preview":"max-video-preview:-1"},"canonical":"https:\/\/www.vittal.com.ar\/gestion\/servicios-adicionales\/enfermeria\/","og_locale":"es_ES","og_type":"article","og_title":"Enfermer\u00eda - Vittal","og_url":"https:\/\/www.vittal.com.ar\/gestion\/servicios-adicionales\/enfermeria\/","og_site_name":"Vittal","article_publisher":"https:\/\/www.facebook.com\/Tuvidaestaprimero","article_modified_time":"2025-05-22T17:10:08+00:00","og_image":[{"width":300,"height":300,"url":"https:\/\/www.vittal.com.ar\/gestion\/wp-content\/uploads\/2020\/03\/vittal-logo.jpg","type":"image\/jpeg"}],"twitter_card":"summary_large_image","schema":{"@context":"https:\/\/schema.org","@graph":[{"@type":"WebPage","@id":"https:\/\/www.vittal.com.ar\/gestion\/servicios-adicionales\/enfermeria\/","url":"https:\/\/www.vittal.com.ar\/gestion\/servicios-adicionales\/enfermeria\/","name":"Enfermer\u00eda - Vittal","isPartOf":{"@id":"https:\/\/testweb.vittal.com.ar\/gestion\/#website"},"datePublished":"2019-09-09T14:44:28+00:00","dateModified":"2025-05-22T17:10:08+00:00","breadcrumb":{"@id":"https:\/\/www.vittal.com.ar\/gestion\/servicios-adicionales\/enfermeria\/#breadcrumb"},"inLanguage":"es","potentialAction":[{"@type":"ReadAction","target":["https:\/\/www.vittal.com.ar\/gestion\/servicios-adicionales\/enfermeria\/"]}]},{"@type":"BreadcrumbList","@id":"https:\/\/www.vittal.com.ar\/gestion\/servicios-adicionales\/enfermeria\/#breadcrumb","itemListElement":[{"@type":"ListItem","position":1,"name":"Home","item":"https:\/\/testweb.vittal.com.ar\/gestion\/"},{"@type":"ListItem","position":2,"name":"Servicios Adicionales","item":"https:\/\/testweb.vittal.com.ar\/gestion\/servicios-adicionales\/"},{"@type":"ListItem","position":3,"name":"Enfermer\u00eda"}]},{"@type":"WebSite","@id":"https:\/\/testweb.vittal.com.ar\/gestion\/#website","url":"https:\/\/testweb.vittal.com.ar\/gestion\/","name":"Vittal | Emergecias y Urgencias Medicas","description":"Emergencias y urgencias m\u00e9dicas 24hs.","potentialAction":[{"@type":"SearchAction","target":{"@type":"EntryPoint","urlTemplate":"https:\/\/testweb.vittal.com.ar\/gestion\/?s={search_term_string}"},"query-input":"required name=search_term_string"}],"inLanguage":"es"}]}},"acf":{"portada":{"imagen":"https:\/\/www.vittal.com.ar\/gestion\/wp-content\/uploads\/2022\/11\/servicios-interior-planes_enfermeria.jpg","titulo":"Enfermer\u00eda","descripcion":"Asistencia de enfermeros con amplia experiencia profesional con respaldo vittal.","label_boton":"Ver m\u00e1s","redirect":{"utilizar_redireccionamiento":false,"url":""}},"interior":{"imagen_fondo":"https:\/\/www.vittal.com.ar\/gestion\/wp-content\/uploads\/2022\/02\/servicios-adicionales_enfermeria-interior.jpg","imagenMobile":false,"titulo":"Enfermer\u00eda","subtitulo":"Asistencia de enfermeros con amplia experiencia profesional con respaldo vittal.","contenido":"<h2>Servicio de enfermer\u00eda a domicilio<\/h2>\n<p>Asistencia de enfermeros con amplia experiencia profesional en pr\u00e1cticas que van desde:<\/p>\n<ul>\n<li>Higiene y confort del paciente.<\/li>\n<li>Aplicaciones de inyectables subcut\u00e1neas e intramusculares.<\/li>\n<li>Curaciones quir\u00fargicas\/pos quir\u00fargicas y escaras planas\/profundas.<\/li>\n<li>Monitoreo de tensi\u00f3n arterial y signos vitales.<\/li>\n<li>Colocaci\u00f3n y cambio de bolsas colectoras, orina, colostom\u00eda, etc.<\/li>\n<li>Otras pr\u00e1cticas.<\/li>\n<\/ul>\n<p>&nbsp;<\/p>\n<p>&nbsp;<\/p>\n","link":{"label":"M\u00e1s Informaci\u00f3n","url":"https:\/\/wa.me\/+5491130326052","externo":true},"on_demand":{"titulo":"","subtitulo":"","label":"","link":""},"legales":"(*) Consultar valores de cada pr\u00e1ctica y cobertura geogr\u00e1fica llamando al 0810-888-48825.\r\nServicios disponibles tanto para socios de vittal, como para no Socios. Servicios con copago para todos los planes. Enfermer\u00eda, radiolog\u00eda y laboratorio a domicilio, con \u00e1rea de cobertura solo en CABA y GBA. Para la aplicaci\u00f3n de inyectables, intramuscular, endovenosa o subcut\u00e1nea, se debe presentar una orden de prescripci\u00f3n m\u00e9dica sin excepci\u00f3n. V\u00e1lido en Capital Federal y Gran Buenos Aires. Para mayor informaci\u00f3n comunicarse al Centro de Atenci\u00f3n al Socio Tel. 0810-888-48825 o por WhatsApp al 11 3032-6052. Socorro M\u00e9dico Privado S.A. CUIT 30-61221341-7. Av. \u00c1lvarez Thomas 1154 C.A.B.A. SSS 0800-222-Salud. RNEMP N\u00b0113052. \"El titular de los datos personales tiene la facultad de ejercer el derecho de acceso a los mismos en forma gratuita a intervalos no inferiores a seis meses, salvo que se acredite un inter\u00e9s leg\u00edtimo al efecto conforme lo establecido en el art\u00edculo 14, inciso 3 de la Ley N\u00ba 25.326\". \"La DIRECCI\u00d3N NACIONAL DE PROTECCI\u00d3N DE DATOS PERSONALES, \u00d3rgano de Control de la Ley N\u00ba 25.326, tiene la atribuci\u00f3n de atender las denuncias y reclamos que se interpongan con relaci\u00f3n al incumplimiento de las normas sobre protecci\u00f3n de datos personales\"."},"plantilla":"adic","seo":{"titulo":"Enfermer\u00eda","descripcion":"Cont\u00e1 con el servicio de enfermer\u00eda a domicilio brindado por un equipo de profesionales con respaldo vittal.","keywords":"enfermeria, vittal"}},"_links":{"self":[{"href":"https:\/\/www.vittal.com.ar\/gestion\/wp-json\/wp\/v2\/pages\/404"}],"collection":[{"href":"https:\/\/www.vittal.com.ar\/gestion\/wp-json\/wp\/v2\/pages"}],"about":[{"href":"https:\/\/www.vittal.com.ar\/gestion\/wp-json\/wp\/v2\/types\/page"}],"author":[{"embeddable":true,"href":"https:\/\/www.vittal.com.ar\/gestion\/wp-json\/wp\/v2\/users\/4"}],"replies":[{"embeddable":true,"href":"https:\/\/www.vittal.com.ar\/gestion\/wp-json\/wp\/v2\/comments?post=404"}],"version-history":[{"count":30,"href":"https:\/\/www.vittal.com.ar\/gestion\/wp-json\/wp\/v2\/pages\/404\/revisions"}],"predecessor-version":[{"id":11171,"href":"https:\/\/www.vittal.com.ar\/gestion\/wp-json\/wp\/v2\/pages\/404\/revisions\/11171"}],"up":[{"embeddable":true,"href":"https:\/\/www.vittal.com.ar\/gestion\/wp-json\/wp\/v2\/pages\/381"}],"wp:attachment":[{"href":"https:\/\/www.vittal.com.ar\/gestion\/wp-json\/wp\/v2\/media?parent=404"}],"curies":[{"name":"wp","href":"https:\/\/api.w.org\/{rel}","templated":true}]}}