{"id":4098,"date":"2022-02-18T19:38:22","date_gmt":"2022-02-18T19:38:22","guid":{"rendered":"http:\/\/client.elpixel.net\/vittal\/wp-test\/?page_id=4098"},"modified":"2026-03-11T18:33:37","modified_gmt":"2026-03-11T21:33:37","slug":"apto-fisico-escolar-no-socios","status":"publish","type":"page","link":"https:\/\/www.vittal.com.ar\/gestion\/landing\/apto-fisico-escolar-no-socios\/","title":{"rendered":"Apto f\u00edsico escolar | No socios"},"content":{"rendered":"","protected":false},"excerpt":{"rendered":"","protected":false},"author":4,"featured_media":0,"parent":727,"menu_order":0,"comment_status":"closed","ping_status":"closed","template":"","meta":{"footnotes":""},"class_list":["post-4098","page","type-page","status-publish","hentry"],"better_featured_image":null,"yoast_head":"<!-- This site is optimized with the Yoast SEO plugin v22.9 - https:\/\/yoast.com\/wordpress\/plugins\/seo\/ -->\n<title>Apto f\u00edsico escolar | No socios - Vittal<\/title>\n<meta name=\"robots\" content=\"index, follow, max-snippet:-1, max-image-preview:large, max-video-preview:-1\" \/>\n<link rel=\"canonical\" href=\"https:\/\/www.vittal.com.ar\/gestion\/landing\/apto-fisico-escolar-no-socios\/\" \/>\n<meta property=\"og:locale\" content=\"es_ES\" \/>\n<meta property=\"og:type\" content=\"article\" \/>\n<meta property=\"og:title\" content=\"Apto f\u00edsico escolar | No socios - Vittal\" \/>\n<meta property=\"og:url\" content=\"https:\/\/www.vittal.com.ar\/gestion\/landing\/apto-fisico-escolar-no-socios\/\" \/>\n<meta property=\"og:site_name\" content=\"Vittal\" \/>\n<meta property=\"article:publisher\" content=\"https:\/\/www.facebook.com\/Tuvidaestaprimero\" \/>\n<meta property=\"article:modified_time\" content=\"2026-03-11T21:33:37+00:00\" \/>\n<meta property=\"og:image\" content=\"https:\/\/www.vittal.com.ar\/gestion\/wp-content\/uploads\/2020\/03\/vittal-logo.jpg\" \/>\n\t<meta property=\"og:image:width\" content=\"300\" \/>\n\t<meta property=\"og:image:height\" content=\"300\" \/>\n\t<meta property=\"og:image:type\" content=\"image\/jpeg\" \/>\n<meta name=\"twitter:card\" content=\"summary_large_image\" \/>\n<!-- \/ Yoast SEO plugin. -->","yoast_head_json":{"title":"Apto f\u00edsico escolar | No socios - Vittal","robots":{"index":"index","follow":"follow","max-snippet":"max-snippet:-1","max-image-preview":"max-image-preview:large","max-video-preview":"max-video-preview:-1"},"canonical":"https:\/\/www.vittal.com.ar\/gestion\/landing\/apto-fisico-escolar-no-socios\/","og_locale":"es_ES","og_type":"article","og_title":"Apto f\u00edsico escolar | No socios - Vittal","og_url":"https:\/\/www.vittal.com.ar\/gestion\/landing\/apto-fisico-escolar-no-socios\/","og_site_name":"Vittal","article_publisher":"https:\/\/www.facebook.com\/Tuvidaestaprimero","article_modified_time":"2026-03-11T21:33:37+00:00","og_image":[{"width":300,"height":300,"url":"https:\/\/www.vittal.com.ar\/gestion\/wp-content\/uploads\/2020\/03\/vittal-logo.jpg","type":"image\/jpeg"}],"twitter_card":"summary_large_image","schema":{"@context":"https:\/\/schema.org","@graph":[{"@type":"WebPage","@id":"https:\/\/www.vittal.com.ar\/gestion\/landing\/apto-fisico-escolar-no-socios\/","url":"https:\/\/www.vittal.com.ar\/gestion\/landing\/apto-fisico-escolar-no-socios\/","name":"Apto f\u00edsico escolar | No socios - Vittal","isPartOf":{"@id":"https:\/\/testweb.vittal.com.ar\/gestion\/#website"},"datePublished":"2022-02-18T19:38:22+00:00","dateModified":"2026-03-11T21:33:37+00:00","breadcrumb":{"@id":"https:\/\/www.vittal.com.ar\/gestion\/landing\/apto-fisico-escolar-no-socios\/#breadcrumb"},"inLanguage":"es","potentialAction":[{"@type":"ReadAction","target":["https:\/\/www.vittal.com.ar\/gestion\/landing\/apto-fisico-escolar-no-socios\/"]}]},{"@type":"BreadcrumbList","@id":"https:\/\/www.vittal.com.ar\/gestion\/landing\/apto-fisico-escolar-no-socios\/#breadcrumb","itemListElement":[{"@type":"ListItem","position":1,"name":"Home","item":"https:\/\/testweb.vittal.com.ar\/gestion\/"},{"@type":"ListItem","position":2,"name":"Landings","item":"https:\/\/testweb.vittal.com.ar\/gestion\/landing\/"},{"@type":"ListItem","position":3,"name":"Apto f\u00edsico escolar | No socios"}]},{"@type":"WebSite","@id":"https:\/\/testweb.vittal.com.ar\/gestion\/#website","url":"https:\/\/testweb.vittal.com.ar\/gestion\/","name":"Vittal | Emergecias y Urgencias Medicas","description":"Emergencias y urgencias m\u00e9dicas 24hs.","potentialAction":[{"@type":"SearchAction","target":{"@type":"EntryPoint","urlTemplate":"https:\/\/testweb.vittal.com.ar\/gestion\/?s={search_term_string}"},"query-input":"required name=search_term_string"}],"inLanguage":"es"}]}},"acf":{"tipo_de_landing":"Landing Contacto Bitrix","landing_contacto":{"telefono":"","titulo":"Asociate ahora al plan vittal Bienestar y cont\u00e1 con el apto f\u00edsico escolar a domicilio \u00a1Sin cargo!","bajada":"<p>Asociate ahora y acced\u00e9 a este y m\u00e1s beneficios.<\/p>\n<p>El apto escolar se entrega en el momento (sujeto a evaluaci\u00f3n m\u00e9dica).<\/p>\n","imagen":"https:\/\/www.vittal.com.ar\/gestion\/wp-content\/uploads\/2025\/01\/landing-apto-fisico-escolar_desktop.jpg","imagenmobile":"https:\/\/www.vittal.com.ar\/gestion\/wp-content\/uploads\/2025\/01\/landing-apto-fisico-escolar_mobile.jpg","titulo_formulario":"Complet\u00e1 el formulario y nos pondremos en contacto.","codigo_formulario":1217,"beneficios":[{"icono":"https:\/\/www.vittal.com.ar\/gestion\/wp-content\/uploads\/2022\/02\/examenes-medicos.png","texto":"Apto f\u00edsico escolar a domicilio"},{"icono":"https:\/\/www.vittal.com.ar\/gestion\/wp-content\/uploads\/2022\/01\/icono-emergencias.png","texto":"Emergencias y urgencias m\u00e9dicas 24hs"},{"icono":"https:\/\/www.vittal.com.ar\/gestion\/wp-content\/uploads\/2022\/01\/icono-medico-domicilio.png","texto":"M\u00e9dicos cl\u00ednicos y Pediatras a domicilio"},{"icono":"https:\/\/www.vittal.com.ar\/gestion\/wp-content\/uploads\/2022\/09\/icono-medico-de-familia-04.png","texto":"M\u00e9dico de familia con vittaldoc"},{"icono":"https:\/\/www.vittal.com.ar\/gestion\/wp-content\/uploads\/2022\/09\/icono-mapa-salud-04.png","texto":"Atenci\u00f3n presencial en centros m\u00e9dicos"},{"icono":"https:\/\/www.vittal.com.ar\/gestion\/wp-content\/uploads\/2022\/01\/icono-cobertura.png","texto":"Asistencia internacional y nacional al viajero con Assistravel"},{"icono":"https:\/\/www.vittal.com.ar\/gestion\/wp-content\/uploads\/2022\/01\/icono-descuento.png","texto":"Hasta 40% de descuento en farmacias adheridas"},{"icono":"https:\/\/www.vittal.com.ar\/gestion\/wp-content\/uploads\/2022\/02\/cartilla-online.png","texto":"Exclusivo CABA y GBA"}],"legales":"El servicio estar\u00e1 disponible dentro de las 72 horas h\u00e1biles de producida la contrataci\u00f3n por cualquier medio. Las promociones son v\u00e1lidas para todos los planes desde el 01\/01\/2025 hasta el 31\/12\/2026, abonando mediante cualquier medio de pago electr\u00f3nico. Las promociones estar\u00e1n sujetas a condiciones espec\u00edficas y limitaciones, y no ser\u00e1n acumulables con otras ofertas. Para todos los planes consultar cotizaci\u00f3n con asesor o mediante sitio web oficial https:\/\/www.vittal.com.ar\/planes. Los valores pueden estar sujetos a variaciones dependiendo de la zona geogr\u00e1fica de cobertura y de las caracter\u00edsticas del grupo familiar. T\u00e9rminos de bases y condiciones disponibles en https:\/\/www.vittal.com.ar\/assets\/terminos-y-condiciones.pdf. Las contrataciones estar\u00e1n sujetas a la verificaci\u00f3n de la documentaci\u00f3n necesaria para la formalizaci\u00f3n del contrato.  El titular del plan asume la responsabilidad por la veracidad de los datos proporcionados al momento de la contrataci\u00f3n. Todos los Servicios est\u00e1n sujetos a la modalidad de abono mensual prepago y copago en caso de corresponder.\r\n\r\nPlan Bienestar incluye: Emergencias y urgencias m\u00e9dicas, M\u00e9dico de cabecera y\/o de familia mediante vittaldoc, Consultas M\u00e9dicas Online mediante la Plataforma Vittal iDOC, Visitas m\u00e9dicas domiciliarias, Odontolog\u00eda de urgencia, Cartilla M\u00e9dica, Descuentos limitados en farmacias, Servicio de Asistencia al Viajero Nacional e Internacional, Apto f\u00edsico Escolar, Apto f\u00edsico Gimnasio. Todos los Servicios est\u00e1n sujetos a la modalidad de abono mensual prepago y copago en caso de corresponder.\r\n\r\nEn el caso del servicio Vittaldoc, \u00e9ste se encuentra incluido en la cuota mensual. El alta en Vittaldoc se efectuar\u00e1 para todos los socios del grupo con el mismo plan, en caso de corresponder, y podr\u00e1 demorar hasta 7 (siete) d\u00edas desde el ingreso de los datos, siendo comunicado por correo electr\u00f3nico. El m\u00e9dico podr\u00e1 responder por WhatsApp dentro de 24 (veinticuatro) horas h\u00e1biles. El servicio de especialidades dermatol\u00f3gicas, en caso de estar incluido en el plan, contar\u00e1 con un costo adicional que ser\u00e1 informado previamente para consultas en zona CABA y GBA.\r\n\r\nEl servicio de urgencia odontol\u00f3gica se brindar\u00e1 \u00fanicamente en centros de guardia asociados, ubicados en Capital Federal y GBA, los cuales ser\u00e1n informados al Beneficiario por Vittal y\/o estar\u00e1n disponibles en la Cartilla.\r\n\r\nSocios Plan Bienestar e Integral podr\u00e1n requerir sin cargo a: 1 (un) apto f\u00edsico escolar por a\u00f1o calendario a cada miembro del grupo familiar de 4 a 16 a\u00f1os inclusive, previa coordinaci\u00f3n. Este servicio se realiza mediante una evaluaci\u00f3n pedi\u00e1trica para autorizar la actividad f\u00edsica escolar, excluyendo actividades deportivas competitivas, de alto rendimiento o de riesgo. El servicio de apto f\u00edsico escolar est\u00e1 sujeto a la evaluaci\u00f3n m\u00e9dica del pediatra y podr\u00e1 ser denegado en caso de encontrarse contraindicaciones m\u00e9dicas.\r\n\r\nSocios Plan Bienestar e Integral podr\u00e1n requerir sin cargo1 (un) apto f\u00edsico para gimnasio por a\u00f1o calendario para cada miembro del grupo familiar de 16 a 35 a\u00f1os inclusive, previa coordinaci\u00f3n. El servicio de apto f\u00edsico para gimnasio est\u00e1 sujeto a la evaluaci\u00f3n m\u00e9dica, seg\u00fan antecedentes y hallazgo m\u00e9dico en la consulta. Podr\u00e1 ser denegado en caso de encontrarse contraindicaciones m\u00e9dicas. Quedan excluido el servicio destinado actividad deportiva de alto riesgo y\/o rendimiento.\r\n\r\nAsistencia nacional al viajero para todos los Planes. Asistencia internacional al viajero exclusivamente para socios de Plan Bienestar e Integral. Para mayor informaci\u00f3n, detalle de los servicios incluidos, y\/o consultar disponibilidad geogr\u00e1fica comun\u00edquese llamando al tel. 0810-888-48825. Cobertura a trav\u00e9s de Assistravel. Alcances y limitaciones.\r\n\r\nLos datos personales de los usuarios y\/o beneficiarios ser\u00e1n tratados conforme a la legislaci\u00f3n vigente. DIRECCI\u00d3N NACIONAL DE PROTECCI\u00d3N DE DATOS PERSONALES, \u00d3rgano de Control de la Ley N\u00ba 25.326, tiene la atribuci\u00f3n de atender las denuncias y reclamos que se interpongan con relaci\u00f3n al incumplimiento de las normas sobre protecci\u00f3n de datos personales.\r\n\r\nSocorro M\u00e9dico Privado S.A. CUIT 30-61221341-7. Av. \u00c1lvarez Thomas 1154\/1156, Ciudad Aut\u00f3noma de Buenos Aires. Superintendencia Servicios de Salud, 0800-222-SALUD (72583). R.N.E.M.P. N\u00b0113052. Para mayor informaci\u00f3n comunicate con el Centro de Atenci\u00f3n al Socio ingresando ac\u00e1, Whatsapp +54 9 11 3032-6052.\r\n\r\nAsociate 0810-222-8488\r\n"},"activarbitrix":false,"scriptbitrix":"<script data-b24-form=\"inline\/111\/3gzl79\" data-skip-moving=\"true\">(function(w,d,u){var s=d.createElement('script');s.async=true;s.src=u+'?'+(Date.now()\/180000|0);var h=d.getElementsByTagName('script')[0];h.parentNode.insertBefore(s,h);})(window,document,'https:\/\/cdn.bitrix24.es\/b18116991\/crm\/form\/loader_111.js');<\/script>","seo":{"titulo":"Apto f\u00edsico escolar sin cargo","descripcion":"apto fisico escolar a domicilio, ciclo 2025","keywords":"sin cargo, a domicilio, apto f\u00edsico escolar, ciclo escolar 2025, inicio de ciclo escolar"}},"_links":{"self":[{"href":"https:\/\/www.vittal.com.ar\/gestion\/wp-json\/wp\/v2\/pages\/4098"}],"collection":[{"href":"https:\/\/www.vittal.com.ar\/gestion\/wp-json\/wp\/v2\/pages"}],"about":[{"href":"https:\/\/www.vittal.com.ar\/gestion\/wp-json\/wp\/v2\/types\/page"}],"author":[{"embeddable":true,"href":"https:\/\/www.vittal.com.ar\/gestion\/wp-json\/wp\/v2\/users\/4"}],"replies":[{"embeddable":true,"href":"https:\/\/www.vittal.com.ar\/gestion\/wp-json\/wp\/v2\/comments?post=4098"}],"version-history":[{"count":17,"href":"https:\/\/www.vittal.com.ar\/gestion\/wp-json\/wp\/v2\/pages\/4098\/revisions"}],"predecessor-version":[{"id":11795,"href":"https:\/\/www.vittal.com.ar\/gestion\/wp-json\/wp\/v2\/pages\/4098\/revisions\/11795"}],"up":[{"embeddable":true,"href":"https:\/\/www.vittal.com.ar\/gestion\/wp-json\/wp\/v2\/pages\/727"}],"wp:attachment":[{"href":"https:\/\/www.vittal.com.ar\/gestion\/wp-json\/wp\/v2\/media?parent=4098"}],"curies":[{"name":"wp","href":"https:\/\/api.w.org\/{rel}","templated":true}]}}