{"id":410,"date":"2019-08-09T14:45:48","date_gmt":"2019-08-09T14:45:48","guid":{"rendered":"http:\/\/client.elpixel.net\/vittal\/wp-test\/?page_id=410"},"modified":"2026-03-11T18:26:30","modified_gmt":"2026-03-11T21:26:30","slug":"apto-fisico-escolar-a-domicilio","status":"publish","type":"page","link":"https:\/\/www.vittal.com.ar\/gestion\/servicios-adicionales\/apto-fisico-escolar-a-domicilio\/","title":{"rendered":"Apto f\u00edsico escolar a domicilio"},"content":{"rendered":"","protected":false},"excerpt":{"rendered":"","protected":false},"author":4,"featured_media":0,"parent":381,"menu_order":0,"comment_status":"closed","ping_status":"closed","template":"","meta":{"footnotes":""},"class_list":["post-410","page","type-page","status-publish","hentry"],"better_featured_image":null,"yoast_head":"<!-- This site is optimized with the Yoast SEO plugin v22.9 - https:\/\/yoast.com\/wordpress\/plugins\/seo\/ -->\n<title>Apto f\u00edsico escolar a domicilio - Vittal<\/title>\n<meta name=\"robots\" content=\"index, follow, max-snippet:-1, max-image-preview:large, max-video-preview:-1\" \/>\n<link rel=\"canonical\" href=\"https:\/\/www.vittal.com.ar\/gestion\/servicios-adicionales\/apto-fisico-escolar-a-domicilio\/\" \/>\n<meta property=\"og:locale\" content=\"es_ES\" \/>\n<meta property=\"og:type\" content=\"article\" \/>\n<meta property=\"og:title\" content=\"Apto f\u00edsico escolar a domicilio - Vittal\" \/>\n<meta property=\"og:url\" content=\"https:\/\/www.vittal.com.ar\/gestion\/servicios-adicionales\/apto-fisico-escolar-a-domicilio\/\" \/>\n<meta property=\"og:site_name\" content=\"Vittal\" \/>\n<meta property=\"article:publisher\" content=\"https:\/\/www.facebook.com\/Tuvidaestaprimero\" \/>\n<meta property=\"article:modified_time\" content=\"2026-03-11T21:26:30+00:00\" \/>\n<meta property=\"og:image\" content=\"https:\/\/www.vittal.com.ar\/gestion\/wp-content\/uploads\/2020\/03\/vittal-logo.jpg\" \/>\n\t<meta property=\"og:image:width\" content=\"300\" \/>\n\t<meta property=\"og:image:height\" content=\"300\" \/>\n\t<meta property=\"og:image:type\" content=\"image\/jpeg\" \/>\n<meta name=\"twitter:card\" content=\"summary_large_image\" \/>\n<!-- \/ Yoast SEO plugin. -->","yoast_head_json":{"title":"Apto f\u00edsico escolar a domicilio - Vittal","robots":{"index":"index","follow":"follow","max-snippet":"max-snippet:-1","max-image-preview":"max-image-preview:large","max-video-preview":"max-video-preview:-1"},"canonical":"https:\/\/www.vittal.com.ar\/gestion\/servicios-adicionales\/apto-fisico-escolar-a-domicilio\/","og_locale":"es_ES","og_type":"article","og_title":"Apto f\u00edsico escolar a domicilio - Vittal","og_url":"https:\/\/www.vittal.com.ar\/gestion\/servicios-adicionales\/apto-fisico-escolar-a-domicilio\/","og_site_name":"Vittal","article_publisher":"https:\/\/www.facebook.com\/Tuvidaestaprimero","article_modified_time":"2026-03-11T21:26:30+00:00","og_image":[{"width":300,"height":300,"url":"https:\/\/www.vittal.com.ar\/gestion\/wp-content\/uploads\/2020\/03\/vittal-logo.jpg","type":"image\/jpeg"}],"twitter_card":"summary_large_image","schema":{"@context":"https:\/\/schema.org","@graph":[{"@type":"WebPage","@id":"https:\/\/www.vittal.com.ar\/gestion\/servicios-adicionales\/apto-fisico-escolar-a-domicilio\/","url":"https:\/\/www.vittal.com.ar\/gestion\/servicios-adicionales\/apto-fisico-escolar-a-domicilio\/","name":"Apto f\u00edsico escolar a domicilio - Vittal","isPartOf":{"@id":"https:\/\/testweb.vittal.com.ar\/gestion\/#website"},"datePublished":"2019-08-09T14:45:48+00:00","dateModified":"2026-03-11T21:26:30+00:00","breadcrumb":{"@id":"https:\/\/www.vittal.com.ar\/gestion\/servicios-adicionales\/apto-fisico-escolar-a-domicilio\/#breadcrumb"},"inLanguage":"es","potentialAction":[{"@type":"ReadAction","target":["https:\/\/www.vittal.com.ar\/gestion\/servicios-adicionales\/apto-fisico-escolar-a-domicilio\/"]}]},{"@type":"BreadcrumbList","@id":"https:\/\/www.vittal.com.ar\/gestion\/servicios-adicionales\/apto-fisico-escolar-a-domicilio\/#breadcrumb","itemListElement":[{"@type":"ListItem","position":1,"name":"Home","item":"https:\/\/testweb.vittal.com.ar\/gestion\/"},{"@type":"ListItem","position":2,"name":"Servicios Adicionales","item":"https:\/\/testweb.vittal.com.ar\/gestion\/servicios-adicionales\/"},{"@type":"ListItem","position":3,"name":"Apto f\u00edsico escolar a domicilio"}]},{"@type":"WebSite","@id":"https:\/\/testweb.vittal.com.ar\/gestion\/#website","url":"https:\/\/testweb.vittal.com.ar\/gestion\/","name":"Vittal | Emergecias y Urgencias Medicas","description":"Emergencias y urgencias m\u00e9dicas 24hs.","potentialAction":[{"@type":"SearchAction","target":{"@type":"EntryPoint","urlTemplate":"https:\/\/testweb.vittal.com.ar\/gestion\/?s={search_term_string}"},"query-input":"required name=search_term_string"}],"inLanguage":"es"}]}},"acf":{"portada":{"imagen":"https:\/\/www.vittal.com.ar\/gestion\/wp-content\/uploads\/2024\/02\/serv-adic-apto-fisico_apto-fisico-interior-portada.jpg","titulo":"Apto f\u00edsico escolar","descripcion":"Para los chicos y sin moverte de tu casa. ","label_boton":"Ver m\u00e1s","redirect":{"utilizar_redireccionamiento":false,"url":""}},"interior":{"imagen_fondo":"https:\/\/www.vittal.com.ar\/gestion\/wp-content\/uploads\/2024\/02\/serv-adic-apto-fisico_apto-fisico-interior.jpg","imagenMobile":"https:\/\/www.vittal.com.ar\/gestion\/wp-content\/uploads\/2024\/02\/serv-adic-apto-fisico_apto-fisico-interior.jpg","titulo":"Apto f\u00edsico escolar","subtitulo":"Para los chicos y sin moverte de tu casa. ","contenido":"<h5><strong>PARA SOCIOS Y NO SOCIOS<\/strong><\/h5>\n<p>Resolv\u00e9 el problema del apto f\u00edsico que solicita el colegio. Vamos a tu domicilio y realizamos un examen completo por un m\u00e9dico pediatra, con certificado en el momento, incluso el que env\u00eda la escuela. Para chic@s entre 4 y 16 a\u00f1os.<\/p>\n<p>Si ya sos <strong>socio de vittal<\/strong>\u00a0reserv\u00e1 un turno <strong><a href=\"https:\/\/wa.me\/5491130326052\" target=\"_blank\" rel=\"noopener\">haciendo click ac\u00e1.<\/a><\/strong><\/p>\n<p>Tambi\u00e9n pod\u00e9s <a href=\"https:\/\/www.vittal.com.ar\/landing\/apto-fisico-escolar-no-socios\" target=\"_blank\" rel=\"noopener\">Asociarte ahora<\/a> y acceder a este y m\u00e1s beneficios.<\/p>\n<p>O pod\u00e9s acceder al <strong>Apto F\u00edsico Escolar sin ser socio<\/strong>. Escribinos por WhatsApp <strong><a href=\"https:\/\/wa.me\/5491130326052\" target=\"_blank\" rel=\"noopener\">haciendo click ac\u00e1.<\/a><\/strong><\/p>\n<p><em>Alta del apto f\u00edsico sujeto al criterio del pediatra, seg\u00fan antecedentes y hallazgo m\u00e9dico en la consulta.<\/em><\/p>\n<div class=\"\" data-block=\"true\" data-editor=\"7r2rj\" data-offset-key=\"kt5a-0-0\"><\/div>\n","link":{"label":"","url":"","externo":false},"on_demand":{"titulo":"","subtitulo":"","label":"","link":""},"legales":"El servicio estar\u00e1 disponible a partir del  01 de enero de 2026 hasta el 30 de abril de 2026. Alta del apto f\u00edsico sujeto al criterio del pediatra, seg\u00fan antecedentes y hallazgo m\u00e9dico en la consulta. SE EXCLUYE ACTIVIDAD DEPORTIVA COMPETITIVA Y\/O DE ALTO RENDIMIENTO Y\/O RIESGO. \r\nPara m\u00e1s informaci\u00f3n comunicarse al Tel. 0810-222-8488. Socorro M\u00e9dico Privado S.A. CUIT 30-61221341-7. Av. \u00c1lvarez Thomas 1154 C.A.B.A. S\u00faper Intendencia de Servicios de Salud 0800-222-Salud. Registro Nacional de empresa de medicina Prepaga N\u00b01305. \"El titular de los datos personales tiene la facultad de ejercer el derecho de acceso a los mismos en forma gratuita a intervalos no inferiores a seis meses, salvo que se acredite un inter\u00e9s leg\u00edtimo al efecto conforme lo establecido en el art\u00edculo 14, inciso 3 de la Ley N\u00ba 25.326\". \"La DIRECCI\u00d3N NACIONAL DE PROTECCI\u00d3N DE DATOS PERSONALES, \u00d3rgano de Control de la Ley N\u00ba 25.326, tiene la atribuci\u00f3n de atender las denuncias y reclamos que se interpongan con relaci\u00f3n al incumplimiento de las normas sobre protecci\u00f3n de datos personales\". Ver t\u00e9rminos de bases y condiciones en www.vittal.com.ar\/terminos-y-condiciones\r\n\r\n\r\n"},"plantilla":"adic","seo":{"titulo":"Apto f\u00edsico escolar a domicilio","descripcion":"Cont\u00e1 con el Apto Escolar para los chicos sin moverte de tu casa. ","keywords":"Apto f\u00edsico, apto escolar, certificado medico, apto a domicilio"}},"_links":{"self":[{"href":"https:\/\/www.vittal.com.ar\/gestion\/wp-json\/wp\/v2\/pages\/410"}],"collection":[{"href":"https:\/\/www.vittal.com.ar\/gestion\/wp-json\/wp\/v2\/pages"}],"about":[{"href":"https:\/\/www.vittal.com.ar\/gestion\/wp-json\/wp\/v2\/types\/page"}],"author":[{"embeddable":true,"href":"https:\/\/www.vittal.com.ar\/gestion\/wp-json\/wp\/v2\/users\/4"}],"replies":[{"embeddable":true,"href":"https:\/\/www.vittal.com.ar\/gestion\/wp-json\/wp\/v2\/comments?post=410"}],"version-history":[{"count":59,"href":"https:\/\/www.vittal.com.ar\/gestion\/wp-json\/wp\/v2\/pages\/410\/revisions"}],"predecessor-version":[{"id":11794,"href":"https:\/\/www.vittal.com.ar\/gestion\/wp-json\/wp\/v2\/pages\/410\/revisions\/11794"}],"up":[{"embeddable":true,"href":"https:\/\/www.vittal.com.ar\/gestion\/wp-json\/wp\/v2\/pages\/381"}],"wp:attachment":[{"href":"https:\/\/www.vittal.com.ar\/gestion\/wp-json\/wp\/v2\/media?parent=410"}],"curies":[{"name":"wp","href":"https:\/\/api.w.org\/{rel}","templated":true}]}}