{"id":4827,"date":"2022-08-17T20:16:37","date_gmt":"2022-08-17T20:16:37","guid":{"rendered":"http:\/\/191.234.164.21\/gestion\/?page_id=4827"},"modified":"2025-12-31T12:45:31","modified_gmt":"2025-12-31T15:45:31","slug":"tres-meses-al-50","status":"publish","type":"page","link":"https:\/\/www.vittal.com.ar\/gestion\/planes\/promos\/tres-meses-al-50\/","title":{"rendered":"Tres meses al 50%"},"content":{"rendered":"","protected":false},"excerpt":{"rendered":"","protected":false},"author":4,"featured_media":0,"parent":180,"menu_order":4,"comment_status":"closed","ping_status":"closed","template":"","meta":{"footnotes":""},"class_list":["post-4827","page","type-page","status-publish","hentry"],"better_featured_image":null,"yoast_head":"<!-- This site is optimized with the Yoast SEO plugin v22.9 - https:\/\/yoast.com\/wordpress\/plugins\/seo\/ -->\n<title>Tres meses al 50% - Vittal<\/title>\n<meta name=\"robots\" content=\"index, follow, max-snippet:-1, max-image-preview:large, max-video-preview:-1\" \/>\n<link rel=\"canonical\" href=\"https:\/\/www.vittal.com.ar\/gestion\/planes\/promos\/tres-meses-al-50\/\" \/>\n<meta property=\"og:locale\" content=\"es_ES\" \/>\n<meta property=\"og:type\" content=\"article\" \/>\n<meta property=\"og:title\" content=\"Tres meses al 50% - Vittal\" \/>\n<meta property=\"og:url\" content=\"https:\/\/www.vittal.com.ar\/gestion\/planes\/promos\/tres-meses-al-50\/\" \/>\n<meta property=\"og:site_name\" content=\"Vittal\" \/>\n<meta property=\"article:publisher\" content=\"https:\/\/www.facebook.com\/Tuvidaestaprimero\" \/>\n<meta property=\"article:modified_time\" content=\"2025-12-31T15:45:31+00:00\" \/>\n<meta property=\"og:image\" content=\"https:\/\/www.vittal.com.ar\/gestion\/wp-content\/uploads\/2020\/03\/vittal-logo.jpg\" \/>\n\t<meta property=\"og:image:width\" content=\"300\" \/>\n\t<meta property=\"og:image:height\" content=\"300\" \/>\n\t<meta property=\"og:image:type\" content=\"image\/jpeg\" \/>\n<meta name=\"twitter:card\" content=\"summary_large_image\" \/>\n<!-- \/ Yoast SEO plugin. -->","yoast_head_json":{"title":"Tres meses al 50% - Vittal","robots":{"index":"index","follow":"follow","max-snippet":"max-snippet:-1","max-image-preview":"max-image-preview:large","max-video-preview":"max-video-preview:-1"},"canonical":"https:\/\/www.vittal.com.ar\/gestion\/planes\/promos\/tres-meses-al-50\/","og_locale":"es_ES","og_type":"article","og_title":"Tres meses al 50% - Vittal","og_url":"https:\/\/www.vittal.com.ar\/gestion\/planes\/promos\/tres-meses-al-50\/","og_site_name":"Vittal","article_publisher":"https:\/\/www.facebook.com\/Tuvidaestaprimero","article_modified_time":"2025-12-31T15:45:31+00:00","og_image":[{"width":300,"height":300,"url":"https:\/\/www.vittal.com.ar\/gestion\/wp-content\/uploads\/2020\/03\/vittal-logo.jpg","type":"image\/jpeg"}],"twitter_card":"summary_large_image","schema":{"@context":"https:\/\/schema.org","@graph":[{"@type":"WebPage","@id":"https:\/\/www.vittal.com.ar\/gestion\/planes\/promos\/tres-meses-al-50\/","url":"https:\/\/www.vittal.com.ar\/gestion\/planes\/promos\/tres-meses-al-50\/","name":"Tres meses al 50% - Vittal","isPartOf":{"@id":"https:\/\/testweb.vittal.com.ar\/gestion\/#website"},"datePublished":"2022-08-17T20:16:37+00:00","dateModified":"2025-12-31T15:45:31+00:00","breadcrumb":{"@id":"https:\/\/www.vittal.com.ar\/gestion\/planes\/promos\/tres-meses-al-50\/#breadcrumb"},"inLanguage":"es","potentialAction":[{"@type":"ReadAction","target":["https:\/\/www.vittal.com.ar\/gestion\/planes\/promos\/tres-meses-al-50\/"]}]},{"@type":"BreadcrumbList","@id":"https:\/\/www.vittal.com.ar\/gestion\/planes\/promos\/tres-meses-al-50\/#breadcrumb","itemListElement":[{"@type":"ListItem","position":1,"name":"Home","item":"https:\/\/testweb.vittal.com.ar\/gestion\/"},{"@type":"ListItem","position":2,"name":"Planes","item":"https:\/\/www.vittal.com.ar\/gestion\/planes\/"},{"@type":"ListItem","position":3,"name":"Promos","item":"https:\/\/www.vittal.com.ar\/gestion\/planes\/promos\/"},{"@type":"ListItem","position":4,"name":"Tres meses al 50%"}]},{"@type":"WebSite","@id":"https:\/\/testweb.vittal.com.ar\/gestion\/#website","url":"https:\/\/testweb.vittal.com.ar\/gestion\/","name":"Vittal | Emergecias y Urgencias Medicas","description":"Emergencias y urgencias m\u00e9dicas 24hs.","potentialAction":[{"@type":"SearchAction","target":{"@type":"EntryPoint","urlTemplate":"https:\/\/testweb.vittal.com.ar\/gestion\/?s={search_term_string}"},"query-input":"required name=search_term_string"}],"inLanguage":"es"}]}},"acf":{"portada":{"imagen":"https:\/\/www.vittal.com.ar\/gestion\/wp-content\/uploads\/2022\/08\/tres-al-cincuenta_interior-promo-2.jpg","titulo":"Tres meses al 50%","descripcion":"\u00a1Aprovech\u00e1 los primeros tres meses a mitad de precio en plan Bienestar e Integral!","label_boton":"Ver m\u00e1s ","redirect":{"utilizar_redireccionamiento":false,"url":""}},"interior":{"imagen_fondo":"https:\/\/www.vittal.com.ar\/gestion\/wp-content\/uploads\/2022\/08\/tres-al-cincuenta_interior-promo-1.jpg","imagenMobile":"https:\/\/www.vittal.com.ar\/gestion\/wp-content\/uploads\/2022\/08\/tres-al-cincuenta_portada-promo-1.jpg","titulo":"Tres meses al 50%","subtitulo":"\u00a1Aprovech\u00e1 los primeros tres meses a mitad de precio!","contenido":"<p>Cont\u00e1 con tu\u00a0<strong>plan vittal<\/strong> m\u00e1s completo y sent\u00ed la tranquilidad de estar protegido.<\/p>\n<p><strong>Servicios incluidos:<\/strong><\/p>\n<ul>\n<li>Urgencias y emergencias m\u00e9dicas las 24hs.<\/li>\n<li>M\u00e9dicos a domicilio<\/li>\n<li>M\u00e9dicos online 24hs<\/li>\n<li>M\u00e9dico de cabecera<\/li>\n<li>Asistencia al viajero internacional<\/li>\n<li>Descuentos en farmacias<\/li>\n<li>Y m\u00e1s!<\/li>\n<\/ul>\n<p>Para m\u00e1s informaci\u00f3n\u00a0<a href=\"https:\/\/www.vittal.com.ar\/landing\/promo-3-meses-al-50-vittal\/\" target=\"_blank\" rel=\"noopener\">ingres\u00e1 ac\u00e1<\/a><\/p>\n","link":{"label":"","url":"","externo":false},"on_demand":{"titulo":"","subtitulo":"","label":"","link":""},"legales":"El servicio estar\u00e1 disponible dentro de las 72 horas h\u00e1biles de producida la contrataci\u00f3n por cualquier medio. Las promociones son v\u00e1lidas para todos los planes desde el 01\/01\/2025 hasta el 31\/12\/2026, abonando mediante cualquier medio de pago electr\u00f3nico. La promoci\u00f3n consiste en bonificar el 50 % del valor del plan Bienestar o Integral los primeros 3 meses de contrataci\u00f3n Las promociones estar\u00e1n sujetas a condiciones espec\u00edficas y limitaciones, y no ser\u00e1n acumulables con otras ofertas. Para todos los planes consultar cotizaci\u00f3n con asesor o mediante sitio web oficial https:\/\/www.vittal.com.ar\/planes. Los valores pueden estar sujetos a variaciones dependiendo de la zona geogr\u00e1fica de cobertura. T\u00e9rminos de bases y condiciones disponibles en https:\/\/www.vittal.com.ar\/assets\/terminos-y-condiciones.pdf. Las contrataciones estar\u00e1n sujetas a la verificaci\u00f3n de la documentaci\u00f3n necesaria para la formalizaci\u00f3n del contrato.  El titular del plan asume la responsabilidad por la veracidad de los datos proporcionados al momento de la contrataci\u00f3n. Todos los Servicios est\u00e1n sujetos a la modalidad de abono mensual prepago y copago en caso de corresponder. Los datos personales de los usuarios y\/o beneficiarios ser\u00e1n tratados conforme a la legislaci\u00f3n vigente. DIRECCI\u00d3N NACIONAL DE PROTECCI\u00d3N DE DATOS PERSONALES, \u00d3rgano de Control de la Ley N\u00ba 25.326, tiene la atribuci\u00f3n de atender las denuncias y reclamos que se interpongan con relaci\u00f3n al incumplimiento de las normas sobre protecci\u00f3n de datos personales.   Socorro M\u00e9dico Privado S.A. CUIT 30-61221341-7. Av. \u00c1lvarez Thomas 1154\/1156, Ciudad Aut\u00f3noma de Buenos Aires. Superintendencia Servicios de Salud, 0800-222-SALUD (72583). R.N.E.M.P. N\u00b0113052. Para mayor informaci\u00f3n Centro de Atenci\u00f3n al Socio Tel: 0810-888-48825, info@vittal.com.ar, Whatsapp +54 9 11 3032-6052. \r\n\r\n"},"plantilla":"adic","seo":{"titulo":"Tres meses al 50%","descripcion":"\u00a1Aprovech\u00e1 los primeros tres meses a mitad de precio!","keywords":""}},"_links":{"self":[{"href":"https:\/\/www.vittal.com.ar\/gestion\/wp-json\/wp\/v2\/pages\/4827"}],"collection":[{"href":"https:\/\/www.vittal.com.ar\/gestion\/wp-json\/wp\/v2\/pages"}],"about":[{"href":"https:\/\/www.vittal.com.ar\/gestion\/wp-json\/wp\/v2\/types\/page"}],"author":[{"embeddable":true,"href":"https:\/\/www.vittal.com.ar\/gestion\/wp-json\/wp\/v2\/users\/4"}],"replies":[{"embeddable":true,"href":"https:\/\/www.vittal.com.ar\/gestion\/wp-json\/wp\/v2\/comments?post=4827"}],"version-history":[{"count":18,"href":"https:\/\/www.vittal.com.ar\/gestion\/wp-json\/wp\/v2\/pages\/4827\/revisions"}],"predecessor-version":[{"id":11541,"href":"https:\/\/www.vittal.com.ar\/gestion\/wp-json\/wp\/v2\/pages\/4827\/revisions\/11541"}],"up":[{"embeddable":true,"href":"https:\/\/www.vittal.com.ar\/gestion\/wp-json\/wp\/v2\/pages\/180"}],"wp:attachment":[{"href":"https:\/\/www.vittal.com.ar\/gestion\/wp-json\/wp\/v2\/media?parent=4827"}],"curies":[{"name":"wp","href":"https:\/\/api.w.org\/{rel}","templated":true}]}}