{"id":514,"date":"2019-12-16T19:36:14","date_gmt":"2019-12-16T19:36:14","guid":{"rendered":"http:\/\/client.elpixel.net\/vittal\/wp-test\/?page_id=514"},"modified":"2025-05-22T14:17:19","modified_gmt":"2025-05-22T17:17:19","slug":"odontologia","status":"publish","type":"page","link":"https:\/\/www.vittal.com.ar\/gestion\/servicios-adicionales\/odontologia\/","title":{"rendered":"Odontolog\u00eda"},"content":{"rendered":"","protected":false},"excerpt":{"rendered":"","protected":false},"author":4,"featured_media":0,"parent":381,"menu_order":0,"comment_status":"closed","ping_status":"closed","template":"","meta":{"footnotes":""},"class_list":["post-514","page","type-page","status-publish","hentry"],"better_featured_image":null,"yoast_head":"<!-- This site is optimized with the Yoast SEO plugin v22.9 - https:\/\/yoast.com\/wordpress\/plugins\/seo\/ -->\n<title>Odontolog\u00eda - Vittal<\/title>\n<meta name=\"robots\" content=\"index, follow, max-snippet:-1, max-image-preview:large, max-video-preview:-1\" \/>\n<link rel=\"canonical\" href=\"https:\/\/www.vittal.com.ar\/gestion\/servicios-adicionales\/odontologia\/\" \/>\n<meta property=\"og:locale\" content=\"es_ES\" \/>\n<meta property=\"og:type\" content=\"article\" \/>\n<meta property=\"og:title\" content=\"Odontolog\u00eda - Vittal\" \/>\n<meta property=\"og:url\" content=\"https:\/\/www.vittal.com.ar\/gestion\/servicios-adicionales\/odontologia\/\" \/>\n<meta property=\"og:site_name\" content=\"Vittal\" \/>\n<meta property=\"article:publisher\" content=\"https:\/\/www.facebook.com\/Tuvidaestaprimero\" \/>\n<meta property=\"article:modified_time\" content=\"2025-05-22T17:17:19+00:00\" \/>\n<meta property=\"og:image\" content=\"https:\/\/www.vittal.com.ar\/gestion\/wp-content\/uploads\/2020\/03\/vittal-logo.jpg\" \/>\n\t<meta property=\"og:image:width\" content=\"300\" \/>\n\t<meta property=\"og:image:height\" content=\"300\" \/>\n\t<meta property=\"og:image:type\" content=\"image\/jpeg\" \/>\n<meta name=\"twitter:card\" content=\"summary_large_image\" \/>\n<!-- \/ Yoast SEO plugin. -->","yoast_head_json":{"title":"Odontolog\u00eda - Vittal","robots":{"index":"index","follow":"follow","max-snippet":"max-snippet:-1","max-image-preview":"max-image-preview:large","max-video-preview":"max-video-preview:-1"},"canonical":"https:\/\/www.vittal.com.ar\/gestion\/servicios-adicionales\/odontologia\/","og_locale":"es_ES","og_type":"article","og_title":"Odontolog\u00eda - Vittal","og_url":"https:\/\/www.vittal.com.ar\/gestion\/servicios-adicionales\/odontologia\/","og_site_name":"Vittal","article_publisher":"https:\/\/www.facebook.com\/Tuvidaestaprimero","article_modified_time":"2025-05-22T17:17:19+00:00","og_image":[{"width":300,"height":300,"url":"https:\/\/www.vittal.com.ar\/gestion\/wp-content\/uploads\/2020\/03\/vittal-logo.jpg","type":"image\/jpeg"}],"twitter_card":"summary_large_image","schema":{"@context":"https:\/\/schema.org","@graph":[{"@type":"WebPage","@id":"https:\/\/www.vittal.com.ar\/gestion\/servicios-adicionales\/odontologia\/","url":"https:\/\/www.vittal.com.ar\/gestion\/servicios-adicionales\/odontologia\/","name":"Odontolog\u00eda - Vittal","isPartOf":{"@id":"https:\/\/testweb.vittal.com.ar\/gestion\/#website"},"datePublished":"2019-12-16T19:36:14+00:00","dateModified":"2025-05-22T17:17:19+00:00","breadcrumb":{"@id":"https:\/\/www.vittal.com.ar\/gestion\/servicios-adicionales\/odontologia\/#breadcrumb"},"inLanguage":"es","potentialAction":[{"@type":"ReadAction","target":["https:\/\/www.vittal.com.ar\/gestion\/servicios-adicionales\/odontologia\/"]}]},{"@type":"BreadcrumbList","@id":"https:\/\/www.vittal.com.ar\/gestion\/servicios-adicionales\/odontologia\/#breadcrumb","itemListElement":[{"@type":"ListItem","position":1,"name":"Home","item":"https:\/\/testweb.vittal.com.ar\/gestion\/"},{"@type":"ListItem","position":2,"name":"Servicios Adicionales","item":"https:\/\/testweb.vittal.com.ar\/gestion\/servicios-adicionales\/"},{"@type":"ListItem","position":3,"name":"Odontolog\u00eda"}]},{"@type":"WebSite","@id":"https:\/\/testweb.vittal.com.ar\/gestion\/#website","url":"https:\/\/testweb.vittal.com.ar\/gestion\/","name":"Vittal | Emergecias y Urgencias Medicas","description":"Emergencias y urgencias m\u00e9dicas 24hs.","potentialAction":[{"@type":"SearchAction","target":{"@type":"EntryPoint","urlTemplate":"https:\/\/testweb.vittal.com.ar\/gestion\/?s={search_term_string}"},"query-input":"required name=search_term_string"}],"inLanguage":"es"}]}},"acf":{"portada":{"imagen":"https:\/\/www.vittal.com.ar\/gestion\/wp-content\/uploads\/2020\/03\/odontologia-1.jpg","titulo":"Odontolog\u00eda","descripcion":"Los socios pueden acceder a una membres\u00eda odontol\u00f3gica y servicio de urgencias.","label_boton":"Ver m\u00e1s","redirect":{"utilizar_redireccionamiento":false,"url":""}},"interior":{"imagen_fondo":"https:\/\/www.vittal.com.ar\/gestion\/wp-content\/uploads\/2020\/03\/odontologia-3.jpg","imagenMobile":false,"titulo":"Odontolog\u00eda","subtitulo":"Los socios pueden acceder a una membres\u00eda odontol\u00f3gica y servicio de urgencias.","contenido":"<h4><span style=\"text-decoration: underline;\"><strong>Membres\u00eda odontol\u00f3gica*<\/strong><\/span><\/h4>\n<p>Pod\u00e9s tener una membres\u00eda odontol\u00f3gica en<strong> Dental Center<\/strong> con tu <strong>plan vittal<\/strong>.<\/p>\n<p>Y si ya sos socio, consultanos c\u00f3mo sumar esta cobertura a todos los servicios que te ofrecemos.<\/p>\n<p>+ M\u00e1s de 80 centros de atenci\u00f3n<br \/>\n+ Consultorios de guardia 24hs<br \/>\n+ Endodoncia y perodoncia<br \/>\n+ Odontopediatr\u00eda<br \/>\n+ Radiolog\u00eda<br \/>\n+ Cirug\u00eda<\/p>\n<h4><span style=\"text-decoration: underline;\"><strong>Urgencias odontol\u00f3gicas*<\/strong><\/span><\/h4>\n<p>Nuestros socios pueden asistir a los centros de guardia adheridos, ubicados en Capital Federal y GBA. Comunicarse al Centro de atenci\u00f3n al socio, al <strong><a href=\"tel:081088848825\"> 0810-888-48825<\/a><\/strong>\u00a0para informarse sobre el centro de guardia m\u00e1s cercano.<\/p>\n","link":{"label":"","url":"","externo":true},"on_demand":{"titulo":"","subtitulo":"","label":"","link":""},"legales":"Dental Center: Servicio de urgencia odontol\u00f3gica \u00fanicamente en centros de guardia asociados, ubicados en Capital Federal y GBA. Comunicarse al Centro de Atenci\u00f3n al Socio, Tel: 0810-888-48825 para informarse sobre el centro de guardia asociado m\u00e1s cercano a tu domicilio. Servicio de odontolog\u00eda con membres\u00eda cubierto por <a href=\"http:\/\/dentalcenter.com.ar\/\" target=\"_blank\">Dental Center.<\/a> <a href=\"https:\/\/www.vittal.com.ar\/assets\/terminos-y-condiciones.pdf\" target=\"_blank\">T\u00e9rminos y condiciones.<\/a>\r\n"},"plantilla":"adic","seo":{"titulo":"Odontolog\u00eda","descripcion":"Los socios de vittal cuentan con centros de atenci\u00f3n odontol\u00f3gica de guardia las 24hs.","keywords":"odontologia, vittal"}},"_links":{"self":[{"href":"https:\/\/www.vittal.com.ar\/gestion\/wp-json\/wp\/v2\/pages\/514"}],"collection":[{"href":"https:\/\/www.vittal.com.ar\/gestion\/wp-json\/wp\/v2\/pages"}],"about":[{"href":"https:\/\/www.vittal.com.ar\/gestion\/wp-json\/wp\/v2\/types\/page"}],"author":[{"embeddable":true,"href":"https:\/\/www.vittal.com.ar\/gestion\/wp-json\/wp\/v2\/users\/4"}],"replies":[{"embeddable":true,"href":"https:\/\/www.vittal.com.ar\/gestion\/wp-json\/wp\/v2\/comments?post=514"}],"version-history":[{"count":28,"href":"https:\/\/www.vittal.com.ar\/gestion\/wp-json\/wp\/v2\/pages\/514\/revisions"}],"predecessor-version":[{"id":11172,"href":"https:\/\/www.vittal.com.ar\/gestion\/wp-json\/wp\/v2\/pages\/514\/revisions\/11172"}],"up":[{"embeddable":true,"href":"https:\/\/www.vittal.com.ar\/gestion\/wp-json\/wp\/v2\/pages\/381"}],"wp:attachment":[{"href":"https:\/\/www.vittal.com.ar\/gestion\/wp-json\/wp\/v2\/media?parent=514"}],"curies":[{"name":"wp","href":"https:\/\/api.w.org\/{rel}","templated":true}]}}