{"id":522,"date":"2020-02-16T20:01:54","date_gmt":"2020-02-16T20:01:54","guid":{"rendered":"http:\/\/client.elpixel.net\/vittal\/wp-test\/?page_id=522"},"modified":"2025-05-22T14:26:09","modified_gmt":"2025-05-22T17:26:09","slug":"radiologia","status":"publish","type":"page","link":"https:\/\/www.vittal.com.ar\/gestion\/servicios-adicionales\/radiologia\/","title":{"rendered":"Radiolog\u00eda"},"content":{"rendered":"","protected":false},"excerpt":{"rendered":"","protected":false},"author":4,"featured_media":0,"parent":381,"menu_order":0,"comment_status":"closed","ping_status":"closed","template":"","meta":{"footnotes":""},"class_list":["post-522","page","type-page","status-publish","hentry"],"better_featured_image":null,"yoast_head":"<!-- This site is optimized with the Yoast SEO plugin v22.9 - https:\/\/yoast.com\/wordpress\/plugins\/seo\/ -->\n<title>Radiolog\u00eda - Vittal<\/title>\n<meta name=\"robots\" content=\"index, follow, max-snippet:-1, max-image-preview:large, max-video-preview:-1\" \/>\n<link rel=\"canonical\" href=\"https:\/\/www.vittal.com.ar\/gestion\/servicios-adicionales\/radiologia\/\" \/>\n<meta property=\"og:locale\" content=\"es_ES\" \/>\n<meta property=\"og:type\" content=\"article\" \/>\n<meta property=\"og:title\" content=\"Radiolog\u00eda - Vittal\" \/>\n<meta property=\"og:url\" content=\"https:\/\/www.vittal.com.ar\/gestion\/servicios-adicionales\/radiologia\/\" \/>\n<meta property=\"og:site_name\" content=\"Vittal\" \/>\n<meta property=\"article:publisher\" content=\"https:\/\/www.facebook.com\/Tuvidaestaprimero\" \/>\n<meta property=\"article:modified_time\" content=\"2025-05-22T17:26:09+00:00\" \/>\n<meta property=\"og:image\" content=\"https:\/\/www.vittal.com.ar\/gestion\/wp-content\/uploads\/2020\/03\/vittal-logo.jpg\" \/>\n\t<meta property=\"og:image:width\" content=\"300\" \/>\n\t<meta property=\"og:image:height\" content=\"300\" \/>\n\t<meta property=\"og:image:type\" content=\"image\/jpeg\" \/>\n<meta name=\"twitter:card\" content=\"summary_large_image\" \/>\n<!-- \/ Yoast SEO plugin. -->","yoast_head_json":{"title":"Radiolog\u00eda - Vittal","robots":{"index":"index","follow":"follow","max-snippet":"max-snippet:-1","max-image-preview":"max-image-preview:large","max-video-preview":"max-video-preview:-1"},"canonical":"https:\/\/www.vittal.com.ar\/gestion\/servicios-adicionales\/radiologia\/","og_locale":"es_ES","og_type":"article","og_title":"Radiolog\u00eda - Vittal","og_url":"https:\/\/www.vittal.com.ar\/gestion\/servicios-adicionales\/radiologia\/","og_site_name":"Vittal","article_publisher":"https:\/\/www.facebook.com\/Tuvidaestaprimero","article_modified_time":"2025-05-22T17:26:09+00:00","og_image":[{"width":300,"height":300,"url":"https:\/\/www.vittal.com.ar\/gestion\/wp-content\/uploads\/2020\/03\/vittal-logo.jpg","type":"image\/jpeg"}],"twitter_card":"summary_large_image","schema":{"@context":"https:\/\/schema.org","@graph":[{"@type":"WebPage","@id":"https:\/\/www.vittal.com.ar\/gestion\/servicios-adicionales\/radiologia\/","url":"https:\/\/www.vittal.com.ar\/gestion\/servicios-adicionales\/radiologia\/","name":"Radiolog\u00eda - Vittal","isPartOf":{"@id":"https:\/\/testweb.vittal.com.ar\/gestion\/#website"},"datePublished":"2020-02-16T20:01:54+00:00","dateModified":"2025-05-22T17:26:09+00:00","breadcrumb":{"@id":"https:\/\/www.vittal.com.ar\/gestion\/servicios-adicionales\/radiologia\/#breadcrumb"},"inLanguage":"es","potentialAction":[{"@type":"ReadAction","target":["https:\/\/www.vittal.com.ar\/gestion\/servicios-adicionales\/radiologia\/"]}]},{"@type":"BreadcrumbList","@id":"https:\/\/www.vittal.com.ar\/gestion\/servicios-adicionales\/radiologia\/#breadcrumb","itemListElement":[{"@type":"ListItem","position":1,"name":"Home","item":"https:\/\/testweb.vittal.com.ar\/gestion\/"},{"@type":"ListItem","position":2,"name":"Servicios Adicionales","item":"https:\/\/testweb.vittal.com.ar\/gestion\/servicios-adicionales\/"},{"@type":"ListItem","position":3,"name":"Radiolog\u00eda"}]},{"@type":"WebSite","@id":"https:\/\/testweb.vittal.com.ar\/gestion\/#website","url":"https:\/\/testweb.vittal.com.ar\/gestion\/","name":"Vittal | Emergecias y Urgencias Medicas","description":"Emergencias y urgencias m\u00e9dicas 24hs.","potentialAction":[{"@type":"SearchAction","target":{"@type":"EntryPoint","urlTemplate":"https:\/\/testweb.vittal.com.ar\/gestion\/?s={search_term_string}"},"query-input":"required name=search_term_string"}],"inLanguage":"es"}]}},"acf":{"portada":{"imagen":"https:\/\/www.vittal.com.ar\/gestion\/wp-content\/uploads\/2020\/03\/radiologia500.jpg","titulo":"Radiolog\u00eda","descripcion":"vittal brinda a sus socios acceso a importantes centros de diagn\u00f3stico por im\u00e1genes y atenci\u00f3n domiciliaria.","label_boton":"Ver m\u00e1s","redirect":{"utilizar_redireccionamiento":false,"url":""}},"interior":{"imagen_fondo":"https:\/\/www.vittal.com.ar\/gestion\/wp-content\/uploads\/2020\/03\/radiologia.jpg","imagenMobile":false,"titulo":"Radiolog\u00eda","subtitulo":"vittal brinda a sus socios acceso a importantes centros de diagn\u00f3stico por im\u00e1genes y atenci\u00f3n domiciliaria.","contenido":"<p>Los socios de <strong>vittal<\/strong> cuentan con aranceles preferenciales en importantes centros de diagn\u00f3stico por im\u00e1genes.<\/p>\n<p>Tambi\u00e9n realizamos atenci\u00f3n a domicilio: ex\u00e1menes de Rayos X con diagn\u00f3stico preciso a cargo de m\u00e9dicos radi\u00f3logos que cuentan con equipos port\u00e1tiles de alta calidad.<\/p>\n","link":{"label":"Ver centros adheridos","url":"\/atencion-al-socio\/cartilla-medica","externo":false},"on_demand":{"titulo":"","subtitulo":"","label":"","link":""},"legales":"(*) Servicio con copago para todos los planes. Consultar valores y cobertura geogr\u00e1fica llamando al 0810-888-48825."},"plantilla":"adic","seo":{"titulo":"Radiolog\u00eda","descripcion":"vittal brinda a sus socios acceso a importantes centros de diagn\u00f3stico por im\u00e1genes y atenci\u00f3n domiciliaria.","keywords":"Radiolog\u00eda, vittal"}},"_links":{"self":[{"href":"https:\/\/www.vittal.com.ar\/gestion\/wp-json\/wp\/v2\/pages\/522"}],"collection":[{"href":"https:\/\/www.vittal.com.ar\/gestion\/wp-json\/wp\/v2\/pages"}],"about":[{"href":"https:\/\/www.vittal.com.ar\/gestion\/wp-json\/wp\/v2\/types\/page"}],"author":[{"embeddable":true,"href":"https:\/\/www.vittal.com.ar\/gestion\/wp-json\/wp\/v2\/users\/4"}],"replies":[{"embeddable":true,"href":"https:\/\/www.vittal.com.ar\/gestion\/wp-json\/wp\/v2\/comments?post=522"}],"version-history":[{"count":10,"href":"https:\/\/www.vittal.com.ar\/gestion\/wp-json\/wp\/v2\/pages\/522\/revisions"}],"predecessor-version":[{"id":11174,"href":"https:\/\/www.vittal.com.ar\/gestion\/wp-json\/wp\/v2\/pages\/522\/revisions\/11174"}],"up":[{"embeddable":true,"href":"https:\/\/www.vittal.com.ar\/gestion\/wp-json\/wp\/v2\/pages\/381"}],"wp:attachment":[{"href":"https:\/\/www.vittal.com.ar\/gestion\/wp-json\/wp\/v2\/media?parent=522"}],"curies":[{"name":"wp","href":"https:\/\/api.w.org\/{rel}","templated":true}]}}