{"id":540,"date":"2014-01-30T14:51:31","date_gmt":"2014-01-30T14:51:31","guid":{"rendered":"http:\/\/client.elpixel.net\/vittal\/wp-test\/?page_id=540"},"modified":"2025-12-31T12:46:15","modified_gmt":"2025-12-31T15:46:15","slug":"primer-mes-gratis","status":"publish","type":"page","link":"https:\/\/www.vittal.com.ar\/gestion\/planes\/promos\/primer-mes-gratis\/","title":{"rendered":"Primer mes gratis"},"content":{"rendered":"","protected":false},"excerpt":{"rendered":"","protected":false},"author":4,"featured_media":0,"parent":180,"menu_order":6,"comment_status":"closed","ping_status":"closed","template":"","meta":{"footnotes":""},"class_list":["post-540","page","type-page","status-publish","hentry"],"better_featured_image":null,"yoast_head":"<!-- This site is optimized with the Yoast SEO plugin v22.9 - https:\/\/yoast.com\/wordpress\/plugins\/seo\/ -->\n<title>Primer mes gratis - Vittal<\/title>\n<meta name=\"robots\" content=\"index, follow, max-snippet:-1, max-image-preview:large, max-video-preview:-1\" \/>\n<link rel=\"canonical\" href=\"https:\/\/www.vittal.com.ar\/gestion\/planes\/promos\/primer-mes-gratis\/\" \/>\n<meta property=\"og:locale\" content=\"es_ES\" \/>\n<meta property=\"og:type\" content=\"article\" \/>\n<meta property=\"og:title\" content=\"Primer mes gratis - Vittal\" \/>\n<meta property=\"og:url\" content=\"https:\/\/www.vittal.com.ar\/gestion\/planes\/promos\/primer-mes-gratis\/\" \/>\n<meta property=\"og:site_name\" content=\"Vittal\" \/>\n<meta property=\"article:publisher\" content=\"https:\/\/www.facebook.com\/Tuvidaestaprimero\" \/>\n<meta property=\"article:modified_time\" content=\"2025-12-31T15:46:15+00:00\" \/>\n<meta property=\"og:image\" content=\"https:\/\/www.vittal.com.ar\/gestion\/wp-content\/uploads\/2020\/03\/vittal-logo.jpg\" \/>\n\t<meta property=\"og:image:width\" content=\"300\" \/>\n\t<meta property=\"og:image:height\" content=\"300\" \/>\n\t<meta property=\"og:image:type\" content=\"image\/jpeg\" \/>\n<meta name=\"twitter:card\" content=\"summary_large_image\" \/>\n<!-- \/ Yoast SEO plugin. -->","yoast_head_json":{"title":"Primer mes gratis - Vittal","robots":{"index":"index","follow":"follow","max-snippet":"max-snippet:-1","max-image-preview":"max-image-preview:large","max-video-preview":"max-video-preview:-1"},"canonical":"https:\/\/www.vittal.com.ar\/gestion\/planes\/promos\/primer-mes-gratis\/","og_locale":"es_ES","og_type":"article","og_title":"Primer mes gratis - Vittal","og_url":"https:\/\/www.vittal.com.ar\/gestion\/planes\/promos\/primer-mes-gratis\/","og_site_name":"Vittal","article_publisher":"https:\/\/www.facebook.com\/Tuvidaestaprimero","article_modified_time":"2025-12-31T15:46:15+00:00","og_image":[{"width":300,"height":300,"url":"https:\/\/www.vittal.com.ar\/gestion\/wp-content\/uploads\/2020\/03\/vittal-logo.jpg","type":"image\/jpeg"}],"twitter_card":"summary_large_image","schema":{"@context":"https:\/\/schema.org","@graph":[{"@type":"WebPage","@id":"https:\/\/www.vittal.com.ar\/gestion\/planes\/promos\/primer-mes-gratis\/","url":"https:\/\/www.vittal.com.ar\/gestion\/planes\/promos\/primer-mes-gratis\/","name":"Primer mes gratis - Vittal","isPartOf":{"@id":"https:\/\/testweb.vittal.com.ar\/gestion\/#website"},"datePublished":"2014-01-30T14:51:31+00:00","dateModified":"2025-12-31T15:46:15+00:00","breadcrumb":{"@id":"https:\/\/www.vittal.com.ar\/gestion\/planes\/promos\/primer-mes-gratis\/#breadcrumb"},"inLanguage":"es","potentialAction":[{"@type":"ReadAction","target":["https:\/\/www.vittal.com.ar\/gestion\/planes\/promos\/primer-mes-gratis\/"]}]},{"@type":"BreadcrumbList","@id":"https:\/\/www.vittal.com.ar\/gestion\/planes\/promos\/primer-mes-gratis\/#breadcrumb","itemListElement":[{"@type":"ListItem","position":1,"name":"Home","item":"https:\/\/testweb.vittal.com.ar\/gestion\/"},{"@type":"ListItem","position":2,"name":"Planes","item":"https:\/\/www.vittal.com.ar\/gestion\/planes\/"},{"@type":"ListItem","position":3,"name":"Promos","item":"https:\/\/www.vittal.com.ar\/gestion\/planes\/promos\/"},{"@type":"ListItem","position":4,"name":"Primer mes gratis"}]},{"@type":"WebSite","@id":"https:\/\/testweb.vittal.com.ar\/gestion\/#website","url":"https:\/\/testweb.vittal.com.ar\/gestion\/","name":"Vittal | Emergecias y Urgencias Medicas","description":"Emergencias y urgencias m\u00e9dicas 24hs.","potentialAction":[{"@type":"SearchAction","target":{"@type":"EntryPoint","urlTemplate":"https:\/\/testweb.vittal.com.ar\/gestion\/?s={search_term_string}"},"query-input":"required name=search_term_string"}],"inLanguage":"es"}]}},"acf":{"portada":{"imagen":"https:\/\/www.vittal.com.ar\/gestion\/wp-content\/uploads\/2022\/02\/mes-gratis_portada.jpg","titulo":"Primer Mes Gratis","descripcion":"\u00a1Este mes no hagas cuentas!","label_boton":"Ver m\u00e1s","redirect":{"utilizar_redireccionamiento":false,"url":""}},"interior":{"imagen_fondo":"https:\/\/www.vittal.com.ar\/gestion\/wp-content\/uploads\/2022\/01\/mes-gratis_plan-1.jpg","imagenMobile":"https:\/\/www.vittal.com.ar\/gestion\/wp-content\/uploads\/2022\/03\/mes-gratis_plan-interior-mobile-1.jpg","titulo":"Primer mes gratis","subtitulo":"\u00a1Este mes no hagas cuentas!","contenido":"<p>Asociate ahora a <strong>vittal<\/strong> y empez\u00e1 a pagarlo el mes que viene.<\/p>\n<p><strong>Aprovech\u00e1 el\u00a0<a href=\"http:\/\/www.vittal.com.ar\/landing\/mes-bonificado-septiembre-2019-emailing\/\">primer mes gratis<\/a> en plan vittal Bienestar <\/strong>y <strong>plan vittal Integral <\/strong>cont\u00e1 con cobertura ante <strong>emergencias\u00a0y urgencias m\u00e9dicas<\/strong>,\u00a0<strong>pediatras a domicilio*<\/strong>,\u00a0<strong>odontolog\u00eda<\/strong>\u00a0<strong>de urgencia<\/strong>, descuentos en farmacias de hasta el\u00a0<strong>40%<\/strong>, consultas m\u00e9dicas online las 24 hs, asistencia internacional al viajero con\u00a0<strong>Assistravel<\/strong>\u00a0y m\u00e1s beneficios.<\/p>\n<p>&nbsp;<\/p>\n<p>&nbsp;<\/p>\n<p>&nbsp;<\/p>\n<p>&nbsp;<\/p>\n","link":{"label":"","url":"","externo":false},"on_demand":{"titulo":"","subtitulo":"","label":"","link":""},"legales":"Promoci\u00f3n v\u00e1lida exclusivamente para contrataciones del Plan vittal Mix y Plus realizadas desde el 15-04-21 hasta el 31-12-2026 y abonando \u00fanicamente con tarjeta de cr\u00e9dito, de d\u00e9bito o a trav\u00e9s de d\u00e9bito autom\u00e1tico en cuenta bancaria. El servicio incluye la atenci\u00f3n de emergencias y urgencias para grupo familiar con residencia en Capital Federal y GBA. Consultar disponibilidad geogr\u00e1fica y precios para otros medios de pago. Este servicio estar\u00e1 disponible a partir del alta del socio, que se produce dentro de las 72 horas h\u00e1biles de concretada la contrataci\u00f3n del servicio telef\u00f3nicamente. (*) Servicio con copago. Servicio exclusivo para Planes Mix y Plus. Servicio de urgencia odontol\u00f3gica \u00fanicamente en centros de guardia asociados, ubicados en Capital Federal y GBA. Comunicarse al Centro de Atenci\u00f3n al Socio, Tel: 0810-888-48825 para informarse sobre el centro de guardia asociado m\u00e1s cercano a tu domicilio. Por atenciones m\u00e9dicas que no requieran derivaci\u00f3n a un centro asistencial de salud se abonar\u00e1 un copago, consultar precio vigente del copago al 0810-888-48825. Todos los precios incluyen IVA. Socorro M\u00e9dico Privado S.A. CUIT 30-61221341-7. Av. \u00c1lvarez Thomas 1154, Ciudad Aut\u00f3noma de Buenos Aires. Superintendencia Servicios de Salud, 0800-222-SALUD (72583). R.N.E.M.P. N\u00b0113052. \"El titular de los datos personales tiene la facultad de ejercer el derecho de acceso a los mismos en forma gratuita a intervalos no inferiores a seis meses, salvo que se acredite un inter\u00e9s leg\u00edtimo al efecto conforme lo establecido en el art\u00edculo 14, inciso 3 de la Ley N\u00ba 25.326\". \"La DIRECCI\u00d3N NACIONAL DE PROTECCI\u00d3N DE DATOS PERSONALES, \u00d3rgano de Control de la Ley N\u00ba 25.326, tiene la atribuci\u00f3n de atender las denuncias y reclamos que se interpongan con relaci\u00f3n al incumplimiento de las normas sobre protecci\u00f3n de datos personales\"."},"plantilla":"adic","seo":{"titulo":"Primer Mes Gratis","descripcion":"\u00a1Este mes no hagas cuentas!","keywords":"vittal, promo, primer mes gratis"}},"_links":{"self":[{"href":"https:\/\/www.vittal.com.ar\/gestion\/wp-json\/wp\/v2\/pages\/540"}],"collection":[{"href":"https:\/\/www.vittal.com.ar\/gestion\/wp-json\/wp\/v2\/pages"}],"about":[{"href":"https:\/\/www.vittal.com.ar\/gestion\/wp-json\/wp\/v2\/types\/page"}],"author":[{"embeddable":true,"href":"https:\/\/www.vittal.com.ar\/gestion\/wp-json\/wp\/v2\/users\/4"}],"replies":[{"embeddable":true,"href":"https:\/\/www.vittal.com.ar\/gestion\/wp-json\/wp\/v2\/comments?post=540"}],"version-history":[{"count":32,"href":"https:\/\/www.vittal.com.ar\/gestion\/wp-json\/wp\/v2\/pages\/540\/revisions"}],"predecessor-version":[{"id":11543,"href":"https:\/\/www.vittal.com.ar\/gestion\/wp-json\/wp\/v2\/pages\/540\/revisions\/11543"}],"up":[{"embeddable":true,"href":"https:\/\/www.vittal.com.ar\/gestion\/wp-json\/wp\/v2\/pages\/180"}],"wp:attachment":[{"href":"https:\/\/www.vittal.com.ar\/gestion\/wp-json\/wp\/v2\/media?parent=540"}],"curies":[{"name":"wp","href":"https:\/\/api.w.org\/{rel}","templated":true}]}}