{"id":5416,"date":"2022-11-08T22:49:38","date_gmt":"2022-11-08T22:49:38","guid":{"rendered":"https:\/\/testweb.vittal.com.ar\/gestion\/?page_id=5416"},"modified":"2023-08-01T19:45:18","modified_gmt":"2023-08-01T19:45:18","slug":"servicios-adicionales","status":"publish","type":"page","link":"https:\/\/www.vittal.com.ar\/gestion\/empresas\/servicios-adicionales\/","title":{"rendered":"Servicios Adicionales"},"content":{"rendered":"","protected":false},"excerpt":{"rendered":"","protected":false},"author":4,"featured_media":0,"parent":716,"menu_order":2,"comment_status":"closed","ping_status":"closed","template":"","meta":{"footnotes":""},"class_list":["post-5416","page","type-page","status-publish","hentry"],"better_featured_image":null,"yoast_head":"<!-- This site is optimized with the Yoast SEO plugin v22.9 - https:\/\/yoast.com\/wordpress\/plugins\/seo\/ -->\n<title>Servicios Adicionales - Vittal<\/title>\n<meta name=\"robots\" content=\"index, follow, max-snippet:-1, max-image-preview:large, max-video-preview:-1\" \/>\n<link rel=\"canonical\" href=\"https:\/\/testweb.vittal.com.ar\/gestion\/empresas\/servicios-adicionales\/\" \/>\n<meta property=\"og:locale\" content=\"es_ES\" \/>\n<meta property=\"og:type\" content=\"article\" \/>\n<meta property=\"og:title\" content=\"Servicios Adicionales - Vittal\" \/>\n<meta property=\"og:url\" content=\"https:\/\/testweb.vittal.com.ar\/gestion\/empresas\/servicios-adicionales\/\" \/>\n<meta property=\"og:site_name\" content=\"Vittal\" \/>\n<meta property=\"article:publisher\" content=\"https:\/\/www.facebook.com\/Tuvidaestaprimero\" \/>\n<meta property=\"article:modified_time\" content=\"2023-08-01T19:45:18+00:00\" \/>\n<meta property=\"og:image\" content=\"https:\/\/www.vittal.com.ar\/gestion\/wp-content\/uploads\/2020\/03\/vittal-logo.jpg\" \/>\n\t<meta property=\"og:image:width\" content=\"300\" \/>\n\t<meta property=\"og:image:height\" content=\"300\" \/>\n\t<meta property=\"og:image:type\" content=\"image\/jpeg\" \/>\n<meta name=\"twitter:card\" content=\"summary_large_image\" \/>\n<!-- \/ Yoast SEO plugin. -->","yoast_head_json":{"title":"Servicios Adicionales - Vittal","robots":{"index":"index","follow":"follow","max-snippet":"max-snippet:-1","max-image-preview":"max-image-preview:large","max-video-preview":"max-video-preview:-1"},"canonical":"https:\/\/testweb.vittal.com.ar\/gestion\/empresas\/servicios-adicionales\/","og_locale":"es_ES","og_type":"article","og_title":"Servicios Adicionales - Vittal","og_url":"https:\/\/testweb.vittal.com.ar\/gestion\/empresas\/servicios-adicionales\/","og_site_name":"Vittal","article_publisher":"https:\/\/www.facebook.com\/Tuvidaestaprimero","article_modified_time":"2023-08-01T19:45:18+00:00","og_image":[{"width":300,"height":300,"url":"https:\/\/www.vittal.com.ar\/gestion\/wp-content\/uploads\/2020\/03\/vittal-logo.jpg","type":"image\/jpeg"}],"twitter_card":"summary_large_image","schema":{"@context":"https:\/\/schema.org","@graph":[{"@type":"WebPage","@id":"https:\/\/testweb.vittal.com.ar\/gestion\/empresas\/servicios-adicionales\/","url":"https:\/\/testweb.vittal.com.ar\/gestion\/empresas\/servicios-adicionales\/","name":"Servicios Adicionales - Vittal","isPartOf":{"@id":"https:\/\/testweb.vittal.com.ar\/gestion\/#website"},"datePublished":"2022-11-08T22:49:38+00:00","dateModified":"2023-08-01T19:45:18+00:00","breadcrumb":{"@id":"https:\/\/testweb.vittal.com.ar\/gestion\/empresas\/servicios-adicionales\/#breadcrumb"},"inLanguage":"es","potentialAction":[{"@type":"ReadAction","target":["https:\/\/testweb.vittal.com.ar\/gestion\/empresas\/servicios-adicionales\/"]}]},{"@type":"BreadcrumbList","@id":"https:\/\/testweb.vittal.com.ar\/gestion\/empresas\/servicios-adicionales\/#breadcrumb","itemListElement":[{"@type":"ListItem","position":1,"name":"Home","item":"https:\/\/testweb.vittal.com.ar\/gestion\/"},{"@type":"ListItem","position":2,"name":"Empresas","item":"https:\/\/testweb.vittal.com.ar\/gestion\/empresas\/"},{"@type":"ListItem","position":3,"name":"Servicios Adicionales"}]},{"@type":"WebSite","@id":"https:\/\/testweb.vittal.com.ar\/gestion\/#website","url":"https:\/\/testweb.vittal.com.ar\/gestion\/","name":"Vittal | Emergecias y Urgencias Medicas","description":"Emergencias y urgencias m\u00e9dicas 24hs.","potentialAction":[{"@type":"SearchAction","target":{"@type":"EntryPoint","urlTemplate":"https:\/\/testweb.vittal.com.ar\/gestion\/?s={search_term_string}"},"query-input":"required name=search_term_string"}],"inLanguage":"es"}]}},"acf":{"portada":{"titulo":"Servicios Adicionales","bajada":"Para compa\u00f1\u00edas, instituciones, colegios, <br>clubes, f\u00e1bricas y otras locaciones laborales.","fondo":"https:\/\/www.vittal.com.ar\/gestion\/wp-content\/uploads\/2022\/08\/servicios-adicionales-empresas_caratula-.jpg","redirect":""},"tipo_de_plantilla":"template2","foto_bajada":{"titulo":"","subtitulo":"","fondo":false,"bajada":""},"link":"empresas\/servicios-adicionales","seo":{"titulo":"","descripcion":"","keywords":""},"header":{"titulo":"Servicios adicionales","bajada":"Para compa\u00f1\u00edas, instituciones, colegios, clubes, f\u00e1bricas y otras locaciones laborales.","fondo":"https:\/\/www.vittal.com.ar\/gestion\/wp-content\/uploads\/2022\/08\/servicios-adicionales-empresas_header.jpg"},"secciones":[{"introduccion":{"titulo":"","bajada":"","foto":false},"servicios":{"bajada":"","titulo":"","subtitulo":"","bullets":false,"box_servicio":[{"imagen":"https:\/\/www.vittal.com.ar\/gestion\/wp-content\/uploads\/2022\/08\/laboratorio.jpg","titulo":"Laboratorio","bajada":"<p>A trav\u00e9s de Citymed, empresa perteneciente al grupo vittal, realizamos estudios de laboratorio para ex\u00e1menes preocupacionales, de ingreso u otras necesidades de la compa\u00f1\u00eda.<\/p>\n"},{"imagen":"https:\/\/www.vittal.com.ar\/gestion\/wp-content\/uploads\/2022\/08\/vacuna-antigripal-1.jpg","titulo":"Vacuna antigripal Cepa 2022","bajada":"<p>Adelantate a la circulaci\u00f3n del virus y los contagios. Consult\u00e1 por nuestro servicio de vacunaci\u00f3n en tu lugar de trabajo. Tarifas preferenciales para clientes.<\/p>\n"},{"imagen":"https:\/\/www.vittal.com.ar\/gestion\/wp-content\/uploads\/2022\/08\/test-covid-19.jpg","titulo":"Test Covid-19","bajada":"<p>Todos tipos de test para realizar al personal de su empresa.<br \/>\nAtenci\u00f3n profesional. Test Covid-19. Primer diagn\u00f3stico y consultas m\u00e9dicas.<\/p>\n"}]}}]},"_links":{"self":[{"href":"https:\/\/www.vittal.com.ar\/gestion\/wp-json\/wp\/v2\/pages\/5416"}],"collection":[{"href":"https:\/\/www.vittal.com.ar\/gestion\/wp-json\/wp\/v2\/pages"}],"about":[{"href":"https:\/\/www.vittal.com.ar\/gestion\/wp-json\/wp\/v2\/types\/page"}],"author":[{"embeddable":true,"href":"https:\/\/www.vittal.com.ar\/gestion\/wp-json\/wp\/v2\/users\/4"}],"replies":[{"embeddable":true,"href":"https:\/\/www.vittal.com.ar\/gestion\/wp-json\/wp\/v2\/comments?post=5416"}],"version-history":[{"count":7,"href":"https:\/\/www.vittal.com.ar\/gestion\/wp-json\/wp\/v2\/pages\/5416\/revisions"}],"predecessor-version":[{"id":9275,"href":"https:\/\/www.vittal.com.ar\/gestion\/wp-json\/wp\/v2\/pages\/5416\/revisions\/9275"}],"up":[{"embeddable":true,"href":"https:\/\/www.vittal.com.ar\/gestion\/wp-json\/wp\/v2\/pages\/716"}],"wp:attachment":[{"href":"https:\/\/www.vittal.com.ar\/gestion\/wp-json\/wp\/v2\/media?parent=5416"}],"curies":[{"name":"wp","href":"https:\/\/api.w.org\/{rel}","templated":true}]}}