{"id":5422,"date":"2022-11-08T23:07:23","date_gmt":"2022-11-08T23:07:23","guid":{"rendered":"https:\/\/testweb.vittal.com.ar\/gestion\/?page_id=5422"},"modified":"2024-10-22T12:23:17","modified_gmt":"2024-10-22T15:23:17","slug":"espacio-cardioprotegido","status":"publish","type":"page","link":"https:\/\/www.vittal.com.ar\/gestion\/empresas\/espacio-cardioprotegido\/","title":{"rendered":"Espacio Cardioprotegido"},"content":{"rendered":"","protected":false},"excerpt":{"rendered":"","protected":false},"author":4,"featured_media":0,"parent":716,"menu_order":3,"comment_status":"closed","ping_status":"closed","template":"","meta":{"footnotes":""},"class_list":["post-5422","page","type-page","status-publish","hentry"],"better_featured_image":null,"yoast_head":"<!-- This site is optimized with the Yoast SEO plugin v22.9 - https:\/\/yoast.com\/wordpress\/plugins\/seo\/ -->\n<title>Espacio Cardioprotegido - Vittal<\/title>\n<meta name=\"robots\" content=\"index, follow, max-snippet:-1, max-image-preview:large, max-video-preview:-1\" \/>\n<link rel=\"canonical\" href=\"https:\/\/testweb.vittal.com.ar\/gestion\/empresas\/espacio-cardioprotegido\/\" \/>\n<meta property=\"og:locale\" content=\"es_ES\" \/>\n<meta property=\"og:type\" content=\"article\" \/>\n<meta property=\"og:title\" content=\"Espacio Cardioprotegido - Vittal\" \/>\n<meta property=\"og:url\" content=\"https:\/\/testweb.vittal.com.ar\/gestion\/empresas\/espacio-cardioprotegido\/\" \/>\n<meta property=\"og:site_name\" content=\"Vittal\" \/>\n<meta property=\"article:publisher\" content=\"https:\/\/www.facebook.com\/Tuvidaestaprimero\" \/>\n<meta property=\"article:modified_time\" content=\"2024-10-22T15:23:17+00:00\" \/>\n<meta property=\"og:image\" content=\"https:\/\/www.vittal.com.ar\/gestion\/wp-content\/uploads\/2020\/03\/vittal-logo.jpg\" \/>\n\t<meta property=\"og:image:width\" content=\"300\" \/>\n\t<meta property=\"og:image:height\" content=\"300\" \/>\n\t<meta property=\"og:image:type\" content=\"image\/jpeg\" \/>\n<meta name=\"twitter:card\" content=\"summary_large_image\" \/>\n<!-- \/ Yoast SEO plugin. -->","yoast_head_json":{"title":"Espacio Cardioprotegido - Vittal","robots":{"index":"index","follow":"follow","max-snippet":"max-snippet:-1","max-image-preview":"max-image-preview:large","max-video-preview":"max-video-preview:-1"},"canonical":"https:\/\/testweb.vittal.com.ar\/gestion\/empresas\/espacio-cardioprotegido\/","og_locale":"es_ES","og_type":"article","og_title":"Espacio Cardioprotegido - Vittal","og_url":"https:\/\/testweb.vittal.com.ar\/gestion\/empresas\/espacio-cardioprotegido\/","og_site_name":"Vittal","article_publisher":"https:\/\/www.facebook.com\/Tuvidaestaprimero","article_modified_time":"2024-10-22T15:23:17+00:00","og_image":[{"width":300,"height":300,"url":"https:\/\/www.vittal.com.ar\/gestion\/wp-content\/uploads\/2020\/03\/vittal-logo.jpg","type":"image\/jpeg"}],"twitter_card":"summary_large_image","schema":{"@context":"https:\/\/schema.org","@graph":[{"@type":"WebPage","@id":"https:\/\/testweb.vittal.com.ar\/gestion\/empresas\/espacio-cardioprotegido\/","url":"https:\/\/testweb.vittal.com.ar\/gestion\/empresas\/espacio-cardioprotegido\/","name":"Espacio Cardioprotegido - Vittal","isPartOf":{"@id":"https:\/\/testweb.vittal.com.ar\/gestion\/#website"},"datePublished":"2022-11-08T23:07:23+00:00","dateModified":"2024-10-22T15:23:17+00:00","breadcrumb":{"@id":"https:\/\/testweb.vittal.com.ar\/gestion\/empresas\/espacio-cardioprotegido\/#breadcrumb"},"inLanguage":"es","potentialAction":[{"@type":"ReadAction","target":["https:\/\/testweb.vittal.com.ar\/gestion\/empresas\/espacio-cardioprotegido\/"]}]},{"@type":"BreadcrumbList","@id":"https:\/\/testweb.vittal.com.ar\/gestion\/empresas\/espacio-cardioprotegido\/#breadcrumb","itemListElement":[{"@type":"ListItem","position":1,"name":"Home","item":"https:\/\/testweb.vittal.com.ar\/gestion\/"},{"@type":"ListItem","position":2,"name":"Empresas","item":"https:\/\/testweb.vittal.com.ar\/gestion\/empresas\/"},{"@type":"ListItem","position":3,"name":"Espacio Cardioprotegido"}]},{"@type":"WebSite","@id":"https:\/\/testweb.vittal.com.ar\/gestion\/#website","url":"https:\/\/testweb.vittal.com.ar\/gestion\/","name":"Vittal | Emergecias y Urgencias Medicas","description":"Emergencias y urgencias m\u00e9dicas 24hs.","potentialAction":[{"@type":"SearchAction","target":{"@type":"EntryPoint","urlTemplate":"https:\/\/testweb.vittal.com.ar\/gestion\/?s={search_term_string}"},"query-input":"required name=search_term_string"}],"inLanguage":"es"}]}},"acf":{"portada":{"titulo":"Espacio Cardioprotegido","bajada":"Este servicio tiene el adicional de la<br>\r\ninstalaci\u00f3n de un DEA y cursos de RCP","fondo":"https:\/\/www.vittal.com.ar\/gestion\/wp-content\/uploads\/2023\/08\/espacio-cardioprotegido_caratula-invertida.jpg","redirect":""},"header":{"titulo":"Espacio Cardioprotegido","bajada":"Ofrecemos equipos DEA y entrenamiento en RCP para obtener la certificaci\u00f3n de Edificio Cardioprotegido","fondo":"https:\/\/www.vittal.com.ar\/gestion\/wp-content\/uploads\/2022\/08\/espacio-cardioprotegido_header.jpg"},"introduccion":{"titulo":"","bajada":"<strong>vittal<\/strong> le ofrece los equipos DEA y el entrenamiento en RCP para que su empresa, comercio o instituci\u00f3n obtenga la certificaci\u00f3n de Edificio Cardioprotegido: un espacio en el que est\u00e9n dadas las condiciones para asistir a una persona en los primeros minutos tras un paro card\u00edaco y reducir al m\u00ednimo los riesgos de muerte y las posibles secuelas. \r\n","foto":"https:\/\/www.vittal.com.ar\/gestion\/wp-content\/uploads\/2022\/08\/espacio-cardioprotegido_imagen-interior-mobile.jpg"},"servicios":{"bajada_top":"","titulo":"","bajada":"Con la capacitaci\u00f3n brindada por los profesionales de <strong>Fundaci\u00f3n vittal<\/strong> para la correcta aplicaci\u00f3n de RCP y un acceso r\u00e1pido y f\u00e1cil a los DEA instalados por nuestros especialistas, usted y su compa\u00f1\u00eda cuentan con los instrumentos necesarios para un tratamiento adecuado y precoz de las v\u00edctimas.","box_servicio":[{"titulo":"Capacitaci\u00f3n en RCP","bajada":"Cursos para el personal, a cargo de nuestros instructores certificados por <strong>Fundaci\u00f3n vittal<\/strong> y American Heart Association.\r\n","imagen":"https:\/\/www.vittal.com.ar\/gestion\/wp-content\/uploads\/2022\/08\/rcp.jpg"},{"titulo":"Desfibrilador Externo Autom\u00e1tico (DEA)","bajada":"El DEA aplica una descarga de corriente al coraz\u00f3n, para restablecer el ritmo card\u00edaco de una v\u00edctima de paro cardiorespiratorio causado por fibrilaci\u00f3n ventricular. El equipo que provee vittal es de \u00faltima tecnolog\u00eda, seguro, f\u00e1cil de utilizar y le permitir\u00e1 responder r\u00e1pida y eficazmente ante una emergencia card\u00edaca.","imagen":"https:\/\/www.vittal.com.ar\/gestion\/wp-content\/uploads\/2022\/08\/dea.jpg"}]},"seo":{"titulo":"Espacio Cardioprotegido","descripcion":"Este servicio tiene el adicional de la instalaci\u00f3n de un DEA y cursos de RCP","keywords":"DEA , RCP, vittal, desfibrilador externo autom\u00e1tico"},"link":"empresas\/espacio-cardioprotegido","tipo_de_plantilla":"template1","foto_bajada":{"titulo":"","subtitulo":"","fondo":false,"bajada":""}},"_links":{"self":[{"href":"https:\/\/www.vittal.com.ar\/gestion\/wp-json\/wp\/v2\/pages\/5422"}],"collection":[{"href":"https:\/\/www.vittal.com.ar\/gestion\/wp-json\/wp\/v2\/pages"}],"about":[{"href":"https:\/\/www.vittal.com.ar\/gestion\/wp-json\/wp\/v2\/types\/page"}],"author":[{"embeddable":true,"href":"https:\/\/www.vittal.com.ar\/gestion\/wp-json\/wp\/v2\/users\/4"}],"replies":[{"embeddable":true,"href":"https:\/\/www.vittal.com.ar\/gestion\/wp-json\/wp\/v2\/comments?post=5422"}],"version-history":[{"count":3,"href":"https:\/\/www.vittal.com.ar\/gestion\/wp-json\/wp\/v2\/pages\/5422\/revisions"}],"predecessor-version":[{"id":10731,"href":"https:\/\/www.vittal.com.ar\/gestion\/wp-json\/wp\/v2\/pages\/5422\/revisions\/10731"}],"up":[{"embeddable":true,"href":"https:\/\/www.vittal.com.ar\/gestion\/wp-json\/wp\/v2\/pages\/716"}],"wp:attachment":[{"href":"https:\/\/www.vittal.com.ar\/gestion\/wp-json\/wp\/v2\/media?parent=5422"}],"curies":[{"name":"wp","href":"https:\/\/api.w.org\/{rel}","templated":true}]}}