{"id":5543,"date":"2025-04-17T14:39:51","date_gmt":"2025-04-17T17:39:51","guid":{"rendered":"https:\/\/testweb.vittal.com.ar\/gestion\/?page_id=5543"},"modified":"2025-08-20T12:44:36","modified_gmt":"2025-08-20T15:44:36","slug":"vittaldoc-tu-medico-de-familia1","status":"publish","type":"page","link":"https:\/\/www.vittal.com.ar\/gestion\/planes\/vittaldoc-tu-medico-de-familia1\/","title":{"rendered":"vittaldoc, tu m\u00e9dic@ de familia"},"content":{"rendered":"","protected":false},"excerpt":{"rendered":"","protected":false},"author":4,"featured_media":0,"parent":116,"menu_order":0,"comment_status":"closed","ping_status":"closed","template":"","meta":{"footnotes":""},"class_list":["post-5543","page","type-page","status-publish","hentry"],"better_featured_image":null,"yoast_head":"<!-- This site is optimized with the Yoast SEO plugin v22.9 - https:\/\/yoast.com\/wordpress\/plugins\/seo\/ -->\n<title>vittaldoc, tu m\u00e9dic@ de familia - Vittal<\/title>\n<meta name=\"robots\" content=\"index, follow, max-snippet:-1, max-image-preview:large, max-video-preview:-1\" \/>\n<link rel=\"canonical\" href=\"https:\/\/www.vittal.com.ar\/gestion\/planes\/vittaldoc-tu-medico-de-familia1\/\" \/>\n<meta property=\"og:locale\" content=\"es_ES\" \/>\n<meta property=\"og:type\" content=\"article\" \/>\n<meta property=\"og:title\" content=\"vittaldoc, tu m\u00e9dic@ de familia - Vittal\" \/>\n<meta property=\"og:url\" content=\"https:\/\/www.vittal.com.ar\/gestion\/planes\/vittaldoc-tu-medico-de-familia1\/\" \/>\n<meta property=\"og:site_name\" content=\"Vittal\" \/>\n<meta property=\"article:publisher\" content=\"https:\/\/www.facebook.com\/Tuvidaestaprimero\" \/>\n<meta property=\"article:modified_time\" content=\"2025-08-20T15:44:36+00:00\" \/>\n<meta property=\"og:image\" content=\"https:\/\/www.vittal.com.ar\/gestion\/wp-content\/uploads\/2020\/03\/vittal-logo.jpg\" \/>\n\t<meta property=\"og:image:width\" content=\"300\" \/>\n\t<meta property=\"og:image:height\" content=\"300\" \/>\n\t<meta property=\"og:image:type\" content=\"image\/jpeg\" \/>\n<meta name=\"twitter:card\" content=\"summary_large_image\" \/>\n<!-- \/ Yoast SEO plugin. -->","yoast_head_json":{"title":"vittaldoc, tu m\u00e9dic@ de familia - Vittal","robots":{"index":"index","follow":"follow","max-snippet":"max-snippet:-1","max-image-preview":"max-image-preview:large","max-video-preview":"max-video-preview:-1"},"canonical":"https:\/\/www.vittal.com.ar\/gestion\/planes\/vittaldoc-tu-medico-de-familia1\/","og_locale":"es_ES","og_type":"article","og_title":"vittaldoc, tu m\u00e9dic@ de familia - Vittal","og_url":"https:\/\/www.vittal.com.ar\/gestion\/planes\/vittaldoc-tu-medico-de-familia1\/","og_site_name":"Vittal","article_publisher":"https:\/\/www.facebook.com\/Tuvidaestaprimero","article_modified_time":"2025-08-20T15:44:36+00:00","og_image":[{"width":300,"height":300,"url":"https:\/\/www.vittal.com.ar\/gestion\/wp-content\/uploads\/2020\/03\/vittal-logo.jpg","type":"image\/jpeg"}],"twitter_card":"summary_large_image","schema":{"@context":"https:\/\/schema.org","@graph":[{"@type":"WebPage","@id":"https:\/\/www.vittal.com.ar\/gestion\/planes\/vittaldoc-tu-medico-de-familia1\/","url":"https:\/\/www.vittal.com.ar\/gestion\/planes\/vittaldoc-tu-medico-de-familia1\/","name":"vittaldoc, tu m\u00e9dic@ de familia - Vittal","isPartOf":{"@id":"https:\/\/testweb.vittal.com.ar\/gestion\/#website"},"datePublished":"2025-04-17T17:39:51+00:00","dateModified":"2025-08-20T15:44:36+00:00","breadcrumb":{"@id":"https:\/\/www.vittal.com.ar\/gestion\/planes\/vittaldoc-tu-medico-de-familia1\/#breadcrumb"},"inLanguage":"es","potentialAction":[{"@type":"ReadAction","target":["https:\/\/www.vittal.com.ar\/gestion\/planes\/vittaldoc-tu-medico-de-familia1\/"]}]},{"@type":"BreadcrumbList","@id":"https:\/\/www.vittal.com.ar\/gestion\/planes\/vittaldoc-tu-medico-de-familia1\/#breadcrumb","itemListElement":[{"@type":"ListItem","position":1,"name":"Home","item":"https:\/\/testweb.vittal.com.ar\/gestion\/"},{"@type":"ListItem","position":2,"name":"Planes","item":"https:\/\/www.vittal.com.ar\/gestion\/planes\/"},{"@type":"ListItem","position":3,"name":"vittaldoc, tu m\u00e9dic@ de familia"}]},{"@type":"WebSite","@id":"https:\/\/testweb.vittal.com.ar\/gestion\/#website","url":"https:\/\/testweb.vittal.com.ar\/gestion\/","name":"Vittal | Emergecias y Urgencias Medicas","description":"Emergencias y urgencias m\u00e9dicas 24hs.","potentialAction":[{"@type":"SearchAction","target":{"@type":"EntryPoint","urlTemplate":"https:\/\/testweb.vittal.com.ar\/gestion\/?s={search_term_string}"},"query-input":"required name=search_term_string"}],"inLanguage":"es"}]}},"acf":{"seo":{"titulo":"vittaldoc, tu m\u00e9dico de familia","descripcion":"m\u00e9dico de familia para todo el grupo familiar","keywords":"medico de familia, medico familiar, medico clinico para toda la familia, whatsapp del medico"},"portada":{"titulo":"vittaldoc","bajada":"Tu m\u00e9dico de cabecera con acceso directo a su whatsapp.\u2028Consultas m\u00e9dicas por videollamada las 24 hs.\u2028Diagn\u00f3stico, recetas y seguimiento cl\u00ednico desde casa.<br \/>\r\n<br \/>\r\n<span>Incluido en todos los planes, sin costo adicional.<\/span>","caracteristicas":false,"imagen_fondo":"https:\/\/www.vittal.com.ar\/gestion\/wp-content\/uploads\/2022\/11\/vittaldoc_plan-1.jpg","imagen_fondo_mobile":"https:\/\/www.vittal.com.ar\/gestion\/wp-content\/uploads\/2025\/08\/vittal-doc.jpg","promo":true,"plan_oculto":false},"plantilla":"adic","interior":{"imagen_fondo":false,"imagenMobile":false,"titulo":"","subtitulo":"","contenido":"","link":{"label":"","url":"","externo":false},"on_demand":{"titulo":"","subtitulo":"","label":"","link":""},"legales":""},"precio":false,"activarbitrix":false,"codigo_form":false,"boton":{"nombre":"Conoc\u00e9 como funciona","icono":false,"promo":false},"slider":{"slide":[{"imagen":"https:\/\/www.vittal.com.ar\/gestion\/wp-content\/uploads\/2025\/04\/vittaldoc-2_caratula-desktop.jpg","imagen_mobile":"https:\/\/www.vittal.com.ar\/gestion\/wp-content\/uploads\/2025\/04\/vittaldoc-2_caratula-mobile.jpg","titulo":"","bajada":""}]},"deshabilitar_servicios":false,"servicios":[{"icono":"https:\/\/www.vittal.com.ar\/gestion\/wp-content\/uploads\/2022\/11\/servicios-interior_atencion-integral-medico.jpg","titulo":"Atenci\u00f3n integral\u00a0y seguimiento de tu m\u00e9dico","bajada":"","label":"","link":""},{"icono":"https:\/\/www.vittal.com.ar\/gestion\/wp-content\/uploads\/2022\/11\/servicios-interior_wa-directo-medico.jpg","titulo":"WhatsApp directo con tu m\u00e9dico","bajada":"Para consultas sobre estudios y seguimiento","label":"","link":""},{"icono":"https:\/\/www.vittal.com.ar\/gestion\/wp-content\/uploads\/2022\/11\/servicios-interior_historia-clinica-digital.jpg","titulo":"Historia cl\u00ednica digital","bajada":"","label":"","link":""},{"icono":"https:\/\/www.vittal.com.ar\/gestion\/wp-content\/uploads\/2022\/11\/servicios-interior_derivaciones.jpg","titulo":"Derivaci\u00f3n\u00a0a centros de salud y diagn\u00f3stico","bajada":"","label":"","link":""},{"icono":"https:\/\/www.vittal.com.ar\/gestion\/wp-content\/uploads\/2022\/11\/servicios-interior_odenes-recetas.jpg","titulo":"\u00d3rdenes, recetas y derivaciones","bajada":"","label":"","link":""},{"icono":"https:\/\/www.vittal.com.ar\/gestion\/wp-content\/uploads\/2022\/11\/servicios-interior_prevencion-enfermedades.jpg","titulo":"Prevenci\u00f3n\u00a0y detecci\u00f3n temprana de enfermedades","bajada":"","label":"","link":""}],"servicio_recomendado":{"habilitar":false,"medida":[],"imagen":false,"imagen_mobile":false},"adicionales":{"habilitar":false,"listado":false},"espicificaciones":"","legales":{"label":"Ver legales","texto":"<p>El servicio Vittaldoc se encuentra incluido en la cuota mensual de los planes vittal Up, Bienestar e Integral. El alta en Vittaldoc se efectuar\u00e1 para todos los socios del grupo con el mismo plan, en caso de corresponder, y podr\u00e1 demorar hasta 7 (siete) d\u00edas desde el ingreso de los datos, siendo comunicado por correo electr\u00f3nico. El m\u00e9dico podr\u00e1 responder por WhatsApp dentro de 24 (veinticuatro) horas h\u00e1biles. El servicio de especialidades dermatol\u00f3gicas, en caso de estar incluido en el plan, contar\u00e1 con un costo adicional que ser\u00e1 informado previamente para consultas en zona CABA y GBA.<br \/>\nSocorro M\u00e9dico Privado S.A. CUIT 30-61221341-7. Av. \u00c1lvarez Thomas 1154, Ciudad Aut\u00f3noma de Buenos Aires. Superintendencia Servicios de Salud, 0800-222-SALUD (72583). R.N.E.M.P. N\u00b0113052. &#8220;El titular de los datos personales tiene la facultad de ejercer el derecho de acceso a los mismos en forma gratuita a intervalos no inferiores a seis meses, salvo que se acredite un inter\u00e9s leg\u00edtimo al efecto conforme lo establecido en el art\u00edculo 14, inciso 3 de la Ley N\u00ba 25.326&#8221;. &#8220;La DIRECCI\u00d3N NACIONAL DE PROTECCI\u00d3N DE DATOS PERSONALES, \u00d3rgano de Control de la Ley N\u00ba 25.326, tiene la atribuci\u00f3n de atender las denuncias y reclamos que se interpongan con relaci\u00f3n al incumplimiento de las normas sobre protecci\u00f3n de datos personales&#8221;.<\/p>\n"},"resumen":{"titulo":"vittaldoc, tu m\u00e9dic@ de cabecera","subtitulo":"Ahora con vittal cont\u00e1s con un m\u00e9dico de familia.","top_titulo_derecha":"","titulo_derecha":"","bajada":"<p><strong>Servicio exclusivo para socios<\/strong><\/p>\n<p>&nbsp;<\/p>\n<p>Ahora con\u00a0<strong>vittaldoc<\/strong>\u00a0cont\u00e1s con un<strong> m\u00e9dico de familia.<\/strong><\/p>\n<p>Incluido en todos los planes<strong>\u00a0sin costo adicional.<\/strong><\/p>\n<p>&nbsp;<\/p>\n<p>Conoc\u00e9 c\u00f3mo usar este servicio <a href=\"https:\/\/youtu.be\/0aK3JsCvM98\" target=\"_blank\" rel=\"noopener\">ingresando ac\u00e1.<\/a><\/p>\n<p>Podr\u00e1s realizar los estudios prescriptos por tu m\u00e9dico en centros de diagn\u00f3stico adheridos: <strong><a href=\"https:\/\/www.vittal.com.ar\/atencion-al-socio\/cartilla-medica\" target=\"_blank\" rel=\"noopener\">ver cartilla m\u00e9dica.<\/a><\/strong><\/p>\n<p><a href=\"https:\/\/vittaldoc.geblix.com\/\" target=\"_blank\" rel=\"noopener\">Ingres\u00e1 ahora ac\u00e1<\/a> y program\u00e1 un turno con tu m\u00e9dico.<\/p>\n<p>&nbsp;<\/p>\n<p>Si todav\u00eda\u00a0<strong>no sos socio<\/strong>,\u00a0<strong>contrat\u00e1 tu plan vittal<\/strong>\u00a0y acced\u00e9 a tu m\u00e9dico de familia<strong>\u00a0<a href=\"https:\/\/www.vittal.com.ar\/planes\/plan-integral\" rel=\"noopener\">haciendo clic aqu\u00ed.<\/a><\/strong><\/p>\n","imagen_fondo":false,"deshabilitar_contratar_plan":true,"deshabilitar_cotizar":true,"deshabilitar_comparar":true}},"_links":{"self":[{"href":"https:\/\/www.vittal.com.ar\/gestion\/wp-json\/wp\/v2\/pages\/5543"}],"collection":[{"href":"https:\/\/www.vittal.com.ar\/gestion\/wp-json\/wp\/v2\/pages"}],"about":[{"href":"https:\/\/www.vittal.com.ar\/gestion\/wp-json\/wp\/v2\/types\/page"}],"author":[{"embeddable":true,"href":"https:\/\/www.vittal.com.ar\/gestion\/wp-json\/wp\/v2\/users\/4"}],"replies":[{"embeddable":true,"href":"https:\/\/www.vittal.com.ar\/gestion\/wp-json\/wp\/v2\/comments?post=5543"}],"version-history":[{"count":57,"href":"https:\/\/www.vittal.com.ar\/gestion\/wp-json\/wp\/v2\/pages\/5543\/revisions"}],"predecessor-version":[{"id":11412,"href":"https:\/\/www.vittal.com.ar\/gestion\/wp-json\/wp\/v2\/pages\/5543\/revisions\/11412"}],"up":[{"embeddable":true,"href":"https:\/\/www.vittal.com.ar\/gestion\/wp-json\/wp\/v2\/pages\/116"}],"wp:attachment":[{"href":"https:\/\/www.vittal.com.ar\/gestion\/wp-json\/wp\/v2\/media?parent=5543"}],"curies":[{"name":"wp","href":"https:\/\/api.w.org\/{rel}","templated":true}]}}