{"id":629,"date":"2020-03-20T03:00:45","date_gmt":"2020-03-20T03:00:45","guid":{"rendered":"http:\/\/client.elpixel.net\/vittal\/wp-test\/?page_id=629"},"modified":"2022-11-10T13:16:48","modified_gmt":"2022-11-10T13:16:48","slug":"cartilla-medica","status":"publish","type":"page","link":"https:\/\/www.vittal.com.ar\/gestion\/socios\/cartilla-medica\/","title":{"rendered":"Cartilla M\u00e9dica"},"content":{"rendered":"","protected":false},"excerpt":{"rendered":"","protected":false},"author":4,"featured_media":0,"parent":426,"menu_order":2,"comment_status":"closed","ping_status":"closed","template":"","meta":{"footnotes":""},"class_list":["post-629","page","type-page","status-publish","hentry"],"better_featured_image":null,"yoast_head":"<!-- This site is optimized with the Yoast SEO plugin v22.9 - https:\/\/yoast.com\/wordpress\/plugins\/seo\/ -->\n<title>Cartilla M\u00e9dica - Vittal<\/title>\n<meta name=\"robots\" content=\"index, follow, max-snippet:-1, max-image-preview:large, max-video-preview:-1\" \/>\n<link rel=\"canonical\" href=\"https:\/\/testweb.vittal.com.ar\/gestion\/socios\/cartilla-medica\/\" \/>\n<meta property=\"og:locale\" content=\"es_ES\" \/>\n<meta property=\"og:type\" content=\"article\" \/>\n<meta property=\"og:title\" content=\"Cartilla M\u00e9dica - Vittal\" \/>\n<meta property=\"og:url\" content=\"https:\/\/testweb.vittal.com.ar\/gestion\/socios\/cartilla-medica\/\" \/>\n<meta property=\"og:site_name\" content=\"Vittal\" \/>\n<meta property=\"article:publisher\" content=\"https:\/\/www.facebook.com\/Tuvidaestaprimero\" \/>\n<meta property=\"article:modified_time\" content=\"2022-11-10T13:16:48+00:00\" \/>\n<meta property=\"og:image\" content=\"https:\/\/www.vittal.com.ar\/gestion\/wp-content\/uploads\/2020\/03\/vittal-logo.jpg\" \/>\n\t<meta property=\"og:image:width\" content=\"300\" \/>\n\t<meta property=\"og:image:height\" content=\"300\" \/>\n\t<meta property=\"og:image:type\" content=\"image\/jpeg\" \/>\n<meta name=\"twitter:card\" content=\"summary_large_image\" \/>\n<!-- \/ Yoast SEO plugin. -->","yoast_head_json":{"title":"Cartilla M\u00e9dica - Vittal","robots":{"index":"index","follow":"follow","max-snippet":"max-snippet:-1","max-image-preview":"max-image-preview:large","max-video-preview":"max-video-preview:-1"},"canonical":"https:\/\/testweb.vittal.com.ar\/gestion\/socios\/cartilla-medica\/","og_locale":"es_ES","og_type":"article","og_title":"Cartilla M\u00e9dica - Vittal","og_url":"https:\/\/testweb.vittal.com.ar\/gestion\/socios\/cartilla-medica\/","og_site_name":"Vittal","article_publisher":"https:\/\/www.facebook.com\/Tuvidaestaprimero","article_modified_time":"2022-11-10T13:16:48+00:00","og_image":[{"width":300,"height":300,"url":"https:\/\/www.vittal.com.ar\/gestion\/wp-content\/uploads\/2020\/03\/vittal-logo.jpg","type":"image\/jpeg"}],"twitter_card":"summary_large_image","schema":{"@context":"https:\/\/schema.org","@graph":[{"@type":"WebPage","@id":"https:\/\/testweb.vittal.com.ar\/gestion\/socios\/cartilla-medica\/","url":"https:\/\/testweb.vittal.com.ar\/gestion\/socios\/cartilla-medica\/","name":"Cartilla M\u00e9dica - Vittal","isPartOf":{"@id":"https:\/\/testweb.vittal.com.ar\/gestion\/#website"},"datePublished":"2020-03-20T03:00:45+00:00","dateModified":"2022-11-10T13:16:48+00:00","breadcrumb":{"@id":"https:\/\/testweb.vittal.com.ar\/gestion\/socios\/cartilla-medica\/#breadcrumb"},"inLanguage":"es","potentialAction":[{"@type":"ReadAction","target":["https:\/\/testweb.vittal.com.ar\/gestion\/socios\/cartilla-medica\/"]}]},{"@type":"BreadcrumbList","@id":"https:\/\/testweb.vittal.com.ar\/gestion\/socios\/cartilla-medica\/#breadcrumb","itemListElement":[{"@type":"ListItem","position":1,"name":"Home","item":"https:\/\/testweb.vittal.com.ar\/gestion\/"},{"@type":"ListItem","position":2,"name":"Socios","item":"https:\/\/testweb.vittal.com.ar\/gestion\/socios\/"},{"@type":"ListItem","position":3,"name":"Cartilla M\u00e9dica"}]},{"@type":"WebSite","@id":"https:\/\/testweb.vittal.com.ar\/gestion\/#website","url":"https:\/\/testweb.vittal.com.ar\/gestion\/","name":"Vittal | Emergecias y Urgencias Medicas","description":"Emergencias y urgencias m\u00e9dicas 24hs.","potentialAction":[{"@type":"SearchAction","target":{"@type":"EntryPoint","urlTemplate":"https:\/\/testweb.vittal.com.ar\/gestion\/?s={search_term_string}"},"query-input":"required name=search_term_string"}],"inLanguage":"es"}]}},"acf":{"portada":{"titulo":"Cartilla M\u00e9dica","bajada":"Informaci\u00f3n sobre consultorios y centros de salud<br>\r\nen Capital Federal, GBA y el interior del pa\u00eds.\r\n\r\n","titulo_boton":"Ver Cartilla","imagen_de_fondo":"https:\/\/www.vittal.com.ar\/gestion\/wp-content\/uploads\/2021\/09\/caratula-socios_cartilla-medica.jpeg","imagen_de_fondo_mobile":false},"header":{"titulo":"Cartilla M\u00e9dica","bajada":"Nuestra cartilla m\u00e9dica de prestadores vittal, cuenta con m\u00e9dicos especialistas, institutos, centros de diagn\u00f3stico y de odontolog\u00eda, farmacias, ortopedias y \u00f3pticas adheridas.\r\n\r\n","imagen":"https:\/\/www.vittal.com.ar\/gestion\/wp-content\/uploads\/2020\/03\/back-cartilla-scaled.jpg","slider":[{"titulo":"Cartilla M\u00e9dica","bajada":"Nuestra cartilla m\u00e9dica de prestadores vittal, cuenta con m\u00e9dicos especialistas, institutos, centros de diagn\u00f3stico y de odontolog\u00eda, farmacias, ortopedias y \u00f3pticas adheridas.\r\n","imagen":"https:\/\/www.vittal.com.ar\/gestion\/wp-content\/uploads\/2020\/03\/back-cartilla-scaled.jpg"}]},"seo":{"titulo":"Cartilla M\u00e9dica","descripcion":"Nuestra cartilla m\u00e9dica de prestadores vittal, cuenta con m\u00e9dicos especialistas, institutos, centros de diagn\u00f3stico y de odontolog\u00eda, farmacias, ortopedias y \u00f3pticas adheridas.","keywords":"Cartilla medica, vittal"},"link":"atencion-al-socio\/cartilla-medica"},"_links":{"self":[{"href":"https:\/\/www.vittal.com.ar\/gestion\/wp-json\/wp\/v2\/pages\/629"}],"collection":[{"href":"https:\/\/www.vittal.com.ar\/gestion\/wp-json\/wp\/v2\/pages"}],"about":[{"href":"https:\/\/www.vittal.com.ar\/gestion\/wp-json\/wp\/v2\/types\/page"}],"author":[{"embeddable":true,"href":"https:\/\/www.vittal.com.ar\/gestion\/wp-json\/wp\/v2\/users\/4"}],"replies":[{"embeddable":true,"href":"https:\/\/www.vittal.com.ar\/gestion\/wp-json\/wp\/v2\/comments?post=629"}],"version-history":[{"count":15,"href":"https:\/\/www.vittal.com.ar\/gestion\/wp-json\/wp\/v2\/pages\/629\/revisions"}],"predecessor-version":[{"id":5506,"href":"https:\/\/www.vittal.com.ar\/gestion\/wp-json\/wp\/v2\/pages\/629\/revisions\/5506"}],"up":[{"embeddable":true,"href":"https:\/\/www.vittal.com.ar\/gestion\/wp-json\/wp\/v2\/pages\/426"}],"wp:attachment":[{"href":"https:\/\/www.vittal.com.ar\/gestion\/wp-json\/wp\/v2\/media?parent=629"}],"curies":[{"name":"wp","href":"https:\/\/api.w.org\/{rel}","templated":true}]}}