{"id":686,"date":"2020-03-25T15:45:54","date_gmt":"2020-03-25T15:45:54","guid":{"rendered":"http:\/\/client.elpixel.net\/vittal\/wp-test\/?page_id=686"},"modified":"2022-11-09T17:55:37","modified_gmt":"2022-11-09T17:55:37","slug":"areas-protegidas","status":"publish","type":"page","link":"https:\/\/www.vittal.com.ar\/gestion\/areas-protegidas\/","title":{"rendered":"Areas Protegidas"},"content":{"rendered":"","protected":false},"excerpt":{"rendered":"","protected":false},"author":4,"featured_media":0,"parent":0,"menu_order":0,"comment_status":"closed","ping_status":"closed","template":"","meta":{"footnotes":""},"class_list":["post-686","page","type-page","status-publish","hentry"],"better_featured_image":null,"yoast_head":"<!-- This site is optimized with the Yoast SEO plugin v22.9 - https:\/\/yoast.com\/wordpress\/plugins\/seo\/ -->\n<title>Areas Protegidas - Vittal<\/title>\n<meta name=\"robots\" content=\"index, follow, max-snippet:-1, max-image-preview:large, max-video-preview:-1\" \/>\n<link rel=\"canonical\" href=\"https:\/\/testweb.vittal.com.ar\/gestion\/areas-protegidas\/\" \/>\n<meta property=\"og:locale\" content=\"es_ES\" \/>\n<meta property=\"og:type\" content=\"article\" \/>\n<meta property=\"og:title\" content=\"Areas Protegidas - Vittal\" \/>\n<meta property=\"og:url\" content=\"https:\/\/testweb.vittal.com.ar\/gestion\/areas-protegidas\/\" \/>\n<meta property=\"og:site_name\" content=\"Vittal\" \/>\n<meta property=\"article:publisher\" content=\"https:\/\/www.facebook.com\/Tuvidaestaprimero\" \/>\n<meta property=\"article:modified_time\" content=\"2022-11-09T17:55:37+00:00\" \/>\n<meta property=\"og:image\" content=\"https:\/\/www.vittal.com.ar\/gestion\/wp-content\/uploads\/2020\/03\/vittal-logo.jpg\" \/>\n\t<meta property=\"og:image:width\" content=\"300\" \/>\n\t<meta property=\"og:image:height\" content=\"300\" \/>\n\t<meta property=\"og:image:type\" content=\"image\/jpeg\" \/>\n<meta name=\"twitter:card\" content=\"summary_large_image\" \/>\n<!-- \/ Yoast SEO plugin. -->","yoast_head_json":{"title":"Areas Protegidas - Vittal","robots":{"index":"index","follow":"follow","max-snippet":"max-snippet:-1","max-image-preview":"max-image-preview:large","max-video-preview":"max-video-preview:-1"},"canonical":"https:\/\/testweb.vittal.com.ar\/gestion\/areas-protegidas\/","og_locale":"es_ES","og_type":"article","og_title":"Areas Protegidas - Vittal","og_url":"https:\/\/testweb.vittal.com.ar\/gestion\/areas-protegidas\/","og_site_name":"Vittal","article_publisher":"https:\/\/www.facebook.com\/Tuvidaestaprimero","article_modified_time":"2022-11-09T17:55:37+00:00","og_image":[{"width":300,"height":300,"url":"https:\/\/www.vittal.com.ar\/gestion\/wp-content\/uploads\/2020\/03\/vittal-logo.jpg","type":"image\/jpeg"}],"twitter_card":"summary_large_image","schema":{"@context":"https:\/\/schema.org","@graph":[{"@type":"WebPage","@id":"https:\/\/testweb.vittal.com.ar\/gestion\/areas-protegidas\/","url":"https:\/\/testweb.vittal.com.ar\/gestion\/areas-protegidas\/","name":"Areas Protegidas - Vittal","isPartOf":{"@id":"https:\/\/testweb.vittal.com.ar\/gestion\/#website"},"datePublished":"2020-03-25T15:45:54+00:00","dateModified":"2022-11-09T17:55:37+00:00","breadcrumb":{"@id":"https:\/\/testweb.vittal.com.ar\/gestion\/areas-protegidas\/#breadcrumb"},"inLanguage":"es","potentialAction":[{"@type":"ReadAction","target":["https:\/\/testweb.vittal.com.ar\/gestion\/areas-protegidas\/"]}]},{"@type":"BreadcrumbList","@id":"https:\/\/testweb.vittal.com.ar\/gestion\/areas-protegidas\/#breadcrumb","itemListElement":[{"@type":"ListItem","position":1,"name":"Home","item":"https:\/\/testweb.vittal.com.ar\/gestion\/"},{"@type":"ListItem","position":2,"name":"Areas Protegidas"}]},{"@type":"WebSite","@id":"https:\/\/testweb.vittal.com.ar\/gestion\/#website","url":"https:\/\/testweb.vittal.com.ar\/gestion\/","name":"Vittal | Emergecias y Urgencias Medicas","description":"Emergencias y urgencias m\u00e9dicas 24hs.","potentialAction":[{"@type":"SearchAction","target":{"@type":"EntryPoint","urlTemplate":"https:\/\/testweb.vittal.com.ar\/gestion\/?s={search_term_string}"},"query-input":"required name=search_term_string"}],"inLanguage":"es"}]}},"acf":{"portada":[{"titulo":"Gestiones Online","bajada":"Encontr\u00e1 la informaci\u00f3n  de tu \u00c1rea Protegida en un solo lugar. <br>Tambi\u00e9n podr\u00e1s realizar tr\u00e1mites y gestionar tus datos.","imagen_de_fondo":"https:\/\/www.vittal.com.ar\/gestion\/wp-content\/uploads\/2020\/03\/back-gestion.jpg","imagen_de_fondo_mobile":false,"link":"atencion-al-socio\/gestion-online"},{"titulo":"Servicios","bajada":"Ofrecemos cobertura a la medida de su empresa, comercio o instituci\u00f3n.","imagen_de_fondo":"https:\/\/www.vittal.com.ar\/gestion\/wp-content\/uploads\/2020\/03\/servicios-corporativos.jpg","imagen_de_fondo_mobile":false,"link":"empresas\/servicios"},{"titulo":"Servicios Adicionales","bajada":"","imagen_de_fondo":false,"imagen_de_fondo_mobile":false,"link":"areas-protegidas\/servicios-adicionales"},{"titulo":"Espacio Cardioprotegido","bajada":"vittal le ofrece los equipos DEA y el <br>entrenamiento en RCP para que su <br>empresa, comercio o instituci\u00f3n obtenga certificaci\u00f3n.","imagen_de_fondo":"https:\/\/www.vittal.com.ar\/gestion\/wp-content\/uploads\/2020\/08\/rcp-2.jpg","imagen_de_fondo_mobile":false,"link":"empresas\/espacio-cardioprotegido"},{"titulo":"Cobertura de Eventos","bajada":"Servicio destinado a cubrir eventos o <br>espect\u00e1culos que requieren de log\u00edstica<br> m\u00e9dica, previniendo cualquier emergencia.","imagen_de_fondo":"https:\/\/www.vittal.com.ar\/gestion\/wp-content\/uploads\/2020\/03\/vittal_cobertura-para-eventos_ambulancias_cursos-de-RCP_helicoptero_drone_avion_vittalDron_portada.jpg","imagen_de_fondo_mobile":false,"link":"empresas\/cobertura-de-eventos"},{"titulo":"Medicina Laboral","bajada":"Fundada en 1986, Citymed es la empresa de <br>medicina laboral del Grupo.","imagen_de_fondo":"https:\/\/www.vittal.com.ar\/gestion\/wp-content\/uploads\/2020\/03\/medicina-laboral.jpg","imagen_de_fondo_mobile":false,"link":"empresas\/medicina-laboral"}],"seo":{"titulo":"Areas Protegidas","descripcion":"Areas Protegidas vittal","keywords":"Areas Protegidas, vittal"}},"_links":{"self":[{"href":"https:\/\/www.vittal.com.ar\/gestion\/wp-json\/wp\/v2\/pages\/686"}],"collection":[{"href":"https:\/\/www.vittal.com.ar\/gestion\/wp-json\/wp\/v2\/pages"}],"about":[{"href":"https:\/\/www.vittal.com.ar\/gestion\/wp-json\/wp\/v2\/types\/page"}],"author":[{"embeddable":true,"href":"https:\/\/www.vittal.com.ar\/gestion\/wp-json\/wp\/v2\/users\/4"}],"replies":[{"embeddable":true,"href":"https:\/\/www.vittal.com.ar\/gestion\/wp-json\/wp\/v2\/comments?post=686"}],"version-history":[{"count":19,"href":"https:\/\/www.vittal.com.ar\/gestion\/wp-json\/wp\/v2\/pages\/686\/revisions"}],"predecessor-version":[{"id":5458,"href":"https:\/\/www.vittal.com.ar\/gestion\/wp-json\/wp\/v2\/pages\/686\/revisions\/5458"}],"wp:attachment":[{"href":"https:\/\/www.vittal.com.ar\/gestion\/wp-json\/wp\/v2\/media?parent=686"}],"curies":[{"name":"wp","href":"https:\/\/api.w.org\/{rel}","templated":true}]}}