{"id":688,"date":"2020-03-25T15:46:19","date_gmt":"2020-03-25T15:46:19","guid":{"rendered":"http:\/\/client.elpixel.net\/vittal\/wp-test\/?page_id=688"},"modified":"2026-01-02T20:54:23","modified_gmt":"2026-01-02T23:54:23","slug":"area-protegida","status":"publish","type":"page","link":"https:\/\/www.vittal.com.ar\/gestion\/areas-protegidas\/area-protegida\/","title":{"rendered":"Servicios para \u00e1reas protegidas"},"content":{"rendered":"","protected":false},"excerpt":{"rendered":"","protected":false},"author":4,"featured_media":0,"parent":686,"menu_order":1,"comment_status":"closed","ping_status":"closed","template":"","meta":{"footnotes":""},"class_list":["post-688","page","type-page","status-publish","hentry"],"better_featured_image":null,"yoast_head":"<!-- This site is optimized with the Yoast SEO plugin v22.9 - https:\/\/yoast.com\/wordpress\/plugins\/seo\/ -->\n<title>Servicios para \u00e1reas protegidas - Vittal<\/title>\n<meta name=\"robots\" content=\"index, follow, max-snippet:-1, max-image-preview:large, max-video-preview:-1\" \/>\n<link rel=\"canonical\" href=\"https:\/\/www.vittal.com.ar\/gestion\/areas-protegidas\/area-protegida\/\" \/>\n<meta property=\"og:locale\" content=\"es_ES\" \/>\n<meta property=\"og:type\" content=\"article\" \/>\n<meta property=\"og:title\" content=\"Servicios para \u00e1reas protegidas - Vittal\" \/>\n<meta property=\"og:url\" content=\"https:\/\/www.vittal.com.ar\/gestion\/areas-protegidas\/area-protegida\/\" \/>\n<meta property=\"og:site_name\" content=\"Vittal\" \/>\n<meta property=\"article:publisher\" content=\"https:\/\/www.facebook.com\/Tuvidaestaprimero\" \/>\n<meta property=\"article:modified_time\" content=\"2026-01-02T23:54:23+00:00\" \/>\n<meta property=\"og:image\" content=\"https:\/\/www.vittal.com.ar\/gestion\/wp-content\/uploads\/2020\/03\/vittal-logo.jpg\" \/>\n\t<meta property=\"og:image:width\" content=\"300\" \/>\n\t<meta property=\"og:image:height\" content=\"300\" \/>\n\t<meta property=\"og:image:type\" content=\"image\/jpeg\" \/>\n<meta name=\"twitter:card\" content=\"summary_large_image\" \/>\n<!-- \/ Yoast SEO plugin. -->","yoast_head_json":{"title":"Servicios para \u00e1reas protegidas - Vittal","robots":{"index":"index","follow":"follow","max-snippet":"max-snippet:-1","max-image-preview":"max-image-preview:large","max-video-preview":"max-video-preview:-1"},"canonical":"https:\/\/www.vittal.com.ar\/gestion\/areas-protegidas\/area-protegida\/","og_locale":"es_ES","og_type":"article","og_title":"Servicios para \u00e1reas protegidas - Vittal","og_url":"https:\/\/www.vittal.com.ar\/gestion\/areas-protegidas\/area-protegida\/","og_site_name":"Vittal","article_publisher":"https:\/\/www.facebook.com\/Tuvidaestaprimero","article_modified_time":"2026-01-02T23:54:23+00:00","og_image":[{"width":300,"height":300,"url":"https:\/\/www.vittal.com.ar\/gestion\/wp-content\/uploads\/2020\/03\/vittal-logo.jpg","type":"image\/jpeg"}],"twitter_card":"summary_large_image","schema":{"@context":"https:\/\/schema.org","@graph":[{"@type":"WebPage","@id":"https:\/\/www.vittal.com.ar\/gestion\/areas-protegidas\/area-protegida\/","url":"https:\/\/www.vittal.com.ar\/gestion\/areas-protegidas\/area-protegida\/","name":"Servicios para \u00e1reas protegidas - Vittal","isPartOf":{"@id":"https:\/\/testweb.vittal.com.ar\/gestion\/#website"},"datePublished":"2020-03-25T15:46:19+00:00","dateModified":"2026-01-02T23:54:23+00:00","breadcrumb":{"@id":"https:\/\/www.vittal.com.ar\/gestion\/areas-protegidas\/area-protegida\/#breadcrumb"},"inLanguage":"es","potentialAction":[{"@type":"ReadAction","target":["https:\/\/www.vittal.com.ar\/gestion\/areas-protegidas\/area-protegida\/"]}]},{"@type":"BreadcrumbList","@id":"https:\/\/www.vittal.com.ar\/gestion\/areas-protegidas\/area-protegida\/#breadcrumb","itemListElement":[{"@type":"ListItem","position":1,"name":"Home","item":"https:\/\/testweb.vittal.com.ar\/gestion\/"},{"@type":"ListItem","position":2,"name":"Areas Protegidas","item":"https:\/\/testweb.vittal.com.ar\/gestion\/areas-protegidas\/"},{"@type":"ListItem","position":3,"name":"Servicios para \u00e1reas protegidas"}]},{"@type":"WebSite","@id":"https:\/\/testweb.vittal.com.ar\/gestion\/#website","url":"https:\/\/testweb.vittal.com.ar\/gestion\/","name":"Vittal | Emergecias y Urgencias Medicas","description":"Emergencias y urgencias m\u00e9dicas 24hs.","potentialAction":[{"@type":"SearchAction","target":{"@type":"EntryPoint","urlTemplate":"https:\/\/testweb.vittal.com.ar\/gestion\/?s={search_term_string}"},"query-input":"required name=search_term_string"}],"inLanguage":"es"}]}},"acf":{"portada":{"titulo":"Servicios para \u00c1rea Protegida","bajada":"Ofrecemos una cobertura a la medida <br> de su empresa, comercio o instituci\u00f3n.","fondo":"https:\/\/www.vittal.com.ar\/gestion\/wp-content\/uploads\/2023\/08\/servicios-area-protegida_caratula-invertida.jpg","imagen_de_fondo_mobile":"https:\/\/www.vittal.com.ar\/gestion\/wp-content\/uploads\/2023\/01\/servicios-area-protegida_fondo-mobile.jpg","en_construccion":false},"header":{"titulo":"Servicios para \u00c1reas Protegidas","bajada":"Cobertura a la medida de su empresa, comercio o instituci\u00f3n.","fondo":"https:\/\/www.vittal.com.ar\/gestion\/wp-content\/uploads\/2020\/07\/servicios-portada-e1629914988650.jpg"},"introduccion":{"titulo":"","bajada":"Ofrecemos una cobertura a la medida de su empresa, comercio o instituci\u00f3n a trav\u00e9s de planes especialmente dise\u00f1ados para cada necesidad.\r\n<br><br>\r\nSabemos la tranquilidad que le genera a una compa\u00f1\u00eda que sus empleados y clientes est\u00e9n protegidos ante cualquier emergencia m\u00e9dica.","foto":"https:\/\/www.vittal.com.ar\/gestion\/wp-content\/uploads\/2020\/07\/servicios-intro.jpg"},"servicios":{"bajada_top":"","titulo":"","bajada":"","box_servicio":[{"titulo":"Asistencia m\u00e9dica","bajada":"La mejor cobertura ante emergencias y urgencias para toda persona que se encuentre dentro de sus instalaciones, desde empleados y colaboradores habituales hasta clientes y visitantes ocasionales. Las 24 horas del d\u00eda, los 365 d\u00edas del a\u00f1o.","imagen":"https:\/\/www.vittal.com.ar\/gestion\/wp-content\/uploads\/2020\/07\/servicios-item-01.jpg"},{"titulo":"Servicio diferencial para instituciones educativas","bajada":"Cobertura ante emergencias m\u00e9dicas, urgencias y m\u00e9dicos a domicilio. Extensi\u00f3n de \u00e1rea protegida a campos de deporte, excursiones o viajes de estudio.","imagen":"https:\/\/www.vittal.com.ar\/gestion\/wp-content\/uploads\/2020\/07\/servicios-item-02.jpg"},{"titulo":"Convenio capitado","bajada":"Bajo esta modalidad vittal protege al personal est\u00e9 donde est\u00e9, con la posibilidad de extender la asistencia a sus grupos familiares.\r\n","imagen":"https:\/\/www.vittal.com.ar\/gestion\/wp-content\/uploads\/2020\/07\/servicios-item-03.jpg"},{"titulo":"Traslados programados","bajada":"Con ambulancias y m\u00f3viles especialmente equipados, y param\u00e9dicos dedicados exclusivamente a atender sus necesidades, garantizamos el mejor servicio para la tranquilidad del paciente y la de su empresa.","imagen":"https:\/\/www.vittal.com.ar\/gestion\/wp-content\/uploads\/2020\/07\/servicios-item-04.jpg"},{"titulo":"Espacio cardioprotegido y Cursos","bajada":"Este servicio tiene el adicional de la instalaci\u00f3n de un Desfibrilador Externo Autom\u00e1tico (DEA) y cursos de RCP (Reanimaci\u00f3n Cardiopulmonar) en sus instalaciones, lo cual mantiene a su personal listo para casos de emergencia.","imagen":"https:\/\/www.vittal.com.ar\/gestion\/wp-content\/uploads\/2020\/07\/servicios-item-05.jpg"},{"titulo":"vittal dron","bajada":"Es un veh\u00edculo a\u00e9reo pilotado que traslada un DEA para asistir a personas en situaci\u00f3n de p\u00e9rdida de conocimiento s\u00fabita. Su presencia en eventos masivos al aire libre (maratones, encuentros deportivos, recitales, etc.) es fundamental para proporcionar una asistencia r\u00e1pida.","imagen":"https:\/\/www.vittal.com.ar\/gestion\/wp-content\/uploads\/2020\/07\/servicios-item-06.jpg"}]},"seo":{"titulo":"\u00c1reas Protegidas","descripcion":"Con \u00c1rea Protegida ofrecemos una cobertura de salud a la medida de su empresa, comercio o instituci\u00f3n.","keywords":"\u00c1rea Protegida, vittal, area protegida para comercios, escuelas, gimnasios"},"link":"empresas\/area-protegida"},"_links":{"self":[{"href":"https:\/\/www.vittal.com.ar\/gestion\/wp-json\/wp\/v2\/pages\/688"}],"collection":[{"href":"https:\/\/www.vittal.com.ar\/gestion\/wp-json\/wp\/v2\/pages"}],"about":[{"href":"https:\/\/www.vittal.com.ar\/gestion\/wp-json\/wp\/v2\/types\/page"}],"author":[{"embeddable":true,"href":"https:\/\/www.vittal.com.ar\/gestion\/wp-json\/wp\/v2\/users\/4"}],"replies":[{"embeddable":true,"href":"https:\/\/www.vittal.com.ar\/gestion\/wp-json\/wp\/v2\/comments?post=688"}],"version-history":[{"count":33,"href":"https:\/\/www.vittal.com.ar\/gestion\/wp-json\/wp\/v2\/pages\/688\/revisions"}],"predecessor-version":[{"id":11547,"href":"https:\/\/www.vittal.com.ar\/gestion\/wp-json\/wp\/v2\/pages\/688\/revisions\/11547"}],"up":[{"embeddable":true,"href":"https:\/\/www.vittal.com.ar\/gestion\/wp-json\/wp\/v2\/pages\/686"}],"wp:attachment":[{"href":"https:\/\/www.vittal.com.ar\/gestion\/wp-json\/wp\/v2\/media?parent=688"}],"curies":[{"name":"wp","href":"https:\/\/api.w.org\/{rel}","templated":true}]}}