{"id":695,"date":"2020-03-25T16:22:17","date_gmt":"2020-03-25T16:22:17","guid":{"rendered":"http:\/\/client.elpixel.net\/vittal\/wp-test\/?page_id=695"},"modified":"2023-08-01T19:53:49","modified_gmt":"2023-08-01T19:53:49","slug":"medicina-laboral","status":"publish","type":"page","link":"https:\/\/www.vittal.com.ar\/gestion\/areas-protegidas\/medicina-laboral\/","title":{"rendered":"Medicina laboral"},"content":{"rendered":"","protected":false},"excerpt":{"rendered":"","protected":false},"author":4,"featured_media":0,"parent":686,"menu_order":4,"comment_status":"closed","ping_status":"closed","template":"","meta":{"footnotes":""},"class_list":["post-695","page","type-page","status-publish","hentry"],"better_featured_image":null,"yoast_head":"<!-- This site is optimized with the Yoast SEO plugin v22.9 - https:\/\/yoast.com\/wordpress\/plugins\/seo\/ -->\n<title>Medicina laboral - Vittal<\/title>\n<meta name=\"robots\" content=\"index, follow, max-snippet:-1, max-image-preview:large, max-video-preview:-1\" \/>\n<link rel=\"canonical\" href=\"https:\/\/testweb.vittal.com.ar\/gestion\/areas-protegidas\/medicina-laboral\/\" \/>\n<meta property=\"og:locale\" content=\"es_ES\" \/>\n<meta property=\"og:type\" content=\"article\" \/>\n<meta property=\"og:title\" content=\"Medicina laboral - Vittal\" \/>\n<meta property=\"og:url\" content=\"https:\/\/testweb.vittal.com.ar\/gestion\/areas-protegidas\/medicina-laboral\/\" \/>\n<meta property=\"og:site_name\" content=\"Vittal\" \/>\n<meta property=\"article:publisher\" content=\"https:\/\/www.facebook.com\/Tuvidaestaprimero\" \/>\n<meta property=\"article:modified_time\" content=\"2023-08-01T19:53:49+00:00\" \/>\n<meta property=\"og:image\" content=\"https:\/\/www.vittal.com.ar\/gestion\/wp-content\/uploads\/2020\/03\/vittal-logo.jpg\" \/>\n\t<meta property=\"og:image:width\" content=\"300\" \/>\n\t<meta property=\"og:image:height\" content=\"300\" \/>\n\t<meta property=\"og:image:type\" content=\"image\/jpeg\" \/>\n<meta name=\"twitter:card\" content=\"summary_large_image\" \/>\n<!-- \/ Yoast SEO plugin. -->","yoast_head_json":{"title":"Medicina laboral - Vittal","robots":{"index":"index","follow":"follow","max-snippet":"max-snippet:-1","max-image-preview":"max-image-preview:large","max-video-preview":"max-video-preview:-1"},"canonical":"https:\/\/testweb.vittal.com.ar\/gestion\/areas-protegidas\/medicina-laboral\/","og_locale":"es_ES","og_type":"article","og_title":"Medicina laboral - Vittal","og_url":"https:\/\/testweb.vittal.com.ar\/gestion\/areas-protegidas\/medicina-laboral\/","og_site_name":"Vittal","article_publisher":"https:\/\/www.facebook.com\/Tuvidaestaprimero","article_modified_time":"2023-08-01T19:53:49+00:00","og_image":[{"width":300,"height":300,"url":"https:\/\/www.vittal.com.ar\/gestion\/wp-content\/uploads\/2020\/03\/vittal-logo.jpg","type":"image\/jpeg"}],"twitter_card":"summary_large_image","schema":{"@context":"https:\/\/schema.org","@graph":[{"@type":"WebPage","@id":"https:\/\/testweb.vittal.com.ar\/gestion\/areas-protegidas\/medicina-laboral\/","url":"https:\/\/testweb.vittal.com.ar\/gestion\/areas-protegidas\/medicina-laboral\/","name":"Medicina laboral - Vittal","isPartOf":{"@id":"https:\/\/testweb.vittal.com.ar\/gestion\/#website"},"datePublished":"2020-03-25T16:22:17+00:00","dateModified":"2023-08-01T19:53:49+00:00","breadcrumb":{"@id":"https:\/\/testweb.vittal.com.ar\/gestion\/areas-protegidas\/medicina-laboral\/#breadcrumb"},"inLanguage":"es","potentialAction":[{"@type":"ReadAction","target":["https:\/\/testweb.vittal.com.ar\/gestion\/areas-protegidas\/medicina-laboral\/"]}]},{"@type":"BreadcrumbList","@id":"https:\/\/testweb.vittal.com.ar\/gestion\/areas-protegidas\/medicina-laboral\/#breadcrumb","itemListElement":[{"@type":"ListItem","position":1,"name":"Home","item":"https:\/\/testweb.vittal.com.ar\/gestion\/"},{"@type":"ListItem","position":2,"name":"Areas Protegidas","item":"https:\/\/testweb.vittal.com.ar\/gestion\/areas-protegidas\/"},{"@type":"ListItem","position":3,"name":"Medicina laboral"}]},{"@type":"WebSite","@id":"https:\/\/testweb.vittal.com.ar\/gestion\/#website","url":"https:\/\/testweb.vittal.com.ar\/gestion\/","name":"Vittal | Emergecias y Urgencias Medicas","description":"Emergencias y urgencias m\u00e9dicas 24hs.","potentialAction":[{"@type":"SearchAction","target":{"@type":"EntryPoint","urlTemplate":"https:\/\/testweb.vittal.com.ar\/gestion\/?s={search_term_string}"},"query-input":"required name=search_term_string"}],"inLanguage":"es"}]}},"acf":{"portada":{"titulo":"Medicina Laboral","bajada":"Brindamos el servicio a trav\u00e9s de Citymed,<br> empresa de medicina laboral del Grupo.","fondo":"https:\/\/www.vittal.com.ar\/gestion\/wp-content\/uploads\/2023\/08\/medicina-laboral_caratula-inertida.jpg","imagen_de_fondo_mobile":"https:\/\/www.vittal.com.ar\/gestion\/wp-content\/uploads\/2023\/01\/medicina-laboral_fondo-mobile.jpg","en_construccion":false},"header":{"titulo":"Medicina Laboral","bajada":"Brindamos el servicio a trav\u00e9s de Citymed, <br>\r\nempresa de medicina laboral del Grupo.","fondo":"https:\/\/www.vittal.com.ar\/gestion\/wp-content\/uploads\/2020\/07\/medicina-fondo-1.jpg"},"introduccion":{"titulo":"","bajada":"Presta servicios para una importante cantidad de empresas nacionales e internacionales de primer nivel y organismos del Estado, constituy\u00e9ndose en un aliado estrat\u00e9gico de las Gerencias de Recursos Humanos. \r\n<br><br>\r\nCuenta con un capacitado plantel de m\u00e9dicos y enfermeros y ofrece la posibilidad de armar soluciones a medida de las organizaciones.\r\n","foto":"https:\/\/www.vittal.com.ar\/gestion\/wp-content\/uploads\/2020\/07\/medicina.jpg"},"servicios":{"bajada_top":"","titulo":"","bajada":"A trav\u00e9s de Citymed brindamos servicios de:\r\n\r\n\r\n\r\n\r\n","box_servicio":[{"titulo":"Medicina laboral","bajada":"Efectuamos ex\u00e1menes pre-ocupacionales en todo el pa\u00eds, peri\u00f3dicos y post laborales en el marco de la Ley 19587 y decretos reglamentarios. Realizamos tambi\u00e9n ex\u00e1menes psicot\u00e9cnicos y evaluaciones ambientales; atenci\u00f3n m\u00e9dica en consultorios Citymed; asesoramiento m\u00e9dico-legal y representaci\u00f3n en juntas m\u00e9dicas.","imagen":"https:\/\/www.vittal.com.ar\/gestion\/wp-content\/uploads\/2020\/07\/med-servicio-01.jpg"},{"titulo":"Control de ausentismo","bajada":"La visita m\u00e9dica es requerida por las empresas para constatar el diagn\u00f3stico y justificar o no una falta por enfermedad. Ofrecemos este servicio las 24hs los 365 d\u00edas del a\u00f1o en todo el pa\u00eds.\r\n","imagen":"https:\/\/www.vittal.com.ar\/gestion\/wp-content\/uploads\/2020\/07\/med-servicio-02.jpg"},{"titulo":"Tercerizaci\u00f3n de servicios m\u00e9dicos","bajada":"Realizamos el outsourcing de profesionales de la salud (m\u00e9dicos y enfermeros) requeridos para la gesti\u00f3n de consultorios m\u00e9dicos ubicados en las empresas.\r\n","imagen":"https:\/\/www.vittal.com.ar\/gestion\/wp-content\/uploads\/2020\/07\/med-servicio-03.jpg"}]},"seo":{"titulo":"Medicina laboral","descripcion":"Brindamos el servicio a trav\u00e9s de Citymed, empresa de medicina laboral del Grupo.","keywords":"Medicina laboral, Citymed, vittal"},"link":"empresas\/medicina-laboral"},"_links":{"self":[{"href":"https:\/\/www.vittal.com.ar\/gestion\/wp-json\/wp\/v2\/pages\/695"}],"collection":[{"href":"https:\/\/www.vittal.com.ar\/gestion\/wp-json\/wp\/v2\/pages"}],"about":[{"href":"https:\/\/www.vittal.com.ar\/gestion\/wp-json\/wp\/v2\/types\/page"}],"author":[{"embeddable":true,"href":"https:\/\/www.vittal.com.ar\/gestion\/wp-json\/wp\/v2\/users\/4"}],"replies":[{"embeddable":true,"href":"https:\/\/www.vittal.com.ar\/gestion\/wp-json\/wp\/v2\/comments?post=695"}],"version-history":[{"count":16,"href":"https:\/\/www.vittal.com.ar\/gestion\/wp-json\/wp\/v2\/pages\/695\/revisions"}],"predecessor-version":[{"id":9284,"href":"https:\/\/www.vittal.com.ar\/gestion\/wp-json\/wp\/v2\/pages\/695\/revisions\/9284"}],"up":[{"embeddable":true,"href":"https:\/\/www.vittal.com.ar\/gestion\/wp-json\/wp\/v2\/pages\/686"}],"wp:attachment":[{"href":"https:\/\/www.vittal.com.ar\/gestion\/wp-json\/wp\/v2\/media?parent=695"}],"curies":[{"name":"wp","href":"https:\/\/api.w.org\/{rel}","templated":true}]}}