{"id":716,"date":"2020-03-25T18:42:23","date_gmt":"2020-03-25T18:42:23","guid":{"rendered":"http:\/\/client.elpixel.net\/vittal\/wp-test\/?page_id=716"},"modified":"2021-09-03T13:42:19","modified_gmt":"2021-09-03T13:42:19","slug":"empresas","status":"publish","type":"page","link":"https:\/\/www.vittal.com.ar\/gestion\/empresas\/","title":{"rendered":"Empresas"},"content":{"rendered":"","protected":false},"excerpt":{"rendered":"","protected":false},"author":4,"featured_media":0,"parent":0,"menu_order":0,"comment_status":"closed","ping_status":"closed","template":"","meta":{"footnotes":""},"class_list":["post-716","page","type-page","status-publish","hentry"],"better_featured_image":null,"yoast_head":"<!-- This site is optimized with the Yoast SEO plugin v22.9 - https:\/\/yoast.com\/wordpress\/plugins\/seo\/ -->\n<title>Empresas - Vittal<\/title>\n<meta name=\"robots\" content=\"index, follow, max-snippet:-1, max-image-preview:large, max-video-preview:-1\" \/>\n<link rel=\"canonical\" href=\"https:\/\/testweb.vittal.com.ar\/gestion\/empresas\/\" \/>\n<meta property=\"og:locale\" content=\"es_ES\" \/>\n<meta property=\"og:type\" content=\"article\" \/>\n<meta property=\"og:title\" content=\"Empresas - Vittal\" \/>\n<meta property=\"og:url\" content=\"https:\/\/testweb.vittal.com.ar\/gestion\/empresas\/\" \/>\n<meta property=\"og:site_name\" content=\"Vittal\" \/>\n<meta property=\"article:publisher\" content=\"https:\/\/www.facebook.com\/Tuvidaestaprimero\" \/>\n<meta property=\"article:modified_time\" content=\"2021-09-03T13:42:19+00:00\" \/>\n<meta property=\"og:image\" content=\"https:\/\/www.vittal.com.ar\/gestion\/wp-content\/uploads\/2020\/03\/vittal-logo.jpg\" \/>\n\t<meta property=\"og:image:width\" content=\"300\" \/>\n\t<meta property=\"og:image:height\" content=\"300\" \/>\n\t<meta property=\"og:image:type\" content=\"image\/jpeg\" \/>\n<meta name=\"twitter:card\" content=\"summary_large_image\" \/>\n<!-- \/ Yoast SEO plugin. -->","yoast_head_json":{"title":"Empresas - Vittal","robots":{"index":"index","follow":"follow","max-snippet":"max-snippet:-1","max-image-preview":"max-image-preview:large","max-video-preview":"max-video-preview:-1"},"canonical":"https:\/\/testweb.vittal.com.ar\/gestion\/empresas\/","og_locale":"es_ES","og_type":"article","og_title":"Empresas - Vittal","og_url":"https:\/\/testweb.vittal.com.ar\/gestion\/empresas\/","og_site_name":"Vittal","article_publisher":"https:\/\/www.facebook.com\/Tuvidaestaprimero","article_modified_time":"2021-09-03T13:42:19+00:00","og_image":[{"width":300,"height":300,"url":"https:\/\/www.vittal.com.ar\/gestion\/wp-content\/uploads\/2020\/03\/vittal-logo.jpg","type":"image\/jpeg"}],"twitter_card":"summary_large_image","schema":{"@context":"https:\/\/schema.org","@graph":[{"@type":"WebPage","@id":"https:\/\/testweb.vittal.com.ar\/gestion\/empresas\/","url":"https:\/\/testweb.vittal.com.ar\/gestion\/empresas\/","name":"Empresas - Vittal","isPartOf":{"@id":"https:\/\/testweb.vittal.com.ar\/gestion\/#website"},"datePublished":"2020-03-25T18:42:23+00:00","dateModified":"2021-09-03T13:42:19+00:00","breadcrumb":{"@id":"https:\/\/testweb.vittal.com.ar\/gestion\/empresas\/#breadcrumb"},"inLanguage":"es","potentialAction":[{"@type":"ReadAction","target":["https:\/\/testweb.vittal.com.ar\/gestion\/empresas\/"]}]},{"@type":"BreadcrumbList","@id":"https:\/\/testweb.vittal.com.ar\/gestion\/empresas\/#breadcrumb","itemListElement":[{"@type":"ListItem","position":1,"name":"Home","item":"https:\/\/testweb.vittal.com.ar\/gestion\/"},{"@type":"ListItem","position":2,"name":"Empresas"}]},{"@type":"WebSite","@id":"https:\/\/testweb.vittal.com.ar\/gestion\/#website","url":"https:\/\/testweb.vittal.com.ar\/gestion\/","name":"Vittal | Emergecias y Urgencias Medicas","description":"Emergencias y urgencias m\u00e9dicas 24hs.","potentialAction":[{"@type":"SearchAction","target":{"@type":"EntryPoint","urlTemplate":"https:\/\/testweb.vittal.com.ar\/gestion\/?s={search_term_string}"},"query-input":"required name=search_term_string"}],"inLanguage":"es"}]}},"acf":{"portada":[{"titulo":"Gestiones online","bajada":"Encontr\u00e1 la informaci\u00f3n  de tu Empresa en un solo lugar. <br>Tambi\u00e9n podr\u00e1s realizar tr\u00e1mites y gestionar tus datos.","imagen_de_fondo":"https:\/\/www.vittal.com.ar\/gestion\/wp-content\/uploads\/2020\/03\/back-gestion.jpg","link":"gestion-online"},{"titulo":"Servicios","bajada":"Ofrecemos cobertura a la medida de su empresa, comercio o instituci\u00f3n.","imagen_de_fondo":"https:\/\/www.vittal.com.ar\/gestion\/wp-content\/uploads\/2020\/07\/servicios-intro.jpg","link":""},{"titulo":"Servicios adicionales","bajada":"","imagen_de_fondo":false,"link":""},{"titulo":"Espacio Cardioprotegido","bajada":"vittal le ofrece los equipos DEA y el <br>entrenamiento en RCP para que su <br>empresa, comercio o instituci\u00f3n obtenga certificaci\u00f3n.","imagen_de_fondo":"https:\/\/www.vittal.com.ar\/gestion\/wp-content\/uploads\/2020\/08\/rcp-2.jpg","link":"areas-protegidas\/espacio-cardioprotegido"},{"titulo":"Cobertura de Eventos","bajada":"Servicio destinado a cubrir eventos o <br>espect\u00e1culos que requieren de log\u00edstica<br> m\u00e9dica, previniendo cualquier emergencia.","imagen_de_fondo":"https:\/\/www.vittal.com.ar\/gestion\/wp-content\/uploads\/2020\/03\/vittal_cobertura-para-eventos_ambulancias_cursos-de-RCP_helicoptero_drone_avion_vittalDron_portada.jpg","link":"empresas\/cobertura-de-eventos"},{"titulo":"Medicina Laboral","bajada":"Fundada en 1986, Citymed es la empresa de <br>medicina laboral del Grupo.","imagen_de_fondo":"https:\/\/www.vittal.com.ar\/gestion\/wp-content\/uploads\/2020\/03\/medicina-laboral.jpg","link":"empresas\/medicina-laboral"},{"titulo":"Servicios Aerom\u00e9dicos","bajada":"Nuestros Servicios Aerom\u00e9dicos garantizan respuesta, disponibilidad y rapidez para casos de urgencia m\u00e9dica.","imagen_de_fondo":"https:\/\/www.vittal.com.ar\/gestion\/wp-content\/uploads\/2020\/03\/servicios-aeromedicos.jpg","link":"empresas\/medevac"},{"titulo":"Oil & Gas","bajada":"En vittal creamos una divisi\u00f3n especializada en el desarrollo <br>de cobertura m\u00e9dica para industrias del sector del<br> petr\u00f3leo, gas y miner\u00eda.","imagen_de_fondo":"https:\/\/www.vittal.com.ar\/gestion\/wp-content\/uploads\/2020\/03\/2.1.5.2-Offshore-sector_dreamstime_xl_26487259.png","link":"empresas\/oil-gas"}],"seo":{"titulo":"Empresas","descripcion":"Empresas","keywords":"Empresas, vittal"}},"_links":{"self":[{"href":"https:\/\/www.vittal.com.ar\/gestion\/wp-json\/wp\/v2\/pages\/716"}],"collection":[{"href":"https:\/\/www.vittal.com.ar\/gestion\/wp-json\/wp\/v2\/pages"}],"about":[{"href":"https:\/\/www.vittal.com.ar\/gestion\/wp-json\/wp\/v2\/types\/page"}],"author":[{"embeddable":true,"href":"https:\/\/www.vittal.com.ar\/gestion\/wp-json\/wp\/v2\/users\/4"}],"replies":[{"embeddable":true,"href":"https:\/\/www.vittal.com.ar\/gestion\/wp-json\/wp\/v2\/comments?post=716"}],"version-history":[{"count":16,"href":"https:\/\/www.vittal.com.ar\/gestion\/wp-json\/wp\/v2\/pages\/716\/revisions"}],"predecessor-version":[{"id":3595,"href":"https:\/\/www.vittal.com.ar\/gestion\/wp-json\/wp\/v2\/pages\/716\/revisions\/3595"}],"wp:attachment":[{"href":"https:\/\/www.vittal.com.ar\/gestion\/wp-json\/wp\/v2\/media?parent=716"}],"curies":[{"name":"wp","href":"https:\/\/api.w.org\/{rel}","templated":true}]}}