{"id":8881,"date":"2023-01-06T17:14:11","date_gmt":"2023-01-06T17:14:11","guid":{"rendered":"https:\/\/testweb.vittal.com.ar\/gestion\/?page_id=8881"},"modified":"2023-08-01T13:10:51","modified_gmt":"2023-08-01T13:10:51","slug":"dental-center-no-socios","status":"publish","type":"page","link":"https:\/\/www.vittal.com.ar\/gestion\/landing\/dental-center-no-socios\/","title":{"rendered":"Dental Center | No Socios"},"content":{"rendered":"","protected":false},"excerpt":{"rendered":"","protected":false},"author":4,"featured_media":0,"parent":727,"menu_order":0,"comment_status":"closed","ping_status":"closed","template":"","meta":{"footnotes":""},"class_list":["post-8881","page","type-page","status-publish","hentry"],"better_featured_image":null,"yoast_head":"<!-- This site is optimized with the Yoast SEO plugin v22.9 - https:\/\/yoast.com\/wordpress\/plugins\/seo\/ -->\n<title>Dental Center | No Socios - Vittal<\/title>\n<meta name=\"robots\" content=\"index, follow, max-snippet:-1, max-image-preview:large, max-video-preview:-1\" \/>\n<link rel=\"canonical\" href=\"https:\/\/testweb.vittal.com.ar\/gestion\/landing\/dental-center-no-socios\/\" \/>\n<meta property=\"og:locale\" content=\"es_ES\" \/>\n<meta property=\"og:type\" content=\"article\" \/>\n<meta property=\"og:title\" content=\"Dental Center | No Socios - Vittal\" \/>\n<meta property=\"og:url\" content=\"https:\/\/testweb.vittal.com.ar\/gestion\/landing\/dental-center-no-socios\/\" \/>\n<meta property=\"og:site_name\" content=\"Vittal\" \/>\n<meta property=\"article:publisher\" content=\"https:\/\/www.facebook.com\/Tuvidaestaprimero\" \/>\n<meta property=\"article:modified_time\" content=\"2023-08-01T13:10:51+00:00\" \/>\n<meta property=\"og:image\" content=\"https:\/\/www.vittal.com.ar\/gestion\/wp-content\/uploads\/2020\/03\/vittal-logo.jpg\" \/>\n\t<meta property=\"og:image:width\" content=\"300\" \/>\n\t<meta property=\"og:image:height\" content=\"300\" \/>\n\t<meta property=\"og:image:type\" content=\"image\/jpeg\" \/>\n<meta name=\"twitter:card\" content=\"summary_large_image\" \/>\n<!-- \/ Yoast SEO plugin. -->","yoast_head_json":{"title":"Dental Center | No Socios - Vittal","robots":{"index":"index","follow":"follow","max-snippet":"max-snippet:-1","max-image-preview":"max-image-preview:large","max-video-preview":"max-video-preview:-1"},"canonical":"https:\/\/testweb.vittal.com.ar\/gestion\/landing\/dental-center-no-socios\/","og_locale":"es_ES","og_type":"article","og_title":"Dental Center | No Socios - Vittal","og_url":"https:\/\/testweb.vittal.com.ar\/gestion\/landing\/dental-center-no-socios\/","og_site_name":"Vittal","article_publisher":"https:\/\/www.facebook.com\/Tuvidaestaprimero","article_modified_time":"2023-08-01T13:10:51+00:00","og_image":[{"width":300,"height":300,"url":"https:\/\/www.vittal.com.ar\/gestion\/wp-content\/uploads\/2020\/03\/vittal-logo.jpg","type":"image\/jpeg"}],"twitter_card":"summary_large_image","schema":{"@context":"https:\/\/schema.org","@graph":[{"@type":"WebPage","@id":"https:\/\/testweb.vittal.com.ar\/gestion\/landing\/dental-center-no-socios\/","url":"https:\/\/testweb.vittal.com.ar\/gestion\/landing\/dental-center-no-socios\/","name":"Dental Center | No Socios - Vittal","isPartOf":{"@id":"https:\/\/testweb.vittal.com.ar\/gestion\/#website"},"datePublished":"2023-01-06T17:14:11+00:00","dateModified":"2023-08-01T13:10:51+00:00","breadcrumb":{"@id":"https:\/\/testweb.vittal.com.ar\/gestion\/landing\/dental-center-no-socios\/#breadcrumb"},"inLanguage":"es","potentialAction":[{"@type":"ReadAction","target":["https:\/\/testweb.vittal.com.ar\/gestion\/landing\/dental-center-no-socios\/"]}]},{"@type":"BreadcrumbList","@id":"https:\/\/testweb.vittal.com.ar\/gestion\/landing\/dental-center-no-socios\/#breadcrumb","itemListElement":[{"@type":"ListItem","position":1,"name":"Home","item":"https:\/\/testweb.vittal.com.ar\/gestion\/"},{"@type":"ListItem","position":2,"name":"Landings","item":"https:\/\/testweb.vittal.com.ar\/gestion\/landing\/"},{"@type":"ListItem","position":3,"name":"Dental Center | No Socios"}]},{"@type":"WebSite","@id":"https:\/\/testweb.vittal.com.ar\/gestion\/#website","url":"https:\/\/testweb.vittal.com.ar\/gestion\/","name":"Vittal | Emergecias y Urgencias Medicas","description":"Emergencias y urgencias m\u00e9dicas 24hs.","potentialAction":[{"@type":"SearchAction","target":{"@type":"EntryPoint","urlTemplate":"https:\/\/testweb.vittal.com.ar\/gestion\/?s={search_term_string}"},"query-input":"required name=search_term_string"}],"inLanguage":"es"}]}},"acf":{"tipo_de_landing":"Landing Contacto Bitrix","landing_contacto":{"telefono":"","titulo":"Sumate a vittal y cont\u00e1 tambi\u00e9n con una membres\u00eda odontol\u00f3gica en Dental Center","bajada":"<p>A todos los servicios que ofrecemos en nuestros planes, pod\u00e9s agregar la cobertura que te cubre atenci\u00f3n y tratamiento para tener una sonrisa perfecta.<\/p>\n<p>&nbsp;<\/p>\n","imagen":"https:\/\/www.vittal.com.ar\/gestion\/wp-content\/uploads\/2023\/01\/nueva-landing_desktop-1.jpg","imagenmobile":"https:\/\/www.vittal.com.ar\/gestion\/wp-content\/uploads\/2023\/01\/nueva-landing_mobile-2.jpg","titulo_formulario":"Consultanos ahora y aseg\u00farate la cobertura para todo el a\u00f1o","codigo_formulario":1217,"beneficios":[{"icono":"https:\/\/www.vittal.com.ar\/gestion\/wp-content\/uploads\/2022\/09\/icono-mapa-salud-04.png","texto":"+ de 80 centros de atenci\u00f3n"},{"icono":"https:\/\/www.vittal.com.ar\/gestion\/wp-content\/uploads\/2022\/09\/icono-cartel-farmacias-04.png","texto":"Consultorios de guardia 24hs"},{"icono":"https:\/\/www.vittal.com.ar\/gestion\/wp-content\/uploads\/2022\/09\/icono-odontologia-04.png","texto":"Endodoncia y perodoncia"},{"icono":"https:\/\/www.vittal.com.ar\/gestion\/wp-content\/uploads\/2022\/09\/icono-nena-04.png","texto":"Odontopediatr\u00eda"},{"icono":"https:\/\/www.vittal.com.ar\/gestion\/wp-content\/uploads\/2022\/09\/icono-radiologia-2-04.png","texto":"Radiolog\u00eda"},{"icono":"https:\/\/www.vittal.com.ar\/gestion\/wp-content\/uploads\/2023\/01\/icono-cirugia-1.png","texto":"Cirug\u00eda"}],"legales":"Servicio de urgencia odontol\u00f3gica \u00fanicamente en centros de guardia asociados, ubicados en Capital Federal y GBA. Comunicarse al Centro de Atenci\u00f3n al Socio, Tel: 0810-222-8488 para informarse sobre el centro de guardia asociado m\u00e1s cercano a tu domicilio. Servicio de odontolog\u00eda con membres\u00eda cubierto por <a href=\"http:\/\/dentalcenter.com.ar\/\" target=\"_blank\"> Dental Center<\/a> T\u00e9rminos y condiciones  <a href=\"http:\/\/www.vittal.com.ar\/terminos-y-condiciones\/\" target=\"_blank\">http:\/\/www.vittal.com.ar\/terminos-y-condiciones<\/a>"},"activarbitrix":true,"scriptbitrix":"<script data-b24-form=\"inline\/107\/csibhd\" data-skip-moving=\"true\">(function(w,d,u){var s=d.createElement('script');s.async=true;s.src=u+'?'+(Date.now()\/180000|0);var h=d.getElementsByTagName('script')[0];h.parentNode.insertBefore(s,h);})(window,document,'https:\/\/cdn.bitrix24.es\/b18116991\/crm\/form\/loader_107.js');<\/script>","seo":{"titulo":"","descripcion":"","keywords":""}},"_links":{"self":[{"href":"https:\/\/www.vittal.com.ar\/gestion\/wp-json\/wp\/v2\/pages\/8881"}],"collection":[{"href":"https:\/\/www.vittal.com.ar\/gestion\/wp-json\/wp\/v2\/pages"}],"about":[{"href":"https:\/\/www.vittal.com.ar\/gestion\/wp-json\/wp\/v2\/types\/page"}],"author":[{"embeddable":true,"href":"https:\/\/www.vittal.com.ar\/gestion\/wp-json\/wp\/v2\/users\/4"}],"replies":[{"embeddable":true,"href":"https:\/\/www.vittal.com.ar\/gestion\/wp-json\/wp\/v2\/comments?post=8881"}],"version-history":[{"count":2,"href":"https:\/\/www.vittal.com.ar\/gestion\/wp-json\/wp\/v2\/pages\/8881\/revisions"}],"predecessor-version":[{"id":9267,"href":"https:\/\/www.vittal.com.ar\/gestion\/wp-json\/wp\/v2\/pages\/8881\/revisions\/9267"}],"up":[{"embeddable":true,"href":"https:\/\/www.vittal.com.ar\/gestion\/wp-json\/wp\/v2\/pages\/727"}],"wp:attachment":[{"href":"https:\/\/www.vittal.com.ar\/gestion\/wp-json\/wp\/v2\/media?parent=8881"}],"curies":[{"name":"wp","href":"https:\/\/api.w.org\/{rel}","templated":true}]}}