{"id":9031,"date":"2023-06-15T17:54:14","date_gmt":"2023-06-15T17:54:14","guid":{"rendered":"https:\/\/testweb.vittal.com.ar\/gestion\/?page_id=9031"},"modified":"2025-03-12T13:40:29","modified_gmt":"2025-03-12T16:40:29","slug":"vacuna-antigripal-asociate-ahora","status":"publish","type":"page","link":"https:\/\/www.vittal.com.ar\/gestion\/landing\/vacuna-antigripal-asociate-ahora\/","title":{"rendered":"Vacuna antigripal | Nuevos socios asociate"},"content":{"rendered":"","protected":false},"excerpt":{"rendered":"","protected":false},"author":4,"featured_media":0,"parent":727,"menu_order":0,"comment_status":"closed","ping_status":"closed","template":"","meta":{"footnotes":""},"class_list":["post-9031","page","type-page","status-publish","hentry"],"better_featured_image":null,"yoast_head":"<!-- This site is optimized with the Yoast SEO plugin v22.9 - https:\/\/yoast.com\/wordpress\/plugins\/seo\/ -->\n<title>Vacuna antigripal | Nuevos socios asociate - Vittal<\/title>\n<meta name=\"robots\" content=\"index, follow, max-snippet:-1, max-image-preview:large, max-video-preview:-1\" \/>\n<link rel=\"canonical\" href=\"https:\/\/testweb.vittal.com.ar\/gestion\/landing\/vacuna-antigripal-asociate-ahora\/\" \/>\n<meta property=\"og:locale\" content=\"es_ES\" \/>\n<meta property=\"og:type\" content=\"article\" \/>\n<meta property=\"og:title\" content=\"Vacuna antigripal | Nuevos socios asociate - Vittal\" \/>\n<meta property=\"og:url\" content=\"https:\/\/testweb.vittal.com.ar\/gestion\/landing\/vacuna-antigripal-asociate-ahora\/\" \/>\n<meta property=\"og:site_name\" content=\"Vittal\" \/>\n<meta property=\"article:publisher\" content=\"https:\/\/www.facebook.com\/Tuvidaestaprimero\" \/>\n<meta property=\"article:modified_time\" content=\"2025-03-12T16:40:29+00:00\" \/>\n<meta property=\"og:image\" content=\"https:\/\/www.vittal.com.ar\/gestion\/wp-content\/uploads\/2020\/03\/vittal-logo.jpg\" \/>\n\t<meta property=\"og:image:width\" content=\"300\" \/>\n\t<meta property=\"og:image:height\" content=\"300\" \/>\n\t<meta property=\"og:image:type\" content=\"image\/jpeg\" \/>\n<meta name=\"twitter:card\" content=\"summary_large_image\" \/>\n<!-- \/ Yoast SEO plugin. -->","yoast_head_json":{"title":"Vacuna antigripal | Nuevos socios asociate - Vittal","robots":{"index":"index","follow":"follow","max-snippet":"max-snippet:-1","max-image-preview":"max-image-preview:large","max-video-preview":"max-video-preview:-1"},"canonical":"https:\/\/testweb.vittal.com.ar\/gestion\/landing\/vacuna-antigripal-asociate-ahora\/","og_locale":"es_ES","og_type":"article","og_title":"Vacuna antigripal | Nuevos socios asociate - Vittal","og_url":"https:\/\/testweb.vittal.com.ar\/gestion\/landing\/vacuna-antigripal-asociate-ahora\/","og_site_name":"Vittal","article_publisher":"https:\/\/www.facebook.com\/Tuvidaestaprimero","article_modified_time":"2025-03-12T16:40:29+00:00","og_image":[{"width":300,"height":300,"url":"https:\/\/www.vittal.com.ar\/gestion\/wp-content\/uploads\/2020\/03\/vittal-logo.jpg","type":"image\/jpeg"}],"twitter_card":"summary_large_image","schema":{"@context":"https:\/\/schema.org","@graph":[{"@type":"WebPage","@id":"https:\/\/testweb.vittal.com.ar\/gestion\/landing\/vacuna-antigripal-asociate-ahora\/","url":"https:\/\/testweb.vittal.com.ar\/gestion\/landing\/vacuna-antigripal-asociate-ahora\/","name":"Vacuna antigripal | Nuevos socios asociate - Vittal","isPartOf":{"@id":"https:\/\/testweb.vittal.com.ar\/gestion\/#website"},"datePublished":"2023-06-15T17:54:14+00:00","dateModified":"2025-03-12T16:40:29+00:00","breadcrumb":{"@id":"https:\/\/testweb.vittal.com.ar\/gestion\/landing\/vacuna-antigripal-asociate-ahora\/#breadcrumb"},"inLanguage":"es","potentialAction":[{"@type":"ReadAction","target":["https:\/\/testweb.vittal.com.ar\/gestion\/landing\/vacuna-antigripal-asociate-ahora\/"]}]},{"@type":"BreadcrumbList","@id":"https:\/\/testweb.vittal.com.ar\/gestion\/landing\/vacuna-antigripal-asociate-ahora\/#breadcrumb","itemListElement":[{"@type":"ListItem","position":1,"name":"Home","item":"https:\/\/testweb.vittal.com.ar\/gestion\/"},{"@type":"ListItem","position":2,"name":"Landings","item":"https:\/\/testweb.vittal.com.ar\/gestion\/landing\/"},{"@type":"ListItem","position":3,"name":"Vacuna antigripal | Nuevos socios asociate"}]},{"@type":"WebSite","@id":"https:\/\/testweb.vittal.com.ar\/gestion\/#website","url":"https:\/\/testweb.vittal.com.ar\/gestion\/","name":"Vittal | Emergecias y Urgencias Medicas","description":"Emergencias y urgencias m\u00e9dicas 24hs.","potentialAction":[{"@type":"SearchAction","target":{"@type":"EntryPoint","urlTemplate":"https:\/\/testweb.vittal.com.ar\/gestion\/?s={search_term_string}"},"query-input":"required name=search_term_string"}],"inLanguage":"es"}]}},"acf":{"tipo_de_landing":"Landing Contacto Bitrix","landing_contacto":{"telefono":"Llam\u00e1 al 0810-222-8488","titulo":"Asociate a vittal y  vacunate gratis","bajada":"<p>Contrat\u00e1 el plan plus, obten\u00e9 la vacuna antigripal tetravalente con aplicaci\u00f3n en domicilio gratis y proteg\u00e9 tu salud y la de tu familia.<\/p>\n<p>\u00a1Vacuna gratis para 2 miembros de la familia!<\/p>\n<p>La vacuna antigripal tetravalente Cepa 2025 sigue las recomendaciones de la Organizaci\u00f3n Mundial de la Salud garantizando una defensa eficaz contra m\u00faltiples cepas de gripe.<\/p>\n<p>\u00a1Tu salud y bienestar son nuestra prioridad!<\/p>\n","imagen":"https:\/\/www.vittal.com.ar\/gestion\/wp-content\/uploads\/2025\/03\/landing-vacuna-antigripal_desktop_no-socios.jpg","imagenmobile":"https:\/\/www.vittal.com.ar\/gestion\/wp-content\/uploads\/2025\/03\/landing-vacuna-antigripal_mobile_no-socios.jpg","titulo_formulario":"Contactanos ahora para acceder a tu plan","codigo_formulario":1217,"beneficios":[{"icono":"https:\/\/www.vittal.com.ar\/gestion\/wp-content\/uploads\/2022\/01\/icono-emergencias.png","texto":"Emergencias y urgencias m\u00e9dicas"},{"icono":"https:\/\/www.vittal.com.ar\/gestion\/wp-content\/uploads\/2022\/01\/icono-medico-domicilio.png","texto":"M\u00e9dicos cl\u00ednicos y Pediatras a domicilio"},{"icono":"https:\/\/www.vittal.com.ar\/gestion\/wp-content\/uploads\/2022\/09\/icono-medico-de-familia-04.png","texto":"M\u00e9dico de cabecera"},{"icono":"https:\/\/www.vittal.com.ar\/gestion\/wp-content\/uploads\/2022\/01\/icono-cobertura.png","texto":"Asistencia internacional y nacional al viajero con Assistravel"},{"icono":"https:\/\/www.vittal.com.ar\/gestion\/wp-content\/uploads\/2022\/01\/icono-descuento.png","texto":"Hasta el 40% de desc. en farmacias adheridas"},{"icono":"https:\/\/www.vittal.com.ar\/gestion\/wp-content\/uploads\/2022\/02\/cartilla-online.png","texto":"Exclusivo CABA y GBA"}],"legales":"El servicio estar\u00e1 disponible a partir del 12\/03\/25 hasta el 26\/03\/25 o hasta agotar stock, lo que suceda primero. INFLUVAC \u00ae TETRA 2025: Vacuna antigripal tetravalente inactivada, Cepa OMS Temporada 2025 para hemisferio sur. Posolog\u00eda Adultos: 0,5 ml. Poblaci\u00f3n pedi\u00e1trica: Ni\u00f1os de 6 meses a 17 a\u00f1os de edad: 0.5 ml. Ni\u00f1os menores de 9 a\u00f1os de edad, que no han sido vacunados previamente con una vacuna de influenza estaciona, debe administrarse una segunda dosis de 0.5 ml luego de un intervalo de por lo menos 4 semanas.  Contraindicaciones: Reacci\u00f3n al\u00e9rgica a la prote\u00edna del huevo, o a una dosis anterior de cualquier vacuna contra la influenza. Hipersensibilidad a los principios activos, o a alguno de los excipientes incluidos o a cualquier componente que pudiera estar presente en trazas tal como huevos (ovoalb\u00famina, prote\u00ednas de pollo), formaldeh\u00eddo, bromuro de cetiltrimetilamonio, polisorbato 80 o gentamicina.  Reacciones adversas descriptas: Cefalea, sudoraci\u00f3n, mialgias y artralgias, fiebre, malestar, escalofr\u00edos, reacciones locales: enrojecimiento, tumefacci\u00f3n, dolor, induraci\u00f3n. Promoci\u00f3n v\u00e1lida exclusivamente para Capital Federal y Gran Buenos Aires.  FLUCELVAX\u00ae QUAD: tetravalente inactivada, Cepa OMS Temporada 2025 para hemisferio sur. Dosis y cronograma: FLUCELVAX\u00ae QUAD se administra como una inyecci\u00f3n intramuscular \u00fanica de 0,5 ml. En ni\u00f1os de 6 meses a menos de 8 a\u00f1os de edad 0,5ml. Ni\u00f1os de 9 a menos de 18 a\u00f1os de edad: 0,5 ml. Adultos desde 18 a\u00f1os de edad: 0,5 ml. En ni\u00f1os de 6 meses a menos de 8 a\u00f1os de edad que no hayan sido vacunados previamente, deben administrarse una segunda dosis despu\u00e9s de u\/n intervalo de al menos 4 semanas. FLUCELVAX \u00ae QUAD Contraindicaciones: Hipersensibilidad a los principios activos a algunos de los excipientes (Cloruro de sodio, Cloruro de Potasio, Cloruro de magnesio hexahidratado) antecedentes de reacci\u00f3n anafil\u00e1ctica en una vacunaci\u00f3n previa contra la influenza. Antecedentes de S\u00edndrome de Guillain-Barre ocurrido dentro de las seis semanas de haber recibido una dosis de vacuna antigripal. Enfermedad aguda grave con fiebre: esperar y citar para vacunar a corto plazo. Reacciones adversas descriptas: Cefalea, sudoraci\u00f3n, mialgias y artralgias, fiebre, malestar, escalofr\u00edos, reacciones locales: enrojecimiento, tumefacci\u00f3n, dolor, induraci\u00f3n.\r\nPromoci\u00f3n v\u00e1lida exclusivamente para Capital Federal y Gran Buenos Aires.  Consulte aranceles y \u00e1reas de cobertura. Para m\u00e1s informaci\u00f3n comunicarse al Centro de Atenci\u00f3n al Socio Tel. 0810-888-48825 y\/o www.vittal.com.ar Socorro M\u00e9dico Privado S.A. CUIT 30-61221341-7. Av. \u00c1lvarez Thomas 1156 C.A.B.A. S.S.S. 0800-222-Salud. Registro Nacional de empresa de medicina Prepaga N\u00b01305."},"activarbitrix":true,"scriptbitrix":"<script data-b24-form=\"inline\/113\/m9eid2\" data-skip-moving=\"true\">(function(w,d,u){var s=d.createElement('script');s.async=true;s.src=u+'?'+(Date.now()\/180000|0);var h=d.getElementsByTagName('script')[0];h.parentNode.insertBefore(s,h);})(window,document,'https:\/\/cdn.bitrix24.es\/b18116991\/crm\/form\/loader_113.js');<\/script>","seo":{"titulo":"Vacuna antigripal sin costo para nuevos socios","descripcion":"vacuna tetravalente cepa 2024 a domicilio","keywords":"vacunaci\u00f3n antigripal, aplicacion a domicilio, cepa 20424, gripe"}},"_links":{"self":[{"href":"https:\/\/www.vittal.com.ar\/gestion\/wp-json\/wp\/v2\/pages\/9031"}],"collection":[{"href":"https:\/\/www.vittal.com.ar\/gestion\/wp-json\/wp\/v2\/pages"}],"about":[{"href":"https:\/\/www.vittal.com.ar\/gestion\/wp-json\/wp\/v2\/types\/page"}],"author":[{"embeddable":true,"href":"https:\/\/www.vittal.com.ar\/gestion\/wp-json\/wp\/v2\/users\/4"}],"replies":[{"embeddable":true,"href":"https:\/\/www.vittal.com.ar\/gestion\/wp-json\/wp\/v2\/comments?post=9031"}],"version-history":[{"count":9,"href":"https:\/\/www.vittal.com.ar\/gestion\/wp-json\/wp\/v2\/pages\/9031\/revisions"}],"predecessor-version":[{"id":10967,"href":"https:\/\/www.vittal.com.ar\/gestion\/wp-json\/wp\/v2\/pages\/9031\/revisions\/10967"}],"up":[{"embeddable":true,"href":"https:\/\/www.vittal.com.ar\/gestion\/wp-json\/wp\/v2\/pages\/727"}],"wp:attachment":[{"href":"https:\/\/www.vittal.com.ar\/gestion\/wp-json\/wp\/v2\/media?parent=9031"}],"curies":[{"name":"wp","href":"https:\/\/api.w.org\/{rel}","templated":true}]}}