{"id":9087,"date":"2020-03-20T00:00:11","date_gmt":"2020-03-20T00:00:11","guid":{"rendered":"https:\/\/testweb.vittal.com.ar\/gestion\/?page_id=9087"},"modified":"2025-10-14T18:03:39","modified_gmt":"2025-10-14T21:03:39","slug":"telefonos-utiles","status":"publish","type":"page","link":"https:\/\/www.vittal.com.ar\/gestion\/socios\/telefonos-utiles\/","title":{"rendered":"Tel\u00e9fonos \u00fatiles"},"content":{"rendered":"<p>Agend\u00e1 nuestros canales de contacto:<\/p>\n<ul>\n<li><strong>Urgencias<\/strong>:\u00a0<a href=\"tel:01140008888\" target=\"_blank\" rel=\"noopener\">(11) 4000-8888<\/a> |\u00a0<a href=\"tel:08103338888\" target=\"_blank\" rel=\"noopener\">0810-333-8888<\/a><\/li>\n<li><strong>Centro de Atenci\u00f3n al Socio<\/strong>: <a href=\"mailto:autogestiones_socios@vittal.com.ar\">autogestiones_socios@vittal.com.ar<\/a><\/li>\n<li><strong>Informes y ventas<\/strong>: <a href=\"tel:08102228488\" target=\"_blank\" rel=\"noopener\">0810-222-8488<\/a><\/li>\n<li><strong>Conmutador<\/strong>:\u00a0<a href=\"tel:1145562000\" target=\"_blank\" rel=\"noopener\">(11) 4556-2000<\/a><\/li>\n<li><strong>Whatsapp:<\/strong>\u00a0<a href=\"https:\/\/api.whatsapp.com\/send?phone=5491130326052\" target=\"_blank\" rel=\"noopener\">+54 9 11 3032-6052<\/a><\/li>\n<\/ul>\n","protected":false},"excerpt":{"rendered":"<p>Agend\u00e1 nuestros canales de contacto: Urgencias:\u00a0(11) 4000-8888 |\u00a00810-333-8888 Centro de Atenci\u00f3n al Socio: autogestiones_socios@vittal.com.ar Informes y ventas: 0810-222-8488 Conmutador:\u00a0(11) 4556-2000 Whatsapp:\u00a0+54 9 11 3032-6052<\/p>\n","protected":false},"author":4,"featured_media":0,"parent":426,"menu_order":5,"comment_status":"closed","ping_status":"closed","template":"","meta":{"footnotes":""},"class_list":["post-9087","page","type-page","status-publish","hentry"],"better_featured_image":null,"yoast_head":"<!-- This site is optimized with the Yoast SEO plugin v22.9 - https:\/\/yoast.com\/wordpress\/plugins\/seo\/ -->\n<title>Tel\u00e9fonos \u00fatiles - Vittal<\/title>\n<meta name=\"robots\" content=\"index, follow, max-snippet:-1, max-image-preview:large, max-video-preview:-1\" \/>\n<link rel=\"canonical\" href=\"https:\/\/www.vittal.com.ar\/gestion\/socios\/telefonos-utiles\/\" \/>\n<meta property=\"og:locale\" content=\"es_ES\" \/>\n<meta property=\"og:type\" content=\"article\" \/>\n<meta property=\"og:title\" content=\"Tel\u00e9fonos \u00fatiles - Vittal\" \/>\n<meta property=\"og:description\" content=\"Agend\u00e1 nuestros canales de contacto: Urgencias:\u00a0(11) 4000-8888 |\u00a00810-333-8888 Centro de Atenci\u00f3n al Socio: autogestiones_socios@vittal.com.ar Informes y ventas: 0810-222-8488 Conmutador:\u00a0(11) 4556-2000 Whatsapp:\u00a0+54 9 11 3032-6052\" \/>\n<meta property=\"og:url\" content=\"https:\/\/www.vittal.com.ar\/gestion\/socios\/telefonos-utiles\/\" \/>\n<meta property=\"og:site_name\" content=\"Vittal\" \/>\n<meta property=\"article:publisher\" content=\"https:\/\/www.facebook.com\/Tuvidaestaprimero\" \/>\n<meta property=\"article:modified_time\" content=\"2025-10-14T21:03:39+00:00\" \/>\n<meta property=\"og:image\" content=\"https:\/\/www.vittal.com.ar\/gestion\/wp-content\/uploads\/2020\/03\/vittal-logo.jpg\" \/>\n\t<meta property=\"og:image:width\" content=\"300\" \/>\n\t<meta property=\"og:image:height\" content=\"300\" \/>\n\t<meta property=\"og:image:type\" content=\"image\/jpeg\" \/>\n<meta name=\"twitter:card\" content=\"summary_large_image\" \/>\n<meta name=\"twitter:label1\" content=\"Tiempo de lectura\" \/>\n\t<meta name=\"twitter:data1\" content=\"1 minuto\" \/>\n<!-- \/ Yoast SEO plugin. -->","yoast_head_json":{"title":"Tel\u00e9fonos \u00fatiles - Vittal","robots":{"index":"index","follow":"follow","max-snippet":"max-snippet:-1","max-image-preview":"max-image-preview:large","max-video-preview":"max-video-preview:-1"},"canonical":"https:\/\/www.vittal.com.ar\/gestion\/socios\/telefonos-utiles\/","og_locale":"es_ES","og_type":"article","og_title":"Tel\u00e9fonos \u00fatiles - Vittal","og_description":"Agend\u00e1 nuestros canales de contacto: Urgencias:\u00a0(11) 4000-8888 |\u00a00810-333-8888 Centro de Atenci\u00f3n al Socio: autogestiones_socios@vittal.com.ar Informes y ventas: 0810-222-8488 Conmutador:\u00a0(11) 4556-2000 Whatsapp:\u00a0+54 9 11 3032-6052","og_url":"https:\/\/www.vittal.com.ar\/gestion\/socios\/telefonos-utiles\/","og_site_name":"Vittal","article_publisher":"https:\/\/www.facebook.com\/Tuvidaestaprimero","article_modified_time":"2025-10-14T21:03:39+00:00","og_image":[{"width":300,"height":300,"url":"https:\/\/www.vittal.com.ar\/gestion\/wp-content\/uploads\/2020\/03\/vittal-logo.jpg","type":"image\/jpeg"}],"twitter_card":"summary_large_image","twitter_misc":{"Tiempo de lectura":"1 minuto"},"schema":{"@context":"https:\/\/schema.org","@graph":[{"@type":"WebPage","@id":"https:\/\/www.vittal.com.ar\/gestion\/socios\/telefonos-utiles\/","url":"https:\/\/www.vittal.com.ar\/gestion\/socios\/telefonos-utiles\/","name":"Tel\u00e9fonos \u00fatiles - Vittal","isPartOf":{"@id":"https:\/\/testweb.vittal.com.ar\/gestion\/#website"},"datePublished":"2020-03-20T00:00:11+00:00","dateModified":"2025-10-14T21:03:39+00:00","breadcrumb":{"@id":"https:\/\/www.vittal.com.ar\/gestion\/socios\/telefonos-utiles\/#breadcrumb"},"inLanguage":"es","potentialAction":[{"@type":"ReadAction","target":["https:\/\/www.vittal.com.ar\/gestion\/socios\/telefonos-utiles\/"]}]},{"@type":"BreadcrumbList","@id":"https:\/\/www.vittal.com.ar\/gestion\/socios\/telefonos-utiles\/#breadcrumb","itemListElement":[{"@type":"ListItem","position":1,"name":"Home","item":"https:\/\/testweb.vittal.com.ar\/gestion\/"},{"@type":"ListItem","position":2,"name":"Socios","item":"https:\/\/testweb.vittal.com.ar\/gestion\/socios\/"},{"@type":"ListItem","position":3,"name":"Tel\u00e9fonos \u00fatiles"}]},{"@type":"WebSite","@id":"https:\/\/testweb.vittal.com.ar\/gestion\/#website","url":"https:\/\/testweb.vittal.com.ar\/gestion\/","name":"Vittal | Emergecias y Urgencias Medicas","description":"Emergencias y urgencias m\u00e9dicas 24hs.","potentialAction":[{"@type":"SearchAction","target":{"@type":"EntryPoint","urlTemplate":"https:\/\/testweb.vittal.com.ar\/gestion\/?s={search_term_string}"},"query-input":"required name=search_term_string"}],"inLanguage":"es"}]}},"acf":{"seo":{"titulo":"telefono utiles vittal","descripcion":"telefonos para el socio","keywords":"centro de atenci\u00f3n al socio, central de turnos, emergencias, urgencias, vittal"},"link":"telefonos-utiles","portada":{"titulo":"Canales de comunicaci\u00f3n","bajada":"Agend\u00e1 nuestros canales de contacto.","titulo_boton":"Ver informaci\u00f3n","imagen_de_fondo":"https:\/\/www.vittal.com.ar\/gestion\/wp-content\/uploads\/2023\/08\/telefonos-utiles_portada.jpg","imagen_de_fondo_mobile":"https:\/\/www.vittal.com.ar\/gestion\/wp-content\/uploads\/2023\/08\/telefonos-utiles_header-mobile.jpg"},"header":{"titulo":"","bajada":"","imagen":false,"slider":false},"titulo":"","bajada":"","item":false},"_links":{"self":[{"href":"https:\/\/www.vittal.com.ar\/gestion\/wp-json\/wp\/v2\/pages\/9087"}],"collection":[{"href":"https:\/\/www.vittal.com.ar\/gestion\/wp-json\/wp\/v2\/pages"}],"about":[{"href":"https:\/\/www.vittal.com.ar\/gestion\/wp-json\/wp\/v2\/types\/page"}],"author":[{"embeddable":true,"href":"https:\/\/www.vittal.com.ar\/gestion\/wp-json\/wp\/v2\/users\/4"}],"replies":[{"embeddable":true,"href":"https:\/\/www.vittal.com.ar\/gestion\/wp-json\/wp\/v2\/comments?post=9087"}],"version-history":[{"count":22,"href":"https:\/\/www.vittal.com.ar\/gestion\/wp-json\/wp\/v2\/pages\/9087\/revisions"}],"predecessor-version":[{"id":11464,"href":"https:\/\/www.vittal.com.ar\/gestion\/wp-json\/wp\/v2\/pages\/9087\/revisions\/11464"}],"up":[{"embeddable":true,"href":"https:\/\/www.vittal.com.ar\/gestion\/wp-json\/wp\/v2\/pages\/426"}],"wp:attachment":[{"href":"https:\/\/www.vittal.com.ar\/gestion\/wp-json\/wp\/v2\/media?parent=9087"}],"curies":[{"name":"wp","href":"https:\/\/api.w.org\/{rel}","templated":true}]}}