{"id":9872,"date":"2023-08-22T14:14:48","date_gmt":"2023-08-22T14:14:48","guid":{"rendered":"https:\/\/www.vittal.com.ar\/gestion\/?page_id=9872"},"modified":"2024-12-23T11:20:12","modified_gmt":"2024-12-23T14:20:12","slug":"ap-espacio-cardioprotegido","status":"publish","type":"page","link":"https:\/\/www.vittal.com.ar\/gestion\/landing\/ap-espacio-cardioprotegido\/","title":{"rendered":"AP | Espacio cardioprotegido"},"content":{"rendered":"","protected":false},"excerpt":{"rendered":"","protected":false},"author":4,"featured_media":0,"parent":727,"menu_order":0,"comment_status":"closed","ping_status":"closed","template":"","meta":{"footnotes":""},"class_list":["post-9872","page","type-page","status-publish","hentry"],"better_featured_image":null,"yoast_head":"<!-- This site is optimized with the Yoast SEO plugin v22.9 - https:\/\/yoast.com\/wordpress\/plugins\/seo\/ -->\n<title>AP | Espacio cardioprotegido - Vittal<\/title>\n<meta name=\"robots\" content=\"index, follow, max-snippet:-1, max-image-preview:large, max-video-preview:-1\" \/>\n<link rel=\"canonical\" href=\"https:\/\/testweb.vittal.com.ar\/gestion\/landing\/ap-espacio-cardioprotegido\/\" \/>\n<meta property=\"og:locale\" content=\"es_ES\" \/>\n<meta property=\"og:type\" content=\"article\" \/>\n<meta property=\"og:title\" content=\"AP | Espacio cardioprotegido - Vittal\" \/>\n<meta property=\"og:url\" content=\"https:\/\/testweb.vittal.com.ar\/gestion\/landing\/ap-espacio-cardioprotegido\/\" \/>\n<meta property=\"og:site_name\" content=\"Vittal\" \/>\n<meta property=\"article:publisher\" content=\"https:\/\/www.facebook.com\/Tuvidaestaprimero\" \/>\n<meta property=\"article:modified_time\" content=\"2024-12-23T14:20:12+00:00\" \/>\n<meta property=\"og:image\" content=\"https:\/\/www.vittal.com.ar\/gestion\/wp-content\/uploads\/2020\/03\/vittal-logo.jpg\" \/>\n\t<meta property=\"og:image:width\" content=\"300\" \/>\n\t<meta property=\"og:image:height\" content=\"300\" \/>\n\t<meta property=\"og:image:type\" content=\"image\/jpeg\" \/>\n<meta name=\"twitter:card\" content=\"summary_large_image\" \/>\n<!-- \/ Yoast SEO plugin. -->","yoast_head_json":{"title":"AP | Espacio cardioprotegido - Vittal","robots":{"index":"index","follow":"follow","max-snippet":"max-snippet:-1","max-image-preview":"max-image-preview:large","max-video-preview":"max-video-preview:-1"},"canonical":"https:\/\/testweb.vittal.com.ar\/gestion\/landing\/ap-espacio-cardioprotegido\/","og_locale":"es_ES","og_type":"article","og_title":"AP | Espacio cardioprotegido - Vittal","og_url":"https:\/\/testweb.vittal.com.ar\/gestion\/landing\/ap-espacio-cardioprotegido\/","og_site_name":"Vittal","article_publisher":"https:\/\/www.facebook.com\/Tuvidaestaprimero","article_modified_time":"2024-12-23T14:20:12+00:00","og_image":[{"width":300,"height":300,"url":"https:\/\/www.vittal.com.ar\/gestion\/wp-content\/uploads\/2020\/03\/vittal-logo.jpg","type":"image\/jpeg"}],"twitter_card":"summary_large_image","schema":{"@context":"https:\/\/schema.org","@graph":[{"@type":"WebPage","@id":"https:\/\/testweb.vittal.com.ar\/gestion\/landing\/ap-espacio-cardioprotegido\/","url":"https:\/\/testweb.vittal.com.ar\/gestion\/landing\/ap-espacio-cardioprotegido\/","name":"AP | Espacio cardioprotegido - Vittal","isPartOf":{"@id":"https:\/\/testweb.vittal.com.ar\/gestion\/#website"},"datePublished":"2023-08-22T14:14:48+00:00","dateModified":"2024-12-23T14:20:12+00:00","breadcrumb":{"@id":"https:\/\/testweb.vittal.com.ar\/gestion\/landing\/ap-espacio-cardioprotegido\/#breadcrumb"},"inLanguage":"es","potentialAction":[{"@type":"ReadAction","target":["https:\/\/testweb.vittal.com.ar\/gestion\/landing\/ap-espacio-cardioprotegido\/"]}]},{"@type":"BreadcrumbList","@id":"https:\/\/testweb.vittal.com.ar\/gestion\/landing\/ap-espacio-cardioprotegido\/#breadcrumb","itemListElement":[{"@type":"ListItem","position":1,"name":"Home","item":"https:\/\/testweb.vittal.com.ar\/gestion\/"},{"@type":"ListItem","position":2,"name":"Landings","item":"https:\/\/testweb.vittal.com.ar\/gestion\/landing\/"},{"@type":"ListItem","position":3,"name":"AP | Espacio cardioprotegido"}]},{"@type":"WebSite","@id":"https:\/\/testweb.vittal.com.ar\/gestion\/#website","url":"https:\/\/testweb.vittal.com.ar\/gestion\/","name":"Vittal | Emergecias y Urgencias Medicas","description":"Emergencias y urgencias m\u00e9dicas 24hs.","potentialAction":[{"@type":"SearchAction","target":{"@type":"EntryPoint","urlTemplate":"https:\/\/testweb.vittal.com.ar\/gestion\/?s={search_term_string}"},"query-input":"required name=search_term_string"}],"inLanguage":"es"}]}},"acf":{"tipo_de_landing":"Landing Contacto Bitrix","landing_contacto":{"telefono":"","titulo":"Con vittal ten\u00e9 la seguridad de un  ambiente cardioasistido","bajada":"<p>Instal\u00e1 el Desfibrilador Externo Autom\u00e1tico (DEA) exigido por la Ley de Prevenci\u00f3n de Muerte S\u00fabita en espacios de acceso p\u00fablico.<\/p>\n<p>Equipo reglamentario para instituciones, colegios, clubs, comercios y empresas.<\/p>\n<p>Con la instalaci\u00f3n acced\u00e9 tambi\u00e9n a la capacitaci\u00f3n en Reanimaci\u00f3n Cardiopulmonar (RCP) y DEA dictado en tu lugar de trabajo.<\/p>\n<p>&nbsp;<\/p>\n","imagen":"https:\/\/www.vittal.com.ar\/gestion\/wp-content\/uploads\/2023\/08\/nueva-landing_desktop-1.jpg","imagenmobile":"https:\/\/www.vittal.com.ar\/gestion\/wp-content\/uploads\/2023\/08\/nueva-landing_mobile.jpg","titulo_formulario":"Complet\u00e1 el formulario y nos contactamos de inmediato:","codigo_formulario":1217,"beneficios":[{"icono":"https:\/\/www.vittal.com.ar\/gestion\/wp-content\/uploads\/2023\/08\/icono-talleres-instructores.png","texto":"DEA, intuitivo y f\u00e1cil de usar"},{"icono":"https:\/\/www.vittal.com.ar\/gestion\/wp-content\/uploads\/2023\/08\/icono-materiales-entregables.png","texto":"Capacitaci\u00f3n en RCP y DEA en tu lugar de trabajo"},{"icono":"https:\/\/www.vittal.com.ar\/gestion\/wp-content\/uploads\/2023\/08\/icono-certificados.png","texto":"Se entrega certificado"}],"legales":""},"activarbitrix":true,"scriptbitrix":"<script data-b24-form=\"inline\/29\/t260f7\" data-skip-moving=\"true\">\r\n\t(function(w,d,u){\r\n\t\tvar s=d.createElement('script');s.async=true;s.src=u+'?'+(Date.now()\/180000|0);\r\n\t\tvar h=d.getElementsByTagName('script')[0];h.parentNode.insertBefore(s,h);\r\n\t})(window,document,'https:\/\/cdn.bitrix24.es\/b18116991\/crm\/form\/loader_29.js');\r\n<\/script>","seo":{"titulo":"Espacio cardioprotegido para empresas","descripcion":"Espacio cardioprotegido para empresas","keywords":"reanimaci\u00f3n cardiopulmonar, primeros auxilios, rcp, capacitacion"}},"_links":{"self":[{"href":"https:\/\/www.vittal.com.ar\/gestion\/wp-json\/wp\/v2\/pages\/9872"}],"collection":[{"href":"https:\/\/www.vittal.com.ar\/gestion\/wp-json\/wp\/v2\/pages"}],"about":[{"href":"https:\/\/www.vittal.com.ar\/gestion\/wp-json\/wp\/v2\/types\/page"}],"author":[{"embeddable":true,"href":"https:\/\/www.vittal.com.ar\/gestion\/wp-json\/wp\/v2\/users\/4"}],"replies":[{"embeddable":true,"href":"https:\/\/www.vittal.com.ar\/gestion\/wp-json\/wp\/v2\/comments?post=9872"}],"version-history":[{"count":4,"href":"https:\/\/www.vittal.com.ar\/gestion\/wp-json\/wp\/v2\/pages\/9872\/revisions"}],"predecessor-version":[{"id":10832,"href":"https:\/\/www.vittal.com.ar\/gestion\/wp-json\/wp\/v2\/pages\/9872\/revisions\/10832"}],"up":[{"embeddable":true,"href":"https:\/\/www.vittal.com.ar\/gestion\/wp-json\/wp\/v2\/pages\/727"}],"wp:attachment":[{"href":"https:\/\/www.vittal.com.ar\/gestion\/wp-json\/wp\/v2\/media?parent=9872"}],"curies":[{"name":"wp","href":"https:\/\/api.w.org\/{rel}","templated":true}]}}